{"id":3514,"date":"2023-02-10T14:31:27","date_gmt":"2023-02-10T19:31:27","guid":{"rendered":"https:\/\/elernova.edu.co\/index\/?page_id=3514"},"modified":"2024-09-27T13:31:22","modified_gmt":"2024-09-27T18:31:22","slug":"rendicion-de-cuentas","status":"publish","type":"page","link":"https:\/\/elernova.edu.co\/index\/rendicion-de-cuentas\/","title":{"rendered":"RENDICI\u00d3N DE CUENTAS"},"content":{"rendered":"\t\t<div data-elementor-type=\"wp-page\" data-elementor-id=\"3514\" class=\"elementor elementor-3514\">\n\t\t\t\t\t\t<section class=\"elementor-section elementor-top-section elementor-element elementor-element-154fe53a elementor-section-height-min-height elementor-section-stretched elementor-section-boxed elementor-section-height-default elementor-section-items-middle\" data-id=\"154fe53a\" data-element_type=\"section\" data-e-type=\"section\" data-settings=\"{&quot;stretch_section&quot;:&quot;section-stretched&quot;,&quot;background_background&quot;:&quot;classic&quot;}\">\n\t\t\t\t\t\t<div class=\"elementor-container elementor-column-gap-default\">\n\t\t\t\t\t<div class=\"elementor-column elementor-col-100 elementor-top-column elementor-element elementor-element-6f044ca4\" data-id=\"6f044ca4\" data-element_type=\"column\" data-e-type=\"column\">\n\t\t\t<div class=\"elementor-widget-wrap\">\n\t\t\t\t\t\t\t<\/div>\n\t\t<\/div>\n\t\t\t\t\t<\/div>\n\t\t<\/section>\n\t\t\t\t<section class=\"elementor-section elementor-top-section elementor-element elementor-element-79942fd elementor-section-boxed elementor-section-height-default elementor-section-height-default\" data-id=\"79942fd\" data-element_type=\"section\" data-e-type=\"section\">\n\t\t\t\t\t\t<div class=\"elementor-container elementor-column-gap-default\">\n\t\t\t\t\t<div class=\"elementor-column elementor-col-100 elementor-top-column elementor-element elementor-element-34cba5b\" data-id=\"34cba5b\" data-element_type=\"column\" data-e-type=\"column\">\n\t\t\t<div class=\"elementor-widget-wrap elementor-element-populated\">\n\t\t\t\t\t\t<div class=\"elementor-element elementor-element-708fd0d elementor-widget elementor-widget-spacer\" data-id=\"708fd0d\" data-element_type=\"widget\" data-e-type=\"widget\" data-widget_type=\"spacer.default\">\n\t\t\t\t<div class=\"elementor-widget-container\">\n\t\t\t\t\t\t\t<div class=\"elementor-spacer\">\n\t\t\t<div class=\"elementor-spacer-inner\"><\/div>\n\t\t<\/div>\n\t\t\t\t\t\t<\/div>\n\t\t\t\t<\/div>\n\t\t\t\t<div class=\"elementor-element elementor-element-ea8fcdf elementor-widget elementor-widget-text-editor\" data-id=\"ea8fcdf\" data-element_type=\"widget\" data-e-type=\"widget\" data-widget_type=\"text-editor.default\">\n\t\t\t\t<div class=\"elementor-widget-container\">\n\t\t\t\t\t\t\t\t\t<p><span style=\"color: #6d7882;\"><a style=\"color: #6d7882;\" href=\"https:\/\/elernova.edu.co\/index\/wp-content\/uploads\/2023\/02\/INF_Rend_Cuentas_2015.pdf\" data-wplink-url-error=\"true\"><img decoding=\"async\" class=\"alignnone wp-image-3481\" src=\"https:\/\/elernova.edu.co\/index\/wp-content\/uploads\/2023\/02\/icon_5-1.png\" alt=\"\" width=\"20\" height=\"20\" \/> Rendici\u00f3n de cuentas 2015<\/a><\/span><\/p><p><span style=\"color: #6d7882;\"><a style=\"color: #6d7882;\" href=\"https:\/\/elernova.edu.co\/index\/wp-content\/uploads\/2023\/02\/INF_Rend_Cuentas_2016.pdf\" data-wplink-url-error=\"true\"><img decoding=\"async\" class=\"alignnone wp-image-3481\" src=\"https:\/\/elernova.edu.co\/index\/wp-content\/uploads\/2023\/02\/icon_5-1.png\" alt=\"\" width=\"20\" height=\"20\" \/> Rendici\u00f3n de cuentas 2016<\/a><\/span><\/p><p><span style=\"color: #6d7882;\"><a style=\"color: #6d7882;\" href=\"https:\/\/elernova.edu.co\/index\/wp-content\/uploads\/2023\/02\/INF_Rend_Cuentas_2017.pdf\" data-wplink-url-error=\"true\"><img decoding=\"async\" class=\"alignnone wp-image-3481\" src=\"https:\/\/elernova.edu.co\/index\/wp-content\/uploads\/2023\/02\/icon_5-1.png\" alt=\"\" width=\"20\" height=\"20\" \/> Rendici\u00f3n de cuentas 2017<\/a><\/span><\/p><p><span style=\"color: #6d7882;\"><a style=\"color: #6d7882;\" href=\"https:\/\/elernova.edu.co\/index\/wp-content\/uploads\/2023\/02\/INF_Rend_Cuentas_2018.pdf\" data-wplink-url-error=\"true\"><img decoding=\"async\" class=\"alignnone wp-image-3481\" src=\"https:\/\/elernova.edu.co\/index\/wp-content\/uploads\/2023\/02\/icon_5-1.png\" alt=\"\" width=\"20\" height=\"20\" \/> Rendici\u00f3n de cuentas 2018<\/a><\/span><\/p><p><span style=\"color: #6d7882;\"><a style=\"color: #6d7882;\" href=\"https:\/\/elernova.edu.co\/index\/wp-content\/uploads\/2023\/02\/INF-DP-002_v0_Rend_Cuentas_2019.pdf\" data-wplink-url-error=\"true\"><img decoding=\"async\" class=\"alignnone wp-image-3481\" src=\"https:\/\/elernova.edu.co\/index\/wp-content\/uploads\/2023\/02\/icon_5-1.png\" alt=\"\" width=\"20\" height=\"20\" \/> Rendici\u00f3n de cuentas 2019<\/a><\/span><\/p><p><a href=\"https:\/\/elernova.edu.co\/index\/wp-content\/uploads\/2024\/09\/INFORME-DE-RENDICION-DE-CUENTAS-2023.pdf\"><span style=\"color: #6d7882;\" data-wp-editing=\"1\"><img decoding=\"async\" class=\"alignnone wp-image-3481\" src=\"https:\/\/elernova.edu.co\/index\/wp-content\/uploads\/2023\/02\/icon_5-1.png\" alt=\"\" width=\"20\" height=\"20\" \/>Rendici\u00f3n de cuentas 2023<\/span><\/a><\/p>\t\t\t\t\t\t\t\t<\/div>\n\t\t\t\t<\/div>\n\t\t\t\t<div class=\"elementor-element elementor-element-1453957 elementor-widget elementor-widget-spacer\" data-id=\"1453957\" data-element_type=\"widget\" data-e-type=\"widget\" data-widget_type=\"spacer.default\">\n\t\t\t\t<div class=\"elementor-widget-container\">\n\t\t\t\t\t\t\t<div class=\"elementor-spacer\">\n\t\t\t<div class=\"elementor-spacer-inner\"><\/div>\n\t\t<\/div>\n\t\t\t\t\t\t<\/div>\n\t\t\t\t<\/div>\n\t\t\t\t\t<\/div>\n\t\t<\/div>\n\t\t\t\t\t<\/div>\n\t\t<\/section>\n\t\t\t\t<\/div>\n\t\t","protected":false},"excerpt":{"rendered":"<p>Rendici\u00f3n de cuentas 2015 Rendici\u00f3n de cuentas 2016 Rendici\u00f3n de cuentas 2017 Rendici\u00f3n de cuentas 2018 Rendici\u00f3n de cuentas 2019 Rendici\u00f3n de cuentas 2023<\/p>\n","protected":false},"author":1,"featured_media":0,"parent":0,"menu_order":0,"comment_status":"closed","ping_status":"closed","template":"","meta":{"_uag_custom_page_level_css":"","site-sidebar-layout":"no-sidebar","site-content-layout":"plain-container","ast-site-content-layout":"default","site-content-style":"default","site-sidebar-style":"default","ast-global-header-display":"","ast-banner-title-visibility":"","ast-main-header-display":"","ast-hfb-above-header-display":"","ast-hfb-below-header-display":"","ast-hfb-mobile-header-display":"","site-post-title":"disabled","ast-breadcrumbs-content":"","ast-featured-img":"disabled","footer-sml-layout":"","theme-transparent-header-meta":"","adv-header-id-meta":"","stick-header-meta":"","header-above-stick-meta":"","header-main-stick-meta":"","header-below-stick-meta":"","astra-migrate-meta-layouts":"default","ast-page-background-enabled":"default","ast-page-background-meta":{"desktop":{"background-color":"","background-image":"","background-repeat":"repeat","background-position":"center center","background-size":"auto","background-attachment":"scroll","background-type":"","background-media":"","overlay-type":"","overlay-color":"","overlay-opacity":"","overlay-gradient":""},"tablet":{"background-color":"","background-image":"","background-repeat":"repeat","background-position":"center center","background-size":"auto","background-attachment":"scroll","background-type":"","background-media":"","overlay-type":"","overlay-color":"","overlay-opacity":"","overlay-gradient":""},"mobile":{"background-color":"","background-image":"","background-repeat":"repeat","background-position":"center center","background-size":"auto","background-attachment":"scroll","background-type":"","background-media":"","overlay-type":"","overlay-color":"","overlay-opacity":"","overlay-gradient":""}},"ast-content-background-meta":{"desktop":{"background-color":"var(--ast-global-color-5)","background-image":"","background-repeat":"repeat","background-position":"center center","background-size":"auto","background-attachment":"scroll","background-type":"","background-media":"","overlay-type":"","overlay-color":"","overlay-opacity":"","overlay-gradient":""},"tablet":{"background-color":"var(--ast-global-color-5)","background-image":"","background-repeat":"repeat","background-position":"center center","background-size":"auto","background-attachment":"scroll","background-type":"","background-media":"","overlay-type":"","overlay-color":"","overlay-opacity":"","overlay-gradient":""},"mobile":{"background-color":"var(--ast-global-color-5)","background-image":"","background-repeat":"repeat","background-position":"center center","background-size":"auto","background-attachment":"scroll","background-type":"","background-media":"","overlay-type":"","overlay-color":"","overlay-opacity":"","overlay-gradient":""}},"footnotes":""},"class_list":["post-3514","page","type-page","status-publish","hentry"],"yoast_head":"<!-- This site is optimized with the Yoast SEO plugin v27.4 - https:\/\/yoast.com\/product\/yoast-seo-wordpress\/ -->\n<title>RENDICI\u00d3N DE CUENTAS - E-Lernova - Tecnol\u00f3gico de Energ\u00eda e Innovaci\u00f3n.<\/title>\n<meta name=\"robots\" content=\"index, follow, max-snippet:-1, max-image-preview:large, max-video-preview:-1\" \/>\n<link rel=\"canonical\" href=\"https:\/\/elernova.edu.co\/index\/rendicion-de-cuentas\/\" \/>\n<meta property=\"og:locale\" content=\"es_ES\" \/>\n<meta property=\"og:type\" content=\"article\" \/>\n<meta property=\"og:title\" content=\"RENDICI\u00d3N DE CUENTAS - E-Lernova - Tecnol\u00f3gico de Energ\u00eda e Innovaci\u00f3n.\" \/>\n<meta property=\"og:description\" content=\"Rendici\u00f3n de cuentas 2015 Rendici\u00f3n de cuentas 2016 Rendici\u00f3n de cuentas 2017 Rendici\u00f3n de cuentas 2018 Rendici\u00f3n de cuentas 2019 Rendici\u00f3n de cuentas 2023\" \/>\n<meta property=\"og:url\" content=\"https:\/\/elernova.edu.co\/index\/rendicion-de-cuentas\/\" \/>\n<meta property=\"og:site_name\" content=\"E-Lernova - Tecnol\u00f3gico de Energ\u00eda e Innovaci\u00f3n.\" \/>\n<meta property=\"article:modified_time\" content=\"2024-09-27T18:31:22+00:00\" \/>\n<meta property=\"og:image\" content=\"https:\/\/elernova.edu.co\/index\/wp-content\/uploads\/2023\/02\/icon_5-1.png\" \/>\n<meta name=\"twitter:card\" content=\"summary_large_image\" \/>\n<meta name=\"twitter:label1\" content=\"Tiempo de lectura\" \/>\n\t<meta name=\"twitter:data1\" content=\"2 minutos\" \/>\n<script type=\"application\/ld+json\" class=\"yoast-schema-graph\">{\"@context\":\"https:\\\/\\\/schema.org\",\"@graph\":[{\"@type\":\"WebPage\",\"@id\":\"https:\\\/\\\/elernova.edu.co\\\/index\\\/rendicion-de-cuentas\\\/\",\"url\":\"https:\\\/\\\/elernova.edu.co\\\/index\\\/rendicion-de-cuentas\\\/\",\"name\":\"RENDICI\u00d3N DE CUENTAS - E-Lernova - Tecnol\u00f3gico de Energ\u00eda e Innovaci\u00f3n.\",\"isPartOf\":{\"@id\":\"https:\\\/\\\/elernova.edu.co\\\/index\\\/#website\"},\"primaryImageOfPage\":{\"@id\":\"https:\\\/\\\/elernova.edu.co\\\/index\\\/rendicion-de-cuentas\\\/#primaryimage\"},\"image\":{\"@id\":\"https:\\\/\\\/elernova.edu.co\\\/index\\\/rendicion-de-cuentas\\\/#primaryimage\"},\"thumbnailUrl\":\"https:\\\/\\\/elernova.edu.co\\\/index\\\/wp-content\\\/uploads\\\/2023\\\/02\\\/icon_5-1.png\",\"datePublished\":\"2023-02-10T19:31:27+00:00\",\"dateModified\":\"2024-09-27T18:31:22+00:00\",\"breadcrumb\":{\"@id\":\"https:\\\/\\\/elernova.edu.co\\\/index\\\/rendicion-de-cuentas\\\/#breadcrumb\"},\"inLanguage\":\"es-CO\",\"potentialAction\":[{\"@type\":\"ReadAction\",\"target\":[\"https:\\\/\\\/elernova.edu.co\\\/index\\\/rendicion-de-cuentas\\\/\"]}]},{\"@type\":\"ImageObject\",\"inLanguage\":\"es-CO\",\"@id\":\"https:\\\/\\\/elernova.edu.co\\\/index\\\/rendicion-de-cuentas\\\/#primaryimage\",\"url\":\"https:\\\/\\\/elernova.edu.co\\\/index\\\/wp-content\\\/uploads\\\/2023\\\/02\\\/icon_5-1.png\",\"contentUrl\":\"https:\\\/\\\/elernova.edu.co\\\/index\\\/wp-content\\\/uploads\\\/2023\\\/02\\\/icon_5-1.png\",\"width\":512,\"height\":512},{\"@type\":\"BreadcrumbList\",\"@id\":\"https:\\\/\\\/elernova.edu.co\\\/index\\\/rendicion-de-cuentas\\\/#breadcrumb\",\"itemListElement\":[{\"@type\":\"ListItem\",\"position\":1,\"name\":\"Inicio\",\"item\":\"https:\\\/\\\/elernova.edu.co\\\/index\\\/\"},{\"@type\":\"ListItem\",\"position\":2,\"name\":\"RENDICI\u00d3N DE CUENTAS\"}]},{\"@type\":\"WebSite\",\"@id\":\"https:\\\/\\\/elernova.edu.co\\\/index\\\/#website\",\"url\":\"https:\\\/\\\/elernova.edu.co\\\/index\\\/\",\"name\":\"E-Lernova - Tecnol\u00f3gico de Energ\u00eda e Innovaci\u00f3n.\",\"description\":\"\",\"publisher\":{\"@id\":\"https:\\\/\\\/elernova.edu.co\\\/index\\\/#organization\"},\"potentialAction\":[{\"@type\":\"SearchAction\",\"target\":{\"@type\":\"EntryPoint\",\"urlTemplate\":\"https:\\\/\\\/elernova.edu.co\\\/index\\\/?s={search_term_string}\"},\"query-input\":{\"@type\":\"PropertyValueSpecification\",\"valueRequired\":true,\"valueName\":\"search_term_string\"}}],\"inLanguage\":\"es-CO\"},{\"@type\":\"Organization\",\"@id\":\"https:\\\/\\\/elernova.edu.co\\\/index\\\/#organization\",\"name\":\"E-Lernova - Tecnol\u00f3gico de Energ\u00eda e Innovaci\u00f3n.\",\"url\":\"https:\\\/\\\/elernova.edu.co\\\/index\\\/\",\"logo\":{\"@type\":\"ImageObject\",\"inLanguage\":\"es-CO\",\"@id\":\"https:\\\/\\\/elernova.edu.co\\\/index\\\/#\\\/schema\\\/logo\\\/image\\\/\",\"url\":\"https:\\\/\\\/elernova.edu.co\\\/index\\\/wp-content\\\/uploads\\\/2023\\\/02\\\/Logo-Elernova-color.png\",\"contentUrl\":\"https:\\\/\\\/elernova.edu.co\\\/index\\\/wp-content\\\/uploads\\\/2023\\\/02\\\/Logo-Elernova-color.png\",\"width\":207,\"height\":82,\"caption\":\"E-Lernova - Tecnol\u00f3gico de Energ\u00eda e Innovaci\u00f3n.\"},\"image\":{\"@id\":\"https:\\\/\\\/elernova.edu.co\\\/index\\\/#\\\/schema\\\/logo\\\/image\\\/\"}}]}<\/script>\n<!-- \/ Yoast SEO plugin. -->","yoast_head_json":{"title":"RENDICI\u00d3N DE CUENTAS - E-Lernova - Tecnol\u00f3gico de Energ\u00eda e Innovaci\u00f3n.","robots":{"index":"index","follow":"follow","max-snippet":"max-snippet:-1","max-image-preview":"max-image-preview:large","max-video-preview":"max-video-preview:-1"},"canonical":"https:\/\/elernova.edu.co\/index\/rendicion-de-cuentas\/","og_locale":"es_ES","og_type":"article","og_title":"RENDICI\u00d3N DE CUENTAS - E-Lernova - Tecnol\u00f3gico de Energ\u00eda e Innovaci\u00f3n.","og_description":"Rendici\u00f3n de cuentas 2015 Rendici\u00f3n de cuentas 2016 Rendici\u00f3n de cuentas 2017 Rendici\u00f3n de cuentas 2018 Rendici\u00f3n de cuentas 2019 Rendici\u00f3n de cuentas 2023","og_url":"https:\/\/elernova.edu.co\/index\/rendicion-de-cuentas\/","og_site_name":"E-Lernova - Tecnol\u00f3gico de Energ\u00eda e Innovaci\u00f3n.","article_modified_time":"2024-09-27T18:31:22+00:00","og_image":[{"url":"https:\/\/elernova.edu.co\/index\/wp-content\/uploads\/2023\/02\/icon_5-1.png","type":"","width":"","height":""}],"twitter_card":"summary_large_image","twitter_misc":{"Tiempo de lectura":"2 minutos"},"schema":{"@context":"https:\/\/schema.org","@graph":[{"@type":"WebPage","@id":"https:\/\/elernova.edu.co\/index\/rendicion-de-cuentas\/","url":"https:\/\/elernova.edu.co\/index\/rendicion-de-cuentas\/","name":"RENDICI\u00d3N DE CUENTAS - E-Lernova - Tecnol\u00f3gico de Energ\u00eda e Innovaci\u00f3n.","isPartOf":{"@id":"https:\/\/elernova.edu.co\/index\/#website"},"primaryImageOfPage":{"@id":"https:\/\/elernova.edu.co\/index\/rendicion-de-cuentas\/#primaryimage"},"image":{"@id":"https:\/\/elernova.edu.co\/index\/rendicion-de-cuentas\/#primaryimage"},"thumbnailUrl":"https:\/\/elernova.edu.co\/index\/wp-content\/uploads\/2023\/02\/icon_5-1.png","datePublished":"2023-02-10T19:31:27+00:00","dateModified":"2024-09-27T18:31:22+00:00","breadcrumb":{"@id":"https:\/\/elernova.edu.co\/index\/rendicion-de-cuentas\/#breadcrumb"},"inLanguage":"es-CO","potentialAction":[{"@type":"ReadAction","target":["https:\/\/elernova.edu.co\/index\/rendicion-de-cuentas\/"]}]},{"@type":"ImageObject","inLanguage":"es-CO","@id":"https:\/\/elernova.edu.co\/index\/rendicion-de-cuentas\/#primaryimage","url":"https:\/\/elernova.edu.co\/index\/wp-content\/uploads\/2023\/02\/icon_5-1.png","contentUrl":"https:\/\/elernova.edu.co\/index\/wp-content\/uploads\/2023\/02\/icon_5-1.png","width":512,"height":512},{"@type":"BreadcrumbList","@id":"https:\/\/elernova.edu.co\/index\/rendicion-de-cuentas\/#breadcrumb","itemListElement":[{"@type":"ListItem","position":1,"name":"Inicio","item":"https:\/\/elernova.edu.co\/index\/"},{"@type":"ListItem","position":2,"name":"RENDICI\u00d3N DE CUENTAS"}]},{"@type":"WebSite","@id":"https:\/\/elernova.edu.co\/index\/#website","url":"https:\/\/elernova.edu.co\/index\/","name":"E-Lernova - Tecnol\u00f3gico de Energ\u00eda e Innovaci\u00f3n.","description":"","publisher":{"@id":"https:\/\/elernova.edu.co\/index\/#organization"},"potentialAction":[{"@type":"SearchAction","target":{"@type":"EntryPoint","urlTemplate":"https:\/\/elernova.edu.co\/index\/?s={search_term_string}"},"query-input":{"@type":"PropertyValueSpecification","valueRequired":true,"valueName":"search_term_string"}}],"inLanguage":"es-CO"},{"@type":"Organization","@id":"https:\/\/elernova.edu.co\/index\/#organization","name":"E-Lernova - Tecnol\u00f3gico de Energ\u00eda e Innovaci\u00f3n.","url":"https:\/\/elernova.edu.co\/index\/","logo":{"@type":"ImageObject","inLanguage":"es-CO","@id":"https:\/\/elernova.edu.co\/index\/#\/schema\/logo\/image\/","url":"https:\/\/elernova.edu.co\/index\/wp-content\/uploads\/2023\/02\/Logo-Elernova-color.png","contentUrl":"https:\/\/elernova.edu.co\/index\/wp-content\/uploads\/2023\/02\/Logo-Elernova-color.png","width":207,"height":82,"caption":"E-Lernova - Tecnol\u00f3gico de Energ\u00eda e Innovaci\u00f3n."},"image":{"@id":"https:\/\/elernova.edu.co\/index\/#\/schema\/logo\/image\/"}}]}},"uagb_featured_image_src":{"full":false,"thumbnail":false,"medium":false,"medium_large":false,"large":false,"1536x1536":false,"2048x2048":false},"uagb_author_info":{"display_name":"admin","author_link":"https:\/\/elernova.edu.co\/index\/author\/admin\/"},"uagb_comment_info":0,"uagb_excerpt":"Rendici\u00f3n de cuentas 2015 Rendici\u00f3n de cuentas 2016 Rendici\u00f3n de cuentas 2017 Rendici\u00f3n de cuentas 2018 Rendici\u00f3n de cuentas 2019 Rendici\u00f3n de cuentas 2023","_links":{"self":[{"href":"https:\/\/elernova.edu.co\/index\/wp-json\/wp\/v2\/pages\/3514","targetHints":{"allow":["GET"]}}],"collection":[{"href":"https:\/\/elernova.edu.co\/index\/wp-json\/wp\/v2\/pages"}],"about":[{"href":"https:\/\/elernova.edu.co\/index\/wp-json\/wp\/v2\/types\/page"}],"author":[{"embeddable":true,"href":"https:\/\/elernova.edu.co\/index\/wp-json\/wp\/v2\/users\/1"}],"replies":[{"embeddable":true,"href":"https:\/\/elernova.edu.co\/index\/wp-json\/wp\/v2\/comments?post=3514"}],"version-history":[{"count":13,"href":"https:\/\/elernova.edu.co\/index\/wp-json\/wp\/v2\/pages\/3514\/revisions"}],"predecessor-version":[{"id":4382,"href":"https:\/\/elernova.edu.co\/index\/wp-json\/wp\/v2\/pages\/3514\/revisions\/4382"}],"wp:attachment":[{"href":"https:\/\/elernova.edu.co\/index\/wp-json\/wp\/v2\/media?parent=3514"}],"curies":[{"name":"wp","href":"https:\/\/api.w.org\/{rel}","templated":true}]}}