{"id":3498,"date":"2023-02-10T14:22:04","date_gmt":"2023-02-10T19:22:04","guid":{"rendered":"https:\/\/elernova.edu.co\/index\/?page_id=3498"},"modified":"2023-02-13T12:33:51","modified_gmt":"2023-02-13T17:33:51","slug":"informacion-financiera","status":"publish","type":"page","link":"https:\/\/elernova.edu.co\/index\/informacion-financiera\/","title":{"rendered":"INFORMACI\u00d3N FINANCIERA"},"content":{"rendered":"\t\t<div data-elementor-type=\"wp-page\" data-elementor-id=\"3498\" class=\"elementor elementor-3498\">\n\t\t\t\t\t\t<section class=\"elementor-section elementor-top-section elementor-element elementor-element-2c6a682d elementor-section-height-min-height elementor-section-stretched elementor-section-boxed elementor-section-height-default elementor-section-items-middle\" data-id=\"2c6a682d\" data-element_type=\"section\" data-e-type=\"section\" data-settings=\"{&quot;stretch_section&quot;:&quot;section-stretched&quot;,&quot;background_background&quot;:&quot;classic&quot;}\">\n\t\t\t\t\t\t<div class=\"elementor-container elementor-column-gap-default\">\n\t\t\t\t\t<div class=\"elementor-column elementor-col-100 elementor-top-column elementor-element elementor-element-2dfda5fb\" data-id=\"2dfda5fb\" data-element_type=\"column\" data-e-type=\"column\">\n\t\t\t<div class=\"elementor-widget-wrap\">\n\t\t\t\t\t\t\t<\/div>\n\t\t<\/div>\n\t\t\t\t\t<\/div>\n\t\t<\/section>\n\t\t\t\t<section class=\"elementor-section elementor-top-section elementor-element elementor-element-e96b580 elementor-section-boxed elementor-section-height-default elementor-section-height-default\" data-id=\"e96b580\" data-element_type=\"section\" data-e-type=\"section\">\n\t\t\t\t\t\t<div class=\"elementor-container elementor-column-gap-default\">\n\t\t\t\t\t<div class=\"elementor-column elementor-col-100 elementor-top-column elementor-element elementor-element-f78d2c0\" data-id=\"f78d2c0\" data-element_type=\"column\" data-e-type=\"column\">\n\t\t\t<div class=\"elementor-widget-wrap elementor-element-populated\">\n\t\t\t\t\t\t<div class=\"elementor-element elementor-element-e757c3d elementor-widget elementor-widget-spacer\" data-id=\"e757c3d\" data-element_type=\"widget\" data-e-type=\"widget\" data-widget_type=\"spacer.default\">\n\t\t\t\t<div class=\"elementor-widget-container\">\n\t\t\t\t\t\t\t<div class=\"elementor-spacer\">\n\t\t\t<div class=\"elementor-spacer-inner\"><\/div>\n\t\t<\/div>\n\t\t\t\t\t\t<\/div>\n\t\t\t\t<\/div>\n\t\t\t\t<div class=\"elementor-element elementor-element-e87a79e elementor-widget elementor-widget-text-editor\" data-id=\"e87a79e\" data-element_type=\"widget\" data-e-type=\"widget\" data-widget_type=\"text-editor.default\">\n\t\t\t\t<div class=\"elementor-widget-container\">\n\t\t\t\t\t\t\t\t\t<p><strong>INFORMACI\u00d3N PARA LA ACTUALIZACI\u00d3N EN EL R\u00c9GIMEN ESPECIAL DIAN EN EL A\u00d1O 2020.<\/strong><\/p><p>\u00a0<\/p><p><strong>1. INFORMACI\u00d3N PRINCIPAL\u00a0<\/strong><\/p><p>TECNOL\u00d3GICO DE ENERGIA E INNOVACION \u201cE-LERNOVA\u201d identificado con NIT. 900.750.134-0 con domicilio principal en la ciudad de CHIA (CUNDINAMARCA) Carrera 7 Kil\u00f3metro 17<\/p><p><strong>2. DESCRIPCI\u00d3N ACTIVIDAD.<\/strong><\/p><p>Tecnol\u00f3gico de Energ\u00eda e Innovaci\u00f3n \u201cE-LERNOVA\u201d es una Fundaci\u00f3n Sin \u00c1nimo de Lucro y una instituci\u00f3n de educaci\u00f3n superior Privada, con personer\u00eda jur\u00eddica reconocida mediante Resoluci\u00f3n n\u00famero 4283 de 2014-03-27, expedida por el Ministerio de Educaci\u00f3n Nacional, con autonom\u00eda administrativa y patrimonial.\u00a0<\/p><p>Su car\u00e1cter acad\u00e9mico es el de Instituci\u00f3n Tecnol\u00f3gica. Mediante resoluci\u00f3n 19166 de Noviembre 10 de 2014 le fue ratificada una reforma estatutaria que condujo al cambio de nombre de Fundaci\u00f3n Tecnol\u00f3gica Virtual de Colombia por Tecnol\u00f3gico de Energ\u00eda e Innovaci\u00f3n E-LERNOVA. Fue constituida mediante escritura p\u00fablica n\u00famero tres mil ciento ochenta y cuatro (3184) de la notar\u00eda treinta y ocho (38) de Bogot\u00e1, inscrita el catorce (14) de abril del dos mil catorce (2014)\u00a0\u00a0<\/p><p>La Fundaci\u00f3n es una instituci\u00f3n de Educaci\u00f3n Superior facultada para ofrecer y desarrollar programas t\u00e9cnicos profesionales y programas de especializaci\u00f3n. La fundaci\u00f3n imparte Educaci\u00f3n Superior a trav\u00e9s de la formaci\u00f3n, capacitaci\u00f3n y perfeccionamiento de profesionales en los campos de acci\u00f3n de la t\u00e9cnica, la ciencia, la tecnolog\u00eda y human\u00edstica; fomentar programas de investigaci\u00f3n y l\u00edneas de investigaci\u00f3n que garanticen la calidad de la educaci\u00f3n en sus diferentes niveles y modalidades.<\/p><p><strong>3. Documentos financieros 2019-2020<\/strong><\/p><p><span style=\"color: #6d7882;\"><a style=\"color: #6d7882;\" href=\"https:\/\/elernova.edu.co\/index\/wp-content\/uploads\/2023\/02\/Estados-Financieros-2019-2020.pdf\" data-wplink-url-error=\"true\"><strong>Estados Financieros 2019-2020<\/strong><\/a><\/span><\/p><p><span style=\"color: #6d7882;\"><a style=\"color: #6d7882;\" href=\"https:\/\/elernova.edu.co\/index\/wp-content\/uploads\/2023\/02\/Informe-de-Gestion-2020..pdf\" data-wplink-url-error=\"true\"><strong>Informe de Gesti\u00f3n 2020<\/strong><\/a><\/span><\/p><p><span style=\"color: #6d7882;\"><a style=\"color: #6d7882;\" href=\"https:\/\/elernova.edu.co\/index\/wp-content\/uploads\/2023\/02\/Certificado_cumplimiento_numeral_13_paragrafo_2_articulo_364-5_ET_2020_E-lernova_f.pdf\" data-wplink-url-error=\"true\"><strong>Certificaci\u00f3n de Requisitos del representante legal y revisor fiscal en el que evidencie que han cumplido con todos los requisitos durante el a\u00f1o 2020. (numeral 13 del par\u00e1grafo 2 del art\u00edculo 364-5 E.T.)<\/strong><\/a><\/span><\/p><p><span style=\"color: #6d7882;\"><a style=\"color: #6d7882;\" href=\"https:\/\/elernova.edu.co\/index\/wp-content\/uploads\/2023\/02\/CERTIFICACION_REP_LEGAL_DIAN_ELERNOVA_ANTECEDENTES_2020-f.pdf\" data-wplink-url-error=\"true\"><strong>Certificaci\u00f3n del Representante Legal de los antecedentes judiciales y de declaraciones de caducidad de contratos estatales de los miembros de la junta directiva, fundadores, representantes legales o miembros de los \u00f3rganos de direcci\u00f3n de conformidad con el numeral 3 art\u00edculo 364-3 E.T.<\/strong><\/a><\/span><\/p><p>\u00a0<\/p><p>\u00a0<\/p><p>\u00a0<\/p>\t\t\t\t\t\t\t\t<\/div>\n\t\t\t\t<\/div>\n\t\t\t\t\t<\/div>\n\t\t<\/div>\n\t\t\t\t\t<\/div>\n\t\t<\/section>\n\t\t\t\t<\/div>\n\t\t","protected":false},"excerpt":{"rendered":"<p>INFORMACI\u00d3N PARA LA ACTUALIZACI\u00d3N EN EL R\u00c9GIMEN ESPECIAL DIAN EN EL A\u00d1O 2020. \u00a0 1. INFORMACI\u00d3N PRINCIPAL\u00a0 TECNOL\u00d3GICO DE ENERGIA E INNOVACION \u201cE-LERNOVA\u201d identificado con NIT. 900.750.134-0 con domicilio principal en la ciudad de CHIA (CUNDINAMARCA) Carrera 7 Kil\u00f3metro 17 2. DESCRIPCI\u00d3N ACTIVIDAD. Tecnol\u00f3gico de Energ\u00eda e Innovaci\u00f3n \u201cE-LERNOVA\u201d es una Fundaci\u00f3n Sin \u00c1nimo de [&hellip;]<\/p>\n","protected":false},"author":1,"featured_media":0,"parent":0,"menu_order":0,"comment_status":"closed","ping_status":"closed","template":"","meta":{"_uag_custom_page_level_css":"","site-sidebar-layout":"no-sidebar","site-content-layout":"plain-container","ast-site-content-layout":"default","site-content-style":"default","site-sidebar-style":"default","ast-global-header-display":"","ast-banner-title-visibility":"","ast-main-header-display":"","ast-hfb-above-header-display":"","ast-hfb-below-header-display":"","ast-hfb-mobile-header-display":"","site-post-title":"disabled","ast-breadcrumbs-content":"","ast-featured-img":"disabled","footer-sml-layout":"","theme-transparent-header-meta":"","adv-header-id-meta":"","stick-header-meta":"","header-above-stick-meta":"","header-main-stick-meta":"","header-below-stick-meta":"","astra-migrate-meta-layouts":"default","ast-page-background-enabled":"default","ast-page-background-meta":{"desktop":{"background-color":"","background-image":"","background-repeat":"repeat","background-position":"center center","background-size":"auto","background-attachment":"scroll","background-type":"","background-media":"","overlay-type":"","overlay-color":"","overlay-opacity":"","overlay-gradient":""},"tablet":{"background-color":"","background-image":"","background-repeat":"repeat","background-position":"center center","background-size":"auto","background-attachment":"scroll","background-type":"","background-media":"","overlay-type":"","overlay-color":"","overlay-opacity":"","overlay-gradient":""},"mobile":{"background-color":"","background-image":"","background-repeat":"repeat","background-position":"center center","background-size":"auto","background-attachment":"scroll","background-type":"","background-media":"","overlay-type":"","overlay-color":"","overlay-opacity":"","overlay-gradient":""}},"ast-content-background-meta":{"desktop":{"background-color":"var(--ast-global-color-5)","background-image":"","background-repeat":"repeat","background-position":"center center","background-size":"auto","background-attachment":"scroll","background-type":"","background-media":"","overlay-type":"","overlay-color":"","overlay-opacity":"","overlay-gradient":""},"tablet":{"background-color":"var(--ast-global-color-5)","background-image":"","background-repeat":"repeat","background-position":"center center","background-size":"auto","background-attachment":"scroll","background-type":"","background-media":"","overlay-type":"","overlay-color":"","overlay-opacity":"","overlay-gradient":""},"mobile":{"background-color":"var(--ast-global-color-5)","background-image":"","background-repeat":"repeat","background-position":"center center","background-size":"auto","background-attachment":"scroll","background-type":"","background-media":"","overlay-type":"","overlay-color":"","overlay-opacity":"","overlay-gradient":""}},"footnotes":""},"class_list":["post-3498","page","type-page","status-publish","hentry"],"yoast_head":"<!-- This site is optimized with the Yoast SEO plugin v27.4 - https:\/\/yoast.com\/product\/yoast-seo-wordpress\/ -->\n<title>INFORMACI\u00d3N FINANCIERA - E-Lernova - Tecnol\u00f3gico de Energ\u00eda e Innovaci\u00f3n.<\/title>\n<meta name=\"robots\" content=\"index, follow, max-snippet:-1, max-image-preview:large, max-video-preview:-1\" \/>\n<link rel=\"canonical\" href=\"https:\/\/elernova.edu.co\/index\/informacion-financiera\/\" \/>\n<meta property=\"og:locale\" content=\"es_ES\" \/>\n<meta property=\"og:type\" content=\"article\" \/>\n<meta property=\"og:title\" content=\"INFORMACI\u00d3N FINANCIERA - E-Lernova - Tecnol\u00f3gico de Energ\u00eda e Innovaci\u00f3n.\" \/>\n<meta property=\"og:description\" content=\"INFORMACI\u00d3N PARA LA ACTUALIZACI\u00d3N EN EL R\u00c9GIMEN ESPECIAL DIAN EN EL A\u00d1O 2020. \u00a0 1. INFORMACI\u00d3N PRINCIPAL\u00a0 TECNOL\u00d3GICO DE ENERGIA E INNOVACION \u201cE-LERNOVA\u201d identificado con NIT. 900.750.134-0 con domicilio principal en la ciudad de CHIA (CUNDINAMARCA) Carrera 7 Kil\u00f3metro 17 2. DESCRIPCI\u00d3N ACTIVIDAD. Tecnol\u00f3gico de Energ\u00eda e Innovaci\u00f3n \u201cE-LERNOVA\u201d es una Fundaci\u00f3n Sin \u00c1nimo de [&hellip;]\" \/>\n<meta property=\"og:url\" content=\"https:\/\/elernova.edu.co\/index\/informacion-financiera\/\" \/>\n<meta property=\"og:site_name\" content=\"E-Lernova - Tecnol\u00f3gico de Energ\u00eda e Innovaci\u00f3n.\" \/>\n<meta property=\"article:modified_time\" content=\"2023-02-13T17:33:51+00:00\" \/>\n<meta name=\"twitter:card\" content=\"summary_large_image\" \/>\n<meta name=\"twitter:label1\" content=\"Tiempo de lectura\" \/>\n\t<meta name=\"twitter:data1\" content=\"2 minutos\" \/>\n<script type=\"application\/ld+json\" class=\"yoast-schema-graph\">{\"@context\":\"https:\\\/\\\/schema.org\",\"@graph\":[{\"@type\":\"WebPage\",\"@id\":\"https:\\\/\\\/elernova.edu.co\\\/index\\\/informacion-financiera\\\/\",\"url\":\"https:\\\/\\\/elernova.edu.co\\\/index\\\/informacion-financiera\\\/\",\"name\":\"INFORMACI\u00d3N FINANCIERA - E-Lernova - Tecnol\u00f3gico de Energ\u00eda e Innovaci\u00f3n.\",\"isPartOf\":{\"@id\":\"https:\\\/\\\/elernova.edu.co\\\/index\\\/#website\"},\"datePublished\":\"2023-02-10T19:22:04+00:00\",\"dateModified\":\"2023-02-13T17:33:51+00:00\",\"breadcrumb\":{\"@id\":\"https:\\\/\\\/elernova.edu.co\\\/index\\\/informacion-financiera\\\/#breadcrumb\"},\"inLanguage\":\"es-CO\",\"potentialAction\":[{\"@type\":\"ReadAction\",\"target\":[\"https:\\\/\\\/elernova.edu.co\\\/index\\\/informacion-financiera\\\/\"]}]},{\"@type\":\"BreadcrumbList\",\"@id\":\"https:\\\/\\\/elernova.edu.co\\\/index\\\/informacion-financiera\\\/#breadcrumb\",\"itemListElement\":[{\"@type\":\"ListItem\",\"position\":1,\"name\":\"Inicio\",\"item\":\"https:\\\/\\\/elernova.edu.co\\\/index\\\/\"},{\"@type\":\"ListItem\",\"position\":2,\"name\":\"INFORMACI\u00d3N FINANCIERA\"}]},{\"@type\":\"WebSite\",\"@id\":\"https:\\\/\\\/elernova.edu.co\\\/index\\\/#website\",\"url\":\"https:\\\/\\\/elernova.edu.co\\\/index\\\/\",\"name\":\"E-Lernova - Tecnol\u00f3gico de Energ\u00eda e Innovaci\u00f3n.\",\"description\":\"\",\"publisher\":{\"@id\":\"https:\\\/\\\/elernova.edu.co\\\/index\\\/#organization\"},\"potentialAction\":[{\"@type\":\"SearchAction\",\"target\":{\"@type\":\"EntryPoint\",\"urlTemplate\":\"https:\\\/\\\/elernova.edu.co\\\/index\\\/?s={search_term_string}\"},\"query-input\":{\"@type\":\"PropertyValueSpecification\",\"valueRequired\":true,\"valueName\":\"search_term_string\"}}],\"inLanguage\":\"es-CO\"},{\"@type\":\"Organization\",\"@id\":\"https:\\\/\\\/elernova.edu.co\\\/index\\\/#organization\",\"name\":\"E-Lernova - Tecnol\u00f3gico de Energ\u00eda e Innovaci\u00f3n.\",\"url\":\"https:\\\/\\\/elernova.edu.co\\\/index\\\/\",\"logo\":{\"@type\":\"ImageObject\",\"inLanguage\":\"es-CO\",\"@id\":\"https:\\\/\\\/elernova.edu.co\\\/index\\\/#\\\/schema\\\/logo\\\/image\\\/\",\"url\":\"https:\\\/\\\/elernova.edu.co\\\/index\\\/wp-content\\\/uploads\\\/2023\\\/02\\\/Logo-Elernova-color.png\",\"contentUrl\":\"https:\\\/\\\/elernova.edu.co\\\/index\\\/wp-content\\\/uploads\\\/2023\\\/02\\\/Logo-Elernova-color.png\",\"width\":207,\"height\":82,\"caption\":\"E-Lernova - Tecnol\u00f3gico de Energ\u00eda e Innovaci\u00f3n.\"},\"image\":{\"@id\":\"https:\\\/\\\/elernova.edu.co\\\/index\\\/#\\\/schema\\\/logo\\\/image\\\/\"}}]}<\/script>\n<!-- \/ Yoast SEO plugin. -->","yoast_head_json":{"title":"INFORMACI\u00d3N FINANCIERA - E-Lernova - Tecnol\u00f3gico de Energ\u00eda e Innovaci\u00f3n.","robots":{"index":"index","follow":"follow","max-snippet":"max-snippet:-1","max-image-preview":"max-image-preview:large","max-video-preview":"max-video-preview:-1"},"canonical":"https:\/\/elernova.edu.co\/index\/informacion-financiera\/","og_locale":"es_ES","og_type":"article","og_title":"INFORMACI\u00d3N FINANCIERA - E-Lernova - Tecnol\u00f3gico de Energ\u00eda e Innovaci\u00f3n.","og_description":"INFORMACI\u00d3N PARA LA ACTUALIZACI\u00d3N EN EL R\u00c9GIMEN ESPECIAL DIAN EN EL A\u00d1O 2020. \u00a0 1. INFORMACI\u00d3N PRINCIPAL\u00a0 TECNOL\u00d3GICO DE ENERGIA E INNOVACION \u201cE-LERNOVA\u201d identificado con NIT. 900.750.134-0 con domicilio principal en la ciudad de CHIA (CUNDINAMARCA) Carrera 7 Kil\u00f3metro 17 2. DESCRIPCI\u00d3N ACTIVIDAD. Tecnol\u00f3gico de Energ\u00eda e Innovaci\u00f3n \u201cE-LERNOVA\u201d es una Fundaci\u00f3n Sin \u00c1nimo de [&hellip;]","og_url":"https:\/\/elernova.edu.co\/index\/informacion-financiera\/","og_site_name":"E-Lernova - Tecnol\u00f3gico de Energ\u00eda e Innovaci\u00f3n.","article_modified_time":"2023-02-13T17:33:51+00:00","twitter_card":"summary_large_image","twitter_misc":{"Tiempo de lectura":"2 minutos"},"schema":{"@context":"https:\/\/schema.org","@graph":[{"@type":"WebPage","@id":"https:\/\/elernova.edu.co\/index\/informacion-financiera\/","url":"https:\/\/elernova.edu.co\/index\/informacion-financiera\/","name":"INFORMACI\u00d3N FINANCIERA - E-Lernova - Tecnol\u00f3gico de Energ\u00eda e Innovaci\u00f3n.","isPartOf":{"@id":"https:\/\/elernova.edu.co\/index\/#website"},"datePublished":"2023-02-10T19:22:04+00:00","dateModified":"2023-02-13T17:33:51+00:00","breadcrumb":{"@id":"https:\/\/elernova.edu.co\/index\/informacion-financiera\/#breadcrumb"},"inLanguage":"es-CO","potentialAction":[{"@type":"ReadAction","target":["https:\/\/elernova.edu.co\/index\/informacion-financiera\/"]}]},{"@type":"BreadcrumbList","@id":"https:\/\/elernova.edu.co\/index\/informacion-financiera\/#breadcrumb","itemListElement":[{"@type":"ListItem","position":1,"name":"Inicio","item":"https:\/\/elernova.edu.co\/index\/"},{"@type":"ListItem","position":2,"name":"INFORMACI\u00d3N FINANCIERA"}]},{"@type":"WebSite","@id":"https:\/\/elernova.edu.co\/index\/#website","url":"https:\/\/elernova.edu.co\/index\/","name":"E-Lernova - Tecnol\u00f3gico de Energ\u00eda e Innovaci\u00f3n.","description":"","publisher":{"@id":"https:\/\/elernova.edu.co\/index\/#organization"},"potentialAction":[{"@type":"SearchAction","target":{"@type":"EntryPoint","urlTemplate":"https:\/\/elernova.edu.co\/index\/?s={search_term_string}"},"query-input":{"@type":"PropertyValueSpecification","valueRequired":true,"valueName":"search_term_string"}}],"inLanguage":"es-CO"},{"@type":"Organization","@id":"https:\/\/elernova.edu.co\/index\/#organization","name":"E-Lernova - Tecnol\u00f3gico de Energ\u00eda e Innovaci\u00f3n.","url":"https:\/\/elernova.edu.co\/index\/","logo":{"@type":"ImageObject","inLanguage":"es-CO","@id":"https:\/\/elernova.edu.co\/index\/#\/schema\/logo\/image\/","url":"https:\/\/elernova.edu.co\/index\/wp-content\/uploads\/2023\/02\/Logo-Elernova-color.png","contentUrl":"https:\/\/elernova.edu.co\/index\/wp-content\/uploads\/2023\/02\/Logo-Elernova-color.png","width":207,"height":82,"caption":"E-Lernova - Tecnol\u00f3gico de Energ\u00eda e Innovaci\u00f3n."},"image":{"@id":"https:\/\/elernova.edu.co\/index\/#\/schema\/logo\/image\/"}}]}},"uagb_featured_image_src":{"full":false,"thumbnail":false,"medium":false,"medium_large":false,"large":false,"1536x1536":false,"2048x2048":false},"uagb_author_info":{"display_name":"admin","author_link":"https:\/\/elernova.edu.co\/index\/author\/admin\/"},"uagb_comment_info":0,"uagb_excerpt":"INFORMACI\u00d3N PARA LA ACTUALIZACI\u00d3N EN EL R\u00c9GIMEN ESPECIAL DIAN EN EL A\u00d1O 2020. \u00a0 1. INFORMACI\u00d3N PRINCIPAL\u00a0 TECNOL\u00d3GICO DE ENERGIA E INNOVACION \u201cE-LERNOVA\u201d identificado con NIT. 900.750.134-0 con domicilio principal en la ciudad de CHIA (CUNDINAMARCA) Carrera 7 Kil\u00f3metro 17 2. DESCRIPCI\u00d3N ACTIVIDAD. Tecnol\u00f3gico de Energ\u00eda e Innovaci\u00f3n \u201cE-LERNOVA\u201d es una Fundaci\u00f3n Sin \u00c1nimo de&hellip;","_links":{"self":[{"href":"https:\/\/elernova.edu.co\/index\/wp-json\/wp\/v2\/pages\/3498","targetHints":{"allow":["GET"]}}],"collection":[{"href":"https:\/\/elernova.edu.co\/index\/wp-json\/wp\/v2\/pages"}],"about":[{"href":"https:\/\/elernova.edu.co\/index\/wp-json\/wp\/v2\/types\/page"}],"author":[{"embeddable":true,"href":"https:\/\/elernova.edu.co\/index\/wp-json\/wp\/v2\/users\/1"}],"replies":[{"embeddable":true,"href":"https:\/\/elernova.edu.co\/index\/wp-json\/wp\/v2\/comments?post=3498"}],"version-history":[{"count":10,"href":"https:\/\/elernova.edu.co\/index\/wp-json\/wp\/v2\/pages\/3498\/revisions"}],"predecessor-version":[{"id":3747,"href":"https:\/\/elernova.edu.co\/index\/wp-json\/wp\/v2\/pages\/3498\/revisions\/3747"}],"wp:attachment":[{"href":"https:\/\/elernova.edu.co\/index\/wp-json\/wp\/v2\/media?parent=3498"}],"curies":[{"name":"wp","href":"https:\/\/api.w.org\/{rel}","templated":true}]}}