{"id":3126,"date":"2023-02-09T17:19:53","date_gmt":"2023-02-09T22:19:53","guid":{"rendered":"https:\/\/elernova.edu.co\/index\/?page_id=3126"},"modified":"2023-02-13T12:18:02","modified_gmt":"2023-02-13T17:18:02","slug":"bases-de-datos-de-libre-acceso","status":"publish","type":"page","link":"https:\/\/elernova.edu.co\/index\/bases-de-datos-de-libre-acceso\/","title":{"rendered":"BASES DE DATOS DE LIBRE ACCESO"},"content":{"rendered":"\t\t<div data-elementor-type=\"wp-page\" data-elementor-id=\"3126\" class=\"elementor elementor-3126\">\n\t\t\t\t\t\t<section class=\"elementor-section elementor-top-section elementor-element elementor-element-38d700b3 elementor-section-height-min-height elementor-section-stretched elementor-section-boxed elementor-section-height-default elementor-section-items-middle\" data-id=\"38d700b3\" data-element_type=\"section\" data-e-type=\"section\" data-settings=\"{&quot;stretch_section&quot;:&quot;section-stretched&quot;,&quot;background_background&quot;:&quot;classic&quot;}\">\n\t\t\t\t\t\t<div class=\"elementor-container elementor-column-gap-default\">\n\t\t\t\t\t<div class=\"elementor-column elementor-col-100 elementor-top-column elementor-element elementor-element-610a5c4e\" data-id=\"610a5c4e\" data-element_type=\"column\" data-e-type=\"column\">\n\t\t\t<div class=\"elementor-widget-wrap\">\n\t\t\t\t\t\t\t<\/div>\n\t\t<\/div>\n\t\t\t\t\t<\/div>\n\t\t<\/section>\n\t\t\t\t<section class=\"elementor-section elementor-top-section elementor-element elementor-element-6fdcd7f elementor-section-boxed elementor-section-height-default elementor-section-height-default\" data-id=\"6fdcd7f\" data-element_type=\"section\" data-e-type=\"section\">\n\t\t\t\t\t\t<div class=\"elementor-container elementor-column-gap-default\">\n\t\t\t\t\t<div class=\"elementor-column elementor-col-100 elementor-top-column elementor-element elementor-element-52f35d0\" data-id=\"52f35d0\" data-element_type=\"column\" data-e-type=\"column\">\n\t\t\t<div class=\"elementor-widget-wrap elementor-element-populated\">\n\t\t\t\t\t\t<div class=\"elementor-element elementor-element-0cb4a4f elementor-widget elementor-widget-spacer\" data-id=\"0cb4a4f\" data-element_type=\"widget\" data-e-type=\"widget\" data-widget_type=\"spacer.default\">\n\t\t\t\t<div class=\"elementor-widget-container\">\n\t\t\t\t\t\t\t<div class=\"elementor-spacer\">\n\t\t\t<div class=\"elementor-spacer-inner\"><\/div>\n\t\t<\/div>\n\t\t\t\t\t\t<\/div>\n\t\t\t\t<\/div>\n\t\t\t\t<div class=\"elementor-element elementor-element-c24e75d elementor-widget elementor-widget-heading\" data-id=\"c24e75d\" data-element_type=\"widget\" data-e-type=\"widget\" data-widget_type=\"heading.default\">\n\t\t\t\t<div class=\"elementor-widget-container\">\n\t\t\t\t\t<h5 class=\"elementor-heading-title elementor-size-default\">BASES DE DATOS DE LIBRE ACCESO<\/h5>\t\t\t\t<\/div>\n\t\t\t\t<\/div>\n\t\t\t\t\t<\/div>\n\t\t<\/div>\n\t\t\t\t\t<\/div>\n\t\t<\/section>\n\t\t\t\t<section class=\"elementor-section elementor-top-section elementor-element elementor-element-aea5479 elementor-section-boxed elementor-section-height-default elementor-section-height-default\" data-id=\"aea5479\" data-element_type=\"section\" data-e-type=\"section\">\n\t\t\t\t\t\t<div class=\"elementor-container elementor-column-gap-default\">\n\t\t\t\t\t<div class=\"elementor-column elementor-col-33 elementor-top-column elementor-element elementor-element-8be908c\" data-id=\"8be908c\" data-element_type=\"column\" data-e-type=\"column\">\n\t\t\t<div class=\"elementor-widget-wrap elementor-element-populated\">\n\t\t\t\t\t\t<div class=\"elementor-element elementor-element-fbc37d8 elementor-widget elementor-widget-heading\" data-id=\"fbc37d8\" data-element_type=\"widget\" data-e-type=\"widget\" data-widget_type=\"heading.default\">\n\t\t\t\t<div class=\"elementor-widget-container\">\n\t\t\t\t\t<p class=\"elementor-heading-title elementor-size-default\">NOMBRE DE LA BASE\t<\/p>\t\t\t\t<\/div>\n\t\t\t\t<\/div>\n\t\t\t\t\t<\/div>\n\t\t<\/div>\n\t\t\t\t<div class=\"elementor-column elementor-col-33 elementor-top-column elementor-element elementor-element-b60f5ff\" data-id=\"b60f5ff\" data-element_type=\"column\" data-e-type=\"column\">\n\t\t\t<div class=\"elementor-widget-wrap elementor-element-populated\">\n\t\t\t\t\t\t<div class=\"elementor-element elementor-element-86bd935 elementor-widget elementor-widget-heading\" data-id=\"86bd935\" data-element_type=\"widget\" data-e-type=\"widget\" data-widget_type=\"heading.default\">\n\t\t\t\t<div class=\"elementor-widget-container\">\n\t\t\t\t\t<p class=\"elementor-heading-title elementor-size-default\">BASE DE DATOS<\/p>\t\t\t\t<\/div>\n\t\t\t\t<\/div>\n\t\t\t\t\t<\/div>\n\t\t<\/div>\n\t\t\t\t<div class=\"elementor-column elementor-col-33 elementor-top-column elementor-element elementor-element-b26ad16\" data-id=\"b26ad16\" data-element_type=\"column\" data-e-type=\"column\">\n\t\t\t<div class=\"elementor-widget-wrap elementor-element-populated\">\n\t\t\t\t\t\t<div class=\"elementor-element elementor-element-1b38e90 elementor-widget elementor-widget-heading\" data-id=\"1b38e90\" data-element_type=\"widget\" data-e-type=\"widget\" data-widget_type=\"heading.default\">\n\t\t\t\t<div class=\"elementor-widget-container\">\n\t\t\t\t\t<p class=\"elementor-heading-title elementor-size-default\">DESCRIPCI\u00d3N<\/p>\t\t\t\t<\/div>\n\t\t\t\t<\/div>\n\t\t\t\t\t<\/div>\n\t\t<\/div>\n\t\t\t\t\t<\/div>\n\t\t<\/section>\n\t\t\t\t<section class=\"elementor-section elementor-top-section elementor-element elementor-element-f49f2b4 elementor-section-boxed elementor-section-height-default elementor-section-height-default\" data-id=\"f49f2b4\" data-element_type=\"section\" data-e-type=\"section\">\n\t\t\t\t\t\t<div class=\"elementor-container elementor-column-gap-default\">\n\t\t\t\t\t<div class=\"elementor-column elementor-col-33 elementor-top-column elementor-element elementor-element-5689577\" data-id=\"5689577\" data-element_type=\"column\" data-e-type=\"column\">\n\t\t\t<div class=\"elementor-widget-wrap elementor-element-populated\">\n\t\t\t\t\t\t<div class=\"elementor-element elementor-element-5c0ea03 elementor-widget elementor-widget-image\" data-id=\"5c0ea03\" data-element_type=\"widget\" data-e-type=\"widget\" data-widget_type=\"image.default\">\n\t\t\t\t<div class=\"elementor-widget-container\">\n\t\t\t\t\t\t\t\t\t\t\t\t\t\t\t<img decoding=\"async\" width=\"150\" height=\"79\" src=\"https:\/\/elernova.edu.co\/index\/wp-content\/uploads\/2023\/02\/dialnet-ciencia-sanitaria.png\" class=\"attachment-thumbnail size-thumbnail wp-image-2662\" alt=\"\" \/>\t\t\t\t\t\t\t\t\t\t\t\t\t\t\t<\/div>\n\t\t\t\t<\/div>\n\t\t\t\t\t<\/div>\n\t\t<\/div>\n\t\t\t\t<div class=\"elementor-column elementor-col-33 elementor-top-column elementor-element elementor-element-dfe0ad1\" data-id=\"dfe0ad1\" data-element_type=\"column\" data-e-type=\"column\">\n\t\t\t<div class=\"elementor-widget-wrap elementor-element-populated\">\n\t\t\t\t\t\t<div class=\"elementor-element elementor-element-2c8548d elementor-widget elementor-widget-heading\" data-id=\"2c8548d\" data-element_type=\"widget\" data-e-type=\"widget\" data-widget_type=\"heading.default\">\n\t\t\t\t<div class=\"elementor-widget-container\">\n\t\t\t\t\t<p class=\"elementor-heading-title elementor-size-default\">\n\nDIALNET<\/p>\t\t\t\t<\/div>\n\t\t\t\t<\/div>\n\t\t\t\t\t<\/div>\n\t\t<\/div>\n\t\t\t\t<div class=\"elementor-column elementor-col-33 elementor-top-column elementor-element elementor-element-53d9633\" data-id=\"53d9633\" data-element_type=\"column\" data-e-type=\"column\">\n\t\t\t<div class=\"elementor-widget-wrap elementor-element-populated\">\n\t\t\t\t\t\t<div class=\"elementor-element elementor-element-554deed elementor-widget elementor-widget-heading\" data-id=\"554deed\" data-element_type=\"widget\" data-e-type=\"widget\" data-widget_type=\"heading.default\">\n\t\t\t\t<div class=\"elementor-widget-container\">\n\t\t\t\t\t<p class=\"elementor-heading-title elementor-size-default\">Base de datos de acceso abierto de Tesis y  Art\u00edculos texto completo - Espa\u00f1ol<\/p>\t\t\t\t<\/div>\n\t\t\t\t<\/div>\n\t\t\t\t\t<\/div>\n\t\t<\/div>\n\t\t\t\t\t<\/div>\n\t\t<\/section>\n\t\t\t\t<\/div>\n\t\t","protected":false},"excerpt":{"rendered":"<p>BASES DE DATOS DE LIBRE ACCESO NOMBRE DE LA BASE BASE DE DATOS DESCRIPCI\u00d3N DIALNET Base de datos de acceso abierto de Tesis y Art\u00edculos texto completo &#8211; Espa\u00f1ol<\/p>\n","protected":false},"author":1,"featured_media":0,"parent":0,"menu_order":0,"comment_status":"closed","ping_status":"closed","template":"","meta":{"_uag_custom_page_level_css":"","site-sidebar-layout":"no-sidebar","site-content-layout":"plain-container","ast-site-content-layout":"default","site-content-style":"default","site-sidebar-style":"default","ast-global-header-display":"","ast-banner-title-visibility":"","ast-main-header-display":"","ast-hfb-above-header-display":"","ast-hfb-below-header-display":"","ast-hfb-mobile-header-display":"","site-post-title":"disabled","ast-breadcrumbs-content":"","ast-featured-img":"disabled","footer-sml-layout":"","theme-transparent-header-meta":"","adv-header-id-meta":"","stick-header-meta":"","header-above-stick-meta":"","header-main-stick-meta":"","header-below-stick-meta":"","astra-migrate-meta-layouts":"default","ast-page-background-enabled":"default","ast-page-background-meta":{"desktop":{"background-color":"","background-image":"","background-repeat":"repeat","background-position":"center center","background-size":"auto","background-attachment":"scroll","background-type":"","background-media":"","overlay-type":"","overlay-color":"","overlay-opacity":"","overlay-gradient":""},"tablet":{"background-color":"","background-image":"","background-repeat":"repeat","background-position":"center center","background-size":"auto","background-attachment":"scroll","background-type":"","background-media":"","overlay-type":"","overlay-color":"","overlay-opacity":"","overlay-gradient":""},"mobile":{"background-color":"","background-image":"","background-repeat":"repeat","background-position":"center center","background-size":"auto","background-attachment":"scroll","background-type":"","background-media":"","overlay-type":"","overlay-color":"","overlay-opacity":"","overlay-gradient":""}},"ast-content-background-meta":{"desktop":{"background-color":"var(--ast-global-color-5)","background-image":"","background-repeat":"repeat","background-position":"center center","background-size":"auto","background-attachment":"scroll","background-type":"","background-media":"","overlay-type":"","overlay-color":"","overlay-opacity":"","overlay-gradient":""},"tablet":{"background-color":"var(--ast-global-color-5)","background-image":"","background-repeat":"repeat","background-position":"center center","background-size":"auto","background-attachment":"scroll","background-type":"","background-media":"","overlay-type":"","overlay-color":"","overlay-opacity":"","overlay-gradient":""},"mobile":{"background-color":"var(--ast-global-color-5)","background-image":"","background-repeat":"repeat","background-position":"center center","background-size":"auto","background-attachment":"scroll","background-type":"","background-media":"","overlay-type":"","overlay-color":"","overlay-opacity":"","overlay-gradient":""}},"footnotes":""},"class_list":["post-3126","page","type-page","status-publish","hentry"],"yoast_head":"<!-- This site is optimized with the Yoast SEO plugin v27.4 - https:\/\/yoast.com\/product\/yoast-seo-wordpress\/ -->\n<title>BASES DE DATOS DE LIBRE ACCESO - E-Lernova - Tecnol\u00f3gico de Energ\u00eda e Innovaci\u00f3n.<\/title>\n<meta name=\"robots\" content=\"index, follow, max-snippet:-1, max-image-preview:large, max-video-preview:-1\" \/>\n<link rel=\"canonical\" href=\"https:\/\/elernova.edu.co\/index\/bases-de-datos-de-libre-acceso\/\" \/>\n<meta property=\"og:locale\" content=\"es_ES\" \/>\n<meta property=\"og:type\" content=\"article\" \/>\n<meta property=\"og:title\" content=\"BASES DE DATOS DE LIBRE ACCESO - E-Lernova - Tecnol\u00f3gico de Energ\u00eda e Innovaci\u00f3n.\" \/>\n<meta property=\"og:description\" content=\"BASES DE DATOS DE LIBRE ACCESO NOMBRE DE LA BASE BASE DE DATOS DESCRIPCI\u00d3N DIALNET Base de datos de acceso abierto de Tesis y Art\u00edculos texto completo &#8211; Espa\u00f1ol\" \/>\n<meta property=\"og:url\" content=\"https:\/\/elernova.edu.co\/index\/bases-de-datos-de-libre-acceso\/\" \/>\n<meta property=\"og:site_name\" content=\"E-Lernova - Tecnol\u00f3gico de Energ\u00eda e Innovaci\u00f3n.\" \/>\n<meta property=\"article:modified_time\" content=\"2023-02-13T17:18:02+00:00\" \/>\n<meta property=\"og:image\" content=\"https:\/\/elernova.edu.co\/index\/wp-content\/uploads\/2023\/02\/dialnet-ciencia-sanitaria.png\" \/>\n<meta name=\"twitter:card\" content=\"summary_large_image\" \/>\n<script type=\"application\/ld+json\" class=\"yoast-schema-graph\">{\"@context\":\"https:\\\/\\\/schema.org\",\"@graph\":[{\"@type\":\"WebPage\",\"@id\":\"https:\\\/\\\/elernova.edu.co\\\/index\\\/bases-de-datos-de-libre-acceso\\\/\",\"url\":\"https:\\\/\\\/elernova.edu.co\\\/index\\\/bases-de-datos-de-libre-acceso\\\/\",\"name\":\"BASES DE DATOS DE LIBRE ACCESO - E-Lernova - Tecnol\u00f3gico de Energ\u00eda e Innovaci\u00f3n.\",\"isPartOf\":{\"@id\":\"https:\\\/\\\/elernova.edu.co\\\/index\\\/#website\"},\"primaryImageOfPage\":{\"@id\":\"https:\\\/\\\/elernova.edu.co\\\/index\\\/bases-de-datos-de-libre-acceso\\\/#primaryimage\"},\"image\":{\"@id\":\"https:\\\/\\\/elernova.edu.co\\\/index\\\/bases-de-datos-de-libre-acceso\\\/#primaryimage\"},\"thumbnailUrl\":\"https:\\\/\\\/elernova.edu.co\\\/index\\\/wp-content\\\/uploads\\\/2023\\\/02\\\/dialnet-ciencia-sanitaria.png\",\"datePublished\":\"2023-02-09T22:19:53+00:00\",\"dateModified\":\"2023-02-13T17:18:02+00:00\",\"breadcrumb\":{\"@id\":\"https:\\\/\\\/elernova.edu.co\\\/index\\\/bases-de-datos-de-libre-acceso\\\/#breadcrumb\"},\"inLanguage\":\"es-CO\",\"potentialAction\":[{\"@type\":\"ReadAction\",\"target\":[\"https:\\\/\\\/elernova.edu.co\\\/index\\\/bases-de-datos-de-libre-acceso\\\/\"]}]},{\"@type\":\"ImageObject\",\"inLanguage\":\"es-CO\",\"@id\":\"https:\\\/\\\/elernova.edu.co\\\/index\\\/bases-de-datos-de-libre-acceso\\\/#primaryimage\",\"url\":\"https:\\\/\\\/elernova.edu.co\\\/index\\\/wp-content\\\/uploads\\\/2023\\\/02\\\/dialnet-ciencia-sanitaria.png\",\"contentUrl\":\"https:\\\/\\\/elernova.edu.co\\\/index\\\/wp-content\\\/uploads\\\/2023\\\/02\\\/dialnet-ciencia-sanitaria.png\",\"width\":1200,\"height\":630},{\"@type\":\"BreadcrumbList\",\"@id\":\"https:\\\/\\\/elernova.edu.co\\\/index\\\/bases-de-datos-de-libre-acceso\\\/#breadcrumb\",\"itemListElement\":[{\"@type\":\"ListItem\",\"position\":1,\"name\":\"Inicio\",\"item\":\"https:\\\/\\\/elernova.edu.co\\\/index\\\/\"},{\"@type\":\"ListItem\",\"position\":2,\"name\":\"BASES DE DATOS DE LIBRE ACCESO\"}]},{\"@type\":\"WebSite\",\"@id\":\"https:\\\/\\\/elernova.edu.co\\\/index\\\/#website\",\"url\":\"https:\\\/\\\/elernova.edu.co\\\/index\\\/\",\"name\":\"E-Lernova - Tecnol\u00f3gico de Energ\u00eda e Innovaci\u00f3n.\",\"description\":\"\",\"publisher\":{\"@id\":\"https:\\\/\\\/elernova.edu.co\\\/index\\\/#organization\"},\"potentialAction\":[{\"@type\":\"SearchAction\",\"target\":{\"@type\":\"EntryPoint\",\"urlTemplate\":\"https:\\\/\\\/elernova.edu.co\\\/index\\\/?s={search_term_string}\"},\"query-input\":{\"@type\":\"PropertyValueSpecification\",\"valueRequired\":true,\"valueName\":\"search_term_string\"}}],\"inLanguage\":\"es-CO\"},{\"@type\":\"Organization\",\"@id\":\"https:\\\/\\\/elernova.edu.co\\\/index\\\/#organization\",\"name\":\"E-Lernova - Tecnol\u00f3gico de Energ\u00eda e Innovaci\u00f3n.\",\"url\":\"https:\\\/\\\/elernova.edu.co\\\/index\\\/\",\"logo\":{\"@type\":\"ImageObject\",\"inLanguage\":\"es-CO\",\"@id\":\"https:\\\/\\\/elernova.edu.co\\\/index\\\/#\\\/schema\\\/logo\\\/image\\\/\",\"url\":\"https:\\\/\\\/elernova.edu.co\\\/index\\\/wp-content\\\/uploads\\\/2023\\\/02\\\/Logo-Elernova-color.png\",\"contentUrl\":\"https:\\\/\\\/elernova.edu.co\\\/index\\\/wp-content\\\/uploads\\\/2023\\\/02\\\/Logo-Elernova-color.png\",\"width\":207,\"height\":82,\"caption\":\"E-Lernova - Tecnol\u00f3gico de Energ\u00eda e Innovaci\u00f3n.\"},\"image\":{\"@id\":\"https:\\\/\\\/elernova.edu.co\\\/index\\\/#\\\/schema\\\/logo\\\/image\\\/\"}}]}<\/script>\n<!-- \/ Yoast SEO plugin. -->","yoast_head_json":{"title":"BASES DE DATOS DE LIBRE ACCESO - E-Lernova - Tecnol\u00f3gico de Energ\u00eda e Innovaci\u00f3n.","robots":{"index":"index","follow":"follow","max-snippet":"max-snippet:-1","max-image-preview":"max-image-preview:large","max-video-preview":"max-video-preview:-1"},"canonical":"https:\/\/elernova.edu.co\/index\/bases-de-datos-de-libre-acceso\/","og_locale":"es_ES","og_type":"article","og_title":"BASES DE DATOS DE LIBRE ACCESO - E-Lernova - Tecnol\u00f3gico de Energ\u00eda e Innovaci\u00f3n.","og_description":"BASES DE DATOS DE LIBRE ACCESO NOMBRE DE LA BASE BASE DE DATOS DESCRIPCI\u00d3N DIALNET Base de datos de acceso abierto de Tesis y Art\u00edculos texto completo &#8211; Espa\u00f1ol","og_url":"https:\/\/elernova.edu.co\/index\/bases-de-datos-de-libre-acceso\/","og_site_name":"E-Lernova - Tecnol\u00f3gico de Energ\u00eda e Innovaci\u00f3n.","article_modified_time":"2023-02-13T17:18:02+00:00","og_image":[{"url":"https:\/\/elernova.edu.co\/index\/wp-content\/uploads\/2023\/02\/dialnet-ciencia-sanitaria.png","type":"","width":"","height":""}],"twitter_card":"summary_large_image","schema":{"@context":"https:\/\/schema.org","@graph":[{"@type":"WebPage","@id":"https:\/\/elernova.edu.co\/index\/bases-de-datos-de-libre-acceso\/","url":"https:\/\/elernova.edu.co\/index\/bases-de-datos-de-libre-acceso\/","name":"BASES DE DATOS DE LIBRE ACCESO - E-Lernova - Tecnol\u00f3gico de Energ\u00eda e Innovaci\u00f3n.","isPartOf":{"@id":"https:\/\/elernova.edu.co\/index\/#website"},"primaryImageOfPage":{"@id":"https:\/\/elernova.edu.co\/index\/bases-de-datos-de-libre-acceso\/#primaryimage"},"image":{"@id":"https:\/\/elernova.edu.co\/index\/bases-de-datos-de-libre-acceso\/#primaryimage"},"thumbnailUrl":"https:\/\/elernova.edu.co\/index\/wp-content\/uploads\/2023\/02\/dialnet-ciencia-sanitaria.png","datePublished":"2023-02-09T22:19:53+00:00","dateModified":"2023-02-13T17:18:02+00:00","breadcrumb":{"@id":"https:\/\/elernova.edu.co\/index\/bases-de-datos-de-libre-acceso\/#breadcrumb"},"inLanguage":"es-CO","potentialAction":[{"@type":"ReadAction","target":["https:\/\/elernova.edu.co\/index\/bases-de-datos-de-libre-acceso\/"]}]},{"@type":"ImageObject","inLanguage":"es-CO","@id":"https:\/\/elernova.edu.co\/index\/bases-de-datos-de-libre-acceso\/#primaryimage","url":"https:\/\/elernova.edu.co\/index\/wp-content\/uploads\/2023\/02\/dialnet-ciencia-sanitaria.png","contentUrl":"https:\/\/elernova.edu.co\/index\/wp-content\/uploads\/2023\/02\/dialnet-ciencia-sanitaria.png","width":1200,"height":630},{"@type":"BreadcrumbList","@id":"https:\/\/elernova.edu.co\/index\/bases-de-datos-de-libre-acceso\/#breadcrumb","itemListElement":[{"@type":"ListItem","position":1,"name":"Inicio","item":"https:\/\/elernova.edu.co\/index\/"},{"@type":"ListItem","position":2,"name":"BASES DE DATOS DE LIBRE ACCESO"}]},{"@type":"WebSite","@id":"https:\/\/elernova.edu.co\/index\/#website","url":"https:\/\/elernova.edu.co\/index\/","name":"E-Lernova - Tecnol\u00f3gico de Energ\u00eda e Innovaci\u00f3n.","description":"","publisher":{"@id":"https:\/\/elernova.edu.co\/index\/#organization"},"potentialAction":[{"@type":"SearchAction","target":{"@type":"EntryPoint","urlTemplate":"https:\/\/elernova.edu.co\/index\/?s={search_term_string}"},"query-input":{"@type":"PropertyValueSpecification","valueRequired":true,"valueName":"search_term_string"}}],"inLanguage":"es-CO"},{"@type":"Organization","@id":"https:\/\/elernova.edu.co\/index\/#organization","name":"E-Lernova - Tecnol\u00f3gico de Energ\u00eda e Innovaci\u00f3n.","url":"https:\/\/elernova.edu.co\/index\/","logo":{"@type":"ImageObject","inLanguage":"es-CO","@id":"https:\/\/elernova.edu.co\/index\/#\/schema\/logo\/image\/","url":"https:\/\/elernova.edu.co\/index\/wp-content\/uploads\/2023\/02\/Logo-Elernova-color.png","contentUrl":"https:\/\/elernova.edu.co\/index\/wp-content\/uploads\/2023\/02\/Logo-Elernova-color.png","width":207,"height":82,"caption":"E-Lernova - Tecnol\u00f3gico de Energ\u00eda e Innovaci\u00f3n."},"image":{"@id":"https:\/\/elernova.edu.co\/index\/#\/schema\/logo\/image\/"}}]}},"uagb_featured_image_src":{"full":false,"thumbnail":false,"medium":false,"medium_large":false,"large":false,"1536x1536":false,"2048x2048":false},"uagb_author_info":{"display_name":"admin","author_link":"https:\/\/elernova.edu.co\/index\/author\/admin\/"},"uagb_comment_info":0,"uagb_excerpt":"BASES DE DATOS DE LIBRE ACCESO NOMBRE DE LA BASE BASE DE DATOS DESCRIPCI\u00d3N DIALNET Base de datos de acceso abierto de Tesis y Art\u00edculos texto completo &#8211; Espa\u00f1ol","_links":{"self":[{"href":"https:\/\/elernova.edu.co\/index\/wp-json\/wp\/v2\/pages\/3126","targetHints":{"allow":["GET"]}}],"collection":[{"href":"https:\/\/elernova.edu.co\/index\/wp-json\/wp\/v2\/pages"}],"about":[{"href":"https:\/\/elernova.edu.co\/index\/wp-json\/wp\/v2\/types\/page"}],"author":[{"embeddable":true,"href":"https:\/\/elernova.edu.co\/index\/wp-json\/wp\/v2\/users\/1"}],"replies":[{"embeddable":true,"href":"https:\/\/elernova.edu.co\/index\/wp-json\/wp\/v2\/comments?post=3126"}],"version-history":[{"count":14,"href":"https:\/\/elernova.edu.co\/index\/wp-json\/wp\/v2\/pages\/3126\/revisions"}],"predecessor-version":[{"id":3632,"href":"https:\/\/elernova.edu.co\/index\/wp-json\/wp\/v2\/pages\/3126\/revisions\/3632"}],"wp:attachment":[{"href":"https:\/\/elernova.edu.co\/index\/wp-json\/wp\/v2\/media?parent=3126"}],"curies":[{"name":"wp","href":"https:\/\/api.w.org\/{rel}","templated":true}]}}