{"id":2992,"date":"2023-02-09T13:46:57","date_gmt":"2023-02-09T18:46:57","guid":{"rendered":"https:\/\/elernova.edu.co\/index\/?page_id=2992"},"modified":"2023-02-13T12:19:21","modified_gmt":"2023-02-13T17:19:21","slug":"consejos-para-ser-efectivo-en-el-teletrabajo","status":"publish","type":"page","link":"https:\/\/elernova.edu.co\/index\/consejos-para-ser-efectivo-en-el-teletrabajo\/","title":{"rendered":"Consejos para ser efectivo en el teletrabajo"},"content":{"rendered":"\t\t<div data-elementor-type=\"wp-page\" data-elementor-id=\"2992\" class=\"elementor elementor-2992\">\n\t\t\t\t\t\t<section class=\"elementor-section elementor-top-section elementor-element elementor-element-4610e66d elementor-section-height-min-height elementor-section-stretched elementor-section-boxed elementor-section-height-default elementor-section-items-middle\" data-id=\"4610e66d\" data-element_type=\"section\" data-e-type=\"section\" data-settings=\"{&quot;stretch_section&quot;:&quot;section-stretched&quot;,&quot;background_background&quot;:&quot;classic&quot;}\">\n\t\t\t\t\t\t<div class=\"elementor-container elementor-column-gap-default\">\n\t\t\t\t\t<div class=\"elementor-column elementor-col-100 elementor-top-column elementor-element elementor-element-4330523e\" data-id=\"4330523e\" data-element_type=\"column\" data-e-type=\"column\">\n\t\t\t<div class=\"elementor-widget-wrap\">\n\t\t\t\t\t\t\t<\/div>\n\t\t<\/div>\n\t\t\t\t\t<\/div>\n\t\t<\/section>\n\t\t\t\t<section class=\"elementor-section elementor-top-section elementor-element elementor-element-eb04684 elementor-section-boxed elementor-section-height-default elementor-section-height-default\" data-id=\"eb04684\" data-element_type=\"section\" data-e-type=\"section\">\n\t\t\t\t\t\t<div class=\"elementor-container elementor-column-gap-default\">\n\t\t\t\t\t<div class=\"elementor-column elementor-col-100 elementor-top-column elementor-element elementor-element-5085fc6\" data-id=\"5085fc6\" data-element_type=\"column\" data-e-type=\"column\">\n\t\t\t<div class=\"elementor-widget-wrap elementor-element-populated\">\n\t\t\t\t\t\t<div class=\"elementor-element elementor-element-ba54266 elementor-widget elementor-widget-spacer\" data-id=\"ba54266\" data-element_type=\"widget\" data-e-type=\"widget\" data-widget_type=\"spacer.default\">\n\t\t\t\t<div class=\"elementor-widget-container\">\n\t\t\t\t\t\t\t<div class=\"elementor-spacer\">\n\t\t\t<div class=\"elementor-spacer-inner\"><\/div>\n\t\t<\/div>\n\t\t\t\t\t\t<\/div>\n\t\t\t\t<\/div>\n\t\t\t\t<div class=\"elementor-element elementor-element-7a46dfc elementor-widget elementor-widget-text-editor\" data-id=\"7a46dfc\" data-element_type=\"widget\" data-e-type=\"widget\" data-widget_type=\"text-editor.default\">\n\t\t\t\t<div class=\"elementor-widget-container\">\n\t\t\t\t\t\t\t\t\t<p>Si eres parte de ese gran grupo de personas que por primera vez estas asumiendo el teletrabajo, te compartimos algunas recomendaciones que te permitir\u00e1n ser mas efectivo<\/p>\t\t\t\t\t\t\t\t<\/div>\n\t\t\t\t<\/div>\n\t\t\t\t\t<\/div>\n\t\t<\/div>\n\t\t\t\t\t<\/div>\n\t\t<\/section>\n\t\t\t\t<\/div>\n\t\t","protected":false},"excerpt":{"rendered":"<p>Si eres parte de ese gran grupo de personas que por primera vez estas asumiendo el teletrabajo, te compartimos algunas recomendaciones que te permitir\u00e1n ser mas efectivo<\/p>\n","protected":false},"author":1,"featured_media":0,"parent":0,"menu_order":0,"comment_status":"closed","ping_status":"closed","template":"","meta":{"_uag_custom_page_level_css":"","site-sidebar-layout":"no-sidebar","site-content-layout":"plain-container","ast-site-content-layout":"default","site-content-style":"default","site-sidebar-style":"default","ast-global-header-display":"","ast-banner-title-visibility":"","ast-main-header-display":"","ast-hfb-above-header-display":"","ast-hfb-below-header-display":"","ast-hfb-mobile-header-display":"","site-post-title":"disabled","ast-breadcrumbs-content":"","ast-featured-img":"disabled","footer-sml-layout":"","theme-transparent-header-meta":"","adv-header-id-meta":"","stick-header-meta":"","header-above-stick-meta":"","header-main-stick-meta":"","header-below-stick-meta":"","astra-migrate-meta-layouts":"default","ast-page-background-enabled":"default","ast-page-background-meta":{"desktop":{"background-color":"","background-image":"","background-repeat":"repeat","background-position":"center center","background-size":"auto","background-attachment":"scroll","background-type":"","background-media":"","overlay-type":"","overlay-color":"","overlay-opacity":"","overlay-gradient":""},"tablet":{"background-color":"","background-image":"","background-repeat":"repeat","background-position":"center center","background-size":"auto","background-attachment":"scroll","background-type":"","background-media":"","overlay-type":"","overlay-color":"","overlay-opacity":"","overlay-gradient":""},"mobile":{"background-color":"","background-image":"","background-repeat":"repeat","background-position":"center center","background-size":"auto","background-attachment":"scroll","background-type":"","background-media":"","overlay-type":"","overlay-color":"","overlay-opacity":"","overlay-gradient":""}},"ast-content-background-meta":{"desktop":{"background-color":"var(--ast-global-color-5)","background-image":"","background-repeat":"repeat","background-position":"center center","background-size":"auto","background-attachment":"scroll","background-type":"","background-media":"","overlay-type":"","overlay-color":"","overlay-opacity":"","overlay-gradient":""},"tablet":{"background-color":"var(--ast-global-color-5)","background-image":"","background-repeat":"repeat","background-position":"center center","background-size":"auto","background-attachment":"scroll","background-type":"","background-media":"","overlay-type":"","overlay-color":"","overlay-opacity":"","overlay-gradient":""},"mobile":{"background-color":"var(--ast-global-color-5)","background-image":"","background-repeat":"repeat","background-position":"center center","background-size":"auto","background-attachment":"scroll","background-type":"","background-media":"","overlay-type":"","overlay-color":"","overlay-opacity":"","overlay-gradient":""}},"footnotes":""},"class_list":["post-2992","page","type-page","status-publish","hentry"],"yoast_head":"<!-- This site is optimized with the Yoast SEO plugin v27.4 - https:\/\/yoast.com\/product\/yoast-seo-wordpress\/ -->\n<title>Consejos para ser efectivo en el teletrabajo - E-Lernova - Tecnol\u00f3gico de Energ\u00eda e Innovaci\u00f3n.<\/title>\n<meta name=\"robots\" content=\"index, follow, max-snippet:-1, max-image-preview:large, max-video-preview:-1\" \/>\n<link rel=\"canonical\" href=\"https:\/\/elernova.edu.co\/index\/consejos-para-ser-efectivo-en-el-teletrabajo\/\" \/>\n<meta property=\"og:locale\" content=\"es_ES\" \/>\n<meta property=\"og:type\" content=\"article\" \/>\n<meta property=\"og:title\" content=\"Consejos para ser efectivo en el teletrabajo - E-Lernova - Tecnol\u00f3gico de Energ\u00eda e Innovaci\u00f3n.\" \/>\n<meta property=\"og:description\" content=\"Si eres parte de ese gran grupo de personas que por primera vez estas asumiendo el teletrabajo, te compartimos algunas recomendaciones que te permitir\u00e1n ser mas efectivo\" \/>\n<meta property=\"og:url\" content=\"https:\/\/elernova.edu.co\/index\/consejos-para-ser-efectivo-en-el-teletrabajo\/\" \/>\n<meta property=\"og:site_name\" content=\"E-Lernova - Tecnol\u00f3gico de Energ\u00eda e Innovaci\u00f3n.\" \/>\n<meta property=\"article:modified_time\" content=\"2023-02-13T17:19:21+00:00\" \/>\n<meta name=\"twitter:card\" content=\"summary_large_image\" \/>\n<script type=\"application\/ld+json\" class=\"yoast-schema-graph\">{\"@context\":\"https:\\\/\\\/schema.org\",\"@graph\":[{\"@type\":\"WebPage\",\"@id\":\"https:\\\/\\\/elernova.edu.co\\\/index\\\/consejos-para-ser-efectivo-en-el-teletrabajo\\\/\",\"url\":\"https:\\\/\\\/elernova.edu.co\\\/index\\\/consejos-para-ser-efectivo-en-el-teletrabajo\\\/\",\"name\":\"Consejos para ser efectivo en el teletrabajo - E-Lernova - Tecnol\u00f3gico de Energ\u00eda e Innovaci\u00f3n.\",\"isPartOf\":{\"@id\":\"https:\\\/\\\/elernova.edu.co\\\/index\\\/#website\"},\"datePublished\":\"2023-02-09T18:46:57+00:00\",\"dateModified\":\"2023-02-13T17:19:21+00:00\",\"breadcrumb\":{\"@id\":\"https:\\\/\\\/elernova.edu.co\\\/index\\\/consejos-para-ser-efectivo-en-el-teletrabajo\\\/#breadcrumb\"},\"inLanguage\":\"es-CO\",\"potentialAction\":[{\"@type\":\"ReadAction\",\"target\":[\"https:\\\/\\\/elernova.edu.co\\\/index\\\/consejos-para-ser-efectivo-en-el-teletrabajo\\\/\"]}]},{\"@type\":\"BreadcrumbList\",\"@id\":\"https:\\\/\\\/elernova.edu.co\\\/index\\\/consejos-para-ser-efectivo-en-el-teletrabajo\\\/#breadcrumb\",\"itemListElement\":[{\"@type\":\"ListItem\",\"position\":1,\"name\":\"Inicio\",\"item\":\"https:\\\/\\\/elernova.edu.co\\\/index\\\/\"},{\"@type\":\"ListItem\",\"position\":2,\"name\":\"Consejos para ser efectivo en el teletrabajo\"}]},{\"@type\":\"WebSite\",\"@id\":\"https:\\\/\\\/elernova.edu.co\\\/index\\\/#website\",\"url\":\"https:\\\/\\\/elernova.edu.co\\\/index\\\/\",\"name\":\"E-Lernova - Tecnol\u00f3gico de Energ\u00eda e Innovaci\u00f3n.\",\"description\":\"\",\"publisher\":{\"@id\":\"https:\\\/\\\/elernova.edu.co\\\/index\\\/#organization\"},\"potentialAction\":[{\"@type\":\"SearchAction\",\"target\":{\"@type\":\"EntryPoint\",\"urlTemplate\":\"https:\\\/\\\/elernova.edu.co\\\/index\\\/?s={search_term_string}\"},\"query-input\":{\"@type\":\"PropertyValueSpecification\",\"valueRequired\":true,\"valueName\":\"search_term_string\"}}],\"inLanguage\":\"es-CO\"},{\"@type\":\"Organization\",\"@id\":\"https:\\\/\\\/elernova.edu.co\\\/index\\\/#organization\",\"name\":\"E-Lernova - Tecnol\u00f3gico de Energ\u00eda e Innovaci\u00f3n.\",\"url\":\"https:\\\/\\\/elernova.edu.co\\\/index\\\/\",\"logo\":{\"@type\":\"ImageObject\",\"inLanguage\":\"es-CO\",\"@id\":\"https:\\\/\\\/elernova.edu.co\\\/index\\\/#\\\/schema\\\/logo\\\/image\\\/\",\"url\":\"https:\\\/\\\/elernova.edu.co\\\/index\\\/wp-content\\\/uploads\\\/2023\\\/02\\\/Logo-Elernova-color.png\",\"contentUrl\":\"https:\\\/\\\/elernova.edu.co\\\/index\\\/wp-content\\\/uploads\\\/2023\\\/02\\\/Logo-Elernova-color.png\",\"width\":207,\"height\":82,\"caption\":\"E-Lernova - Tecnol\u00f3gico de Energ\u00eda e Innovaci\u00f3n.\"},\"image\":{\"@id\":\"https:\\\/\\\/elernova.edu.co\\\/index\\\/#\\\/schema\\\/logo\\\/image\\\/\"}}]}<\/script>\n<!-- \/ Yoast SEO plugin. -->","yoast_head_json":{"title":"Consejos para ser efectivo en el teletrabajo - E-Lernova - Tecnol\u00f3gico de Energ\u00eda e Innovaci\u00f3n.","robots":{"index":"index","follow":"follow","max-snippet":"max-snippet:-1","max-image-preview":"max-image-preview:large","max-video-preview":"max-video-preview:-1"},"canonical":"https:\/\/elernova.edu.co\/index\/consejos-para-ser-efectivo-en-el-teletrabajo\/","og_locale":"es_ES","og_type":"article","og_title":"Consejos para ser efectivo en el teletrabajo - E-Lernova - Tecnol\u00f3gico de Energ\u00eda e Innovaci\u00f3n.","og_description":"Si eres parte de ese gran grupo de personas que por primera vez estas asumiendo el teletrabajo, te compartimos algunas recomendaciones que te permitir\u00e1n ser mas efectivo","og_url":"https:\/\/elernova.edu.co\/index\/consejos-para-ser-efectivo-en-el-teletrabajo\/","og_site_name":"E-Lernova - Tecnol\u00f3gico de Energ\u00eda e Innovaci\u00f3n.","article_modified_time":"2023-02-13T17:19:21+00:00","twitter_card":"summary_large_image","schema":{"@context":"https:\/\/schema.org","@graph":[{"@type":"WebPage","@id":"https:\/\/elernova.edu.co\/index\/consejos-para-ser-efectivo-en-el-teletrabajo\/","url":"https:\/\/elernova.edu.co\/index\/consejos-para-ser-efectivo-en-el-teletrabajo\/","name":"Consejos para ser efectivo en el teletrabajo - E-Lernova - Tecnol\u00f3gico de Energ\u00eda e Innovaci\u00f3n.","isPartOf":{"@id":"https:\/\/elernova.edu.co\/index\/#website"},"datePublished":"2023-02-09T18:46:57+00:00","dateModified":"2023-02-13T17:19:21+00:00","breadcrumb":{"@id":"https:\/\/elernova.edu.co\/index\/consejos-para-ser-efectivo-en-el-teletrabajo\/#breadcrumb"},"inLanguage":"es-CO","potentialAction":[{"@type":"ReadAction","target":["https:\/\/elernova.edu.co\/index\/consejos-para-ser-efectivo-en-el-teletrabajo\/"]}]},{"@type":"BreadcrumbList","@id":"https:\/\/elernova.edu.co\/index\/consejos-para-ser-efectivo-en-el-teletrabajo\/#breadcrumb","itemListElement":[{"@type":"ListItem","position":1,"name":"Inicio","item":"https:\/\/elernova.edu.co\/index\/"},{"@type":"ListItem","position":2,"name":"Consejos para ser efectivo en el teletrabajo"}]},{"@type":"WebSite","@id":"https:\/\/elernova.edu.co\/index\/#website","url":"https:\/\/elernova.edu.co\/index\/","name":"E-Lernova - Tecnol\u00f3gico de Energ\u00eda e Innovaci\u00f3n.","description":"","publisher":{"@id":"https:\/\/elernova.edu.co\/index\/#organization"},"potentialAction":[{"@type":"SearchAction","target":{"@type":"EntryPoint","urlTemplate":"https:\/\/elernova.edu.co\/index\/?s={search_term_string}"},"query-input":{"@type":"PropertyValueSpecification","valueRequired":true,"valueName":"search_term_string"}}],"inLanguage":"es-CO"},{"@type":"Organization","@id":"https:\/\/elernova.edu.co\/index\/#organization","name":"E-Lernova - Tecnol\u00f3gico de Energ\u00eda e Innovaci\u00f3n.","url":"https:\/\/elernova.edu.co\/index\/","logo":{"@type":"ImageObject","inLanguage":"es-CO","@id":"https:\/\/elernova.edu.co\/index\/#\/schema\/logo\/image\/","url":"https:\/\/elernova.edu.co\/index\/wp-content\/uploads\/2023\/02\/Logo-Elernova-color.png","contentUrl":"https:\/\/elernova.edu.co\/index\/wp-content\/uploads\/2023\/02\/Logo-Elernova-color.png","width":207,"height":82,"caption":"E-Lernova - Tecnol\u00f3gico de Energ\u00eda e Innovaci\u00f3n."},"image":{"@id":"https:\/\/elernova.edu.co\/index\/#\/schema\/logo\/image\/"}}]}},"uagb_featured_image_src":{"full":false,"thumbnail":false,"medium":false,"medium_large":false,"large":false,"1536x1536":false,"2048x2048":false},"uagb_author_info":{"display_name":"admin","author_link":"https:\/\/elernova.edu.co\/index\/author\/admin\/"},"uagb_comment_info":0,"uagb_excerpt":"Si eres parte de ese gran grupo de personas que por primera vez estas asumiendo el teletrabajo, te compartimos algunas recomendaciones que te permitir\u00e1n ser mas efectivo","_links":{"self":[{"href":"https:\/\/elernova.edu.co\/index\/wp-json\/wp\/v2\/pages\/2992","targetHints":{"allow":["GET"]}}],"collection":[{"href":"https:\/\/elernova.edu.co\/index\/wp-json\/wp\/v2\/pages"}],"about":[{"href":"https:\/\/elernova.edu.co\/index\/wp-json\/wp\/v2\/types\/page"}],"author":[{"embeddable":true,"href":"https:\/\/elernova.edu.co\/index\/wp-json\/wp\/v2\/users\/1"}],"replies":[{"embeddable":true,"href":"https:\/\/elernova.edu.co\/index\/wp-json\/wp\/v2\/comments?post=2992"}],"version-history":[{"count":7,"href":"https:\/\/elernova.edu.co\/index\/wp-json\/wp\/v2\/pages\/2992\/revisions"}],"predecessor-version":[{"id":3644,"href":"https:\/\/elernova.edu.co\/index\/wp-json\/wp\/v2\/pages\/2992\/revisions\/3644"}],"wp:attachment":[{"href":"https:\/\/elernova.edu.co\/index\/wp-json\/wp\/v2\/media?parent=2992"}],"curies":[{"name":"wp","href":"https:\/\/api.w.org\/{rel}","templated":true}]}}