{"id":2286,"date":"2023-02-08T15:52:23","date_gmt":"2023-02-08T20:52:23","guid":{"rendered":"https:\/\/elernova.edu.co\/index\/?page_id=2286"},"modified":"2023-02-16T11:43:26","modified_gmt":"2023-02-16T16:43:26","slug":"apoyo-al-estudiante","status":"publish","type":"page","link":"https:\/\/elernova.edu.co\/index\/apoyo-al-estudiante\/","title":{"rendered":"Apoyo al estudiante"},"content":{"rendered":"\t\t<div data-elementor-type=\"wp-page\" data-elementor-id=\"2286\" class=\"elementor elementor-2286\">\n\t\t\t\t\t\t<section class=\"elementor-section elementor-top-section elementor-element elementor-element-4ec1fcb9 elementor-section-height-min-height elementor-section-stretched elementor-section-boxed elementor-section-height-default elementor-section-items-middle\" data-id=\"4ec1fcb9\" data-element_type=\"section\" data-e-type=\"section\" data-settings=\"{&quot;stretch_section&quot;:&quot;section-stretched&quot;,&quot;background_background&quot;:&quot;classic&quot;}\">\n\t\t\t\t\t\t<div class=\"elementor-container elementor-column-gap-default\">\n\t\t\t\t\t<div class=\"elementor-column elementor-col-100 elementor-top-column elementor-element elementor-element-53a33dce\" data-id=\"53a33dce\" data-element_type=\"column\" data-e-type=\"column\">\n\t\t\t<div class=\"elementor-widget-wrap\">\n\t\t\t\t\t\t\t<\/div>\n\t\t<\/div>\n\t\t\t\t\t<\/div>\n\t\t<\/section>\n\t\t\t\t<section class=\"elementor-section elementor-top-section elementor-element elementor-element-c023684 elementor-section-boxed elementor-section-height-default elementor-section-height-default\" data-id=\"c023684\" data-element_type=\"section\" data-e-type=\"section\">\n\t\t\t\t\t\t<div class=\"elementor-container elementor-column-gap-default\">\n\t\t\t\t\t<div class=\"elementor-column elementor-col-100 elementor-top-column elementor-element elementor-element-f65e033\" data-id=\"f65e033\" data-element_type=\"column\" data-e-type=\"column\">\n\t\t\t<div class=\"elementor-widget-wrap elementor-element-populated\">\n\t\t\t\t\t\t<div class=\"elementor-element elementor-element-c0d01e6 elementor-widget elementor-widget-spacer\" data-id=\"c0d01e6\" data-element_type=\"widget\" data-e-type=\"widget\" data-widget_type=\"spacer.default\">\n\t\t\t\t<div class=\"elementor-widget-container\">\n\t\t\t\t\t\t\t<div class=\"elementor-spacer\">\n\t\t\t<div class=\"elementor-spacer-inner\"><\/div>\n\t\t<\/div>\n\t\t\t\t\t\t<\/div>\n\t\t\t\t<\/div>\n\t\t\t\t<div class=\"elementor-element elementor-element-018819a elementor-widget elementor-widget-text-editor\" data-id=\"018819a\" data-element_type=\"widget\" data-e-type=\"widget\" data-widget_type=\"text-editor.default\">\n\t\t\t\t<div class=\"elementor-widget-container\">\n\t\t\t\t\t\t\t\t\t<table><tbody><tr><td><p><strong><img fetchpriority=\"high\" decoding=\"async\" class=\"size-medium wp-image-3990 alignright\" src=\"https:\/\/elernova.edu.co\/index\/wp-content\/uploads\/2023\/02\/apoyo-estudiante-300x203.jpeg\" alt=\"\" width=\"300\" height=\"203\" srcset=\"https:\/\/elernova.edu.co\/index\/wp-content\/uploads\/2023\/02\/apoyo-estudiante-300x203.jpeg 300w, https:\/\/elernova.edu.co\/index\/wp-content\/uploads\/2023\/02\/apoyo-estudiante-1024x694.jpeg 1024w, https:\/\/elernova.edu.co\/index\/wp-content\/uploads\/2023\/02\/apoyo-estudiante-768x520.jpeg 768w, https:\/\/elernova.edu.co\/index\/wp-content\/uploads\/2023\/02\/apoyo-estudiante.jpeg 1280w\" sizes=\"(max-width: 300px) 100vw, 300px\" \/>Apoyo financiero al estudiante E-LERNOVISTA<\/strong><\/p><p>Queremos brindarte apoyo y favorecerte por todos los medios para que tu educaci\u00f3n sea un hecho, estableciendo rutas financieras por medio de becas, est\u00edmulos de financiamiento y distintas oportunidades para que accedas a la educaci\u00f3n superior, por medio de nuestras alianzas con reconocidas entidades, convenios e innovadoras modalidades de financiaci\u00f3n. \u00a1Con\u00f3celas!<\/p><p>Descubre todas las facilidades de pago y opciones de financiaci\u00f3n que hemos creado pensando en ti, porque \u00a1El dinero no puede ser un impedimento para alcanzar los sue\u00f1os!<\/p><p><strong>Me interesa financiar el pago de la matr\u00edcula<\/strong><\/p><p>En Elernova sabemos lo importante que es contar con alternativas financieras que te permitan asegurar el desarrollo exitoso de tus estudios. Por esta raz\u00f3n, hemos dise\u00f1ado diversas opciones en las cuales podr\u00e1s encontrar el apoyo que buscas para matricularte, comun\u00edcate al correo\u00a0<a href=\"mailto:financiacion@elernova.edu.co\">financiacion@elernova.edu.co<\/a>\u00a0y realiza tu solicitud, la cual ser\u00e1 atendida de forma personalizada. Pronto estaremos en contacto contigo.<\/p><h4 style=\"text-align: center;\">\u00a1La educaci\u00f3n tu mejor inversi\u00f3n!<\/h4><\/td><\/tr><\/tbody><\/table>\t\t\t\t\t\t\t\t<\/div>\n\t\t\t\t<\/div>\n\t\t\t\t\t<\/div>\n\t\t<\/div>\n\t\t\t\t\t<\/div>\n\t\t<\/section>\n\t\t\t\t<section class=\"elementor-section elementor-top-section elementor-element elementor-element-d3eda81 elementor-section-boxed elementor-section-height-default elementor-section-height-default\" data-id=\"d3eda81\" data-element_type=\"section\" data-e-type=\"section\">\n\t\t\t\t\t\t<div class=\"elementor-container elementor-column-gap-default\">\n\t\t\t\t\t<div class=\"elementor-column elementor-col-33 elementor-top-column elementor-element elementor-element-8b20f5f\" data-id=\"8b20f5f\" data-element_type=\"column\" data-e-type=\"column\">\n\t\t\t<div class=\"elementor-widget-wrap elementor-element-populated\">\n\t\t\t\t\t\t<div class=\"elementor-element elementor-element-9e22a55 elementor-widget elementor-widget-image\" data-id=\"9e22a55\" data-element_type=\"widget\" data-e-type=\"widget\" data-widget_type=\"image.default\">\n\t\t\t\t<div class=\"elementor-widget-container\">\n\t\t\t\t\t\t\t\t\t\t\t\t\t\t\t<img decoding=\"async\" width=\"1024\" height=\"541\" src=\"https:\/\/elernova.edu.co\/index\/wp-content\/uploads\/2023\/02\/PAYU_LOGO_LIME.png\" class=\"attachment-large size-large wp-image-2742\" alt=\"\" \/>\t\t\t\t\t\t\t\t\t\t\t\t\t\t\t<\/div>\n\t\t\t\t<\/div>\n\t\t\t\t\t<\/div>\n\t\t<\/div>\n\t\t\t\t<div class=\"elementor-column elementor-col-33 elementor-top-column elementor-element elementor-element-f06119a\" data-id=\"f06119a\" data-element_type=\"column\" data-e-type=\"column\">\n\t\t\t<div class=\"elementor-widget-wrap elementor-element-populated\">\n\t\t\t\t\t\t<div class=\"elementor-element elementor-element-3793f9e elementor-widget elementor-widget-image\" data-id=\"3793f9e\" data-element_type=\"widget\" data-e-type=\"widget\" data-widget_type=\"image.default\">\n\t\t\t\t<div class=\"elementor-widget-container\">\n\t\t\t\t\t\t\t\t\t\t\t\t\t\t\t<img decoding=\"async\" width=\"1024\" height=\"576\" src=\"https:\/\/elernova.edu.co\/index\/wp-content\/uploads\/2023\/02\/PayPal-Logo-1-1024x576.png\" class=\"attachment-large size-large wp-image-3993\" alt=\"\" srcset=\"https:\/\/elernova.edu.co\/index\/wp-content\/uploads\/2023\/02\/PayPal-Logo-1-1024x576.png 1024w, https:\/\/elernova.edu.co\/index\/wp-content\/uploads\/2023\/02\/PayPal-Logo-1-300x169.png 300w, https:\/\/elernova.edu.co\/index\/wp-content\/uploads\/2023\/02\/PayPal-Logo-1-768x432.png 768w, https:\/\/elernova.edu.co\/index\/wp-content\/uploads\/2023\/02\/PayPal-Logo-1-1536x864.png 1536w, https:\/\/elernova.edu.co\/index\/wp-content\/uploads\/2023\/02\/PayPal-Logo-1-2048x1152.png 2048w\" sizes=\"(max-width: 1024px) 100vw, 1024px\" \/>\t\t\t\t\t\t\t\t\t\t\t\t\t\t\t<\/div>\n\t\t\t\t<\/div>\n\t\t\t\t\t<\/div>\n\t\t<\/div>\n\t\t\t\t<div class=\"elementor-column elementor-col-33 elementor-top-column elementor-element elementor-element-f951ad6\" data-id=\"f951ad6\" data-element_type=\"column\" data-e-type=\"column\">\n\t\t\t<div class=\"elementor-widget-wrap elementor-element-populated\">\n\t\t\t\t\t\t<div class=\"elementor-element elementor-element-f958823 elementor-widget elementor-widget-image\" data-id=\"f958823\" data-element_type=\"widget\" data-e-type=\"widget\" data-widget_type=\"image.default\">\n\t\t\t\t<div class=\"elementor-widget-container\">\n\t\t\t\t\t\t\t\t\t\t\t\t\t\t\t<img loading=\"lazy\" decoding=\"async\" width=\"1024\" height=\"355\" src=\"https:\/\/elernova.edu.co\/index\/wp-content\/uploads\/2023\/02\/wompi_logo-1-1024x355.png\" class=\"attachment-large size-large wp-image-3992\" alt=\"\" srcset=\"https:\/\/elernova.edu.co\/index\/wp-content\/uploads\/2023\/02\/wompi_logo-1-1024x355.png 1024w, https:\/\/elernova.edu.co\/index\/wp-content\/uploads\/2023\/02\/wompi_logo-1-300x104.png 300w, https:\/\/elernova.edu.co\/index\/wp-content\/uploads\/2023\/02\/wompi_logo-1-768x266.png 768w, https:\/\/elernova.edu.co\/index\/wp-content\/uploads\/2023\/02\/wompi_logo-1-1536x532.png 1536w, https:\/\/elernova.edu.co\/index\/wp-content\/uploads\/2023\/02\/wompi_logo-1-2048x709.png 2048w\" sizes=\"(max-width: 1024px) 100vw, 1024px\" \/>\t\t\t\t\t\t\t\t\t\t\t\t\t\t\t<\/div>\n\t\t\t\t<\/div>\n\t\t\t\t\t<\/div>\n\t\t<\/div>\n\t\t\t\t\t<\/div>\n\t\t<\/section>\n\t\t\t\t<\/div>\n\t\t","protected":false},"excerpt":{"rendered":"<p>Apoyo financiero al estudiante E-LERNOVISTA Queremos brindarte apoyo y favorecerte por todos los medios para que tu educaci\u00f3n sea un hecho, estableciendo rutas financieras por medio de becas, est\u00edmulos de financiamiento y distintas oportunidades para que accedas a la educaci\u00f3n superior, por medio de nuestras alianzas con reconocidas entidades, convenios e innovadoras modalidades de financiaci\u00f3n. [&hellip;]<\/p>\n","protected":false},"author":1,"featured_media":0,"parent":0,"menu_order":0,"comment_status":"closed","ping_status":"closed","template":"","meta":{"_uag_custom_page_level_css":"","site-sidebar-layout":"no-sidebar","site-content-layout":"plain-container","ast-site-content-layout":"default","site-content-style":"default","site-sidebar-style":"default","ast-global-header-display":"","ast-banner-title-visibility":"","ast-main-header-display":"","ast-hfb-above-header-display":"","ast-hfb-below-header-display":"","ast-hfb-mobile-header-display":"","site-post-title":"disabled","ast-breadcrumbs-content":"","ast-featured-img":"disabled","footer-sml-layout":"","theme-transparent-header-meta":"","adv-header-id-meta":"","stick-header-meta":"","header-above-stick-meta":"","header-main-stick-meta":"","header-below-stick-meta":"","astra-migrate-meta-layouts":"default","ast-page-background-enabled":"default","ast-page-background-meta":{"desktop":{"background-color":"","background-image":"","background-repeat":"repeat","background-position":"center center","background-size":"auto","background-attachment":"scroll","background-type":"","background-media":"","overlay-type":"","overlay-color":"","overlay-opacity":"","overlay-gradient":""},"tablet":{"background-color":"","background-image":"","background-repeat":"repeat","background-position":"center center","background-size":"auto","background-attachment":"scroll","background-type":"","background-media":"","overlay-type":"","overlay-color":"","overlay-opacity":"","overlay-gradient":""},"mobile":{"background-color":"","background-image":"","background-repeat":"repeat","background-position":"center center","background-size":"auto","background-attachment":"scroll","background-type":"","background-media":"","overlay-type":"","overlay-color":"","overlay-opacity":"","overlay-gradient":""}},"ast-content-background-meta":{"desktop":{"background-color":"var(--ast-global-color-5)","background-image":"","background-repeat":"repeat","background-position":"center center","background-size":"auto","background-attachment":"scroll","background-type":"","background-media":"","overlay-type":"","overlay-color":"","overlay-opacity":"","overlay-gradient":""},"tablet":{"background-color":"var(--ast-global-color-5)","background-image":"","background-repeat":"repeat","background-position":"center center","background-size":"auto","background-attachment":"scroll","background-type":"","background-media":"","overlay-type":"","overlay-color":"","overlay-opacity":"","overlay-gradient":""},"mobile":{"background-color":"var(--ast-global-color-5)","background-image":"","background-repeat":"repeat","background-position":"center center","background-size":"auto","background-attachment":"scroll","background-type":"","background-media":"","overlay-type":"","overlay-color":"","overlay-opacity":"","overlay-gradient":""}},"footnotes":""},"class_list":["post-2286","page","type-page","status-publish","hentry"],"yoast_head":"<!-- This site is optimized with the Yoast SEO plugin v27.4 - https:\/\/yoast.com\/product\/yoast-seo-wordpress\/ -->\n<title>Apoyo al estudiante - E-Lernova - Tecnol\u00f3gico de Energ\u00eda e Innovaci\u00f3n.<\/title>\n<meta name=\"robots\" content=\"index, follow, max-snippet:-1, max-image-preview:large, max-video-preview:-1\" \/>\n<link rel=\"canonical\" href=\"https:\/\/elernova.edu.co\/index\/apoyo-al-estudiante\/\" \/>\n<meta property=\"og:locale\" content=\"es_ES\" \/>\n<meta property=\"og:type\" content=\"article\" \/>\n<meta property=\"og:title\" content=\"Apoyo al estudiante - E-Lernova - Tecnol\u00f3gico de Energ\u00eda e Innovaci\u00f3n.\" \/>\n<meta property=\"og:description\" content=\"Apoyo financiero al estudiante E-LERNOVISTA Queremos brindarte apoyo y favorecerte por todos los medios para que tu educaci\u00f3n sea un hecho, estableciendo rutas financieras por medio de becas, est\u00edmulos de financiamiento y distintas oportunidades para que accedas a la educaci\u00f3n superior, por medio de nuestras alianzas con reconocidas entidades, convenios e innovadoras modalidades de financiaci\u00f3n. [&hellip;]\" \/>\n<meta property=\"og:url\" content=\"https:\/\/elernova.edu.co\/index\/apoyo-al-estudiante\/\" \/>\n<meta property=\"og:site_name\" content=\"E-Lernova - Tecnol\u00f3gico de Energ\u00eda e Innovaci\u00f3n.\" \/>\n<meta property=\"article:modified_time\" content=\"2023-02-16T16:43:26+00:00\" \/>\n<meta property=\"og:image\" content=\"https:\/\/elernova.edu.co\/index\/wp-content\/uploads\/2023\/02\/apoyo-estudiante-300x203.jpeg\" \/>\n<meta name=\"twitter:card\" content=\"summary_large_image\" \/>\n<meta name=\"twitter:label1\" content=\"Tiempo de lectura\" \/>\n\t<meta name=\"twitter:data1\" content=\"1 minuto\" \/>\n<script type=\"application\/ld+json\" class=\"yoast-schema-graph\">{\"@context\":\"https:\\\/\\\/schema.org\",\"@graph\":[{\"@type\":\"WebPage\",\"@id\":\"https:\\\/\\\/elernova.edu.co\\\/index\\\/apoyo-al-estudiante\\\/\",\"url\":\"https:\\\/\\\/elernova.edu.co\\\/index\\\/apoyo-al-estudiante\\\/\",\"name\":\"Apoyo al estudiante - E-Lernova - Tecnol\u00f3gico de Energ\u00eda e Innovaci\u00f3n.\",\"isPartOf\":{\"@id\":\"https:\\\/\\\/elernova.edu.co\\\/index\\\/#website\"},\"primaryImageOfPage\":{\"@id\":\"https:\\\/\\\/elernova.edu.co\\\/index\\\/apoyo-al-estudiante\\\/#primaryimage\"},\"image\":{\"@id\":\"https:\\\/\\\/elernova.edu.co\\\/index\\\/apoyo-al-estudiante\\\/#primaryimage\"},\"thumbnailUrl\":\"https:\\\/\\\/elernova.edu.co\\\/index\\\/wp-content\\\/uploads\\\/2023\\\/02\\\/apoyo-estudiante-300x203.jpeg\",\"datePublished\":\"2023-02-08T20:52:23+00:00\",\"dateModified\":\"2023-02-16T16:43:26+00:00\",\"breadcrumb\":{\"@id\":\"https:\\\/\\\/elernova.edu.co\\\/index\\\/apoyo-al-estudiante\\\/#breadcrumb\"},\"inLanguage\":\"es-CO\",\"potentialAction\":[{\"@type\":\"ReadAction\",\"target\":[\"https:\\\/\\\/elernova.edu.co\\\/index\\\/apoyo-al-estudiante\\\/\"]}]},{\"@type\":\"ImageObject\",\"inLanguage\":\"es-CO\",\"@id\":\"https:\\\/\\\/elernova.edu.co\\\/index\\\/apoyo-al-estudiante\\\/#primaryimage\",\"url\":\"https:\\\/\\\/elernova.edu.co\\\/index\\\/wp-content\\\/uploads\\\/2023\\\/02\\\/apoyo-estudiante-300x203.jpeg\",\"contentUrl\":\"https:\\\/\\\/elernova.edu.co\\\/index\\\/wp-content\\\/uploads\\\/2023\\\/02\\\/apoyo-estudiante-300x203.jpeg\"},{\"@type\":\"BreadcrumbList\",\"@id\":\"https:\\\/\\\/elernova.edu.co\\\/index\\\/apoyo-al-estudiante\\\/#breadcrumb\",\"itemListElement\":[{\"@type\":\"ListItem\",\"position\":1,\"name\":\"Inicio\",\"item\":\"https:\\\/\\\/elernova.edu.co\\\/index\\\/\"},{\"@type\":\"ListItem\",\"position\":2,\"name\":\"Apoyo al estudiante\"}]},{\"@type\":\"WebSite\",\"@id\":\"https:\\\/\\\/elernova.edu.co\\\/index\\\/#website\",\"url\":\"https:\\\/\\\/elernova.edu.co\\\/index\\\/\",\"name\":\"E-Lernova - Tecnol\u00f3gico de Energ\u00eda e Innovaci\u00f3n.\",\"description\":\"\",\"publisher\":{\"@id\":\"https:\\\/\\\/elernova.edu.co\\\/index\\\/#organization\"},\"potentialAction\":[{\"@type\":\"SearchAction\",\"target\":{\"@type\":\"EntryPoint\",\"urlTemplate\":\"https:\\\/\\\/elernova.edu.co\\\/index\\\/?s={search_term_string}\"},\"query-input\":{\"@type\":\"PropertyValueSpecification\",\"valueRequired\":true,\"valueName\":\"search_term_string\"}}],\"inLanguage\":\"es-CO\"},{\"@type\":\"Organization\",\"@id\":\"https:\\\/\\\/elernova.edu.co\\\/index\\\/#organization\",\"name\":\"E-Lernova - Tecnol\u00f3gico de Energ\u00eda e Innovaci\u00f3n.\",\"url\":\"https:\\\/\\\/elernova.edu.co\\\/index\\\/\",\"logo\":{\"@type\":\"ImageObject\",\"inLanguage\":\"es-CO\",\"@id\":\"https:\\\/\\\/elernova.edu.co\\\/index\\\/#\\\/schema\\\/logo\\\/image\\\/\",\"url\":\"https:\\\/\\\/elernova.edu.co\\\/index\\\/wp-content\\\/uploads\\\/2023\\\/02\\\/Logo-Elernova-color.png\",\"contentUrl\":\"https:\\\/\\\/elernova.edu.co\\\/index\\\/wp-content\\\/uploads\\\/2023\\\/02\\\/Logo-Elernova-color.png\",\"width\":207,\"height\":82,\"caption\":\"E-Lernova - Tecnol\u00f3gico de Energ\u00eda e Innovaci\u00f3n.\"},\"image\":{\"@id\":\"https:\\\/\\\/elernova.edu.co\\\/index\\\/#\\\/schema\\\/logo\\\/image\\\/\"}}]}<\/script>\n<!-- \/ Yoast SEO plugin. -->","yoast_head_json":{"title":"Apoyo al estudiante - E-Lernova - Tecnol\u00f3gico de Energ\u00eda e Innovaci\u00f3n.","robots":{"index":"index","follow":"follow","max-snippet":"max-snippet:-1","max-image-preview":"max-image-preview:large","max-video-preview":"max-video-preview:-1"},"canonical":"https:\/\/elernova.edu.co\/index\/apoyo-al-estudiante\/","og_locale":"es_ES","og_type":"article","og_title":"Apoyo al estudiante - E-Lernova - Tecnol\u00f3gico de Energ\u00eda e Innovaci\u00f3n.","og_description":"Apoyo financiero al estudiante E-LERNOVISTA Queremos brindarte apoyo y favorecerte por todos los medios para que tu educaci\u00f3n sea un hecho, estableciendo rutas financieras por medio de becas, est\u00edmulos de financiamiento y distintas oportunidades para que accedas a la educaci\u00f3n superior, por medio de nuestras alianzas con reconocidas entidades, convenios e innovadoras modalidades de financiaci\u00f3n. [&hellip;]","og_url":"https:\/\/elernova.edu.co\/index\/apoyo-al-estudiante\/","og_site_name":"E-Lernova - Tecnol\u00f3gico de Energ\u00eda e Innovaci\u00f3n.","article_modified_time":"2023-02-16T16:43:26+00:00","og_image":[{"url":"https:\/\/elernova.edu.co\/index\/wp-content\/uploads\/2023\/02\/apoyo-estudiante-300x203.jpeg","type":"","width":"","height":""}],"twitter_card":"summary_large_image","twitter_misc":{"Tiempo de lectura":"1 minuto"},"schema":{"@context":"https:\/\/schema.org","@graph":[{"@type":"WebPage","@id":"https:\/\/elernova.edu.co\/index\/apoyo-al-estudiante\/","url":"https:\/\/elernova.edu.co\/index\/apoyo-al-estudiante\/","name":"Apoyo al estudiante - E-Lernova - Tecnol\u00f3gico de Energ\u00eda e Innovaci\u00f3n.","isPartOf":{"@id":"https:\/\/elernova.edu.co\/index\/#website"},"primaryImageOfPage":{"@id":"https:\/\/elernova.edu.co\/index\/apoyo-al-estudiante\/#primaryimage"},"image":{"@id":"https:\/\/elernova.edu.co\/index\/apoyo-al-estudiante\/#primaryimage"},"thumbnailUrl":"https:\/\/elernova.edu.co\/index\/wp-content\/uploads\/2023\/02\/apoyo-estudiante-300x203.jpeg","datePublished":"2023-02-08T20:52:23+00:00","dateModified":"2023-02-16T16:43:26+00:00","breadcrumb":{"@id":"https:\/\/elernova.edu.co\/index\/apoyo-al-estudiante\/#breadcrumb"},"inLanguage":"es-CO","potentialAction":[{"@type":"ReadAction","target":["https:\/\/elernova.edu.co\/index\/apoyo-al-estudiante\/"]}]},{"@type":"ImageObject","inLanguage":"es-CO","@id":"https:\/\/elernova.edu.co\/index\/apoyo-al-estudiante\/#primaryimage","url":"https:\/\/elernova.edu.co\/index\/wp-content\/uploads\/2023\/02\/apoyo-estudiante-300x203.jpeg","contentUrl":"https:\/\/elernova.edu.co\/index\/wp-content\/uploads\/2023\/02\/apoyo-estudiante-300x203.jpeg"},{"@type":"BreadcrumbList","@id":"https:\/\/elernova.edu.co\/index\/apoyo-al-estudiante\/#breadcrumb","itemListElement":[{"@type":"ListItem","position":1,"name":"Inicio","item":"https:\/\/elernova.edu.co\/index\/"},{"@type":"ListItem","position":2,"name":"Apoyo al estudiante"}]},{"@type":"WebSite","@id":"https:\/\/elernova.edu.co\/index\/#website","url":"https:\/\/elernova.edu.co\/index\/","name":"E-Lernova - Tecnol\u00f3gico de Energ\u00eda e Innovaci\u00f3n.","description":"","publisher":{"@id":"https:\/\/elernova.edu.co\/index\/#organization"},"potentialAction":[{"@type":"SearchAction","target":{"@type":"EntryPoint","urlTemplate":"https:\/\/elernova.edu.co\/index\/?s={search_term_string}"},"query-input":{"@type":"PropertyValueSpecification","valueRequired":true,"valueName":"search_term_string"}}],"inLanguage":"es-CO"},{"@type":"Organization","@id":"https:\/\/elernova.edu.co\/index\/#organization","name":"E-Lernova - Tecnol\u00f3gico de Energ\u00eda e Innovaci\u00f3n.","url":"https:\/\/elernova.edu.co\/index\/","logo":{"@type":"ImageObject","inLanguage":"es-CO","@id":"https:\/\/elernova.edu.co\/index\/#\/schema\/logo\/image\/","url":"https:\/\/elernova.edu.co\/index\/wp-content\/uploads\/2023\/02\/Logo-Elernova-color.png","contentUrl":"https:\/\/elernova.edu.co\/index\/wp-content\/uploads\/2023\/02\/Logo-Elernova-color.png","width":207,"height":82,"caption":"E-Lernova - Tecnol\u00f3gico de Energ\u00eda e Innovaci\u00f3n."},"image":{"@id":"https:\/\/elernova.edu.co\/index\/#\/schema\/logo\/image\/"}}]}},"uagb_featured_image_src":{"full":false,"thumbnail":false,"medium":false,"medium_large":false,"large":false,"1536x1536":false,"2048x2048":false},"uagb_author_info":{"display_name":"admin","author_link":"https:\/\/elernova.edu.co\/index\/author\/admin\/"},"uagb_comment_info":0,"uagb_excerpt":"Apoyo financiero al estudiante E-LERNOVISTA Queremos brindarte apoyo y favorecerte por todos los medios para que tu educaci\u00f3n sea un hecho, estableciendo rutas financieras por medio de becas, est\u00edmulos de financiamiento y distintas oportunidades para que accedas a la educaci\u00f3n superior, por medio de nuestras alianzas con reconocidas entidades, convenios e innovadoras modalidades de financiaci\u00f3n.&hellip;","_links":{"self":[{"href":"https:\/\/elernova.edu.co\/index\/wp-json\/wp\/v2\/pages\/2286","targetHints":{"allow":["GET"]}}],"collection":[{"href":"https:\/\/elernova.edu.co\/index\/wp-json\/wp\/v2\/pages"}],"about":[{"href":"https:\/\/elernova.edu.co\/index\/wp-json\/wp\/v2\/types\/page"}],"author":[{"embeddable":true,"href":"https:\/\/elernova.edu.co\/index\/wp-json\/wp\/v2\/users\/1"}],"replies":[{"embeddable":true,"href":"https:\/\/elernova.edu.co\/index\/wp-json\/wp\/v2\/comments?post=2286"}],"version-history":[{"count":13,"href":"https:\/\/elernova.edu.co\/index\/wp-json\/wp\/v2\/pages\/2286\/revisions"}],"predecessor-version":[{"id":4311,"href":"https:\/\/elernova.edu.co\/index\/wp-json\/wp\/v2\/pages\/2286\/revisions\/4311"}],"wp:attachment":[{"href":"https:\/\/elernova.edu.co\/index\/wp-json\/wp\/v2\/media?parent=2286"}],"curies":[{"name":"wp","href":"https:\/\/api.w.org\/{rel}","templated":true}]}}