{"id":1828,"date":"2023-01-20T15:23:40","date_gmt":"2023-01-20T20:23:40","guid":{"rendered":"https:\/\/elernova.edu.co\/index\/?page_id=1828"},"modified":"2023-02-13T12:40:18","modified_gmt":"2023-02-13T17:40:18","slug":"tecnico-profesional-auxiliar-de-ingenieria-civil","status":"publish","type":"page","link":"https:\/\/elernova.edu.co\/index\/tecnico-profesional-auxiliar-de-ingenieria-civil\/","title":{"rendered":"T\u00e9cnico Profesional Auxiliar de ingenier\u00eda Civil"},"content":{"rendered":"\t\t<div data-elementor-type=\"wp-page\" data-elementor-id=\"1828\" class=\"elementor elementor-1828\">\n\t\t\t\t\t\t<section class=\"elementor-section elementor-top-section elementor-element elementor-element-728f50f7 elementor-section-height-min-height elementor-section-stretched elementor-section-boxed elementor-section-height-default elementor-section-items-middle\" data-id=\"728f50f7\" data-element_type=\"section\" data-e-type=\"section\" data-settings=\"{&quot;stretch_section&quot;:&quot;section-stretched&quot;,&quot;background_background&quot;:&quot;classic&quot;}\">\n\t\t\t\t\t\t<div class=\"elementor-container elementor-column-gap-default\">\n\t\t\t\t\t<div class=\"elementor-column elementor-col-100 elementor-top-column elementor-element elementor-element-6ee5deb0\" data-id=\"6ee5deb0\" data-element_type=\"column\" data-e-type=\"column\">\n\t\t\t<div class=\"elementor-widget-wrap\">\n\t\t\t\t\t\t\t<\/div>\n\t\t<\/div>\n\t\t\t\t\t<\/div>\n\t\t<\/section>\n\t\t\t\t<section class=\"elementor-section elementor-top-section elementor-element elementor-element-2884b95 elementor-section-boxed elementor-section-height-default elementor-section-height-default\" data-id=\"2884b95\" data-element_type=\"section\" data-e-type=\"section\">\n\t\t\t\t\t\t<div class=\"elementor-container elementor-column-gap-default\">\n\t\t\t\t\t<div class=\"elementor-column elementor-col-100 elementor-top-column elementor-element elementor-element-e53b050\" data-id=\"e53b050\" data-element_type=\"column\" data-e-type=\"column\">\n\t\t\t<div class=\"elementor-widget-wrap elementor-element-populated\">\n\t\t\t\t\t\t<div class=\"elementor-element elementor-element-28a1a25 elementor-widget elementor-widget-spacer\" data-id=\"28a1a25\" data-element_type=\"widget\" data-e-type=\"widget\" data-widget_type=\"spacer.default\">\n\t\t\t\t<div class=\"elementor-widget-container\">\n\t\t\t\t\t\t\t<div class=\"elementor-spacer\">\n\t\t\t<div class=\"elementor-spacer-inner\"><\/div>\n\t\t<\/div>\n\t\t\t\t\t\t<\/div>\n\t\t\t\t<\/div>\n\t\t\t\t<div class=\"elementor-element elementor-element-85a7ae9 elementor-widget elementor-widget-text-editor\" data-id=\"85a7ae9\" data-element_type=\"widget\" data-e-type=\"widget\" data-widget_type=\"text-editor.default\">\n\t\t\t\t<div class=\"elementor-widget-container\">\n\t\t\t\t\t\t\t\t\t<h4 style=\"text-align: center;\">PR\u00d3XIMAMENTE<\/h4><h4 style=\"text-align: center;\">MODALIDAD VIRTUAL\u00a0<\/h4><p>\u00a0<\/p><p><strong>T\u00c9CNICO PROFESIONAL AUXILIAR EN INGENIER\u00cdA CIVIL (Pr\u00f3ximamente)<img fetchpriority=\"high\" decoding=\"async\" class=\"size-full wp-image-3416 alignright\" src=\"https:\/\/elernova.edu.co\/index\/wp-content\/uploads\/2023\/02\/aux-ingenieria-civil.jpg\" alt=\"\" width=\"265\" height=\"361\" \/><\/strong><br \/><strong>Actualmente en proceso de aprobaci\u00f3n del registro Calificado por el Ministerio de Educaci\u00f3n Nacional<\/strong><\/p><p>\u00a0<\/p><p>El graduado t\u00e9cnico profesional AUXILIAR DE INGENIERIA CIVIL estar\u00e1 en capacidad de:<\/p><ul><li>Realizar o participar en ensayos y experimentos sobre el terreno y en laboratorio de suelos y materiales de construcci\u00f3n.<\/li><li>Ayudar a la preparaci\u00f3n de planos y especificaciones para construcci\u00f3n, reparaci\u00f3n y conservaci\u00f3n de edificios y obras de ingenier\u00eda civil.<\/li><li>Ayudar a efectuar levantamientos topogr\u00e1ficos y ayudar en la preparaci\u00f3n de informes.<\/li><li>Realizar las tareas t\u00e9cnicas relacionadas con la ejecuci\u00f3n de obras de ingenier\u00eda civil incluidos el levantamiento topogr\u00e1fico y los informes al respecto.<\/li><li>Representar a los arquitectos e ingenieros civiles en las obras para asegurarse de que se cumplen las especificaciones del proyecto y que se respetan las normas de calidad deseadas en lo concerniente a los materiales y al trabajo realizado.<\/li><li>Asistir en el desarrollo de dise\u00f1os arquitect\u00f3nicos preparando dibujos de modelos de acuerdo con especificaciones t\u00e9cnicas establecidas en los contratos de construcci\u00f3n.<\/li><li>Aplicar conocimientos t\u00e9cnicos de los principios y pr\u00e1cticas de la ingenier\u00eda civil para identificar y resolver problemas que surjan en el curso de su trabajo.<\/li><li>Analizar la latitud, longitud y \u00e1ngulos; realizar c\u00e1lculos trigonom\u00e9tricos para trazar las caracter\u00edsticas contornos y \u00e1reas a una escala espec\u00edfica.<\/li><li>Ayudar a preparar estimaciones detalladas de cantidades y costos de materiales y mano de obra necesarios para las obras, de conformidad con las especificaciones establecidas.<\/li><li>Apoyar la organizaci\u00f3n y gesti\u00f3n documental en los proyectos que asiste.<\/li><li>Desarrollar su trabajo con \u00e9tica, responsabilidad, y compromiso acorde con los requerimientos de los proyectos en los que participa.<\/li><\/ul><p>Se desarrolla bajo modalidad virtual, tiene un total de 64 cr\u00e9ditos acad\u00e9micos, con una duraci\u00f3n de 4 periodos semestrales, cada uno constituido por 16 semanas y otorga el t\u00edtulo T\u00e9cnico Profesional Auxiliar de ingenier\u00eda Civil<\/p>\t\t\t\t\t\t\t\t<\/div>\n\t\t\t\t<\/div>\n\t\t\t\t\t<\/div>\n\t\t<\/div>\n\t\t\t\t\t<\/div>\n\t\t<\/section>\n\t\t\t\t<section class=\"elementor-section elementor-top-section elementor-element elementor-element-2a184e8 elementor-section-boxed elementor-section-height-default elementor-section-height-default\" data-id=\"2a184e8\" data-element_type=\"section\" data-e-type=\"section\">\n\t\t\t\t\t\t<div class=\"elementor-container elementor-column-gap-default\">\n\t\t\t\t\t<div class=\"elementor-column elementor-col-100 elementor-top-column elementor-element elementor-element-ea496ee\" data-id=\"ea496ee\" data-element_type=\"column\" data-e-type=\"column\">\n\t\t\t<div class=\"elementor-widget-wrap elementor-element-populated\">\n\t\t\t\t\t\t<div class=\"elementor-element elementor-element-59b245f elementor-widget elementor-widget-spacer\" data-id=\"59b245f\" data-element_type=\"widget\" data-e-type=\"widget\" data-widget_type=\"spacer.default\">\n\t\t\t\t<div class=\"elementor-widget-container\">\n\t\t\t\t\t\t\t<div class=\"elementor-spacer\">\n\t\t\t<div class=\"elementor-spacer-inner\"><\/div>\n\t\t<\/div>\n\t\t\t\t\t\t<\/div>\n\t\t\t\t<\/div>\n\t\t\t\t\t<\/div>\n\t\t<\/div>\n\t\t\t\t\t<\/div>\n\t\t<\/section>\n\t\t\t\t<\/div>\n\t\t","protected":false},"excerpt":{"rendered":"<p>PR\u00d3XIMAMENTE MODALIDAD VIRTUAL\u00a0 \u00a0 T\u00c9CNICO PROFESIONAL AUXILIAR EN INGENIER\u00cdA CIVIL (Pr\u00f3ximamente)Actualmente en proceso de aprobaci\u00f3n del registro Calificado por el Ministerio de Educaci\u00f3n Nacional \u00a0 El graduado t\u00e9cnico profesional AUXILIAR DE INGENIERIA CIVIL estar\u00e1 en capacidad de: Realizar o participar en ensayos y experimentos sobre el terreno y en laboratorio de suelos y materiales de [&hellip;]<\/p>\n","protected":false},"author":1,"featured_media":0,"parent":0,"menu_order":0,"comment_status":"closed","ping_status":"closed","template":"","meta":{"_uag_custom_page_level_css":"","site-sidebar-layout":"no-sidebar","site-content-layout":"plain-container","ast-site-content-layout":"default","site-content-style":"default","site-sidebar-style":"default","ast-global-header-display":"","ast-banner-title-visibility":"","ast-main-header-display":"","ast-hfb-above-header-display":"","ast-hfb-below-header-display":"","ast-hfb-mobile-header-display":"","site-post-title":"disabled","ast-breadcrumbs-content":"","ast-featured-img":"disabled","footer-sml-layout":"","theme-transparent-header-meta":"","adv-header-id-meta":"","stick-header-meta":"","header-above-stick-meta":"","header-main-stick-meta":"","header-below-stick-meta":"","astra-migrate-meta-layouts":"default","ast-page-background-enabled":"default","ast-page-background-meta":{"desktop":{"background-color":"","background-image":"","background-repeat":"repeat","background-position":"center center","background-size":"auto","background-attachment":"scroll","background-type":"","background-media":"","overlay-type":"","overlay-color":"","overlay-opacity":"","overlay-gradient":""},"tablet":{"background-color":"","background-image":"","background-repeat":"repeat","background-position":"center center","background-size":"auto","background-attachment":"scroll","background-type":"","background-media":"","overlay-type":"","overlay-color":"","overlay-opacity":"","overlay-gradient":""},"mobile":{"background-color":"","background-image":"","background-repeat":"repeat","background-position":"center center","background-size":"auto","background-attachment":"scroll","background-type":"","background-media":"","overlay-type":"","overlay-color":"","overlay-opacity":"","overlay-gradient":""}},"ast-content-background-meta":{"desktop":{"background-color":"var(--ast-global-color-5)","background-image":"","background-repeat":"repeat","background-position":"center center","background-size":"auto","background-attachment":"scroll","background-type":"","background-media":"","overlay-type":"","overlay-color":"","overlay-opacity":"","overlay-gradient":""},"tablet":{"background-color":"var(--ast-global-color-5)","background-image":"","background-repeat":"repeat","background-position":"center center","background-size":"auto","background-attachment":"scroll","background-type":"","background-media":"","overlay-type":"","overlay-color":"","overlay-opacity":"","overlay-gradient":""},"mobile":{"background-color":"var(--ast-global-color-5)","background-image":"","background-repeat":"repeat","background-position":"center center","background-size":"auto","background-attachment":"scroll","background-type":"","background-media":"","overlay-type":"","overlay-color":"","overlay-opacity":"","overlay-gradient":""}},"footnotes":""},"class_list":["post-1828","page","type-page","status-publish","hentry"],"yoast_head":"<!-- This site is optimized with the Yoast SEO plugin v27.4 - https:\/\/yoast.com\/product\/yoast-seo-wordpress\/ -->\n<title>T\u00e9cnico Profesional Auxiliar de ingenier\u00eda Civil - E-Lernova - Tecnol\u00f3gico de Energ\u00eda e Innovaci\u00f3n.<\/title>\n<meta name=\"robots\" content=\"index, follow, max-snippet:-1, max-image-preview:large, max-video-preview:-1\" \/>\n<link rel=\"canonical\" href=\"https:\/\/elernova.edu.co\/index\/tecnico-profesional-auxiliar-de-ingenieria-civil\/\" \/>\n<meta property=\"og:locale\" content=\"es_ES\" \/>\n<meta property=\"og:type\" content=\"article\" \/>\n<meta property=\"og:title\" content=\"T\u00e9cnico Profesional Auxiliar de ingenier\u00eda Civil - E-Lernova - Tecnol\u00f3gico de Energ\u00eda e Innovaci\u00f3n.\" \/>\n<meta property=\"og:description\" content=\"PR\u00d3XIMAMENTE MODALIDAD VIRTUAL\u00a0 \u00a0 T\u00c9CNICO PROFESIONAL AUXILIAR EN INGENIER\u00cdA CIVIL (Pr\u00f3ximamente)Actualmente en proceso de aprobaci\u00f3n del registro Calificado por el Ministerio de Educaci\u00f3n Nacional \u00a0 El graduado t\u00e9cnico profesional AUXILIAR DE INGENIERIA CIVIL estar\u00e1 en capacidad de: Realizar o participar en ensayos y experimentos sobre el terreno y en laboratorio de suelos y materiales de [&hellip;]\" \/>\n<meta property=\"og:url\" content=\"https:\/\/elernova.edu.co\/index\/tecnico-profesional-auxiliar-de-ingenieria-civil\/\" \/>\n<meta property=\"og:site_name\" content=\"E-Lernova - Tecnol\u00f3gico de Energ\u00eda e Innovaci\u00f3n.\" \/>\n<meta property=\"article:modified_time\" content=\"2023-02-13T17:40:18+00:00\" \/>\n<meta property=\"og:image\" content=\"https:\/\/elernova.edu.co\/index\/wp-content\/uploads\/2023\/02\/aux-ingenieria-civil.jpg\" \/>\n<meta name=\"twitter:card\" content=\"summary_large_image\" \/>\n<meta name=\"twitter:label1\" content=\"Tiempo de lectura\" \/>\n\t<meta name=\"twitter:data1\" content=\"2 minutos\" \/>\n<script type=\"application\/ld+json\" class=\"yoast-schema-graph\">{\"@context\":\"https:\\\/\\\/schema.org\",\"@graph\":[{\"@type\":\"WebPage\",\"@id\":\"https:\\\/\\\/elernova.edu.co\\\/index\\\/tecnico-profesional-auxiliar-de-ingenieria-civil\\\/\",\"url\":\"https:\\\/\\\/elernova.edu.co\\\/index\\\/tecnico-profesional-auxiliar-de-ingenieria-civil\\\/\",\"name\":\"T\u00e9cnico Profesional Auxiliar de ingenier\u00eda Civil - E-Lernova - Tecnol\u00f3gico de Energ\u00eda e Innovaci\u00f3n.\",\"isPartOf\":{\"@id\":\"https:\\\/\\\/elernova.edu.co\\\/index\\\/#website\"},\"primaryImageOfPage\":{\"@id\":\"https:\\\/\\\/elernova.edu.co\\\/index\\\/tecnico-profesional-auxiliar-de-ingenieria-civil\\\/#primaryimage\"},\"image\":{\"@id\":\"https:\\\/\\\/elernova.edu.co\\\/index\\\/tecnico-profesional-auxiliar-de-ingenieria-civil\\\/#primaryimage\"},\"thumbnailUrl\":\"https:\\\/\\\/elernova.edu.co\\\/index\\\/wp-content\\\/uploads\\\/2023\\\/02\\\/aux-ingenieria-civil.jpg\",\"datePublished\":\"2023-01-20T20:23:40+00:00\",\"dateModified\":\"2023-02-13T17:40:18+00:00\",\"breadcrumb\":{\"@id\":\"https:\\\/\\\/elernova.edu.co\\\/index\\\/tecnico-profesional-auxiliar-de-ingenieria-civil\\\/#breadcrumb\"},\"inLanguage\":\"es-CO\",\"potentialAction\":[{\"@type\":\"ReadAction\",\"target\":[\"https:\\\/\\\/elernova.edu.co\\\/index\\\/tecnico-profesional-auxiliar-de-ingenieria-civil\\\/\"]}]},{\"@type\":\"ImageObject\",\"inLanguage\":\"es-CO\",\"@id\":\"https:\\\/\\\/elernova.edu.co\\\/index\\\/tecnico-profesional-auxiliar-de-ingenieria-civil\\\/#primaryimage\",\"url\":\"https:\\\/\\\/elernova.edu.co\\\/index\\\/wp-content\\\/uploads\\\/2023\\\/02\\\/aux-ingenieria-civil.jpg\",\"contentUrl\":\"https:\\\/\\\/elernova.edu.co\\\/index\\\/wp-content\\\/uploads\\\/2023\\\/02\\\/aux-ingenieria-civil.jpg\",\"width\":265,\"height\":361},{\"@type\":\"BreadcrumbList\",\"@id\":\"https:\\\/\\\/elernova.edu.co\\\/index\\\/tecnico-profesional-auxiliar-de-ingenieria-civil\\\/#breadcrumb\",\"itemListElement\":[{\"@type\":\"ListItem\",\"position\":1,\"name\":\"Inicio\",\"item\":\"https:\\\/\\\/elernova.edu.co\\\/index\\\/\"},{\"@type\":\"ListItem\",\"position\":2,\"name\":\"T\u00e9cnico Profesional Auxiliar de ingenier\u00eda Civil\"}]},{\"@type\":\"WebSite\",\"@id\":\"https:\\\/\\\/elernova.edu.co\\\/index\\\/#website\",\"url\":\"https:\\\/\\\/elernova.edu.co\\\/index\\\/\",\"name\":\"E-Lernova - Tecnol\u00f3gico de Energ\u00eda e Innovaci\u00f3n.\",\"description\":\"\",\"publisher\":{\"@id\":\"https:\\\/\\\/elernova.edu.co\\\/index\\\/#organization\"},\"potentialAction\":[{\"@type\":\"SearchAction\",\"target\":{\"@type\":\"EntryPoint\",\"urlTemplate\":\"https:\\\/\\\/elernova.edu.co\\\/index\\\/?s={search_term_string}\"},\"query-input\":{\"@type\":\"PropertyValueSpecification\",\"valueRequired\":true,\"valueName\":\"search_term_string\"}}],\"inLanguage\":\"es-CO\"},{\"@type\":\"Organization\",\"@id\":\"https:\\\/\\\/elernova.edu.co\\\/index\\\/#organization\",\"name\":\"E-Lernova - Tecnol\u00f3gico de Energ\u00eda e Innovaci\u00f3n.\",\"url\":\"https:\\\/\\\/elernova.edu.co\\\/index\\\/\",\"logo\":{\"@type\":\"ImageObject\",\"inLanguage\":\"es-CO\",\"@id\":\"https:\\\/\\\/elernova.edu.co\\\/index\\\/#\\\/schema\\\/logo\\\/image\\\/\",\"url\":\"https:\\\/\\\/elernova.edu.co\\\/index\\\/wp-content\\\/uploads\\\/2023\\\/02\\\/Logo-Elernova-color.png\",\"contentUrl\":\"https:\\\/\\\/elernova.edu.co\\\/index\\\/wp-content\\\/uploads\\\/2023\\\/02\\\/Logo-Elernova-color.png\",\"width\":207,\"height\":82,\"caption\":\"E-Lernova - Tecnol\u00f3gico de Energ\u00eda e Innovaci\u00f3n.\"},\"image\":{\"@id\":\"https:\\\/\\\/elernova.edu.co\\\/index\\\/#\\\/schema\\\/logo\\\/image\\\/\"}}]}<\/script>\n<!-- \/ Yoast SEO plugin. -->","yoast_head_json":{"title":"T\u00e9cnico Profesional Auxiliar de ingenier\u00eda Civil - E-Lernova - Tecnol\u00f3gico de Energ\u00eda e Innovaci\u00f3n.","robots":{"index":"index","follow":"follow","max-snippet":"max-snippet:-1","max-image-preview":"max-image-preview:large","max-video-preview":"max-video-preview:-1"},"canonical":"https:\/\/elernova.edu.co\/index\/tecnico-profesional-auxiliar-de-ingenieria-civil\/","og_locale":"es_ES","og_type":"article","og_title":"T\u00e9cnico Profesional Auxiliar de ingenier\u00eda Civil - E-Lernova - Tecnol\u00f3gico de Energ\u00eda e Innovaci\u00f3n.","og_description":"PR\u00d3XIMAMENTE MODALIDAD VIRTUAL\u00a0 \u00a0 T\u00c9CNICO PROFESIONAL AUXILIAR EN INGENIER\u00cdA CIVIL (Pr\u00f3ximamente)Actualmente en proceso de aprobaci\u00f3n del registro Calificado por el Ministerio de Educaci\u00f3n Nacional \u00a0 El graduado t\u00e9cnico profesional AUXILIAR DE INGENIERIA CIVIL estar\u00e1 en capacidad de: Realizar o participar en ensayos y experimentos sobre el terreno y en laboratorio de suelos y materiales de [&hellip;]","og_url":"https:\/\/elernova.edu.co\/index\/tecnico-profesional-auxiliar-de-ingenieria-civil\/","og_site_name":"E-Lernova - Tecnol\u00f3gico de Energ\u00eda e Innovaci\u00f3n.","article_modified_time":"2023-02-13T17:40:18+00:00","og_image":[{"url":"https:\/\/elernova.edu.co\/index\/wp-content\/uploads\/2023\/02\/aux-ingenieria-civil.jpg","type":"","width":"","height":""}],"twitter_card":"summary_large_image","twitter_misc":{"Tiempo de lectura":"2 minutos"},"schema":{"@context":"https:\/\/schema.org","@graph":[{"@type":"WebPage","@id":"https:\/\/elernova.edu.co\/index\/tecnico-profesional-auxiliar-de-ingenieria-civil\/","url":"https:\/\/elernova.edu.co\/index\/tecnico-profesional-auxiliar-de-ingenieria-civil\/","name":"T\u00e9cnico Profesional Auxiliar de ingenier\u00eda Civil - E-Lernova - Tecnol\u00f3gico de Energ\u00eda e Innovaci\u00f3n.","isPartOf":{"@id":"https:\/\/elernova.edu.co\/index\/#website"},"primaryImageOfPage":{"@id":"https:\/\/elernova.edu.co\/index\/tecnico-profesional-auxiliar-de-ingenieria-civil\/#primaryimage"},"image":{"@id":"https:\/\/elernova.edu.co\/index\/tecnico-profesional-auxiliar-de-ingenieria-civil\/#primaryimage"},"thumbnailUrl":"https:\/\/elernova.edu.co\/index\/wp-content\/uploads\/2023\/02\/aux-ingenieria-civil.jpg","datePublished":"2023-01-20T20:23:40+00:00","dateModified":"2023-02-13T17:40:18+00:00","breadcrumb":{"@id":"https:\/\/elernova.edu.co\/index\/tecnico-profesional-auxiliar-de-ingenieria-civil\/#breadcrumb"},"inLanguage":"es-CO","potentialAction":[{"@type":"ReadAction","target":["https:\/\/elernova.edu.co\/index\/tecnico-profesional-auxiliar-de-ingenieria-civil\/"]}]},{"@type":"ImageObject","inLanguage":"es-CO","@id":"https:\/\/elernova.edu.co\/index\/tecnico-profesional-auxiliar-de-ingenieria-civil\/#primaryimage","url":"https:\/\/elernova.edu.co\/index\/wp-content\/uploads\/2023\/02\/aux-ingenieria-civil.jpg","contentUrl":"https:\/\/elernova.edu.co\/index\/wp-content\/uploads\/2023\/02\/aux-ingenieria-civil.jpg","width":265,"height":361},{"@type":"BreadcrumbList","@id":"https:\/\/elernova.edu.co\/index\/tecnico-profesional-auxiliar-de-ingenieria-civil\/#breadcrumb","itemListElement":[{"@type":"ListItem","position":1,"name":"Inicio","item":"https:\/\/elernova.edu.co\/index\/"},{"@type":"ListItem","position":2,"name":"T\u00e9cnico Profesional Auxiliar de ingenier\u00eda Civil"}]},{"@type":"WebSite","@id":"https:\/\/elernova.edu.co\/index\/#website","url":"https:\/\/elernova.edu.co\/index\/","name":"E-Lernova - Tecnol\u00f3gico de Energ\u00eda e Innovaci\u00f3n.","description":"","publisher":{"@id":"https:\/\/elernova.edu.co\/index\/#organization"},"potentialAction":[{"@type":"SearchAction","target":{"@type":"EntryPoint","urlTemplate":"https:\/\/elernova.edu.co\/index\/?s={search_term_string}"},"query-input":{"@type":"PropertyValueSpecification","valueRequired":true,"valueName":"search_term_string"}}],"inLanguage":"es-CO"},{"@type":"Organization","@id":"https:\/\/elernova.edu.co\/index\/#organization","name":"E-Lernova - Tecnol\u00f3gico de Energ\u00eda e Innovaci\u00f3n.","url":"https:\/\/elernova.edu.co\/index\/","logo":{"@type":"ImageObject","inLanguage":"es-CO","@id":"https:\/\/elernova.edu.co\/index\/#\/schema\/logo\/image\/","url":"https:\/\/elernova.edu.co\/index\/wp-content\/uploads\/2023\/02\/Logo-Elernova-color.png","contentUrl":"https:\/\/elernova.edu.co\/index\/wp-content\/uploads\/2023\/02\/Logo-Elernova-color.png","width":207,"height":82,"caption":"E-Lernova - Tecnol\u00f3gico de Energ\u00eda e Innovaci\u00f3n."},"image":{"@id":"https:\/\/elernova.edu.co\/index\/#\/schema\/logo\/image\/"}}]}},"uagb_featured_image_src":{"full":false,"thumbnail":false,"medium":false,"medium_large":false,"large":false,"1536x1536":false,"2048x2048":false},"uagb_author_info":{"display_name":"admin","author_link":"https:\/\/elernova.edu.co\/index\/author\/admin\/"},"uagb_comment_info":0,"uagb_excerpt":"PR\u00d3XIMAMENTE MODALIDAD VIRTUAL\u00a0 \u00a0 T\u00c9CNICO PROFESIONAL AUXILIAR EN INGENIER\u00cdA CIVIL (Pr\u00f3ximamente)Actualmente en proceso de aprobaci\u00f3n del registro Calificado por el Ministerio de Educaci\u00f3n Nacional \u00a0 El graduado t\u00e9cnico profesional AUXILIAR DE INGENIERIA CIVIL estar\u00e1 en capacidad de: Realizar o participar en ensayos y experimentos sobre el terreno y en laboratorio de suelos y materiales de&hellip;","_links":{"self":[{"href":"https:\/\/elernova.edu.co\/index\/wp-json\/wp\/v2\/pages\/1828","targetHints":{"allow":["GET"]}}],"collection":[{"href":"https:\/\/elernova.edu.co\/index\/wp-json\/wp\/v2\/pages"}],"about":[{"href":"https:\/\/elernova.edu.co\/index\/wp-json\/wp\/v2\/types\/page"}],"author":[{"embeddable":true,"href":"https:\/\/elernova.edu.co\/index\/wp-json\/wp\/v2\/users\/1"}],"replies":[{"embeddable":true,"href":"https:\/\/elernova.edu.co\/index\/wp-json\/wp\/v2\/comments?post=1828"}],"version-history":[{"count":10,"href":"https:\/\/elernova.edu.co\/index\/wp-json\/wp\/v2\/pages\/1828\/revisions"}],"predecessor-version":[{"id":3780,"href":"https:\/\/elernova.edu.co\/index\/wp-json\/wp\/v2\/pages\/1828\/revisions\/3780"}],"wp:attachment":[{"href":"https:\/\/elernova.edu.co\/index\/wp-json\/wp\/v2\/media?parent=1828"}],"curies":[{"name":"wp","href":"https:\/\/api.w.org\/{rel}","templated":true}]}}