{"id":1826,"date":"2023-01-20T15:23:28","date_gmt":"2023-01-20T20:23:28","guid":{"rendered":"https:\/\/elernova.edu.co\/index\/?page_id=1826"},"modified":"2023-02-13T12:41:53","modified_gmt":"2023-02-13T17:41:53","slug":"tecnico-profesional-en-seguridad-y-salud-en-el-trabajo","status":"publish","type":"page","link":"https:\/\/elernova.edu.co\/index\/tecnico-profesional-en-seguridad-y-salud-en-el-trabajo\/","title":{"rendered":"T\u00e9cnico Profesional en Seguridad y Salud en el trabajo"},"content":{"rendered":"\t\t<div data-elementor-type=\"wp-page\" data-elementor-id=\"1826\" class=\"elementor elementor-1826\">\n\t\t\t\t\t\t<section class=\"elementor-section elementor-top-section elementor-element elementor-element-74231e75 elementor-section-height-min-height elementor-section-stretched elementor-section-boxed elementor-section-height-default elementor-section-items-middle\" data-id=\"74231e75\" data-element_type=\"section\" data-e-type=\"section\" data-settings=\"{&quot;stretch_section&quot;:&quot;section-stretched&quot;,&quot;background_background&quot;:&quot;classic&quot;}\">\n\t\t\t\t\t\t<div class=\"elementor-container elementor-column-gap-default\">\n\t\t\t\t\t<div class=\"elementor-column elementor-col-100 elementor-top-column elementor-element elementor-element-77197084\" data-id=\"77197084\" data-element_type=\"column\" data-e-type=\"column\">\n\t\t\t<div class=\"elementor-widget-wrap\">\n\t\t\t\t\t\t\t<\/div>\n\t\t<\/div>\n\t\t\t\t\t<\/div>\n\t\t<\/section>\n\t\t\t\t<section class=\"elementor-section elementor-top-section elementor-element elementor-element-0897ee2 elementor-section-boxed elementor-section-height-default elementor-section-height-default\" data-id=\"0897ee2\" data-element_type=\"section\" data-e-type=\"section\">\n\t\t\t\t\t\t<div class=\"elementor-container elementor-column-gap-default\">\n\t\t\t\t\t<div class=\"elementor-column elementor-col-100 elementor-top-column elementor-element elementor-element-9603543\" data-id=\"9603543\" data-element_type=\"column\" data-e-type=\"column\">\n\t\t\t<div class=\"elementor-widget-wrap elementor-element-populated\">\n\t\t\t\t\t\t<div class=\"elementor-element elementor-element-2ef2f99 elementor-widget elementor-widget-spacer\" data-id=\"2ef2f99\" data-element_type=\"widget\" data-e-type=\"widget\" data-widget_type=\"spacer.default\">\n\t\t\t\t<div class=\"elementor-widget-container\">\n\t\t\t\t\t\t\t<div class=\"elementor-spacer\">\n\t\t\t<div class=\"elementor-spacer-inner\"><\/div>\n\t\t<\/div>\n\t\t\t\t\t\t<\/div>\n\t\t\t\t<\/div>\n\t\t\t\t<div class=\"elementor-element elementor-element-4aee4ac elementor-widget elementor-widget-text-editor\" data-id=\"4aee4ac\" data-element_type=\"widget\" data-e-type=\"widget\" data-widget_type=\"text-editor.default\">\n\t\t\t\t<div class=\"elementor-widget-container\">\n\t\t\t\t\t\t\t\t\t<h4 style=\"text-align: center;\">PR\u00d3XIMAMENTE<\/h4><h4 style=\"text-align: center;\">MODALIDAD VIRTUAL<\/h4><p>\u00a0<\/p><p><strong>T\u00e9cnico Profesional en Seguridad y Salud en el trabajo (Pr\u00f3ximamente)<img fetchpriority=\"high\" decoding=\"async\" class=\"size-full wp-image-3412 alignright\" src=\"https:\/\/elernova.edu.co\/index\/wp-content\/uploads\/2023\/02\/SST.jpg\" alt=\"\" width=\"318\" height=\"361\" \/><\/strong><\/p><p><strong>Actualmente en proceso de aprobaci\u00f3n del Registro Calificado por el Ministerio de Educaci\u00f3n Nacional<\/strong><\/p><p>Se desempe\u00f1a en organizaciones privadas o p\u00fablicas de diversos sectores y tama\u00f1os, en procura de la mejora permanente de las condiciones y ambientes de trabajo para garantizar el cumplimiento legal en SST, evitar accidentes laborales, la preservaci\u00f3n de la vida, la salud y el bienestar de los empleados dentro de un marco de sostenibilidad para las partes.<\/p><p>Se desarrolla bajo modalidad virtual, tiene un total de 64 cr\u00e9ditos acad\u00e9micos, con una duraci\u00f3n de 4 periodos semestrales, cada uno constituido por 16 semanas y otorga el t\u00edtulo T\u00e9cnico Profesional Auxiliar en Seguridad y salud en el trabajo, estar\u00e1 en capacidad de gestionar y dar soporte a las organizaciones en:<br \/>\u00a0<br \/>Vigilar y evaluar el cumplimiento de la normatividad en SST, orientado hacia el cuidado y bienestar de los trabajadores acorde con la actividad econ\u00f3mica de la empresa, bajo la orientaci\u00f3n de prevenci\u00f3n, con criterio y compromiso social.<\/p><ul><li>Identificar, evaluar y valorar los riesgos y peligros de las \u00e1reas de trabajo, proponiendo y aplicando controles, bajo metodolog\u00edas de identificaci\u00f3n de riesgos y peligros, con enfoque de prevenci\u00f3n, criterio y actualizaci\u00f3n.<\/li><li>Establecer conforme a la legislaci\u00f3n la organizaci\u00f3n y estructura del sistema de gesti\u00f3n en SST que requiere una empresa acorde con su tama\u00f1o, as\u00ed como asistir en la ejecuci\u00f3n de actividades preventivas, correctivas y de mejora, de forma articulada con los objetivos de la empresa.<\/li><li>Inspeccionar las \u00e1reas de trabajo, personas, equipos y herramientas, tomando las acciones preventivas y correctivas para garantizar las condiciones apropiadas de higiene y seguridad industrial, de prevenci\u00f3n y promoci\u00f3n de la salud y del ambiente, haciendo uso de tecnolog\u00edas para el monitoreo cuando as\u00ed sea aplicable.<\/li><li>Apoyar en el registro, organizaci\u00f3n y comunicaci\u00f3n de informaci\u00f3n de valor generada del sistema de gesti\u00f3n en SST, acorde con criterios t\u00e9cnicos y legales.<\/li><li>Ejecutar las actividades inherentes al manejo de incidentes en la organizaci\u00f3n: registro, reporte, investigaci\u00f3n, plan de acci\u00f3n y cierre.<\/li><li>Apoyar y supervisar la conformaci\u00f3n y\/o desempe\u00f1o de brigadas, planes de emergencias, atenci\u00f3n en primeros auxilios acorde con los protocolos y los lineamientos que permitan a la organizaci\u00f3n estar preparada y actuar eficazmente en caso de un evento.<\/li><\/ul><p>\u00a0<\/p>\t\t\t\t\t\t\t\t<\/div>\n\t\t\t\t<\/div>\n\t\t\t\t\t<\/div>\n\t\t<\/div>\n\t\t\t\t\t<\/div>\n\t\t<\/section>\n\t\t\t\t<\/div>\n\t\t","protected":false},"excerpt":{"rendered":"<p>PR\u00d3XIMAMENTE MODALIDAD VIRTUAL \u00a0 T\u00e9cnico Profesional en Seguridad y Salud en el trabajo (Pr\u00f3ximamente) Actualmente en proceso de aprobaci\u00f3n del Registro Calificado por el Ministerio de Educaci\u00f3n Nacional Se desempe\u00f1a en organizaciones privadas o p\u00fablicas de diversos sectores y tama\u00f1os, en procura de la mejora permanente de las condiciones y ambientes de trabajo para garantizar [&hellip;]<\/p>\n","protected":false},"author":1,"featured_media":0,"parent":0,"menu_order":0,"comment_status":"closed","ping_status":"closed","template":"","meta":{"_uag_custom_page_level_css":"","site-sidebar-layout":"no-sidebar","site-content-layout":"plain-container","ast-site-content-layout":"default","site-content-style":"default","site-sidebar-style":"default","ast-global-header-display":"","ast-banner-title-visibility":"","ast-main-header-display":"","ast-hfb-above-header-display":"","ast-hfb-below-header-display":"","ast-hfb-mobile-header-display":"","site-post-title":"disabled","ast-breadcrumbs-content":"","ast-featured-img":"disabled","footer-sml-layout":"","theme-transparent-header-meta":"","adv-header-id-meta":"","stick-header-meta":"","header-above-stick-meta":"","header-main-stick-meta":"","header-below-stick-meta":"","astra-migrate-meta-layouts":"default","ast-page-background-enabled":"default","ast-page-background-meta":{"desktop":{"background-color":"","background-image":"","background-repeat":"repeat","background-position":"center center","background-size":"auto","background-attachment":"scroll","background-type":"","background-media":"","overlay-type":"","overlay-color":"","overlay-opacity":"","overlay-gradient":""},"tablet":{"background-color":"","background-image":"","background-repeat":"repeat","background-position":"center center","background-size":"auto","background-attachment":"scroll","background-type":"","background-media":"","overlay-type":"","overlay-color":"","overlay-opacity":"","overlay-gradient":""},"mobile":{"background-color":"","background-image":"","background-repeat":"repeat","background-position":"center center","background-size":"auto","background-attachment":"scroll","background-type":"","background-media":"","overlay-type":"","overlay-color":"","overlay-opacity":"","overlay-gradient":""}},"ast-content-background-meta":{"desktop":{"background-color":"var(--ast-global-color-5)","background-image":"","background-repeat":"repeat","background-position":"center center","background-size":"auto","background-attachment":"scroll","background-type":"","background-media":"","overlay-type":"","overlay-color":"","overlay-opacity":"","overlay-gradient":""},"tablet":{"background-color":"var(--ast-global-color-5)","background-image":"","background-repeat":"repeat","background-position":"center center","background-size":"auto","background-attachment":"scroll","background-type":"","background-media":"","overlay-type":"","overlay-color":"","overlay-opacity":"","overlay-gradient":""},"mobile":{"background-color":"var(--ast-global-color-5)","background-image":"","background-repeat":"repeat","background-position":"center center","background-size":"auto","background-attachment":"scroll","background-type":"","background-media":"","overlay-type":"","overlay-color":"","overlay-opacity":"","overlay-gradient":""}},"footnotes":""},"class_list":["post-1826","page","type-page","status-publish","hentry"],"yoast_head":"<!-- This site is optimized with the Yoast SEO plugin v27.4 - https:\/\/yoast.com\/product\/yoast-seo-wordpress\/ -->\n<title>T\u00e9cnico Profesional en Seguridad y Salud en el trabajo - E-Lernova - Tecnol\u00f3gico de Energ\u00eda e Innovaci\u00f3n.<\/title>\n<meta name=\"robots\" content=\"index, follow, max-snippet:-1, max-image-preview:large, max-video-preview:-1\" \/>\n<link rel=\"canonical\" href=\"https:\/\/elernova.edu.co\/index\/tecnico-profesional-en-seguridad-y-salud-en-el-trabajo\/\" \/>\n<meta property=\"og:locale\" content=\"es_ES\" \/>\n<meta property=\"og:type\" content=\"article\" \/>\n<meta property=\"og:title\" content=\"T\u00e9cnico Profesional en Seguridad y Salud en el trabajo - E-Lernova - Tecnol\u00f3gico de Energ\u00eda e Innovaci\u00f3n.\" \/>\n<meta property=\"og:description\" content=\"PR\u00d3XIMAMENTE MODALIDAD VIRTUAL \u00a0 T\u00e9cnico Profesional en Seguridad y Salud en el trabajo (Pr\u00f3ximamente) Actualmente en proceso de aprobaci\u00f3n del Registro Calificado por el Ministerio de Educaci\u00f3n Nacional Se desempe\u00f1a en organizaciones privadas o p\u00fablicas de diversos sectores y tama\u00f1os, en procura de la mejora permanente de las condiciones y ambientes de trabajo para garantizar [&hellip;]\" \/>\n<meta property=\"og:url\" content=\"https:\/\/elernova.edu.co\/index\/tecnico-profesional-en-seguridad-y-salud-en-el-trabajo\/\" \/>\n<meta property=\"og:site_name\" content=\"E-Lernova - Tecnol\u00f3gico de Energ\u00eda e Innovaci\u00f3n.\" \/>\n<meta property=\"article:modified_time\" content=\"2023-02-13T17:41:53+00:00\" \/>\n<meta property=\"og:image\" content=\"https:\/\/elernova.edu.co\/index\/wp-content\/uploads\/2023\/02\/SST.jpg\" \/>\n<meta name=\"twitter:card\" content=\"summary_large_image\" \/>\n<meta name=\"twitter:label1\" content=\"Tiempo de lectura\" \/>\n\t<meta name=\"twitter:data1\" content=\"2 minutos\" \/>\n<script type=\"application\/ld+json\" class=\"yoast-schema-graph\">{\"@context\":\"https:\\\/\\\/schema.org\",\"@graph\":[{\"@type\":\"WebPage\",\"@id\":\"https:\\\/\\\/elernova.edu.co\\\/index\\\/tecnico-profesional-en-seguridad-y-salud-en-el-trabajo\\\/\",\"url\":\"https:\\\/\\\/elernova.edu.co\\\/index\\\/tecnico-profesional-en-seguridad-y-salud-en-el-trabajo\\\/\",\"name\":\"T\u00e9cnico Profesional en Seguridad y Salud en el trabajo - E-Lernova - Tecnol\u00f3gico de Energ\u00eda e Innovaci\u00f3n.\",\"isPartOf\":{\"@id\":\"https:\\\/\\\/elernova.edu.co\\\/index\\\/#website\"},\"primaryImageOfPage\":{\"@id\":\"https:\\\/\\\/elernova.edu.co\\\/index\\\/tecnico-profesional-en-seguridad-y-salud-en-el-trabajo\\\/#primaryimage\"},\"image\":{\"@id\":\"https:\\\/\\\/elernova.edu.co\\\/index\\\/tecnico-profesional-en-seguridad-y-salud-en-el-trabajo\\\/#primaryimage\"},\"thumbnailUrl\":\"https:\\\/\\\/elernova.edu.co\\\/index\\\/wp-content\\\/uploads\\\/2023\\\/02\\\/SST.jpg\",\"datePublished\":\"2023-01-20T20:23:28+00:00\",\"dateModified\":\"2023-02-13T17:41:53+00:00\",\"breadcrumb\":{\"@id\":\"https:\\\/\\\/elernova.edu.co\\\/index\\\/tecnico-profesional-en-seguridad-y-salud-en-el-trabajo\\\/#breadcrumb\"},\"inLanguage\":\"es-CO\",\"potentialAction\":[{\"@type\":\"ReadAction\",\"target\":[\"https:\\\/\\\/elernova.edu.co\\\/index\\\/tecnico-profesional-en-seguridad-y-salud-en-el-trabajo\\\/\"]}]},{\"@type\":\"ImageObject\",\"inLanguage\":\"es-CO\",\"@id\":\"https:\\\/\\\/elernova.edu.co\\\/index\\\/tecnico-profesional-en-seguridad-y-salud-en-el-trabajo\\\/#primaryimage\",\"url\":\"https:\\\/\\\/elernova.edu.co\\\/index\\\/wp-content\\\/uploads\\\/2023\\\/02\\\/SST.jpg\",\"contentUrl\":\"https:\\\/\\\/elernova.edu.co\\\/index\\\/wp-content\\\/uploads\\\/2023\\\/02\\\/SST.jpg\",\"width\":318,\"height\":361},{\"@type\":\"BreadcrumbList\",\"@id\":\"https:\\\/\\\/elernova.edu.co\\\/index\\\/tecnico-profesional-en-seguridad-y-salud-en-el-trabajo\\\/#breadcrumb\",\"itemListElement\":[{\"@type\":\"ListItem\",\"position\":1,\"name\":\"Inicio\",\"item\":\"https:\\\/\\\/elernova.edu.co\\\/index\\\/\"},{\"@type\":\"ListItem\",\"position\":2,\"name\":\"T\u00e9cnico Profesional en Seguridad y Salud en el trabajo\"}]},{\"@type\":\"WebSite\",\"@id\":\"https:\\\/\\\/elernova.edu.co\\\/index\\\/#website\",\"url\":\"https:\\\/\\\/elernova.edu.co\\\/index\\\/\",\"name\":\"E-Lernova - Tecnol\u00f3gico de Energ\u00eda e Innovaci\u00f3n.\",\"description\":\"\",\"publisher\":{\"@id\":\"https:\\\/\\\/elernova.edu.co\\\/index\\\/#organization\"},\"potentialAction\":[{\"@type\":\"SearchAction\",\"target\":{\"@type\":\"EntryPoint\",\"urlTemplate\":\"https:\\\/\\\/elernova.edu.co\\\/index\\\/?s={search_term_string}\"},\"query-input\":{\"@type\":\"PropertyValueSpecification\",\"valueRequired\":true,\"valueName\":\"search_term_string\"}}],\"inLanguage\":\"es-CO\"},{\"@type\":\"Organization\",\"@id\":\"https:\\\/\\\/elernova.edu.co\\\/index\\\/#organization\",\"name\":\"E-Lernova - Tecnol\u00f3gico de Energ\u00eda e Innovaci\u00f3n.\",\"url\":\"https:\\\/\\\/elernova.edu.co\\\/index\\\/\",\"logo\":{\"@type\":\"ImageObject\",\"inLanguage\":\"es-CO\",\"@id\":\"https:\\\/\\\/elernova.edu.co\\\/index\\\/#\\\/schema\\\/logo\\\/image\\\/\",\"url\":\"https:\\\/\\\/elernova.edu.co\\\/index\\\/wp-content\\\/uploads\\\/2023\\\/02\\\/Logo-Elernova-color.png\",\"contentUrl\":\"https:\\\/\\\/elernova.edu.co\\\/index\\\/wp-content\\\/uploads\\\/2023\\\/02\\\/Logo-Elernova-color.png\",\"width\":207,\"height\":82,\"caption\":\"E-Lernova - Tecnol\u00f3gico de Energ\u00eda e Innovaci\u00f3n.\"},\"image\":{\"@id\":\"https:\\\/\\\/elernova.edu.co\\\/index\\\/#\\\/schema\\\/logo\\\/image\\\/\"}}]}<\/script>\n<!-- \/ Yoast SEO plugin. -->","yoast_head_json":{"title":"T\u00e9cnico Profesional en Seguridad y Salud en el trabajo - E-Lernova - Tecnol\u00f3gico de Energ\u00eda e Innovaci\u00f3n.","robots":{"index":"index","follow":"follow","max-snippet":"max-snippet:-1","max-image-preview":"max-image-preview:large","max-video-preview":"max-video-preview:-1"},"canonical":"https:\/\/elernova.edu.co\/index\/tecnico-profesional-en-seguridad-y-salud-en-el-trabajo\/","og_locale":"es_ES","og_type":"article","og_title":"T\u00e9cnico Profesional en Seguridad y Salud en el trabajo - E-Lernova - Tecnol\u00f3gico de Energ\u00eda e Innovaci\u00f3n.","og_description":"PR\u00d3XIMAMENTE MODALIDAD VIRTUAL \u00a0 T\u00e9cnico Profesional en Seguridad y Salud en el trabajo (Pr\u00f3ximamente) Actualmente en proceso de aprobaci\u00f3n del Registro Calificado por el Ministerio de Educaci\u00f3n Nacional Se desempe\u00f1a en organizaciones privadas o p\u00fablicas de diversos sectores y tama\u00f1os, en procura de la mejora permanente de las condiciones y ambientes de trabajo para garantizar [&hellip;]","og_url":"https:\/\/elernova.edu.co\/index\/tecnico-profesional-en-seguridad-y-salud-en-el-trabajo\/","og_site_name":"E-Lernova - Tecnol\u00f3gico de Energ\u00eda e Innovaci\u00f3n.","article_modified_time":"2023-02-13T17:41:53+00:00","og_image":[{"url":"https:\/\/elernova.edu.co\/index\/wp-content\/uploads\/2023\/02\/SST.jpg","type":"","width":"","height":""}],"twitter_card":"summary_large_image","twitter_misc":{"Tiempo de lectura":"2 minutos"},"schema":{"@context":"https:\/\/schema.org","@graph":[{"@type":"WebPage","@id":"https:\/\/elernova.edu.co\/index\/tecnico-profesional-en-seguridad-y-salud-en-el-trabajo\/","url":"https:\/\/elernova.edu.co\/index\/tecnico-profesional-en-seguridad-y-salud-en-el-trabajo\/","name":"T\u00e9cnico Profesional en Seguridad y Salud en el trabajo - E-Lernova - Tecnol\u00f3gico de Energ\u00eda e Innovaci\u00f3n.","isPartOf":{"@id":"https:\/\/elernova.edu.co\/index\/#website"},"primaryImageOfPage":{"@id":"https:\/\/elernova.edu.co\/index\/tecnico-profesional-en-seguridad-y-salud-en-el-trabajo\/#primaryimage"},"image":{"@id":"https:\/\/elernova.edu.co\/index\/tecnico-profesional-en-seguridad-y-salud-en-el-trabajo\/#primaryimage"},"thumbnailUrl":"https:\/\/elernova.edu.co\/index\/wp-content\/uploads\/2023\/02\/SST.jpg","datePublished":"2023-01-20T20:23:28+00:00","dateModified":"2023-02-13T17:41:53+00:00","breadcrumb":{"@id":"https:\/\/elernova.edu.co\/index\/tecnico-profesional-en-seguridad-y-salud-en-el-trabajo\/#breadcrumb"},"inLanguage":"es-CO","potentialAction":[{"@type":"ReadAction","target":["https:\/\/elernova.edu.co\/index\/tecnico-profesional-en-seguridad-y-salud-en-el-trabajo\/"]}]},{"@type":"ImageObject","inLanguage":"es-CO","@id":"https:\/\/elernova.edu.co\/index\/tecnico-profesional-en-seguridad-y-salud-en-el-trabajo\/#primaryimage","url":"https:\/\/elernova.edu.co\/index\/wp-content\/uploads\/2023\/02\/SST.jpg","contentUrl":"https:\/\/elernova.edu.co\/index\/wp-content\/uploads\/2023\/02\/SST.jpg","width":318,"height":361},{"@type":"BreadcrumbList","@id":"https:\/\/elernova.edu.co\/index\/tecnico-profesional-en-seguridad-y-salud-en-el-trabajo\/#breadcrumb","itemListElement":[{"@type":"ListItem","position":1,"name":"Inicio","item":"https:\/\/elernova.edu.co\/index\/"},{"@type":"ListItem","position":2,"name":"T\u00e9cnico Profesional en Seguridad y Salud en el trabajo"}]},{"@type":"WebSite","@id":"https:\/\/elernova.edu.co\/index\/#website","url":"https:\/\/elernova.edu.co\/index\/","name":"E-Lernova - Tecnol\u00f3gico de Energ\u00eda e Innovaci\u00f3n.","description":"","publisher":{"@id":"https:\/\/elernova.edu.co\/index\/#organization"},"potentialAction":[{"@type":"SearchAction","target":{"@type":"EntryPoint","urlTemplate":"https:\/\/elernova.edu.co\/index\/?s={search_term_string}"},"query-input":{"@type":"PropertyValueSpecification","valueRequired":true,"valueName":"search_term_string"}}],"inLanguage":"es-CO"},{"@type":"Organization","@id":"https:\/\/elernova.edu.co\/index\/#organization","name":"E-Lernova - Tecnol\u00f3gico de Energ\u00eda e Innovaci\u00f3n.","url":"https:\/\/elernova.edu.co\/index\/","logo":{"@type":"ImageObject","inLanguage":"es-CO","@id":"https:\/\/elernova.edu.co\/index\/#\/schema\/logo\/image\/","url":"https:\/\/elernova.edu.co\/index\/wp-content\/uploads\/2023\/02\/Logo-Elernova-color.png","contentUrl":"https:\/\/elernova.edu.co\/index\/wp-content\/uploads\/2023\/02\/Logo-Elernova-color.png","width":207,"height":82,"caption":"E-Lernova - Tecnol\u00f3gico de Energ\u00eda e Innovaci\u00f3n."},"image":{"@id":"https:\/\/elernova.edu.co\/index\/#\/schema\/logo\/image\/"}}]}},"uagb_featured_image_src":{"full":false,"thumbnail":false,"medium":false,"medium_large":false,"large":false,"1536x1536":false,"2048x2048":false},"uagb_author_info":{"display_name":"admin","author_link":"https:\/\/elernova.edu.co\/index\/author\/admin\/"},"uagb_comment_info":0,"uagb_excerpt":"PR\u00d3XIMAMENTE MODALIDAD VIRTUAL \u00a0 T\u00e9cnico Profesional en Seguridad y Salud en el trabajo (Pr\u00f3ximamente) Actualmente en proceso de aprobaci\u00f3n del Registro Calificado por el Ministerio de Educaci\u00f3n Nacional Se desempe\u00f1a en organizaciones privadas o p\u00fablicas de diversos sectores y tama\u00f1os, en procura de la mejora permanente de las condiciones y ambientes de trabajo para garantizar&hellip;","_links":{"self":[{"href":"https:\/\/elernova.edu.co\/index\/wp-json\/wp\/v2\/pages\/1826","targetHints":{"allow":["GET"]}}],"collection":[{"href":"https:\/\/elernova.edu.co\/index\/wp-json\/wp\/v2\/pages"}],"about":[{"href":"https:\/\/elernova.edu.co\/index\/wp-json\/wp\/v2\/types\/page"}],"author":[{"embeddable":true,"href":"https:\/\/elernova.edu.co\/index\/wp-json\/wp\/v2\/users\/1"}],"replies":[{"embeddable":true,"href":"https:\/\/elernova.edu.co\/index\/wp-json\/wp\/v2\/comments?post=1826"}],"version-history":[{"count":7,"href":"https:\/\/elernova.edu.co\/index\/wp-json\/wp\/v2\/pages\/1826\/revisions"}],"predecessor-version":[{"id":3789,"href":"https:\/\/elernova.edu.co\/index\/wp-json\/wp\/v2\/pages\/1826\/revisions\/3789"}],"wp:attachment":[{"href":"https:\/\/elernova.edu.co\/index\/wp-json\/wp\/v2\/media?parent=1826"}],"curies":[{"name":"wp","href":"https:\/\/api.w.org\/{rel}","templated":true}]}}