{"id":1779,"date":"2023-01-20T15:10:30","date_gmt":"2023-01-20T20:10:30","guid":{"rendered":"https:\/\/elernova.edu.co\/index\/?page_id=1779"},"modified":"2023-02-13T12:48:27","modified_gmt":"2023-02-13T17:48:27","slug":"diplomado-en-operacion-de-drones-y-su-aplicacion-en-topografia","status":"publish","type":"page","link":"https:\/\/elernova.edu.co\/index\/diplomado-en-operacion-de-drones-y-su-aplicacion-en-topografia\/","title":{"rendered":"Diplomado en operaci\u00f3n de drones y su aplicaci\u00f3n en topograf\u00eda"},"content":{"rendered":"\n<p>&nbsp;&nbsp;&nbsp;&nbsp;&nbsp;&nbsp;&nbsp;&nbsp;&nbsp;&nbsp;&nbsp; Tem\u00e1ticas Administraci\u00f3n<\/p>\n","protected":false},"excerpt":{"rendered":"<p>&nbsp;&nbsp;&nbsp;&nbsp;&nbsp;&nbsp;&nbsp;&nbsp;&nbsp;&nbsp;&nbsp; Tem\u00e1ticas Administraci\u00f3n<\/p>\n","protected":false},"author":1,"featured_media":0,"parent":0,"menu_order":0,"comment_status":"closed","ping_status":"closed","template":"","meta":{"_uag_custom_page_level_css":"","site-sidebar-layout":"default","site-content-layout":"plain-container","ast-site-content-layout":"default","site-content-style":"default","site-sidebar-style":"default","ast-global-header-display":"","ast-banner-title-visibility":"","ast-main-header-display":"","ast-hfb-above-header-display":"","ast-hfb-below-header-display":"","ast-hfb-mobile-header-display":"","site-post-title":"disabled","ast-breadcrumbs-content":"","ast-featured-img":"","footer-sml-layout":"","theme-transparent-header-meta":"","adv-header-id-meta":"","stick-header-meta":"","header-above-stick-meta":"","header-main-stick-meta":"","header-below-stick-meta":"","astra-migrate-meta-layouts":"default","ast-page-background-enabled":"default","ast-page-background-meta":{"desktop":{"background-color":"","background-image":"","background-repeat":"repeat","background-position":"center center","background-size":"auto","background-attachment":"scroll","background-type":"","background-media":"","overlay-type":"","overlay-color":"","overlay-opacity":"","overlay-gradient":""},"tablet":{"background-color":"","background-image":"","background-repeat":"repeat","background-position":"center center","background-size":"auto","background-attachment":"scroll","background-type":"","background-media":"","overlay-type":"","overlay-color":"","overlay-opacity":"","overlay-gradient":""},"mobile":{"background-color":"","background-image":"","background-repeat":"repeat","background-position":"center center","background-size":"auto","background-attachment":"scroll","background-type":"","background-media":"","overlay-type":"","overlay-color":"","overlay-opacity":"","overlay-gradient":""}},"ast-content-background-meta":{"desktop":{"background-color":"var(--ast-global-color-5)","background-image":"","background-repeat":"repeat","background-position":"center center","background-size":"auto","background-attachment":"scroll","background-type":"","background-media":"","overlay-type":"","overlay-color":"","overlay-opacity":"","overlay-gradient":""},"tablet":{"background-color":"var(--ast-global-color-5)","background-image":"","background-repeat":"repeat","background-position":"center center","background-size":"auto","background-attachment":"scroll","background-type":"","background-media":"","overlay-type":"","overlay-color":"","overlay-opacity":"","overlay-gradient":""},"mobile":{"background-color":"var(--ast-global-color-5)","background-image":"","background-repeat":"repeat","background-position":"center center","background-size":"auto","background-attachment":"scroll","background-type":"","background-media":"","overlay-type":"","overlay-color":"","overlay-opacity":"","overlay-gradient":""}},"footnotes":""},"class_list":["post-1779","page","type-page","status-publish","hentry"],"yoast_head":"<!-- This site is optimized with the Yoast SEO plugin v27.4 - https:\/\/yoast.com\/product\/yoast-seo-wordpress\/ -->\n<title>Diplomado en operaci\u00f3n de drones y su aplicaci\u00f3n en topograf\u00eda - E-Lernova - Tecnol\u00f3gico de Energ\u00eda e Innovaci\u00f3n.<\/title>\n<meta name=\"robots\" content=\"index, follow, max-snippet:-1, max-image-preview:large, max-video-preview:-1\" \/>\n<link rel=\"canonical\" href=\"https:\/\/elernova.edu.co\/index\/diplomado-en-operacion-de-drones-y-su-aplicacion-en-topografia\/\" \/>\n<meta property=\"og:locale\" content=\"es_ES\" \/>\n<meta property=\"og:type\" content=\"article\" \/>\n<meta property=\"og:title\" content=\"Diplomado en operaci\u00f3n de drones y su aplicaci\u00f3n en topograf\u00eda - E-Lernova - Tecnol\u00f3gico de Energ\u00eda e Innovaci\u00f3n.\" \/>\n<meta property=\"og:description\" content=\"&nbsp;&nbsp;&nbsp;&nbsp;&nbsp;&nbsp;&nbsp;&nbsp;&nbsp;&nbsp;&nbsp; Tem\u00e1ticas Administraci\u00f3n\" \/>\n<meta property=\"og:url\" content=\"https:\/\/elernova.edu.co\/index\/diplomado-en-operacion-de-drones-y-su-aplicacion-en-topografia\/\" \/>\n<meta property=\"og:site_name\" content=\"E-Lernova - Tecnol\u00f3gico de Energ\u00eda e Innovaci\u00f3n.\" \/>\n<meta property=\"article:modified_time\" content=\"2023-02-13T17:48:27+00:00\" \/>\n<meta name=\"twitter:card\" content=\"summary_large_image\" \/>\n<script type=\"application\/ld+json\" class=\"yoast-schema-graph\">{\"@context\":\"https:\\\/\\\/schema.org\",\"@graph\":[{\"@type\":\"WebPage\",\"@id\":\"https:\\\/\\\/elernova.edu.co\\\/index\\\/diplomado-en-operacion-de-drones-y-su-aplicacion-en-topografia\\\/\",\"url\":\"https:\\\/\\\/elernova.edu.co\\\/index\\\/diplomado-en-operacion-de-drones-y-su-aplicacion-en-topografia\\\/\",\"name\":\"Diplomado en operaci\u00f3n de drones y su aplicaci\u00f3n en topograf\u00eda - E-Lernova - Tecnol\u00f3gico de Energ\u00eda e Innovaci\u00f3n.\",\"isPartOf\":{\"@id\":\"https:\\\/\\\/elernova.edu.co\\\/index\\\/#website\"},\"datePublished\":\"2023-01-20T20:10:30+00:00\",\"dateModified\":\"2023-02-13T17:48:27+00:00\",\"breadcrumb\":{\"@id\":\"https:\\\/\\\/elernova.edu.co\\\/index\\\/diplomado-en-operacion-de-drones-y-su-aplicacion-en-topografia\\\/#breadcrumb\"},\"inLanguage\":\"es-CO\",\"potentialAction\":[{\"@type\":\"ReadAction\",\"target\":[\"https:\\\/\\\/elernova.edu.co\\\/index\\\/diplomado-en-operacion-de-drones-y-su-aplicacion-en-topografia\\\/\"]}]},{\"@type\":\"BreadcrumbList\",\"@id\":\"https:\\\/\\\/elernova.edu.co\\\/index\\\/diplomado-en-operacion-de-drones-y-su-aplicacion-en-topografia\\\/#breadcrumb\",\"itemListElement\":[{\"@type\":\"ListItem\",\"position\":1,\"name\":\"Inicio\",\"item\":\"https:\\\/\\\/elernova.edu.co\\\/index\\\/\"},{\"@type\":\"ListItem\",\"position\":2,\"name\":\"Diplomado en operaci\u00f3n de drones y su aplicaci\u00f3n en topograf\u00eda\"}]},{\"@type\":\"WebSite\",\"@id\":\"https:\\\/\\\/elernova.edu.co\\\/index\\\/#website\",\"url\":\"https:\\\/\\\/elernova.edu.co\\\/index\\\/\",\"name\":\"E-Lernova - Tecnol\u00f3gico de Energ\u00eda e Innovaci\u00f3n.\",\"description\":\"\",\"publisher\":{\"@id\":\"https:\\\/\\\/elernova.edu.co\\\/index\\\/#organization\"},\"potentialAction\":[{\"@type\":\"SearchAction\",\"target\":{\"@type\":\"EntryPoint\",\"urlTemplate\":\"https:\\\/\\\/elernova.edu.co\\\/index\\\/?s={search_term_string}\"},\"query-input\":{\"@type\":\"PropertyValueSpecification\",\"valueRequired\":true,\"valueName\":\"search_term_string\"}}],\"inLanguage\":\"es-CO\"},{\"@type\":\"Organization\",\"@id\":\"https:\\\/\\\/elernova.edu.co\\\/index\\\/#organization\",\"name\":\"E-Lernova - Tecnol\u00f3gico de Energ\u00eda e Innovaci\u00f3n.\",\"url\":\"https:\\\/\\\/elernova.edu.co\\\/index\\\/\",\"logo\":{\"@type\":\"ImageObject\",\"inLanguage\":\"es-CO\",\"@id\":\"https:\\\/\\\/elernova.edu.co\\\/index\\\/#\\\/schema\\\/logo\\\/image\\\/\",\"url\":\"https:\\\/\\\/elernova.edu.co\\\/index\\\/wp-content\\\/uploads\\\/2023\\\/02\\\/Logo-Elernova-color.png\",\"contentUrl\":\"https:\\\/\\\/elernova.edu.co\\\/index\\\/wp-content\\\/uploads\\\/2023\\\/02\\\/Logo-Elernova-color.png\",\"width\":207,\"height\":82,\"caption\":\"E-Lernova - Tecnol\u00f3gico de Energ\u00eda e Innovaci\u00f3n.\"},\"image\":{\"@id\":\"https:\\\/\\\/elernova.edu.co\\\/index\\\/#\\\/schema\\\/logo\\\/image\\\/\"}}]}<\/script>\n<!-- \/ Yoast SEO plugin. -->","yoast_head_json":{"title":"Diplomado en operaci\u00f3n de drones y su aplicaci\u00f3n en topograf\u00eda - E-Lernova - Tecnol\u00f3gico de Energ\u00eda e Innovaci\u00f3n.","robots":{"index":"index","follow":"follow","max-snippet":"max-snippet:-1","max-image-preview":"max-image-preview:large","max-video-preview":"max-video-preview:-1"},"canonical":"https:\/\/elernova.edu.co\/index\/diplomado-en-operacion-de-drones-y-su-aplicacion-en-topografia\/","og_locale":"es_ES","og_type":"article","og_title":"Diplomado en operaci\u00f3n de drones y su aplicaci\u00f3n en topograf\u00eda - E-Lernova - Tecnol\u00f3gico de Energ\u00eda e Innovaci\u00f3n.","og_description":"&nbsp;&nbsp;&nbsp;&nbsp;&nbsp;&nbsp;&nbsp;&nbsp;&nbsp;&nbsp;&nbsp; Tem\u00e1ticas Administraci\u00f3n","og_url":"https:\/\/elernova.edu.co\/index\/diplomado-en-operacion-de-drones-y-su-aplicacion-en-topografia\/","og_site_name":"E-Lernova - Tecnol\u00f3gico de Energ\u00eda e Innovaci\u00f3n.","article_modified_time":"2023-02-13T17:48:27+00:00","twitter_card":"summary_large_image","schema":{"@context":"https:\/\/schema.org","@graph":[{"@type":"WebPage","@id":"https:\/\/elernova.edu.co\/index\/diplomado-en-operacion-de-drones-y-su-aplicacion-en-topografia\/","url":"https:\/\/elernova.edu.co\/index\/diplomado-en-operacion-de-drones-y-su-aplicacion-en-topografia\/","name":"Diplomado en operaci\u00f3n de drones y su aplicaci\u00f3n en topograf\u00eda - E-Lernova - Tecnol\u00f3gico de Energ\u00eda e Innovaci\u00f3n.","isPartOf":{"@id":"https:\/\/elernova.edu.co\/index\/#website"},"datePublished":"2023-01-20T20:10:30+00:00","dateModified":"2023-02-13T17:48:27+00:00","breadcrumb":{"@id":"https:\/\/elernova.edu.co\/index\/diplomado-en-operacion-de-drones-y-su-aplicacion-en-topografia\/#breadcrumb"},"inLanguage":"es-CO","potentialAction":[{"@type":"ReadAction","target":["https:\/\/elernova.edu.co\/index\/diplomado-en-operacion-de-drones-y-su-aplicacion-en-topografia\/"]}]},{"@type":"BreadcrumbList","@id":"https:\/\/elernova.edu.co\/index\/diplomado-en-operacion-de-drones-y-su-aplicacion-en-topografia\/#breadcrumb","itemListElement":[{"@type":"ListItem","position":1,"name":"Inicio","item":"https:\/\/elernova.edu.co\/index\/"},{"@type":"ListItem","position":2,"name":"Diplomado en operaci\u00f3n de drones y su aplicaci\u00f3n en topograf\u00eda"}]},{"@type":"WebSite","@id":"https:\/\/elernova.edu.co\/index\/#website","url":"https:\/\/elernova.edu.co\/index\/","name":"E-Lernova - Tecnol\u00f3gico de Energ\u00eda e Innovaci\u00f3n.","description":"","publisher":{"@id":"https:\/\/elernova.edu.co\/index\/#organization"},"potentialAction":[{"@type":"SearchAction","target":{"@type":"EntryPoint","urlTemplate":"https:\/\/elernova.edu.co\/index\/?s={search_term_string}"},"query-input":{"@type":"PropertyValueSpecification","valueRequired":true,"valueName":"search_term_string"}}],"inLanguage":"es-CO"},{"@type":"Organization","@id":"https:\/\/elernova.edu.co\/index\/#organization","name":"E-Lernova - Tecnol\u00f3gico de Energ\u00eda e Innovaci\u00f3n.","url":"https:\/\/elernova.edu.co\/index\/","logo":{"@type":"ImageObject","inLanguage":"es-CO","@id":"https:\/\/elernova.edu.co\/index\/#\/schema\/logo\/image\/","url":"https:\/\/elernova.edu.co\/index\/wp-content\/uploads\/2023\/02\/Logo-Elernova-color.png","contentUrl":"https:\/\/elernova.edu.co\/index\/wp-content\/uploads\/2023\/02\/Logo-Elernova-color.png","width":207,"height":82,"caption":"E-Lernova - Tecnol\u00f3gico de Energ\u00eda e Innovaci\u00f3n."},"image":{"@id":"https:\/\/elernova.edu.co\/index\/#\/schema\/logo\/image\/"}}]}},"uagb_featured_image_src":{"full":false,"thumbnail":false,"medium":false,"medium_large":false,"large":false,"1536x1536":false,"2048x2048":false},"uagb_author_info":{"display_name":"admin","author_link":"https:\/\/elernova.edu.co\/index\/author\/admin\/"},"uagb_comment_info":0,"uagb_excerpt":"&nbsp;&nbsp;&nbsp;&nbsp;&nbsp;&nbsp;&nbsp;&nbsp;&nbsp;&nbsp;&nbsp; Tem\u00e1ticas Administraci\u00f3n","_links":{"self":[{"href":"https:\/\/elernova.edu.co\/index\/wp-json\/wp\/v2\/pages\/1779","targetHints":{"allow":["GET"]}}],"collection":[{"href":"https:\/\/elernova.edu.co\/index\/wp-json\/wp\/v2\/pages"}],"about":[{"href":"https:\/\/elernova.edu.co\/index\/wp-json\/wp\/v2\/types\/page"}],"author":[{"embeddable":true,"href":"https:\/\/elernova.edu.co\/index\/wp-json\/wp\/v2\/users\/1"}],"replies":[{"embeddable":true,"href":"https:\/\/elernova.edu.co\/index\/wp-json\/wp\/v2\/comments?post=1779"}],"version-history":[{"count":1,"href":"https:\/\/elernova.edu.co\/index\/wp-json\/wp\/v2\/pages\/1779\/revisions"}],"predecessor-version":[{"id":1780,"href":"https:\/\/elernova.edu.co\/index\/wp-json\/wp\/v2\/pages\/1779\/revisions\/1780"}],"wp:attachment":[{"href":"https:\/\/elernova.edu.co\/index\/wp-json\/wp\/v2\/media?parent=1779"}],"curies":[{"name":"wp","href":"https:\/\/api.w.org\/{rel}","templated":true}]}}