{"id":1749,"date":"2023-01-20T15:07:35","date_gmt":"2023-01-20T20:07:35","guid":{"rendered":"https:\/\/elernova.edu.co\/index\/?page_id=1749"},"modified":"2023-02-15T13:55:44","modified_gmt":"2023-02-15T18:55:44","slug":"curso-dibujo-avanzado-de-tuberia","status":"publish","type":"page","link":"https:\/\/elernova.edu.co\/index\/curso-dibujo-avanzado-de-tuberia\/","title":{"rendered":"Curso Dibujo Avanzado de Tuber\u00eda"},"content":{"rendered":"\t\t<div data-elementor-type=\"wp-page\" data-elementor-id=\"1749\" class=\"elementor elementor-1749\">\n\t\t\t\t\t\t<section class=\"elementor-section elementor-top-section elementor-element elementor-element-1a54672a elementor-section-height-min-height elementor-section-stretched elementor-section-boxed elementor-section-height-default elementor-section-items-middle\" data-id=\"1a54672a\" data-element_type=\"section\" data-e-type=\"section\" data-settings=\"{&quot;stretch_section&quot;:&quot;section-stretched&quot;,&quot;background_background&quot;:&quot;classic&quot;}\">\n\t\t\t\t\t\t<div class=\"elementor-container elementor-column-gap-default\">\n\t\t\t\t\t<div class=\"elementor-column elementor-col-100 elementor-top-column elementor-element elementor-element-76fb7a0f\" data-id=\"76fb7a0f\" data-element_type=\"column\" data-e-type=\"column\">\n\t\t\t<div class=\"elementor-widget-wrap\">\n\t\t\t\t\t\t\t<\/div>\n\t\t<\/div>\n\t\t\t\t\t<\/div>\n\t\t<\/section>\n\t\t\t\t<section class=\"elementor-section elementor-top-section elementor-element elementor-element-d375dfb elementor-section-boxed elementor-section-height-default elementor-section-height-default\" data-id=\"d375dfb\" data-element_type=\"section\" data-e-type=\"section\">\n\t\t\t\t\t\t<div class=\"elementor-container elementor-column-gap-default\">\n\t\t\t\t\t<div class=\"elementor-column elementor-col-66 elementor-top-column elementor-element elementor-element-c5d5923\" data-id=\"c5d5923\" data-element_type=\"column\" data-e-type=\"column\">\n\t\t\t<div class=\"elementor-widget-wrap elementor-element-populated\">\n\t\t\t\t\t\t<div class=\"elementor-element elementor-element-15f8cdf5 elementor-tabs-view-vertical elementor-widget elementor-widget-tabs\" data-id=\"15f8cdf5\" data-element_type=\"widget\" data-e-type=\"widget\" data-widget_type=\"tabs.default\">\n\t\t\t\t<div class=\"elementor-widget-container\">\n\t\t\t\t\t\t\t<div class=\"elementor-tabs\">\n\t\t\t<div class=\"elementor-tabs-wrapper\" role=\"tablist\" >\n\t\t\t\t\t\t\t\t\t<div id=\"elementor-tab-title-3681\" class=\"elementor-tab-title elementor-tab-desktop-title\" aria-selected=\"true\" data-tab=\"1\" role=\"tab\" tabindex=\"0\" aria-controls=\"elementor-tab-content-3681\" aria-expanded=\"false\">DESCRIPCI\u00d3N<\/div>\n\t\t\t\t\t\t\t\t\t<div id=\"elementor-tab-title-3682\" class=\"elementor-tab-title elementor-tab-desktop-title\" aria-selected=\"false\" data-tab=\"2\" role=\"tab\" tabindex=\"-1\" aria-controls=\"elementor-tab-content-3682\" aria-expanded=\"false\">DIRIGIDO A<\/div>\n\t\t\t\t\t\t\t\t\t<div id=\"elementor-tab-title-3683\" class=\"elementor-tab-title elementor-tab-desktop-title\" aria-selected=\"false\" data-tab=\"3\" role=\"tab\" tabindex=\"-1\" aria-controls=\"elementor-tab-content-3683\" aria-expanded=\"false\">COMPETENCIAS<\/div>\n\t\t\t\t\t\t\t\t\t<div id=\"elementor-tab-title-3684\" class=\"elementor-tab-title elementor-tab-desktop-title\" aria-selected=\"false\" data-tab=\"4\" role=\"tab\" tabindex=\"-1\" aria-controls=\"elementor-tab-content-3684\" aria-expanded=\"false\">CONTENIDO<\/div>\n\t\t\t\t\t\t\t\t\t<div id=\"elementor-tab-title-3685\" class=\"elementor-tab-title elementor-tab-desktop-title\" aria-selected=\"false\" data-tab=\"5\" role=\"tab\" tabindex=\"-1\" aria-controls=\"elementor-tab-content-3685\" aria-expanded=\"false\">PAGO<\/div>\n\t\t\t\t\t\t\t\t\t<div id=\"elementor-tab-title-3686\" class=\"elementor-tab-title elementor-tab-desktop-title\" aria-selected=\"false\" data-tab=\"6\" role=\"tab\" tabindex=\"-1\" aria-controls=\"elementor-tab-content-3686\" aria-expanded=\"false\">INSCRIPCI\u00d3N<\/div>\n\t\t\t\t\t\t\t<\/div>\n\t\t\t<div class=\"elementor-tabs-content-wrapper\" role=\"tablist\" aria-orientation=\"vertical\">\n\t\t\t\t\t\t\t\t\t<div class=\"elementor-tab-title elementor-tab-mobile-title\" aria-selected=\"true\" data-tab=\"1\" role=\"tab\" tabindex=\"0\" aria-controls=\"elementor-tab-content-3681\" aria-expanded=\"false\">DESCRIPCI\u00d3N<\/div>\n\t\t\t\t\t<div id=\"elementor-tab-content-3681\" class=\"elementor-tab-content elementor-clearfix\" data-tab=\"1\" role=\"tabpanel\" aria-labelledby=\"elementor-tab-title-3681\" tabindex=\"0\" hidden=\"false\"><p><strong>Intensidad horaria: 60\u00a0horas<\/strong><\/p><p><strong>Modalidad: Virtual<\/strong><\/p><p>Debido a la falta de personal calificado y certificado en el mercado laboral en contraste con la gran demanda de dibujantes de tuber\u00edas que existe en la actualidad, ofrecemos este curso donde el estudiante desarrollar\u00e1 la pr\u00e1ctica suficiente para lograr la correcta generaci\u00f3n de los documentos de ingenier\u00eda mediante el uso de las herramientas que ofrece el software Cadworx \u00a0teniendo como punto de partida un diagrama P&amp;ID.<\/p><\/div>\n\t\t\t\t\t\t\t\t\t<div class=\"elementor-tab-title elementor-tab-mobile-title\" aria-selected=\"false\" data-tab=\"2\" role=\"tab\" tabindex=\"-1\" aria-controls=\"elementor-tab-content-3682\" aria-expanded=\"false\">DIRIGIDO A<\/div>\n\t\t\t\t\t<div id=\"elementor-tab-content-3682\" class=\"elementor-tab-content elementor-clearfix\" data-tab=\"2\" role=\"tabpanel\" aria-labelledby=\"elementor-tab-title-3682\" tabindex=\"0\" hidden=\"hidden\"><ul><li><strong>Personal t\u00e9cnico o profesional<\/strong>, que ya desempe\u00f1e labores de dibujo y apoyo, que sientan la necesidad de especializarse o enfocar su actividad al Dise\u00f1o de Sistemas de Tuber\u00eda.<\/li><li><strong>Profesional es de Ingenier\u00edas y Dise\u00f1o Industrial<\/strong>. que est\u00e9n desempe\u00f1ando laboralmente actividades en el sector y sientan la necesidad de ampliar sus conocimientos en el \u00e1rea del Dise\u00f1o de Sistemas de Tuber\u00edas.<\/li><\/ul><\/div>\n\t\t\t\t\t\t\t\t\t<div class=\"elementor-tab-title elementor-tab-mobile-title\" aria-selected=\"false\" data-tab=\"3\" role=\"tab\" tabindex=\"-1\" aria-controls=\"elementor-tab-content-3683\" aria-expanded=\"false\">COMPETENCIAS<\/div>\n\t\t\t\t\t<div id=\"elementor-tab-content-3683\" class=\"elementor-tab-content elementor-clearfix\" data-tab=\"3\" role=\"tabpanel\" aria-labelledby=\"elementor-tab-title-3683\" tabindex=\"0\" hidden=\"hidden\"><ul><li>Relacionar las bases de ingenier\u00eda conceptual, b\u00e1sica y de detalle, con miras a establecer un orden progresivo de la generaci\u00f3n de documentos en el avance del proyecto.<\/li><li>Aplicar apropiadamente el lenguaje y las normas de representaci\u00f3n y dimensionamiento e identificaci\u00f3n de elementos de instrumentaci\u00f3n para el dibujo de sistemas de tuber\u00eda.<\/li><li>Construir los documentos de dibujo de tu berra que conforman un proyecto de ingenier\u00eda en sector de hidrocarburos en su fase de detalle.<\/li><li>Extraer la informaci\u00f3n necesaria a partir de una maqueta 3D, para la elaboraci\u00f3n de los documentos de dibujo de tuber\u00eda. Utilizando las herramientas adecuadas del software Cadworx.<\/li><\/ul><\/div>\n\t\t\t\t\t\t\t\t\t<div class=\"elementor-tab-title elementor-tab-mobile-title\" aria-selected=\"false\" data-tab=\"4\" role=\"tab\" tabindex=\"-1\" aria-controls=\"elementor-tab-content-3684\" aria-expanded=\"false\">CONTENIDO<\/div>\n\t\t\t\t\t<div id=\"elementor-tab-content-3684\" class=\"elementor-tab-content elementor-clearfix\" data-tab=\"4\" role=\"tabpanel\" aria-labelledby=\"elementor-tab-title-3684\" tabindex=\"0\" hidden=\"hidden\"><ul><li>Introducci\u00f3n a las bases de la ingenier\u00eda.<\/li><li>Normatividad.<\/li><li>Instrumentaci\u00f3n y simbolog\u00eda.<\/li><li>Ingenier\u00eda de detalle.<\/li><li>Interpretaci\u00f3n de documentos a partir de Cadworx.<\/li><\/ul><\/div>\n\t\t\t\t\t\t\t\t\t<div class=\"elementor-tab-title elementor-tab-mobile-title\" aria-selected=\"false\" data-tab=\"5\" role=\"tab\" tabindex=\"-1\" aria-controls=\"elementor-tab-content-3685\" aria-expanded=\"false\">PAGO<\/div>\n\t\t\t\t\t<div id=\"elementor-tab-content-3685\" class=\"elementor-tab-content elementor-clearfix\" data-tab=\"5\" role=\"tabpanel\" aria-labelledby=\"elementor-tab-title-3685\" tabindex=\"0\" hidden=\"hidden\"><p><strong>OPCIONES DE PAGO<\/strong><\/p><ul><li><strong>Consulta el valor del programa\u00a0<a href=\"https:\/\/elernova.edu.co\/index\/wp-content\/uploads\/2023\/02\/preguntas_frecuentes_2.pdf\" data-wplink-url-error=\"true\">aqu\u00ed<\/a><\/strong><\/li><li><strong>Escribe un corro a\u00a0<a href=\"mailto:info@elernova.edu.co\">info@elernova.edu.co<\/a>\u00a0y cont\u00e1ctanos y obtendr\u00e1s beneficios.<\/strong><\/li><li><strong>Consignaci\u00f3n bancaria,\u00a0puedes realizar directamente el pago en cualquier oficina Bancolombia a la cuenta de ahorros n\u00famero: 03145640694, recuerda que deber\u00e1s escanear esta consignaci\u00f3n y enviarla al correo electr\u00f3nico info@elernova.edu.co\u00a0con todos tus datos de contacto.<\/strong><\/li><\/ul><\/div>\n\t\t\t\t\t\t\t\t\t<div class=\"elementor-tab-title elementor-tab-mobile-title\" aria-selected=\"false\" data-tab=\"6\" role=\"tab\" tabindex=\"-1\" aria-controls=\"elementor-tab-content-3686\" aria-expanded=\"false\">INSCRIPCI\u00d3N<\/div>\n\t\t\t\t\t<div id=\"elementor-tab-content-3686\" class=\"elementor-tab-content elementor-clearfix\" data-tab=\"6\" role=\"tabpanel\" aria-labelledby=\"elementor-tab-title-3686\" tabindex=\"0\" hidden=\"hidden\"><p>Inscr\u00edbete al Curso: Diplomado Dibujo Avanzado de Tuber\u00eda dando\u00a0<a href=\"https:\/\/site2.q10.com\/Preinscripcion?aplentId=65911189-e4ff-4bc7-a9b3-a8a4c4a0953d\">clic Aqu\u00ed.<\/a><\/p><\/div>\n\t\t\t\t\t\t\t<\/div>\n\t\t<\/div>\n\t\t\t\t\t\t<\/div>\n\t\t\t\t<\/div>\n\t\t\t\t\t<\/div>\n\t\t<\/div>\n\t\t\t\t<div class=\"elementor-column elementor-col-33 elementor-top-column elementor-element elementor-element-5669d18b\" data-id=\"5669d18b\" data-element_type=\"column\" data-e-type=\"column\">\n\t\t\t<div class=\"elementor-widget-wrap elementor-element-populated\">\n\t\t\t\t\t\t<div class=\"elementor-element elementor-element-1319721f elementor-widget elementor-widget-image\" data-id=\"1319721f\" data-element_type=\"widget\" data-e-type=\"widget\" data-widget_type=\"image.default\">\n\t\t\t\t<div class=\"elementor-widget-container\">\n\t\t\t\t\t\t\t\t\t\t\t\t\t\t\t<img fetchpriority=\"high\" decoding=\"async\" width=\"480\" height=\"300\" src=\"https:\/\/elernova.edu.co\/index\/wp-content\/uploads\/2023\/02\/Dibujo-Avanzado2.png\" class=\"attachment-large size-large wp-image-3231\" alt=\"\" \/>\t\t\t\t\t\t\t\t\t\t\t\t\t\t\t<\/div>\n\t\t\t\t<\/div>\n\t\t\t\t\t<\/div>\n\t\t<\/div>\n\t\t\t\t\t<\/div>\n\t\t<\/section>\n\t\t\t\t<\/div>\n\t\t","protected":false},"excerpt":{"rendered":"<p>DESCRIPCI\u00d3N DIRIGIDO A COMPETENCIAS CONTENIDO PAGO INSCRIPCI\u00d3N DESCRIPCI\u00d3N Intensidad horaria: 60\u00a0horas Modalidad: Virtual Debido a la falta de personal calificado y certificado en el mercado laboral en contraste con la gran demanda de dibujantes de tuber\u00edas que existe en la actualidad, ofrecemos este curso donde el estudiante desarrollar\u00e1 la pr\u00e1ctica suficiente para lograr la correcta [&hellip;]<\/p>\n","protected":false},"author":1,"featured_media":0,"parent":0,"menu_order":0,"comment_status":"closed","ping_status":"closed","template":"","meta":{"_uag_custom_page_level_css":"","site-sidebar-layout":"no-sidebar","site-content-layout":"plain-container","ast-site-content-layout":"default","site-content-style":"default","site-sidebar-style":"default","ast-global-header-display":"","ast-banner-title-visibility":"","ast-main-header-display":"","ast-hfb-above-header-display":"","ast-hfb-below-header-display":"","ast-hfb-mobile-header-display":"","site-post-title":"disabled","ast-breadcrumbs-content":"","ast-featured-img":"disabled","footer-sml-layout":"","theme-transparent-header-meta":"","adv-header-id-meta":"","stick-header-meta":"","header-above-stick-meta":"","header-main-stick-meta":"","header-below-stick-meta":"","astra-migrate-meta-layouts":"default","ast-page-background-enabled":"default","ast-page-background-meta":{"desktop":{"background-color":"","background-image":"","background-repeat":"repeat","background-position":"center center","background-size":"auto","background-attachment":"scroll","background-type":"","background-media":"","overlay-type":"","overlay-color":"","overlay-opacity":"","overlay-gradient":""},"tablet":{"background-color":"","background-image":"","background-repeat":"repeat","background-position":"center center","background-size":"auto","background-attachment":"scroll","background-type":"","background-media":"","overlay-type":"","overlay-color":"","overlay-opacity":"","overlay-gradient":""},"mobile":{"background-color":"","background-image":"","background-repeat":"repeat","background-position":"center center","background-size":"auto","background-attachment":"scroll","background-type":"","background-media":"","overlay-type":"","overlay-color":"","overlay-opacity":"","overlay-gradient":""}},"ast-content-background-meta":{"desktop":{"background-color":"var(--ast-global-color-5)","background-image":"","background-repeat":"repeat","background-position":"center center","background-size":"auto","background-attachment":"scroll","background-type":"","background-media":"","overlay-type":"","overlay-color":"","overlay-opacity":"","overlay-gradient":""},"tablet":{"background-color":"var(--ast-global-color-5)","background-image":"","background-repeat":"repeat","background-position":"center center","background-size":"auto","background-attachment":"scroll","background-type":"","background-media":"","overlay-type":"","overlay-color":"","overlay-opacity":"","overlay-gradient":""},"mobile":{"background-color":"var(--ast-global-color-5)","background-image":"","background-repeat":"repeat","background-position":"center center","background-size":"auto","background-attachment":"scroll","background-type":"","background-media":"","overlay-type":"","overlay-color":"","overlay-opacity":"","overlay-gradient":""}},"footnotes":""},"class_list":["post-1749","page","type-page","status-publish","hentry"],"yoast_head":"<!-- This site is optimized with the Yoast SEO plugin v27.4 - https:\/\/yoast.com\/product\/yoast-seo-wordpress\/ -->\n<title>Curso Dibujo Avanzado de Tuber\u00eda - E-Lernova - Tecnol\u00f3gico de Energ\u00eda e Innovaci\u00f3n.<\/title>\n<meta name=\"robots\" content=\"index, follow, max-snippet:-1, max-image-preview:large, max-video-preview:-1\" \/>\n<link rel=\"canonical\" href=\"https:\/\/elernova.edu.co\/index\/curso-dibujo-avanzado-de-tuberia\/\" \/>\n<meta property=\"og:locale\" content=\"es_ES\" \/>\n<meta property=\"og:type\" content=\"article\" \/>\n<meta property=\"og:title\" content=\"Curso Dibujo Avanzado de Tuber\u00eda - E-Lernova - Tecnol\u00f3gico de Energ\u00eda e Innovaci\u00f3n.\" \/>\n<meta property=\"og:description\" content=\"DESCRIPCI\u00d3N DIRIGIDO A COMPETENCIAS CONTENIDO PAGO INSCRIPCI\u00d3N DESCRIPCI\u00d3N Intensidad horaria: 60\u00a0horas Modalidad: Virtual Debido a la falta de personal calificado y certificado en el mercado laboral en contraste con la gran demanda de dibujantes de tuber\u00edas que existe en la actualidad, ofrecemos este curso donde el estudiante desarrollar\u00e1 la pr\u00e1ctica suficiente para lograr la correcta [&hellip;]\" \/>\n<meta property=\"og:url\" content=\"https:\/\/elernova.edu.co\/index\/curso-dibujo-avanzado-de-tuberia\/\" \/>\n<meta property=\"og:site_name\" content=\"E-Lernova - Tecnol\u00f3gico de Energ\u00eda e Innovaci\u00f3n.\" \/>\n<meta property=\"article:modified_time\" content=\"2023-02-15T18:55:44+00:00\" \/>\n<meta property=\"og:image\" content=\"https:\/\/elernova.edu.co\/index\/wp-content\/uploads\/2023\/02\/Dibujo-Avanzado2.png\" \/>\n<meta name=\"twitter:card\" content=\"summary_large_image\" \/>\n<meta name=\"twitter:label1\" content=\"Tiempo de lectura\" \/>\n\t<meta name=\"twitter:data1\" content=\"2 minutos\" \/>\n<script type=\"application\/ld+json\" class=\"yoast-schema-graph\">{\"@context\":\"https:\\\/\\\/schema.org\",\"@graph\":[{\"@type\":\"WebPage\",\"@id\":\"https:\\\/\\\/elernova.edu.co\\\/index\\\/curso-dibujo-avanzado-de-tuberia\\\/\",\"url\":\"https:\\\/\\\/elernova.edu.co\\\/index\\\/curso-dibujo-avanzado-de-tuberia\\\/\",\"name\":\"Curso Dibujo Avanzado de Tuber\u00eda - E-Lernova - Tecnol\u00f3gico de Energ\u00eda e Innovaci\u00f3n.\",\"isPartOf\":{\"@id\":\"https:\\\/\\\/elernova.edu.co\\\/index\\\/#website\"},\"primaryImageOfPage\":{\"@id\":\"https:\\\/\\\/elernova.edu.co\\\/index\\\/curso-dibujo-avanzado-de-tuberia\\\/#primaryimage\"},\"image\":{\"@id\":\"https:\\\/\\\/elernova.edu.co\\\/index\\\/curso-dibujo-avanzado-de-tuberia\\\/#primaryimage\"},\"thumbnailUrl\":\"https:\\\/\\\/elernova.edu.co\\\/index\\\/wp-content\\\/uploads\\\/2023\\\/02\\\/Dibujo-Avanzado2.png\",\"datePublished\":\"2023-01-20T20:07:35+00:00\",\"dateModified\":\"2023-02-15T18:55:44+00:00\",\"breadcrumb\":{\"@id\":\"https:\\\/\\\/elernova.edu.co\\\/index\\\/curso-dibujo-avanzado-de-tuberia\\\/#breadcrumb\"},\"inLanguage\":\"es-CO\",\"potentialAction\":[{\"@type\":\"ReadAction\",\"target\":[\"https:\\\/\\\/elernova.edu.co\\\/index\\\/curso-dibujo-avanzado-de-tuberia\\\/\"]}]},{\"@type\":\"ImageObject\",\"inLanguage\":\"es-CO\",\"@id\":\"https:\\\/\\\/elernova.edu.co\\\/index\\\/curso-dibujo-avanzado-de-tuberia\\\/#primaryimage\",\"url\":\"https:\\\/\\\/elernova.edu.co\\\/index\\\/wp-content\\\/uploads\\\/2023\\\/02\\\/Dibujo-Avanzado2.png\",\"contentUrl\":\"https:\\\/\\\/elernova.edu.co\\\/index\\\/wp-content\\\/uploads\\\/2023\\\/02\\\/Dibujo-Avanzado2.png\",\"width\":480,\"height\":300},{\"@type\":\"BreadcrumbList\",\"@id\":\"https:\\\/\\\/elernova.edu.co\\\/index\\\/curso-dibujo-avanzado-de-tuberia\\\/#breadcrumb\",\"itemListElement\":[{\"@type\":\"ListItem\",\"position\":1,\"name\":\"Inicio\",\"item\":\"https:\\\/\\\/elernova.edu.co\\\/index\\\/\"},{\"@type\":\"ListItem\",\"position\":2,\"name\":\"Curso Dibujo Avanzado de Tuber\u00eda\"}]},{\"@type\":\"WebSite\",\"@id\":\"https:\\\/\\\/elernova.edu.co\\\/index\\\/#website\",\"url\":\"https:\\\/\\\/elernova.edu.co\\\/index\\\/\",\"name\":\"E-Lernova - Tecnol\u00f3gico de Energ\u00eda e Innovaci\u00f3n.\",\"description\":\"\",\"publisher\":{\"@id\":\"https:\\\/\\\/elernova.edu.co\\\/index\\\/#organization\"},\"potentialAction\":[{\"@type\":\"SearchAction\",\"target\":{\"@type\":\"EntryPoint\",\"urlTemplate\":\"https:\\\/\\\/elernova.edu.co\\\/index\\\/?s={search_term_string}\"},\"query-input\":{\"@type\":\"PropertyValueSpecification\",\"valueRequired\":true,\"valueName\":\"search_term_string\"}}],\"inLanguage\":\"es-CO\"},{\"@type\":\"Organization\",\"@id\":\"https:\\\/\\\/elernova.edu.co\\\/index\\\/#organization\",\"name\":\"E-Lernova - Tecnol\u00f3gico de Energ\u00eda e Innovaci\u00f3n.\",\"url\":\"https:\\\/\\\/elernova.edu.co\\\/index\\\/\",\"logo\":{\"@type\":\"ImageObject\",\"inLanguage\":\"es-CO\",\"@id\":\"https:\\\/\\\/elernova.edu.co\\\/index\\\/#\\\/schema\\\/logo\\\/image\\\/\",\"url\":\"https:\\\/\\\/elernova.edu.co\\\/index\\\/wp-content\\\/uploads\\\/2023\\\/02\\\/Logo-Elernova-color.png\",\"contentUrl\":\"https:\\\/\\\/elernova.edu.co\\\/index\\\/wp-content\\\/uploads\\\/2023\\\/02\\\/Logo-Elernova-color.png\",\"width\":207,\"height\":82,\"caption\":\"E-Lernova - Tecnol\u00f3gico de Energ\u00eda e Innovaci\u00f3n.\"},\"image\":{\"@id\":\"https:\\\/\\\/elernova.edu.co\\\/index\\\/#\\\/schema\\\/logo\\\/image\\\/\"}}]}<\/script>\n<!-- \/ Yoast SEO plugin. -->","yoast_head_json":{"title":"Curso Dibujo Avanzado de Tuber\u00eda - E-Lernova - Tecnol\u00f3gico de Energ\u00eda e Innovaci\u00f3n.","robots":{"index":"index","follow":"follow","max-snippet":"max-snippet:-1","max-image-preview":"max-image-preview:large","max-video-preview":"max-video-preview:-1"},"canonical":"https:\/\/elernova.edu.co\/index\/curso-dibujo-avanzado-de-tuberia\/","og_locale":"es_ES","og_type":"article","og_title":"Curso Dibujo Avanzado de Tuber\u00eda - E-Lernova - Tecnol\u00f3gico de Energ\u00eda e Innovaci\u00f3n.","og_description":"DESCRIPCI\u00d3N DIRIGIDO A COMPETENCIAS CONTENIDO PAGO INSCRIPCI\u00d3N DESCRIPCI\u00d3N Intensidad horaria: 60\u00a0horas Modalidad: Virtual Debido a la falta de personal calificado y certificado en el mercado laboral en contraste con la gran demanda de dibujantes de tuber\u00edas que existe en la actualidad, ofrecemos este curso donde el estudiante desarrollar\u00e1 la pr\u00e1ctica suficiente para lograr la correcta [&hellip;]","og_url":"https:\/\/elernova.edu.co\/index\/curso-dibujo-avanzado-de-tuberia\/","og_site_name":"E-Lernova - Tecnol\u00f3gico de Energ\u00eda e Innovaci\u00f3n.","article_modified_time":"2023-02-15T18:55:44+00:00","og_image":[{"url":"https:\/\/elernova.edu.co\/index\/wp-content\/uploads\/2023\/02\/Dibujo-Avanzado2.png","type":"","width":"","height":""}],"twitter_card":"summary_large_image","twitter_misc":{"Tiempo de lectura":"2 minutos"},"schema":{"@context":"https:\/\/schema.org","@graph":[{"@type":"WebPage","@id":"https:\/\/elernova.edu.co\/index\/curso-dibujo-avanzado-de-tuberia\/","url":"https:\/\/elernova.edu.co\/index\/curso-dibujo-avanzado-de-tuberia\/","name":"Curso Dibujo Avanzado de Tuber\u00eda - E-Lernova - Tecnol\u00f3gico de Energ\u00eda e Innovaci\u00f3n.","isPartOf":{"@id":"https:\/\/elernova.edu.co\/index\/#website"},"primaryImageOfPage":{"@id":"https:\/\/elernova.edu.co\/index\/curso-dibujo-avanzado-de-tuberia\/#primaryimage"},"image":{"@id":"https:\/\/elernova.edu.co\/index\/curso-dibujo-avanzado-de-tuberia\/#primaryimage"},"thumbnailUrl":"https:\/\/elernova.edu.co\/index\/wp-content\/uploads\/2023\/02\/Dibujo-Avanzado2.png","datePublished":"2023-01-20T20:07:35+00:00","dateModified":"2023-02-15T18:55:44+00:00","breadcrumb":{"@id":"https:\/\/elernova.edu.co\/index\/curso-dibujo-avanzado-de-tuberia\/#breadcrumb"},"inLanguage":"es-CO","potentialAction":[{"@type":"ReadAction","target":["https:\/\/elernova.edu.co\/index\/curso-dibujo-avanzado-de-tuberia\/"]}]},{"@type":"ImageObject","inLanguage":"es-CO","@id":"https:\/\/elernova.edu.co\/index\/curso-dibujo-avanzado-de-tuberia\/#primaryimage","url":"https:\/\/elernova.edu.co\/index\/wp-content\/uploads\/2023\/02\/Dibujo-Avanzado2.png","contentUrl":"https:\/\/elernova.edu.co\/index\/wp-content\/uploads\/2023\/02\/Dibujo-Avanzado2.png","width":480,"height":300},{"@type":"BreadcrumbList","@id":"https:\/\/elernova.edu.co\/index\/curso-dibujo-avanzado-de-tuberia\/#breadcrumb","itemListElement":[{"@type":"ListItem","position":1,"name":"Inicio","item":"https:\/\/elernova.edu.co\/index\/"},{"@type":"ListItem","position":2,"name":"Curso Dibujo Avanzado de Tuber\u00eda"}]},{"@type":"WebSite","@id":"https:\/\/elernova.edu.co\/index\/#website","url":"https:\/\/elernova.edu.co\/index\/","name":"E-Lernova - Tecnol\u00f3gico de Energ\u00eda e Innovaci\u00f3n.","description":"","publisher":{"@id":"https:\/\/elernova.edu.co\/index\/#organization"},"potentialAction":[{"@type":"SearchAction","target":{"@type":"EntryPoint","urlTemplate":"https:\/\/elernova.edu.co\/index\/?s={search_term_string}"},"query-input":{"@type":"PropertyValueSpecification","valueRequired":true,"valueName":"search_term_string"}}],"inLanguage":"es-CO"},{"@type":"Organization","@id":"https:\/\/elernova.edu.co\/index\/#organization","name":"E-Lernova - Tecnol\u00f3gico de Energ\u00eda e Innovaci\u00f3n.","url":"https:\/\/elernova.edu.co\/index\/","logo":{"@type":"ImageObject","inLanguage":"es-CO","@id":"https:\/\/elernova.edu.co\/index\/#\/schema\/logo\/image\/","url":"https:\/\/elernova.edu.co\/index\/wp-content\/uploads\/2023\/02\/Logo-Elernova-color.png","contentUrl":"https:\/\/elernova.edu.co\/index\/wp-content\/uploads\/2023\/02\/Logo-Elernova-color.png","width":207,"height":82,"caption":"E-Lernova - Tecnol\u00f3gico de Energ\u00eda e Innovaci\u00f3n."},"image":{"@id":"https:\/\/elernova.edu.co\/index\/#\/schema\/logo\/image\/"}}]}},"uagb_featured_image_src":{"full":false,"thumbnail":false,"medium":false,"medium_large":false,"large":false,"1536x1536":false,"2048x2048":false},"uagb_author_info":{"display_name":"admin","author_link":"https:\/\/elernova.edu.co\/index\/author\/admin\/"},"uagb_comment_info":0,"uagb_excerpt":"DESCRIPCI\u00d3N DIRIGIDO A COMPETENCIAS CONTENIDO PAGO INSCRIPCI\u00d3N DESCRIPCI\u00d3N Intensidad horaria: 60\u00a0horas Modalidad: Virtual Debido a la falta de personal calificado y certificado en el mercado laboral en contraste con la gran demanda de dibujantes de tuber\u00edas que existe en la actualidad, ofrecemos este curso donde el estudiante desarrollar\u00e1 la pr\u00e1ctica suficiente para lograr la correcta&hellip;","_links":{"self":[{"href":"https:\/\/elernova.edu.co\/index\/wp-json\/wp\/v2\/pages\/1749","targetHints":{"allow":["GET"]}}],"collection":[{"href":"https:\/\/elernova.edu.co\/index\/wp-json\/wp\/v2\/pages"}],"about":[{"href":"https:\/\/elernova.edu.co\/index\/wp-json\/wp\/v2\/types\/page"}],"author":[{"embeddable":true,"href":"https:\/\/elernova.edu.co\/index\/wp-json\/wp\/v2\/users\/1"}],"replies":[{"embeddable":true,"href":"https:\/\/elernova.edu.co\/index\/wp-json\/wp\/v2\/comments?post=1749"}],"version-history":[{"count":16,"href":"https:\/\/elernova.edu.co\/index\/wp-json\/wp\/v2\/pages\/1749\/revisions"}],"predecessor-version":[{"id":4212,"href":"https:\/\/elernova.edu.co\/index\/wp-json\/wp\/v2\/pages\/1749\/revisions\/4212"}],"wp:attachment":[{"href":"https:\/\/elernova.edu.co\/index\/wp-json\/wp\/v2\/media?parent=1749"}],"curies":[{"name":"wp","href":"https:\/\/api.w.org\/{rel}","templated":true}]}}