{"id":1747,"date":"2023-01-20T15:07:24","date_gmt":"2023-01-20T20:07:24","guid":{"rendered":"https:\/\/elernova.edu.co\/index\/?page_id=1747"},"modified":"2023-02-15T13:58:14","modified_gmt":"2023-02-15T18:58:14","slug":"curso-pensamiento-especial","status":"publish","type":"page","link":"https:\/\/elernova.edu.co\/index\/curso-pensamiento-especial\/","title":{"rendered":"Curso Pensamiento Especial"},"content":{"rendered":"\t\t<div data-elementor-type=\"wp-page\" data-elementor-id=\"1747\" class=\"elementor elementor-1747\">\n\t\t\t\t\t\t<section class=\"elementor-section elementor-top-section elementor-element elementor-element-250f6a75 elementor-section-height-min-height elementor-section-stretched elementor-section-boxed elementor-section-height-default elementor-section-items-middle\" data-id=\"250f6a75\" data-element_type=\"section\" data-e-type=\"section\" data-settings=\"{&quot;stretch_section&quot;:&quot;section-stretched&quot;,&quot;background_background&quot;:&quot;classic&quot;}\">\n\t\t\t\t\t\t<div class=\"elementor-container elementor-column-gap-default\">\n\t\t\t\t\t<div class=\"elementor-column elementor-col-100 elementor-top-column elementor-element elementor-element-4fa394f0\" data-id=\"4fa394f0\" data-element_type=\"column\" data-e-type=\"column\">\n\t\t\t<div class=\"elementor-widget-wrap\">\n\t\t\t\t\t\t\t<\/div>\n\t\t<\/div>\n\t\t\t\t\t<\/div>\n\t\t<\/section>\n\t\t\t\t<section class=\"elementor-section elementor-top-section elementor-element elementor-element-6f557af elementor-section-boxed elementor-section-height-default elementor-section-height-default\" data-id=\"6f557af\" data-element_type=\"section\" data-e-type=\"section\">\n\t\t\t\t\t\t<div class=\"elementor-container elementor-column-gap-default\">\n\t\t\t\t\t<div class=\"elementor-column elementor-col-100 elementor-top-column elementor-element elementor-element-ffde3f1\" data-id=\"ffde3f1\" data-element_type=\"column\" data-e-type=\"column\">\n\t\t\t<div class=\"elementor-widget-wrap elementor-element-populated\">\n\t\t\t\t\t\t<div class=\"elementor-element elementor-element-49f7f0f elementor-widget elementor-widget-spacer\" data-id=\"49f7f0f\" data-element_type=\"widget\" data-e-type=\"widget\" data-widget_type=\"spacer.default\">\n\t\t\t\t<div class=\"elementor-widget-container\">\n\t\t\t\t\t\t\t<div class=\"elementor-spacer\">\n\t\t\t<div class=\"elementor-spacer-inner\"><\/div>\n\t\t<\/div>\n\t\t\t\t\t\t<\/div>\n\t\t\t\t<\/div>\n\t\t\t\t<div class=\"elementor-element elementor-element-d8746d8 elementor-widget elementor-widget-text-editor\" data-id=\"d8746d8\" data-element_type=\"widget\" data-e-type=\"widget\" data-widget_type=\"text-editor.default\">\n\t\t\t\t<div class=\"elementor-widget-container\">\n\t\t\t\t\t\t\t\t\t<p><span style=\"color: #000000;\"><strong>El pensamiento espacial constituye un componente esencial del pensamiento matem\u00e1tico, est\u00e1 referido a la percepci\u00f3n intuitiva o racional del entorno propio y de los objetos que hay en \u00e9l.<\/strong><\/span><\/p>\t\t\t\t\t\t\t\t<\/div>\n\t\t\t\t<\/div>\n\t\t\t\t\t<\/div>\n\t\t<\/div>\n\t\t\t\t\t<\/div>\n\t\t<\/section>\n\t\t\t\t<section class=\"elementor-section elementor-top-section elementor-element elementor-element-25a5e08c elementor-section-boxed elementor-section-height-default elementor-section-height-default\" data-id=\"25a5e08c\" data-element_type=\"section\" data-e-type=\"section\">\n\t\t\t\t\t\t<div class=\"elementor-container elementor-column-gap-default\">\n\t\t\t\t\t<div class=\"elementor-column elementor-col-66 elementor-top-column elementor-element elementor-element-7a03422f\" data-id=\"7a03422f\" data-element_type=\"column\" data-e-type=\"column\">\n\t\t\t<div class=\"elementor-widget-wrap elementor-element-populated\">\n\t\t\t\t\t\t<div class=\"elementor-element elementor-element-42fdfd2 elementor-tabs-view-vertical elementor-widget elementor-widget-tabs\" data-id=\"42fdfd2\" data-element_type=\"widget\" data-e-type=\"widget\" data-widget_type=\"tabs.default\">\n\t\t\t\t<div class=\"elementor-widget-container\">\n\t\t\t\t\t\t\t<div class=\"elementor-tabs\">\n\t\t\t<div class=\"elementor-tabs-wrapper\" role=\"tablist\" >\n\t\t\t\t\t\t\t\t\t<div id=\"elementor-tab-title-7021\" class=\"elementor-tab-title elementor-tab-desktop-title\" aria-selected=\"true\" data-tab=\"1\" role=\"tab\" tabindex=\"0\" aria-controls=\"elementor-tab-content-7021\" aria-expanded=\"false\">DESCRIPCI\u00d3N<\/div>\n\t\t\t\t\t\t\t\t\t<div id=\"elementor-tab-title-7022\" class=\"elementor-tab-title elementor-tab-desktop-title\" aria-selected=\"false\" data-tab=\"2\" role=\"tab\" tabindex=\"-1\" aria-controls=\"elementor-tab-content-7022\" aria-expanded=\"false\">DIRIGIDO A<\/div>\n\t\t\t\t\t\t\t\t\t<div id=\"elementor-tab-title-7023\" class=\"elementor-tab-title elementor-tab-desktop-title\" aria-selected=\"false\" data-tab=\"3\" role=\"tab\" tabindex=\"-1\" aria-controls=\"elementor-tab-content-7023\" aria-expanded=\"false\">COMPETENCIAS<\/div>\n\t\t\t\t\t\t\t\t\t<div id=\"elementor-tab-title-7024\" class=\"elementor-tab-title elementor-tab-desktop-title\" aria-selected=\"false\" data-tab=\"4\" role=\"tab\" tabindex=\"-1\" aria-controls=\"elementor-tab-content-7024\" aria-expanded=\"false\">CONTENIDO<\/div>\n\t\t\t\t\t\t\t\t\t<div id=\"elementor-tab-title-7025\" class=\"elementor-tab-title elementor-tab-desktop-title\" aria-selected=\"false\" data-tab=\"5\" role=\"tab\" tabindex=\"-1\" aria-controls=\"elementor-tab-content-7025\" aria-expanded=\"false\">PAGO<\/div>\n\t\t\t\t\t\t\t\t\t<div id=\"elementor-tab-title-7026\" class=\"elementor-tab-title elementor-tab-desktop-title\" aria-selected=\"false\" data-tab=\"6\" role=\"tab\" tabindex=\"-1\" aria-controls=\"elementor-tab-content-7026\" aria-expanded=\"false\">INSCRIPCI\u00d3N<\/div>\n\t\t\t\t\t\t\t<\/div>\n\t\t\t<div class=\"elementor-tabs-content-wrapper\" role=\"tablist\" aria-orientation=\"vertical\">\n\t\t\t\t\t\t\t\t\t<div class=\"elementor-tab-title elementor-tab-mobile-title\" aria-selected=\"true\" data-tab=\"1\" role=\"tab\" tabindex=\"0\" aria-controls=\"elementor-tab-content-7021\" aria-expanded=\"false\">DESCRIPCI\u00d3N<\/div>\n\t\t\t\t\t<div id=\"elementor-tab-content-7021\" class=\"elementor-tab-content elementor-clearfix\" data-tab=\"1\" role=\"tabpanel\" aria-labelledby=\"elementor-tab-title-7021\" tabindex=\"0\" hidden=\"false\"><p><strong>Intensidad horaria: 40\u00a0horas<\/strong><\/p><p><strong>Modalidad: Virtual<\/strong><\/p><p>El m\u00f3dulo de Pensamiento Espacial est\u00e1 enfocado en generar en el estudiante la habilidad mental para pensar en forma espacial y ver mentalmente los objetos de tres dimensiones en representaci\u00f3n gr\u00e1fica de dos dimensiones y viceversa. De esta manera se construyen las bases conceptuales para desarrollar la elaboraci\u00f3n planos y maquetas de ingenier\u00eda y facilitar el manejo de softwares 3D, habilidades indispensables para el buen desempe\u00f1o del dibujante, del proyectista de tuber\u00edas y de los profesionales asociados. Es el primero de los tres m\u00f3dulos que conforman el Diplomado de Dibujo de Tuber\u00edas para Proyectos del Sector de Hidrocarburos junto con los m\u00f3dulos Dibujo B\u00e1sico de Tuber\u00eda para el Sector de Hidrocarburos y Dibujo Avanzado de Tuber\u00eda para el Sector de Hidrocarburos.<\/p><\/div>\n\t\t\t\t\t\t\t\t\t<div class=\"elementor-tab-title elementor-tab-mobile-title\" aria-selected=\"false\" data-tab=\"2\" role=\"tab\" tabindex=\"-1\" aria-controls=\"elementor-tab-content-7022\" aria-expanded=\"false\">DIRIGIDO A<\/div>\n\t\t\t\t\t<div id=\"elementor-tab-content-7022\" class=\"elementor-tab-content elementor-clearfix\" data-tab=\"2\" role=\"tabpanel\" aria-labelledby=\"elementor-tab-title-7022\" tabindex=\"0\" hidden=\"hidden\"><ul><li><ul><li><strong>Personal t\u00e9cnico o profesional<\/strong>\u00a0en campo u oficina, que sientan la necesidad de especializarse en el Dibujo de Sistemas de Tuber\u00eda.<\/li><\/ul><ul><li><strong>Profesionales de Ingenier\u00edas y Dise\u00f1o Industrial<\/strong>, que se est\u00e9n desempe\u00f1ando laboralmente actividades en el sector y sientan la necesidad de ampliar sus conocimientos en el \u00e1rea del Dise\u00f1o de Sistemas de Tuber\u00edas.<\/li><\/ul><\/li><\/ul><\/div>\n\t\t\t\t\t\t\t\t\t<div class=\"elementor-tab-title elementor-tab-mobile-title\" aria-selected=\"false\" data-tab=\"3\" role=\"tab\" tabindex=\"-1\" aria-controls=\"elementor-tab-content-7023\" aria-expanded=\"false\">COMPETENCIAS<\/div>\n\t\t\t\t\t<div id=\"elementor-tab-content-7023\" class=\"elementor-tab-content elementor-clearfix\" data-tab=\"3\" role=\"tabpanel\" aria-labelledby=\"elementor-tab-title-7023\" tabindex=\"0\" hidden=\"hidden\"><ul><li><ul><li>Leer, interpretar y desarrollar correctamente dibujos t\u00e9cnicos y bocetos aplicando las normas y reglas establecidas para el desarrollo de los mismos.<\/li><\/ul><ul><li>Representar gr\u00e1ficamente planos constructivos mediante la implementaci\u00f3n de proyecciones siguiendo los lineamientos y normas adecuadas del dibujo t\u00e9cnico.<\/li><\/ul><ul><li>Dibujar a mano alzada las diferentes vistas de los objetos.<\/li><\/ul><ul><li>Determinar la ubicaci\u00f3n de los objetos y su relaci\u00f3n en el espacio.<\/li><\/ul><\/li><\/ul><\/div>\n\t\t\t\t\t\t\t\t\t<div class=\"elementor-tab-title elementor-tab-mobile-title\" aria-selected=\"false\" data-tab=\"4\" role=\"tab\" tabindex=\"-1\" aria-controls=\"elementor-tab-content-7024\" aria-expanded=\"false\">CONTENIDO<\/div>\n\t\t\t\t\t<div id=\"elementor-tab-content-7024\" class=\"elementor-tab-content elementor-clearfix\" data-tab=\"4\" role=\"tabpanel\" aria-labelledby=\"elementor-tab-title-7024\" tabindex=\"0\" hidden=\"hidden\"><table><tbody><tr bgcolor=\"#E9E9E9\"><th>Geometr\u00eda Descriptiva\u00a0<\/th><th>\u00a0Posici\u00f3n en el espacio<\/th><\/tr><tr><th>Representaci\u00f3n de l\u00edneas<\/th><th>Lectura de un dibujo<\/th><\/tr><tr bgcolor=\"#E9E9E9\"><th>Vistas auxiliares<\/th><th>Secciones y cortes<\/th><\/tr><tr><th>Cotas y Notas<\/th><\/tr><\/tbody><\/table><\/div>\n\t\t\t\t\t\t\t\t\t<div class=\"elementor-tab-title elementor-tab-mobile-title\" aria-selected=\"false\" data-tab=\"5\" role=\"tab\" tabindex=\"-1\" aria-controls=\"elementor-tab-content-7025\" aria-expanded=\"false\">PAGO<\/div>\n\t\t\t\t\t<div id=\"elementor-tab-content-7025\" class=\"elementor-tab-content elementor-clearfix\" data-tab=\"5\" role=\"tabpanel\" aria-labelledby=\"elementor-tab-title-7025\" tabindex=\"0\" hidden=\"hidden\"><p><strong>OPCIONES DE PAGO<\/strong><\/p><ul><li><strong>Consulta el valor del programa\u00a0<a href=\"https:\/\/elernova.edu.co\/index\/wp-content\/uploads\/2023\/02\/preguntas_frecuentes_2.pdf\" data-wplink-url-error=\"true\">aqu\u00ed<\/a><\/strong><\/li><li><strong>Escribe un corro a<a href=\"mailto:info@elernova.edu.co\">\u00a0info@elernova.edu.co<\/a>\u00a0y cont\u00e1ctanos y obtendr\u00e1s beneficios.<\/strong><\/li><li><strong>Consignaci\u00f3n bancaria,\u00a0puedes realizar directamente el pago en cualquier oficina Bancolombia a la cuenta de ahorros n\u00famero: 03145640694, recuerda que deber\u00e1s escanear esta consignaci\u00f3n y enviarla al correo electr\u00f3nico info@elernova.edu.co\u00a0con todos tus datos de contacto.<\/strong><\/li><\/ul><\/div>\n\t\t\t\t\t\t\t\t\t<div class=\"elementor-tab-title elementor-tab-mobile-title\" aria-selected=\"false\" data-tab=\"6\" role=\"tab\" tabindex=\"-1\" aria-controls=\"elementor-tab-content-7026\" aria-expanded=\"false\">INSCRIPCI\u00d3N<\/div>\n\t\t\t\t\t<div id=\"elementor-tab-content-7026\" class=\"elementor-tab-content elementor-clearfix\" data-tab=\"6\" role=\"tabpanel\" aria-labelledby=\"elementor-tab-title-7026\" tabindex=\"0\" hidden=\"hidden\"><p>Inscr\u00edbete al Curso Pensamiento Espacial dando<a href=\"https:\/\/site2.q10.com\/Preinscripcion?aplentId=65911189-e4ff-4bc7-a9b3-a8a4c4a0953d\" target=\"_self\">\u00a0<\/a><a href=\"https:\/\/site2.q10.com\/Preinscripcion?aplentId=65911189-e4ff-4bc7-a9b3-a8a4c4a0953d\" target=\"_self\">clic Aqu\u00ed.<\/a><\/p><\/div>\n\t\t\t\t\t\t\t<\/div>\n\t\t<\/div>\n\t\t\t\t\t\t<\/div>\n\t\t\t\t<\/div>\n\t\t\t\t\t<\/div>\n\t\t<\/div>\n\t\t\t\t<div class=\"elementor-column elementor-col-33 elementor-top-column elementor-element elementor-element-469ed218\" data-id=\"469ed218\" data-element_type=\"column\" data-e-type=\"column\">\n\t\t\t<div class=\"elementor-widget-wrap elementor-element-populated\">\n\t\t\t\t\t\t<div class=\"elementor-element elementor-element-18b49bb6 elementor-widget elementor-widget-image\" data-id=\"18b49bb6\" data-element_type=\"widget\" data-e-type=\"widget\" data-widget_type=\"image.default\">\n\t\t\t\t<div class=\"elementor-widget-container\">\n\t\t\t\t\t\t\t\t\t\t\t\t\t\t\t<img fetchpriority=\"high\" decoding=\"async\" width=\"480\" height=\"300\" src=\"https:\/\/elernova.edu.co\/index\/wp-content\/uploads\/2023\/02\/Pensamiento-Espacial.png\" class=\"attachment-large size-large wp-image-3220\" alt=\"\" \/>\t\t\t\t\t\t\t\t\t\t\t\t\t\t\t<\/div>\n\t\t\t\t<\/div>\n\t\t\t\t\t<\/div>\n\t\t<\/div>\n\t\t\t\t\t<\/div>\n\t\t<\/section>\n\t\t\t\t<\/div>\n\t\t","protected":false},"excerpt":{"rendered":"<p>El pensamiento espacial constituye un componente esencial del pensamiento matem\u00e1tico, est\u00e1 referido a la percepci\u00f3n intuitiva o racional del entorno propio y de los objetos que hay en \u00e9l. DESCRIPCI\u00d3N DIRIGIDO A COMPETENCIAS CONTENIDO PAGO INSCRIPCI\u00d3N DESCRIPCI\u00d3N Intensidad horaria: 40\u00a0horas Modalidad: Virtual El m\u00f3dulo de Pensamiento Espacial est\u00e1 enfocado en generar en el estudiante la [&hellip;]<\/p>\n","protected":false},"author":1,"featured_media":0,"parent":0,"menu_order":0,"comment_status":"closed","ping_status":"closed","template":"","meta":{"_uag_custom_page_level_css":"","site-sidebar-layout":"no-sidebar","site-content-layout":"plain-container","ast-site-content-layout":"default","site-content-style":"default","site-sidebar-style":"default","ast-global-header-display":"","ast-banner-title-visibility":"","ast-main-header-display":"","ast-hfb-above-header-display":"","ast-hfb-below-header-display":"","ast-hfb-mobile-header-display":"","site-post-title":"disabled","ast-breadcrumbs-content":"","ast-featured-img":"disabled","footer-sml-layout":"","theme-transparent-header-meta":"","adv-header-id-meta":"","stick-header-meta":"","header-above-stick-meta":"","header-main-stick-meta":"","header-below-stick-meta":"","astra-migrate-meta-layouts":"default","ast-page-background-enabled":"default","ast-page-background-meta":{"desktop":{"background-color":"","background-image":"","background-repeat":"repeat","background-position":"center center","background-size":"auto","background-attachment":"scroll","background-type":"","background-media":"","overlay-type":"","overlay-color":"","overlay-opacity":"","overlay-gradient":""},"tablet":{"background-color":"","background-image":"","background-repeat":"repeat","background-position":"center center","background-size":"auto","background-attachment":"scroll","background-type":"","background-media":"","overlay-type":"","overlay-color":"","overlay-opacity":"","overlay-gradient":""},"mobile":{"background-color":"","background-image":"","background-repeat":"repeat","background-position":"center center","background-size":"auto","background-attachment":"scroll","background-type":"","background-media":"","overlay-type":"","overlay-color":"","overlay-opacity":"","overlay-gradient":""}},"ast-content-background-meta":{"desktop":{"background-color":"var(--ast-global-color-5)","background-image":"","background-repeat":"repeat","background-position":"center center","background-size":"auto","background-attachment":"scroll","background-type":"","background-media":"","overlay-type":"","overlay-color":"","overlay-opacity":"","overlay-gradient":""},"tablet":{"background-color":"var(--ast-global-color-5)","background-image":"","background-repeat":"repeat","background-position":"center center","background-size":"auto","background-attachment":"scroll","background-type":"","background-media":"","overlay-type":"","overlay-color":"","overlay-opacity":"","overlay-gradient":""},"mobile":{"background-color":"var(--ast-global-color-5)","background-image":"","background-repeat":"repeat","background-position":"center center","background-size":"auto","background-attachment":"scroll","background-type":"","background-media":"","overlay-type":"","overlay-color":"","overlay-opacity":"","overlay-gradient":""}},"footnotes":""},"class_list":["post-1747","page","type-page","status-publish","hentry"],"yoast_head":"<!-- This site is optimized with the Yoast SEO plugin v27.4 - https:\/\/yoast.com\/product\/yoast-seo-wordpress\/ -->\n<title>Curso Pensamiento Especial - E-Lernova - Tecnol\u00f3gico de Energ\u00eda e Innovaci\u00f3n.<\/title>\n<meta name=\"robots\" content=\"index, follow, max-snippet:-1, max-image-preview:large, max-video-preview:-1\" \/>\n<link rel=\"canonical\" href=\"https:\/\/elernova.edu.co\/index\/curso-pensamiento-especial\/\" \/>\n<meta property=\"og:locale\" content=\"es_ES\" \/>\n<meta property=\"og:type\" content=\"article\" \/>\n<meta property=\"og:title\" content=\"Curso Pensamiento Especial - E-Lernova - Tecnol\u00f3gico de Energ\u00eda e Innovaci\u00f3n.\" \/>\n<meta property=\"og:description\" content=\"El pensamiento espacial constituye un componente esencial del pensamiento matem\u00e1tico, est\u00e1 referido a la percepci\u00f3n intuitiva o racional del entorno propio y de los objetos que hay en \u00e9l. DESCRIPCI\u00d3N DIRIGIDO A COMPETENCIAS CONTENIDO PAGO INSCRIPCI\u00d3N DESCRIPCI\u00d3N Intensidad horaria: 40\u00a0horas Modalidad: Virtual El m\u00f3dulo de Pensamiento Espacial est\u00e1 enfocado en generar en el estudiante la [&hellip;]\" \/>\n<meta property=\"og:url\" content=\"https:\/\/elernova.edu.co\/index\/curso-pensamiento-especial\/\" \/>\n<meta property=\"og:site_name\" content=\"E-Lernova - Tecnol\u00f3gico de Energ\u00eda e Innovaci\u00f3n.\" \/>\n<meta property=\"article:modified_time\" content=\"2023-02-15T18:58:14+00:00\" \/>\n<meta property=\"og:image\" content=\"https:\/\/elernova.edu.co\/index\/wp-content\/uploads\/2023\/02\/Pensamiento-Espacial.png\" \/>\n<meta name=\"twitter:card\" content=\"summary_large_image\" \/>\n<meta name=\"twitter:label1\" content=\"Tiempo de lectura\" \/>\n\t<meta name=\"twitter:data1\" content=\"2 minutos\" \/>\n<script type=\"application\/ld+json\" class=\"yoast-schema-graph\">{\"@context\":\"https:\\\/\\\/schema.org\",\"@graph\":[{\"@type\":\"WebPage\",\"@id\":\"https:\\\/\\\/elernova.edu.co\\\/index\\\/curso-pensamiento-especial\\\/\",\"url\":\"https:\\\/\\\/elernova.edu.co\\\/index\\\/curso-pensamiento-especial\\\/\",\"name\":\"Curso Pensamiento Especial - E-Lernova - Tecnol\u00f3gico de Energ\u00eda e Innovaci\u00f3n.\",\"isPartOf\":{\"@id\":\"https:\\\/\\\/elernova.edu.co\\\/index\\\/#website\"},\"primaryImageOfPage\":{\"@id\":\"https:\\\/\\\/elernova.edu.co\\\/index\\\/curso-pensamiento-especial\\\/#primaryimage\"},\"image\":{\"@id\":\"https:\\\/\\\/elernova.edu.co\\\/index\\\/curso-pensamiento-especial\\\/#primaryimage\"},\"thumbnailUrl\":\"https:\\\/\\\/elernova.edu.co\\\/index\\\/wp-content\\\/uploads\\\/2023\\\/02\\\/Pensamiento-Espacial.png\",\"datePublished\":\"2023-01-20T20:07:24+00:00\",\"dateModified\":\"2023-02-15T18:58:14+00:00\",\"breadcrumb\":{\"@id\":\"https:\\\/\\\/elernova.edu.co\\\/index\\\/curso-pensamiento-especial\\\/#breadcrumb\"},\"inLanguage\":\"es-CO\",\"potentialAction\":[{\"@type\":\"ReadAction\",\"target\":[\"https:\\\/\\\/elernova.edu.co\\\/index\\\/curso-pensamiento-especial\\\/\"]}]},{\"@type\":\"ImageObject\",\"inLanguage\":\"es-CO\",\"@id\":\"https:\\\/\\\/elernova.edu.co\\\/index\\\/curso-pensamiento-especial\\\/#primaryimage\",\"url\":\"https:\\\/\\\/elernova.edu.co\\\/index\\\/wp-content\\\/uploads\\\/2023\\\/02\\\/Pensamiento-Espacial.png\",\"contentUrl\":\"https:\\\/\\\/elernova.edu.co\\\/index\\\/wp-content\\\/uploads\\\/2023\\\/02\\\/Pensamiento-Espacial.png\",\"width\":480,\"height\":300},{\"@type\":\"BreadcrumbList\",\"@id\":\"https:\\\/\\\/elernova.edu.co\\\/index\\\/curso-pensamiento-especial\\\/#breadcrumb\",\"itemListElement\":[{\"@type\":\"ListItem\",\"position\":1,\"name\":\"Inicio\",\"item\":\"https:\\\/\\\/elernova.edu.co\\\/index\\\/\"},{\"@type\":\"ListItem\",\"position\":2,\"name\":\"Curso Pensamiento Especial\"}]},{\"@type\":\"WebSite\",\"@id\":\"https:\\\/\\\/elernova.edu.co\\\/index\\\/#website\",\"url\":\"https:\\\/\\\/elernova.edu.co\\\/index\\\/\",\"name\":\"E-Lernova - Tecnol\u00f3gico de Energ\u00eda e Innovaci\u00f3n.\",\"description\":\"\",\"publisher\":{\"@id\":\"https:\\\/\\\/elernova.edu.co\\\/index\\\/#organization\"},\"potentialAction\":[{\"@type\":\"SearchAction\",\"target\":{\"@type\":\"EntryPoint\",\"urlTemplate\":\"https:\\\/\\\/elernova.edu.co\\\/index\\\/?s={search_term_string}\"},\"query-input\":{\"@type\":\"PropertyValueSpecification\",\"valueRequired\":true,\"valueName\":\"search_term_string\"}}],\"inLanguage\":\"es-CO\"},{\"@type\":\"Organization\",\"@id\":\"https:\\\/\\\/elernova.edu.co\\\/index\\\/#organization\",\"name\":\"E-Lernova - Tecnol\u00f3gico de Energ\u00eda e Innovaci\u00f3n.\",\"url\":\"https:\\\/\\\/elernova.edu.co\\\/index\\\/\",\"logo\":{\"@type\":\"ImageObject\",\"inLanguage\":\"es-CO\",\"@id\":\"https:\\\/\\\/elernova.edu.co\\\/index\\\/#\\\/schema\\\/logo\\\/image\\\/\",\"url\":\"https:\\\/\\\/elernova.edu.co\\\/index\\\/wp-content\\\/uploads\\\/2023\\\/02\\\/Logo-Elernova-color.png\",\"contentUrl\":\"https:\\\/\\\/elernova.edu.co\\\/index\\\/wp-content\\\/uploads\\\/2023\\\/02\\\/Logo-Elernova-color.png\",\"width\":207,\"height\":82,\"caption\":\"E-Lernova - Tecnol\u00f3gico de Energ\u00eda e Innovaci\u00f3n.\"},\"image\":{\"@id\":\"https:\\\/\\\/elernova.edu.co\\\/index\\\/#\\\/schema\\\/logo\\\/image\\\/\"}}]}<\/script>\n<!-- \/ Yoast SEO plugin. -->","yoast_head_json":{"title":"Curso Pensamiento Especial - E-Lernova - Tecnol\u00f3gico de Energ\u00eda e Innovaci\u00f3n.","robots":{"index":"index","follow":"follow","max-snippet":"max-snippet:-1","max-image-preview":"max-image-preview:large","max-video-preview":"max-video-preview:-1"},"canonical":"https:\/\/elernova.edu.co\/index\/curso-pensamiento-especial\/","og_locale":"es_ES","og_type":"article","og_title":"Curso Pensamiento Especial - E-Lernova - Tecnol\u00f3gico de Energ\u00eda e Innovaci\u00f3n.","og_description":"El pensamiento espacial constituye un componente esencial del pensamiento matem\u00e1tico, est\u00e1 referido a la percepci\u00f3n intuitiva o racional del entorno propio y de los objetos que hay en \u00e9l. DESCRIPCI\u00d3N DIRIGIDO A COMPETENCIAS CONTENIDO PAGO INSCRIPCI\u00d3N DESCRIPCI\u00d3N Intensidad horaria: 40\u00a0horas Modalidad: Virtual El m\u00f3dulo de Pensamiento Espacial est\u00e1 enfocado en generar en el estudiante la [&hellip;]","og_url":"https:\/\/elernova.edu.co\/index\/curso-pensamiento-especial\/","og_site_name":"E-Lernova - Tecnol\u00f3gico de Energ\u00eda e Innovaci\u00f3n.","article_modified_time":"2023-02-15T18:58:14+00:00","og_image":[{"url":"https:\/\/elernova.edu.co\/index\/wp-content\/uploads\/2023\/02\/Pensamiento-Espacial.png","type":"","width":"","height":""}],"twitter_card":"summary_large_image","twitter_misc":{"Tiempo de lectura":"2 minutos"},"schema":{"@context":"https:\/\/schema.org","@graph":[{"@type":"WebPage","@id":"https:\/\/elernova.edu.co\/index\/curso-pensamiento-especial\/","url":"https:\/\/elernova.edu.co\/index\/curso-pensamiento-especial\/","name":"Curso Pensamiento Especial - E-Lernova - Tecnol\u00f3gico de Energ\u00eda e Innovaci\u00f3n.","isPartOf":{"@id":"https:\/\/elernova.edu.co\/index\/#website"},"primaryImageOfPage":{"@id":"https:\/\/elernova.edu.co\/index\/curso-pensamiento-especial\/#primaryimage"},"image":{"@id":"https:\/\/elernova.edu.co\/index\/curso-pensamiento-especial\/#primaryimage"},"thumbnailUrl":"https:\/\/elernova.edu.co\/index\/wp-content\/uploads\/2023\/02\/Pensamiento-Espacial.png","datePublished":"2023-01-20T20:07:24+00:00","dateModified":"2023-02-15T18:58:14+00:00","breadcrumb":{"@id":"https:\/\/elernova.edu.co\/index\/curso-pensamiento-especial\/#breadcrumb"},"inLanguage":"es-CO","potentialAction":[{"@type":"ReadAction","target":["https:\/\/elernova.edu.co\/index\/curso-pensamiento-especial\/"]}]},{"@type":"ImageObject","inLanguage":"es-CO","@id":"https:\/\/elernova.edu.co\/index\/curso-pensamiento-especial\/#primaryimage","url":"https:\/\/elernova.edu.co\/index\/wp-content\/uploads\/2023\/02\/Pensamiento-Espacial.png","contentUrl":"https:\/\/elernova.edu.co\/index\/wp-content\/uploads\/2023\/02\/Pensamiento-Espacial.png","width":480,"height":300},{"@type":"BreadcrumbList","@id":"https:\/\/elernova.edu.co\/index\/curso-pensamiento-especial\/#breadcrumb","itemListElement":[{"@type":"ListItem","position":1,"name":"Inicio","item":"https:\/\/elernova.edu.co\/index\/"},{"@type":"ListItem","position":2,"name":"Curso Pensamiento Especial"}]},{"@type":"WebSite","@id":"https:\/\/elernova.edu.co\/index\/#website","url":"https:\/\/elernova.edu.co\/index\/","name":"E-Lernova - Tecnol\u00f3gico de Energ\u00eda e Innovaci\u00f3n.","description":"","publisher":{"@id":"https:\/\/elernova.edu.co\/index\/#organization"},"potentialAction":[{"@type":"SearchAction","target":{"@type":"EntryPoint","urlTemplate":"https:\/\/elernova.edu.co\/index\/?s={search_term_string}"},"query-input":{"@type":"PropertyValueSpecification","valueRequired":true,"valueName":"search_term_string"}}],"inLanguage":"es-CO"},{"@type":"Organization","@id":"https:\/\/elernova.edu.co\/index\/#organization","name":"E-Lernova - Tecnol\u00f3gico de Energ\u00eda e Innovaci\u00f3n.","url":"https:\/\/elernova.edu.co\/index\/","logo":{"@type":"ImageObject","inLanguage":"es-CO","@id":"https:\/\/elernova.edu.co\/index\/#\/schema\/logo\/image\/","url":"https:\/\/elernova.edu.co\/index\/wp-content\/uploads\/2023\/02\/Logo-Elernova-color.png","contentUrl":"https:\/\/elernova.edu.co\/index\/wp-content\/uploads\/2023\/02\/Logo-Elernova-color.png","width":207,"height":82,"caption":"E-Lernova - Tecnol\u00f3gico de Energ\u00eda e Innovaci\u00f3n."},"image":{"@id":"https:\/\/elernova.edu.co\/index\/#\/schema\/logo\/image\/"}}]}},"uagb_featured_image_src":{"full":false,"thumbnail":false,"medium":false,"medium_large":false,"large":false,"1536x1536":false,"2048x2048":false},"uagb_author_info":{"display_name":"admin","author_link":"https:\/\/elernova.edu.co\/index\/author\/admin\/"},"uagb_comment_info":0,"uagb_excerpt":"El pensamiento espacial constituye un componente esencial del pensamiento matem\u00e1tico, est\u00e1 referido a la percepci\u00f3n intuitiva o racional del entorno propio y de los objetos que hay en \u00e9l. DESCRIPCI\u00d3N DIRIGIDO A COMPETENCIAS CONTENIDO PAGO INSCRIPCI\u00d3N DESCRIPCI\u00d3N Intensidad horaria: 40\u00a0horas Modalidad: Virtual El m\u00f3dulo de Pensamiento Espacial est\u00e1 enfocado en generar en el estudiante la&hellip;","_links":{"self":[{"href":"https:\/\/elernova.edu.co\/index\/wp-json\/wp\/v2\/pages\/1747","targetHints":{"allow":["GET"]}}],"collection":[{"href":"https:\/\/elernova.edu.co\/index\/wp-json\/wp\/v2\/pages"}],"about":[{"href":"https:\/\/elernova.edu.co\/index\/wp-json\/wp\/v2\/types\/page"}],"author":[{"embeddable":true,"href":"https:\/\/elernova.edu.co\/index\/wp-json\/wp\/v2\/users\/1"}],"replies":[{"embeddable":true,"href":"https:\/\/elernova.edu.co\/index\/wp-json\/wp\/v2\/comments?post=1747"}],"version-history":[{"count":16,"href":"https:\/\/elernova.edu.co\/index\/wp-json\/wp\/v2\/pages\/1747\/revisions"}],"predecessor-version":[{"id":4233,"href":"https:\/\/elernova.edu.co\/index\/wp-json\/wp\/v2\/pages\/1747\/revisions\/4233"}],"wp:attachment":[{"href":"https:\/\/elernova.edu.co\/index\/wp-json\/wp\/v2\/media?parent=1747"}],"curies":[{"name":"wp","href":"https:\/\/api.w.org\/{rel}","templated":true}]}}