{"id":1725,"date":"2023-01-20T15:04:23","date_gmt":"2023-01-20T20:04:23","guid":{"rendered":"https:\/\/elernova.edu.co\/index\/?page_id=1725"},"modified":"2023-02-13T12:17:36","modified_gmt":"2023-02-13T17:17:36","slug":"autoevaluacion-institucional","status":"publish","type":"page","link":"https:\/\/elernova.edu.co\/index\/autoevaluacion-institucional\/","title":{"rendered":"Autoevaluaci\u00f3n Institucional"},"content":{"rendered":"\t\t<div data-elementor-type=\"wp-page\" data-elementor-id=\"1725\" class=\"elementor elementor-1725\">\n\t\t\t\t\t\t<section class=\"elementor-section elementor-top-section elementor-element elementor-element-5b30a74e elementor-section-height-min-height elementor-section-stretched elementor-section-boxed elementor-section-height-default elementor-section-items-middle\" data-id=\"5b30a74e\" data-element_type=\"section\" data-e-type=\"section\" data-settings=\"{&quot;stretch_section&quot;:&quot;section-stretched&quot;,&quot;background_background&quot;:&quot;classic&quot;}\">\n\t\t\t\t\t\t<div class=\"elementor-container elementor-column-gap-default\">\n\t\t\t\t\t<div class=\"elementor-column elementor-col-100 elementor-top-column elementor-element elementor-element-39781459\" data-id=\"39781459\" data-element_type=\"column\" data-e-type=\"column\">\n\t\t\t<div class=\"elementor-widget-wrap\">\n\t\t\t\t\t\t\t<\/div>\n\t\t<\/div>\n\t\t\t\t\t<\/div>\n\t\t<\/section>\n\t\t\t\t<section class=\"elementor-section elementor-top-section elementor-element elementor-element-b08c6df elementor-section-boxed elementor-section-height-default elementor-section-height-default\" data-id=\"b08c6df\" data-element_type=\"section\" data-e-type=\"section\">\n\t\t\t\t\t\t<div class=\"elementor-container elementor-column-gap-default\">\n\t\t\t\t\t<div class=\"elementor-column elementor-col-100 elementor-top-column elementor-element elementor-element-2cb493c\" data-id=\"2cb493c\" data-element_type=\"column\" data-e-type=\"column\">\n\t\t\t<div class=\"elementor-widget-wrap elementor-element-populated\">\n\t\t\t\t\t\t<div class=\"elementor-element elementor-element-8dffd0d elementor-widget elementor-widget-spacer\" data-id=\"8dffd0d\" data-element_type=\"widget\" data-e-type=\"widget\" data-widget_type=\"spacer.default\">\n\t\t\t\t<div class=\"elementor-widget-container\">\n\t\t\t\t\t\t\t<div class=\"elementor-spacer\">\n\t\t\t<div class=\"elementor-spacer-inner\"><\/div>\n\t\t<\/div>\n\t\t\t\t\t\t<\/div>\n\t\t\t\t<\/div>\n\t\t\t\t<div class=\"elementor-element elementor-element-613bb77 elementor-tabs-view-vertical elementor-widget elementor-widget-tabs\" data-id=\"613bb77\" data-element_type=\"widget\" data-e-type=\"widget\" data-widget_type=\"tabs.default\">\n\t\t\t\t<div class=\"elementor-widget-container\">\n\t\t\t\t\t\t\t<div class=\"elementor-tabs\">\n\t\t\t<div class=\"elementor-tabs-wrapper\" role=\"tablist\" >\n\t\t\t\t\t\t\t\t\t<div id=\"elementor-tab-title-1011\" class=\"elementor-tab-title elementor-tab-desktop-title\" aria-selected=\"true\" data-tab=\"1\" role=\"tab\" tabindex=\"0\" aria-controls=\"elementor-tab-content-1011\" aria-expanded=\"false\">Sistema de autoevaluaci\u00f3n Institucional<\/div>\n\t\t\t\t\t\t\t\t\t<div id=\"elementor-tab-title-1012\" class=\"elementor-tab-title elementor-tab-desktop-title\" aria-selected=\"false\" data-tab=\"2\" role=\"tab\" tabindex=\"-1\" aria-controls=\"elementor-tab-content-1012\" aria-expanded=\"false\">Objetivos<\/div>\n\t\t\t\t\t\t\t\t\t<div id=\"elementor-tab-title-1013\" class=\"elementor-tab-title elementor-tab-desktop-title\" aria-selected=\"false\" data-tab=\"3\" role=\"tab\" tabindex=\"-1\" aria-controls=\"elementor-tab-content-1013\" aria-expanded=\"false\">Encuestas institucionales<\/div>\n\t\t\t\t\t\t\t<\/div>\n\t\t\t<div class=\"elementor-tabs-content-wrapper\" role=\"tablist\" aria-orientation=\"vertical\">\n\t\t\t\t\t\t\t\t\t<div class=\"elementor-tab-title elementor-tab-mobile-title\" aria-selected=\"true\" data-tab=\"1\" role=\"tab\" tabindex=\"0\" aria-controls=\"elementor-tab-content-1011\" aria-expanded=\"false\">Sistema de autoevaluaci\u00f3n Institucional<\/div>\n\t\t\t\t\t<div id=\"elementor-tab-content-1011\" class=\"elementor-tab-content elementor-clearfix\" data-tab=\"1\" role=\"tabpanel\" aria-labelledby=\"elementor-tab-title-1011\" tabindex=\"0\" hidden=\"false\"><p class=\"p1\"><img fetchpriority=\"high\" decoding=\"async\" class=\" wp-image-2762 alignleft\" src=\"https:\/\/elernova.edu.co\/index\/wp-content\/uploads\/2023\/02\/sai.jpg\" alt=\"\" width=\"275\" height=\"183\" \/>ELERNOVA establece como una de las herramientas para el aseguramiento de la calidad tanto a nivel acad\u00e9mico de sus programas como de las condiciones institucionales, la implementaci\u00f3n de un modelo denominado \u201cSistema de Aseguramiento Institucional (SAI), bajo el liderazgo del \u00e1rea de Gesti\u00f3n de la calidad y Autoevaluaci\u00f3n<span class=\"s1\">20\u00a0<\/span>y el apoyo de toda la comunidad acad\u00e9mica, que se orienta hacia el mejoramiento continuo de los procesos acad\u00e9micos, sus funciones misionales y la calidad de sus servicios, trabajando por la excelencia acad\u00e9mica, bajo un proceso participativo y permanente.<\/p><p class=\"p1\">De acuerdo a lo anterior se cre\u00f3 la Pol\u00edtica de calidad, la pol\u00edtica de autoevaluaci\u00f3n, y la adopci\u00f3n del Modelo \u201cSAI\u201d Sistema de Autoevaluaci\u00f3n Institucional\u201d aplicable a los Programas t\u00e9cnicos y tecnol\u00f3gicos de Pregrado e Institucional para ELERNOVA.<\/p><\/div>\n\t\t\t\t\t\t\t\t\t<div class=\"elementor-tab-title elementor-tab-mobile-title\" aria-selected=\"false\" data-tab=\"2\" role=\"tab\" tabindex=\"-1\" aria-controls=\"elementor-tab-content-1012\" aria-expanded=\"false\">Objetivos<\/div>\n\t\t\t\t\t<div id=\"elementor-tab-content-1012\" class=\"elementor-tab-content elementor-clearfix\" data-tab=\"2\" role=\"tabpanel\" aria-labelledby=\"elementor-tab-title-1012\" tabindex=\"0\" hidden=\"hidden\"><p><img decoding=\"async\" class=\" wp-image-2766 alignleft\" src=\"https:\/\/elernova.edu.co\/index\/wp-content\/uploads\/2023\/02\/simbolo-control-calidad.jpg\" alt=\"\" width=\"283\" height=\"159\" \/>El sistema de autoevaluaci\u00f3n institucional de\u00a0<strong>ELERNOVA<\/strong>, contar\u00e1 con mecanismos para evaluar los procesos de gesti\u00f3n institucional y de los programas acad\u00e9micos, en el cumplimiento de las condiciones de calidad mediante un proceso de seguimiento, an\u00e1lisis y diagn\u00f3stico de los resultados, con la participaci\u00f3n de los actores de la comunidad acad\u00e9mica (estudiantes, docentes, administrativos, sector Productivo, egresados), a fin de generar las acciones que permitan el mejoramiento institucional y la consolidaci\u00f3n del proyecto educativo.<\/p><p class=\"p1\"><strong>El modelo SAI de ELERNOVA tiene su orientaci\u00f3n y norte en el cumplimiento de:<\/strong><\/p><ul><li class=\"p1\">Proyecto Educativo Institucional<\/li><li class=\"p1\">Los objetivos estrat\u00e9gicos institucionales: espec\u00edficamente el n\u00famero cinco en el cual se establece: \u201cConsiderar la auto evaluaci\u00f3n como una tarea permanente y la cual har\u00e1 parte del mejoramiento del proceso educativo y con la cooperaci\u00f3n de las autoridades competentes\u201d.<\/li><li class=\"p1\">Pol\u00edtica de Calidad y mejoramiento de ELERNOVA<\/li><li class=\"p1\">Condiciones de calidad: enmarcadas en la ley para la obtenci\u00f3n de registros calificados de programas.<\/li><li class=\"p1\">Documentos reglamentarios institucionales.<\/li><\/ul><p>\u00a0<\/p><p><strong>E-LERNOVA promueve entre la comunidad educativa una cultura de la autoevaluaci\u00f3n y la invita apropiarse de los siguientes principios<\/strong><\/p><ul><li class=\"p1\">Los principios y los valores institucionales deben ser la base para la autoevaluaci\u00f3n institucional y los resultados deben reflejar el grado de cumplimiento de la misi\u00f3n y los objetivos de ELERNOVA<\/li><li class=\"p1\">El proceso de autoevaluaci\u00f3n debe promover la reflexi\u00f3n de las personas que pertenecen a los procesos de la instituci\u00f3n hacia el fortalecimiento de una cultura de mejora continua a partir de los resultados.<\/li><li class=\"p1\">El proceso de autoevaluaci\u00f3n debe cubrir todas las \u00e1reas y generar los espacios para la participaci\u00f3n para la emisi\u00f3n de juicios y formulaci\u00f3n de planes de mejora.<\/li><li class=\"p1\">El proceso de autoevaluaci\u00f3n debe ser continuo y evidenciar trazabilidad de los resultados y la realizaci\u00f3n de las acciones planificadas para reconocer el impacto de las acciones implementadas<\/li><\/ul><p><img decoding=\"async\" class=\"size-full wp-image-2695 aligncenter\" src=\"https:\/\/elernova.edu.co\/index\/wp-content\/uploads\/2023\/02\/indice.jpg\" alt=\"\" width=\"354\" height=\"142\" \/><\/p><p>\u00a0<\/p><\/div>\n\t\t\t\t\t\t\t\t\t<div class=\"elementor-tab-title elementor-tab-mobile-title\" aria-selected=\"false\" data-tab=\"3\" role=\"tab\" tabindex=\"-1\" aria-controls=\"elementor-tab-content-1013\" aria-expanded=\"false\">Encuestas institucionales<\/div>\n\t\t\t\t\t<div id=\"elementor-tab-content-1013\" class=\"elementor-tab-content elementor-clearfix\" data-tab=\"3\" role=\"tabpanel\" aria-labelledby=\"elementor-tab-title-1013\" tabindex=\"0\" hidden=\"hidden\"><p class=\"p1\"><span style=\"color: #333333;\"><img loading=\"lazy\" decoding=\"async\" class=\"size-full wp-image-2676 alignleft\" src=\"https:\/\/elernova.edu.co\/index\/wp-content\/uploads\/2023\/02\/encuestas-institucionales.png\" alt=\"\" width=\"341\" height=\"192\" \/>&#8211;<a style=\"color: #333333;\" href=\"https:\/\/web.archive.org\/web\/20220307231220\/https:\/\/docs.google.com\/forms\/d\/e\/1FAIpQLSeC-ofwBvWmfZ_ZRgXpDTLcdGpn3CVsQXUdFu8hb8K6hemztQ\/viewform?usp=sf_link\">\u00a0Evaluaci\u00f3n por el personal Administrativo.<\/a><\/span><\/p><p><span style=\"color: #333333;\">&#8211;\u00a0<a style=\"color: #333333;\" href=\"https:\/\/web.archive.org\/web\/20220307231220\/https:\/\/docs.google.com\/forms\/d\/e\/1FAIpQLSfikbDlgEuD_JmmdHchaDrHL_XTQtb-EMhqURRqQnbZz7-llw\/viewform?usp=sf_link\">Evaluaci\u00f3n por el personal docente<\/a><\/span><\/p><p><span style=\"color: #333333;\"><a style=\"color: #333333;\" href=\"https:\/\/web.archive.org\/web\/20220307231220\/https:\/\/docs.google.com\/forms\/d\/e\/1FAIpQLSdk3IYe0gi0Ywf7X9nnGD4Cvx_HuFxTu3LjOCWLnQjeR_7exw\/viewform?usp=sf_link\">&#8211; Evaluaci\u00f3n por los estudiantes al programa acad\u00e9mico<\/a><\/span><\/p><p>\u00a0<\/p><\/div>\n\t\t\t\t\t\t\t<\/div>\n\t\t<\/div>\n\t\t\t\t\t\t<\/div>\n\t\t\t\t<\/div>\n\t\t\t\t\t<\/div>\n\t\t<\/div>\n\t\t\t\t\t<\/div>\n\t\t<\/section>\n\t\t\t\t<\/div>\n\t\t","protected":false},"excerpt":{"rendered":"<p>Sistema de autoevaluaci\u00f3n Institucional Objetivos Encuestas institucionales Sistema de autoevaluaci\u00f3n Institucional ELERNOVA establece como una de las herramientas para el aseguramiento de la calidad tanto a nivel acad\u00e9mico de sus programas como de las condiciones institucionales, la implementaci\u00f3n de un modelo denominado \u201cSistema de Aseguramiento Institucional (SAI), bajo el liderazgo del \u00e1rea de Gesti\u00f3n de [&hellip;]<\/p>\n","protected":false},"author":1,"featured_media":0,"parent":0,"menu_order":0,"comment_status":"closed","ping_status":"closed","template":"","meta":{"_uag_custom_page_level_css":"","site-sidebar-layout":"no-sidebar","site-content-layout":"plain-container","ast-site-content-layout":"default","site-content-style":"default","site-sidebar-style":"default","ast-global-header-display":"","ast-banner-title-visibility":"","ast-main-header-display":"","ast-hfb-above-header-display":"","ast-hfb-below-header-display":"","ast-hfb-mobile-header-display":"","site-post-title":"disabled","ast-breadcrumbs-content":"","ast-featured-img":"disabled","footer-sml-layout":"","theme-transparent-header-meta":"","adv-header-id-meta":"","stick-header-meta":"","header-above-stick-meta":"","header-main-stick-meta":"","header-below-stick-meta":"","astra-migrate-meta-layouts":"default","ast-page-background-enabled":"default","ast-page-background-meta":{"desktop":{"background-color":"","background-image":"","background-repeat":"repeat","background-position":"center center","background-size":"auto","background-attachment":"scroll","background-type":"","background-media":"","overlay-type":"","overlay-color":"","overlay-opacity":"","overlay-gradient":""},"tablet":{"background-color":"","background-image":"","background-repeat":"repeat","background-position":"center center","background-size":"auto","background-attachment":"scroll","background-type":"","background-media":"","overlay-type":"","overlay-color":"","overlay-opacity":"","overlay-gradient":""},"mobile":{"background-color":"","background-image":"","background-repeat":"repeat","background-position":"center center","background-size":"auto","background-attachment":"scroll","background-type":"","background-media":"","overlay-type":"","overlay-color":"","overlay-opacity":"","overlay-gradient":""}},"ast-content-background-meta":{"desktop":{"background-color":"var(--ast-global-color-5)","background-image":"","background-repeat":"repeat","background-position":"center center","background-size":"auto","background-attachment":"scroll","background-type":"","background-media":"","overlay-type":"","overlay-color":"","overlay-opacity":"","overlay-gradient":""},"tablet":{"background-color":"var(--ast-global-color-5)","background-image":"","background-repeat":"repeat","background-position":"center center","background-size":"auto","background-attachment":"scroll","background-type":"","background-media":"","overlay-type":"","overlay-color":"","overlay-opacity":"","overlay-gradient":""},"mobile":{"background-color":"var(--ast-global-color-5)","background-image":"","background-repeat":"repeat","background-position":"center center","background-size":"auto","background-attachment":"scroll","background-type":"","background-media":"","overlay-type":"","overlay-color":"","overlay-opacity":"","overlay-gradient":""}},"footnotes":""},"class_list":["post-1725","page","type-page","status-publish","hentry"],"yoast_head":"<!-- This site is optimized with the Yoast SEO plugin v27.4 - https:\/\/yoast.com\/product\/yoast-seo-wordpress\/ -->\n<title>Autoevaluaci\u00f3n Institucional - E-Lernova - Tecnol\u00f3gico de Energ\u00eda e Innovaci\u00f3n.<\/title>\n<meta name=\"robots\" content=\"index, follow, max-snippet:-1, max-image-preview:large, max-video-preview:-1\" \/>\n<link rel=\"canonical\" href=\"https:\/\/elernova.edu.co\/index\/autoevaluacion-institucional\/\" \/>\n<meta property=\"og:locale\" content=\"es_ES\" \/>\n<meta property=\"og:type\" content=\"article\" \/>\n<meta property=\"og:title\" content=\"Autoevaluaci\u00f3n Institucional - E-Lernova - Tecnol\u00f3gico de Energ\u00eda e Innovaci\u00f3n.\" \/>\n<meta property=\"og:description\" content=\"Sistema de autoevaluaci\u00f3n Institucional Objetivos Encuestas institucionales Sistema de autoevaluaci\u00f3n Institucional ELERNOVA establece como una de las herramientas para el aseguramiento de la calidad tanto a nivel acad\u00e9mico de sus programas como de las condiciones institucionales, la implementaci\u00f3n de un modelo denominado \u201cSistema de Aseguramiento Institucional (SAI), bajo el liderazgo del \u00e1rea de Gesti\u00f3n de [&hellip;]\" \/>\n<meta property=\"og:url\" content=\"https:\/\/elernova.edu.co\/index\/autoevaluacion-institucional\/\" \/>\n<meta property=\"og:site_name\" content=\"E-Lernova - Tecnol\u00f3gico de Energ\u00eda e Innovaci\u00f3n.\" \/>\n<meta property=\"article:modified_time\" content=\"2023-02-13T17:17:36+00:00\" \/>\n<meta property=\"og:image\" content=\"https:\/\/elernova.edu.co\/index\/wp-content\/uploads\/2023\/02\/sai.jpg\" \/>\n<meta name=\"twitter:card\" content=\"summary_large_image\" \/>\n<meta name=\"twitter:label1\" content=\"Tiempo de lectura\" \/>\n\t<meta name=\"twitter:data1\" content=\"2 minutos\" \/>\n<script type=\"application\/ld+json\" class=\"yoast-schema-graph\">{\"@context\":\"https:\\\/\\\/schema.org\",\"@graph\":[{\"@type\":\"WebPage\",\"@id\":\"https:\\\/\\\/elernova.edu.co\\\/index\\\/autoevaluacion-institucional\\\/\",\"url\":\"https:\\\/\\\/elernova.edu.co\\\/index\\\/autoevaluacion-institucional\\\/\",\"name\":\"Autoevaluaci\u00f3n Institucional - E-Lernova - Tecnol\u00f3gico de Energ\u00eda e Innovaci\u00f3n.\",\"isPartOf\":{\"@id\":\"https:\\\/\\\/elernova.edu.co\\\/index\\\/#website\"},\"primaryImageOfPage\":{\"@id\":\"https:\\\/\\\/elernova.edu.co\\\/index\\\/autoevaluacion-institucional\\\/#primaryimage\"},\"image\":{\"@id\":\"https:\\\/\\\/elernova.edu.co\\\/index\\\/autoevaluacion-institucional\\\/#primaryimage\"},\"thumbnailUrl\":\"https:\\\/\\\/elernova.edu.co\\\/index\\\/wp-content\\\/uploads\\\/2023\\\/02\\\/sai.jpg\",\"datePublished\":\"2023-01-20T20:04:23+00:00\",\"dateModified\":\"2023-02-13T17:17:36+00:00\",\"breadcrumb\":{\"@id\":\"https:\\\/\\\/elernova.edu.co\\\/index\\\/autoevaluacion-institucional\\\/#breadcrumb\"},\"inLanguage\":\"es-CO\",\"potentialAction\":[{\"@type\":\"ReadAction\",\"target\":[\"https:\\\/\\\/elernova.edu.co\\\/index\\\/autoevaluacion-institucional\\\/\"]}]},{\"@type\":\"ImageObject\",\"inLanguage\":\"es-CO\",\"@id\":\"https:\\\/\\\/elernova.edu.co\\\/index\\\/autoevaluacion-institucional\\\/#primaryimage\",\"url\":\"https:\\\/\\\/elernova.edu.co\\\/index\\\/wp-content\\\/uploads\\\/2023\\\/02\\\/sai.jpg\",\"contentUrl\":\"https:\\\/\\\/elernova.edu.co\\\/index\\\/wp-content\\\/uploads\\\/2023\\\/02\\\/sai.jpg\",\"width\":1200,\"height\":800},{\"@type\":\"BreadcrumbList\",\"@id\":\"https:\\\/\\\/elernova.edu.co\\\/index\\\/autoevaluacion-institucional\\\/#breadcrumb\",\"itemListElement\":[{\"@type\":\"ListItem\",\"position\":1,\"name\":\"Inicio\",\"item\":\"https:\\\/\\\/elernova.edu.co\\\/index\\\/\"},{\"@type\":\"ListItem\",\"position\":2,\"name\":\"Autoevaluaci\u00f3n Institucional\"}]},{\"@type\":\"WebSite\",\"@id\":\"https:\\\/\\\/elernova.edu.co\\\/index\\\/#website\",\"url\":\"https:\\\/\\\/elernova.edu.co\\\/index\\\/\",\"name\":\"E-Lernova - Tecnol\u00f3gico de Energ\u00eda e Innovaci\u00f3n.\",\"description\":\"\",\"publisher\":{\"@id\":\"https:\\\/\\\/elernova.edu.co\\\/index\\\/#organization\"},\"potentialAction\":[{\"@type\":\"SearchAction\",\"target\":{\"@type\":\"EntryPoint\",\"urlTemplate\":\"https:\\\/\\\/elernova.edu.co\\\/index\\\/?s={search_term_string}\"},\"query-input\":{\"@type\":\"PropertyValueSpecification\",\"valueRequired\":true,\"valueName\":\"search_term_string\"}}],\"inLanguage\":\"es-CO\"},{\"@type\":\"Organization\",\"@id\":\"https:\\\/\\\/elernova.edu.co\\\/index\\\/#organization\",\"name\":\"E-Lernova - Tecnol\u00f3gico de Energ\u00eda e Innovaci\u00f3n.\",\"url\":\"https:\\\/\\\/elernova.edu.co\\\/index\\\/\",\"logo\":{\"@type\":\"ImageObject\",\"inLanguage\":\"es-CO\",\"@id\":\"https:\\\/\\\/elernova.edu.co\\\/index\\\/#\\\/schema\\\/logo\\\/image\\\/\",\"url\":\"https:\\\/\\\/elernova.edu.co\\\/index\\\/wp-content\\\/uploads\\\/2023\\\/02\\\/Logo-Elernova-color.png\",\"contentUrl\":\"https:\\\/\\\/elernova.edu.co\\\/index\\\/wp-content\\\/uploads\\\/2023\\\/02\\\/Logo-Elernova-color.png\",\"width\":207,\"height\":82,\"caption\":\"E-Lernova - Tecnol\u00f3gico de Energ\u00eda e Innovaci\u00f3n.\"},\"image\":{\"@id\":\"https:\\\/\\\/elernova.edu.co\\\/index\\\/#\\\/schema\\\/logo\\\/image\\\/\"}}]}<\/script>\n<!-- \/ Yoast SEO plugin. -->","yoast_head_json":{"title":"Autoevaluaci\u00f3n Institucional - E-Lernova - Tecnol\u00f3gico de Energ\u00eda e Innovaci\u00f3n.","robots":{"index":"index","follow":"follow","max-snippet":"max-snippet:-1","max-image-preview":"max-image-preview:large","max-video-preview":"max-video-preview:-1"},"canonical":"https:\/\/elernova.edu.co\/index\/autoevaluacion-institucional\/","og_locale":"es_ES","og_type":"article","og_title":"Autoevaluaci\u00f3n Institucional - E-Lernova - Tecnol\u00f3gico de Energ\u00eda e Innovaci\u00f3n.","og_description":"Sistema de autoevaluaci\u00f3n Institucional Objetivos Encuestas institucionales Sistema de autoevaluaci\u00f3n Institucional ELERNOVA establece como una de las herramientas para el aseguramiento de la calidad tanto a nivel acad\u00e9mico de sus programas como de las condiciones institucionales, la implementaci\u00f3n de un modelo denominado \u201cSistema de Aseguramiento Institucional (SAI), bajo el liderazgo del \u00e1rea de Gesti\u00f3n de [&hellip;]","og_url":"https:\/\/elernova.edu.co\/index\/autoevaluacion-institucional\/","og_site_name":"E-Lernova - Tecnol\u00f3gico de Energ\u00eda e Innovaci\u00f3n.","article_modified_time":"2023-02-13T17:17:36+00:00","og_image":[{"url":"https:\/\/elernova.edu.co\/index\/wp-content\/uploads\/2023\/02\/sai.jpg","type":"","width":"","height":""}],"twitter_card":"summary_large_image","twitter_misc":{"Tiempo de lectura":"2 minutos"},"schema":{"@context":"https:\/\/schema.org","@graph":[{"@type":"WebPage","@id":"https:\/\/elernova.edu.co\/index\/autoevaluacion-institucional\/","url":"https:\/\/elernova.edu.co\/index\/autoevaluacion-institucional\/","name":"Autoevaluaci\u00f3n Institucional - E-Lernova - Tecnol\u00f3gico de Energ\u00eda e Innovaci\u00f3n.","isPartOf":{"@id":"https:\/\/elernova.edu.co\/index\/#website"},"primaryImageOfPage":{"@id":"https:\/\/elernova.edu.co\/index\/autoevaluacion-institucional\/#primaryimage"},"image":{"@id":"https:\/\/elernova.edu.co\/index\/autoevaluacion-institucional\/#primaryimage"},"thumbnailUrl":"https:\/\/elernova.edu.co\/index\/wp-content\/uploads\/2023\/02\/sai.jpg","datePublished":"2023-01-20T20:04:23+00:00","dateModified":"2023-02-13T17:17:36+00:00","breadcrumb":{"@id":"https:\/\/elernova.edu.co\/index\/autoevaluacion-institucional\/#breadcrumb"},"inLanguage":"es-CO","potentialAction":[{"@type":"ReadAction","target":["https:\/\/elernova.edu.co\/index\/autoevaluacion-institucional\/"]}]},{"@type":"ImageObject","inLanguage":"es-CO","@id":"https:\/\/elernova.edu.co\/index\/autoevaluacion-institucional\/#primaryimage","url":"https:\/\/elernova.edu.co\/index\/wp-content\/uploads\/2023\/02\/sai.jpg","contentUrl":"https:\/\/elernova.edu.co\/index\/wp-content\/uploads\/2023\/02\/sai.jpg","width":1200,"height":800},{"@type":"BreadcrumbList","@id":"https:\/\/elernova.edu.co\/index\/autoevaluacion-institucional\/#breadcrumb","itemListElement":[{"@type":"ListItem","position":1,"name":"Inicio","item":"https:\/\/elernova.edu.co\/index\/"},{"@type":"ListItem","position":2,"name":"Autoevaluaci\u00f3n Institucional"}]},{"@type":"WebSite","@id":"https:\/\/elernova.edu.co\/index\/#website","url":"https:\/\/elernova.edu.co\/index\/","name":"E-Lernova - Tecnol\u00f3gico de Energ\u00eda e Innovaci\u00f3n.","description":"","publisher":{"@id":"https:\/\/elernova.edu.co\/index\/#organization"},"potentialAction":[{"@type":"SearchAction","target":{"@type":"EntryPoint","urlTemplate":"https:\/\/elernova.edu.co\/index\/?s={search_term_string}"},"query-input":{"@type":"PropertyValueSpecification","valueRequired":true,"valueName":"search_term_string"}}],"inLanguage":"es-CO"},{"@type":"Organization","@id":"https:\/\/elernova.edu.co\/index\/#organization","name":"E-Lernova - Tecnol\u00f3gico de Energ\u00eda e Innovaci\u00f3n.","url":"https:\/\/elernova.edu.co\/index\/","logo":{"@type":"ImageObject","inLanguage":"es-CO","@id":"https:\/\/elernova.edu.co\/index\/#\/schema\/logo\/image\/","url":"https:\/\/elernova.edu.co\/index\/wp-content\/uploads\/2023\/02\/Logo-Elernova-color.png","contentUrl":"https:\/\/elernova.edu.co\/index\/wp-content\/uploads\/2023\/02\/Logo-Elernova-color.png","width":207,"height":82,"caption":"E-Lernova - Tecnol\u00f3gico de Energ\u00eda e Innovaci\u00f3n."},"image":{"@id":"https:\/\/elernova.edu.co\/index\/#\/schema\/logo\/image\/"}}]}},"uagb_featured_image_src":{"full":false,"thumbnail":false,"medium":false,"medium_large":false,"large":false,"1536x1536":false,"2048x2048":false},"uagb_author_info":{"display_name":"admin","author_link":"https:\/\/elernova.edu.co\/index\/author\/admin\/"},"uagb_comment_info":0,"uagb_excerpt":"Sistema de autoevaluaci\u00f3n Institucional Objetivos Encuestas institucionales Sistema de autoevaluaci\u00f3n Institucional ELERNOVA establece como una de las herramientas para el aseguramiento de la calidad tanto a nivel acad\u00e9mico de sus programas como de las condiciones institucionales, la implementaci\u00f3n de un modelo denominado \u201cSistema de Aseguramiento Institucional (SAI), bajo el liderazgo del \u00e1rea de Gesti\u00f3n de&hellip;","_links":{"self":[{"href":"https:\/\/elernova.edu.co\/index\/wp-json\/wp\/v2\/pages\/1725","targetHints":{"allow":["GET"]}}],"collection":[{"href":"https:\/\/elernova.edu.co\/index\/wp-json\/wp\/v2\/pages"}],"about":[{"href":"https:\/\/elernova.edu.co\/index\/wp-json\/wp\/v2\/types\/page"}],"author":[{"embeddable":true,"href":"https:\/\/elernova.edu.co\/index\/wp-json\/wp\/v2\/users\/1"}],"replies":[{"embeddable":true,"href":"https:\/\/elernova.edu.co\/index\/wp-json\/wp\/v2\/comments?post=1725"}],"version-history":[{"count":7,"href":"https:\/\/elernova.edu.co\/index\/wp-json\/wp\/v2\/pages\/1725\/revisions"}],"predecessor-version":[{"id":3629,"href":"https:\/\/elernova.edu.co\/index\/wp-json\/wp\/v2\/pages\/1725\/revisions\/3629"}],"wp:attachment":[{"href":"https:\/\/elernova.edu.co\/index\/wp-json\/wp\/v2\/media?parent=1725"}],"curies":[{"name":"wp","href":"https:\/\/api.w.org\/{rel}","templated":true}]}}