{"id":1721,"date":"2023-01-20T15:04:01","date_gmt":"2023-01-20T20:04:01","guid":{"rendered":"https:\/\/elernova.edu.co\/index\/?page_id=1721"},"modified":"2023-02-13T12:18:36","modified_gmt":"2023-02-13T17:18:36","slug":"bolsa-de-empleo","status":"publish","type":"page","link":"https:\/\/elernova.edu.co\/index\/bolsa-de-empleo\/","title":{"rendered":"Bolsa de empleo"},"content":{"rendered":"\t\t<div data-elementor-type=\"wp-page\" data-elementor-id=\"1721\" class=\"elementor elementor-1721\">\n\t\t\t\t\t\t<section class=\"elementor-section elementor-top-section elementor-element elementor-element-377a2b63 elementor-section-height-min-height elementor-section-stretched elementor-section-boxed elementor-section-height-default elementor-section-items-middle\" data-id=\"377a2b63\" data-element_type=\"section\" data-e-type=\"section\" data-settings=\"{&quot;stretch_section&quot;:&quot;section-stretched&quot;,&quot;background_background&quot;:&quot;classic&quot;}\">\n\t\t\t\t\t\t<div class=\"elementor-container elementor-column-gap-default\">\n\t\t\t\t\t<div class=\"elementor-column elementor-col-100 elementor-top-column elementor-element elementor-element-97168ec\" data-id=\"97168ec\" data-element_type=\"column\" data-e-type=\"column\">\n\t\t\t<div class=\"elementor-widget-wrap\">\n\t\t\t\t\t\t\t<\/div>\n\t\t<\/div>\n\t\t\t\t\t<\/div>\n\t\t<\/section>\n\t\t\t\t<section class=\"elementor-section elementor-top-section elementor-element elementor-element-e7f6a19 elementor-section-boxed elementor-section-height-default elementor-section-height-default\" data-id=\"e7f6a19\" data-element_type=\"section\" data-e-type=\"section\">\n\t\t\t\t\t\t<div class=\"elementor-container elementor-column-gap-default\">\n\t\t\t\t\t<div class=\"elementor-column elementor-col-100 elementor-top-column elementor-element elementor-element-43f50c7\" data-id=\"43f50c7\" data-element_type=\"column\" data-e-type=\"column\">\n\t\t\t<div class=\"elementor-widget-wrap elementor-element-populated\">\n\t\t\t\t\t\t<div class=\"elementor-element elementor-element-51844ae elementor-widget elementor-widget-spacer\" data-id=\"51844ae\" data-element_type=\"widget\" data-e-type=\"widget\" data-widget_type=\"spacer.default\">\n\t\t\t\t<div class=\"elementor-widget-container\">\n\t\t\t\t\t\t\t<div class=\"elementor-spacer\">\n\t\t\t<div class=\"elementor-spacer-inner\"><\/div>\n\t\t<\/div>\n\t\t\t\t\t\t<\/div>\n\t\t\t\t<\/div>\n\t\t\t\t<div class=\"elementor-element elementor-element-2bb9a50 elementor-widget elementor-widget-heading\" data-id=\"2bb9a50\" data-element_type=\"widget\" data-e-type=\"widget\" data-widget_type=\"heading.default\">\n\t\t\t\t<div class=\"elementor-widget-container\">\n\t\t\t\t\t<h3 class=\"elementor-heading-title elementor-size-default\">Bolsa de Empleo<\/h3>\t\t\t\t<\/div>\n\t\t\t\t<\/div>\n\t\t\t\t\t<\/div>\n\t\t<\/div>\n\t\t\t\t\t<\/div>\n\t\t<\/section>\n\t\t\t\t<section class=\"elementor-section elementor-top-section elementor-element elementor-element-14815e2 elementor-section-boxed elementor-section-height-default elementor-section-height-default\" data-id=\"14815e2\" data-element_type=\"section\" data-e-type=\"section\" data-settings=\"{&quot;animation&quot;:&quot;none&quot;}\">\n\t\t\t\t\t\t<div class=\"elementor-container elementor-column-gap-default\">\n\t\t\t\t\t<div class=\"elementor-column elementor-col-25 elementor-top-column elementor-element elementor-element-a279aad\" data-id=\"a279aad\" data-element_type=\"column\" data-e-type=\"column\" data-settings=\"{&quot;background_background&quot;:&quot;classic&quot;}\">\n\t\t\t<div class=\"elementor-widget-wrap elementor-element-populated\">\n\t\t\t\t\t\t<div class=\"elementor-element elementor-element-7b5c074 elementor-invisible elementor-widget elementor-widget-text-editor\" data-id=\"7b5c074\" data-element_type=\"widget\" data-e-type=\"widget\" data-settings=\"{&quot;_animation&quot;:&quot;zoomIn&quot;}\" data-widget_type=\"text-editor.default\">\n\t\t\t\t<div class=\"elementor-widget-container\">\n\t\t\t\t\t\t\t\t\t<p><a href=\"https:\/\/elernova.edu.co\/index\/vacante-director-de-investigacion\/\" data-wplink-url-error=\"true\"><img fetchpriority=\"high\" decoding=\"async\" class=\"alignnone size-full wp-image-3016\" src=\"https:\/\/elernova.edu.co\/index\/wp-content\/uploads\/2023\/02\/tuberias-1.jpg\" alt=\"\" width=\"417\" height=\"260\" \/><\/a><\/p><p><strong>(Agosto 26\/2020 &#8211;\u00a0Septiembre 15\/2020)<\/strong><\/p><p>Tecnol\u00f3gico de Energ\u00eda e Innovaci\u00f3n E-LERNOVA busca Director de Investigaci\u00f3n:<\/p>\t\t\t\t\t\t\t\t<\/div>\n\t\t\t\t<\/div>\n\t\t\t\t\t<\/div>\n\t\t<\/div>\n\t\t\t\t<div class=\"elementor-column elementor-col-25 elementor-top-column elementor-element elementor-element-7930b53\" data-id=\"7930b53\" data-element_type=\"column\" data-e-type=\"column\" data-settings=\"{&quot;background_background&quot;:&quot;classic&quot;}\">\n\t\t\t<div class=\"elementor-widget-wrap elementor-element-populated\">\n\t\t\t\t\t\t<div class=\"elementor-element elementor-element-8511d97 elementor-invisible elementor-widget elementor-widget-text-editor\" data-id=\"8511d97\" data-element_type=\"widget\" data-e-type=\"widget\" data-settings=\"{&quot;_animation&quot;:&quot;zoomIn&quot;}\" data-widget_type=\"text-editor.default\">\n\t\t\t\t<div class=\"elementor-widget-container\">\n\t\t\t\t\t\t\t\t\t<p><a href=\"https:\/\/elernova.edu.co\/index\/vacante-docente-tutor-tp-administracion\/\" data-wplink-url-error=\"true\"><img fetchpriority=\"high\" decoding=\"async\" class=\"alignnone size-full wp-image-3016\" src=\"https:\/\/elernova.edu.co\/index\/wp-content\/uploads\/2023\/02\/tuberias-1.jpg\" alt=\"\" width=\"417\" height=\"260\" \/><\/a><\/p><p><strong>(Agosto 26\/2020 &#8211;\u00a0Septiembre 15\/2020)<\/strong><\/p><p>Tecnol\u00f3gico de Energ\u00eda e Innovaci\u00f3n E-LERNOVA busca Docentes Tutores TP en administraci\u00f3n, ofim\u00e1tica, emprendimiento, contabilidad, gesti\u00f3n organizacional, catedra c\u00edvica.<\/p>\t\t\t\t\t\t\t\t<\/div>\n\t\t\t\t<\/div>\n\t\t\t\t\t<\/div>\n\t\t<\/div>\n\t\t\t\t<div class=\"elementor-column elementor-col-25 elementor-top-column elementor-element elementor-element-dd55707\" data-id=\"dd55707\" data-element_type=\"column\" data-e-type=\"column\">\n\t\t\t<div class=\"elementor-widget-wrap elementor-element-populated\">\n\t\t\t\t\t\t<div class=\"elementor-element elementor-element-30ec5c6 elementor-invisible elementor-widget elementor-widget-text-editor\" data-id=\"30ec5c6\" data-element_type=\"widget\" data-e-type=\"widget\" data-settings=\"{&quot;_animation&quot;:&quot;zoomIn&quot;}\" data-widget_type=\"text-editor.default\">\n\t\t\t\t<div class=\"elementor-widget-container\">\n\t\t\t\t\t\t\t\t\t<p><a href=\"https:\/\/elernova.edu.co\/index\/vacante-docente-tutor-tp\/\" data-wplink-url-error=\"true\"><img fetchpriority=\"high\" decoding=\"async\" class=\"alignnone size-full wp-image-3016\" src=\"https:\/\/elernova.edu.co\/index\/wp-content\/uploads\/2023\/02\/tuberias-1.jpg\" alt=\"\" width=\"417\" height=\"260\" \/><\/a><\/p><p><strong>(Agosto 26\/2020 &#8211;\u00a0Septiembre 15\/2020)<\/strong><\/p><p>Tecnol\u00f3gico de Energ\u00eda e Innovaci\u00f3n E-LERNOVA busca Docentes Tutores TP en \u00e1reas como matem\u00e1ticas, f\u00edsica, biolog\u00eda humana, geometr\u00eda espacial, costos y presupuestos, riesgos laborales, seguridad y salud en el trabajo, higiene industrial, herramientas TIC..<\/p>\t\t\t\t\t\t\t\t<\/div>\n\t\t\t\t<\/div>\n\t\t\t\t\t<\/div>\n\t\t<\/div>\n\t\t\t\t<div class=\"elementor-column elementor-col-25 elementor-top-column elementor-element elementor-element-135ab93\" data-id=\"135ab93\" data-element_type=\"column\" data-e-type=\"column\">\n\t\t\t<div class=\"elementor-widget-wrap elementor-element-populated\">\n\t\t\t\t\t\t<div class=\"elementor-element elementor-element-b54040b elementor-invisible elementor-widget elementor-widget-text-editor\" data-id=\"b54040b\" data-element_type=\"widget\" data-e-type=\"widget\" data-settings=\"{&quot;_animation&quot;:&quot;zoomIn&quot;}\" data-widget_type=\"text-editor.default\">\n\t\t\t\t<div class=\"elementor-widget-container\">\n\t\t\t\t\t\t\t\t\t<p><a href=\"https:\/\/elernova.edu.co\/index\/vacante-director-de-aseguramiento-de-calidad\/\" data-wplink-url-error=\"true\"><img fetchpriority=\"high\" decoding=\"async\" class=\"alignnone size-full wp-image-3016\" src=\"https:\/\/elernova.edu.co\/index\/wp-content\/uploads\/2023\/02\/tuberias-1.jpg\" alt=\"\" width=\"417\" height=\"260\" \/><\/a><\/p><p><strong>(Agosto 26\/2020 &#8211;\u00a0Septiembre 15\/2020)<\/strong><\/p><p>Tecnol\u00f3gico de Energ\u00eda e Innovaci\u00f3n E-LERNOVA busca Director de Aseguramiento de la Calidad.<\/p>\t\t\t\t\t\t\t\t<\/div>\n\t\t\t\t<\/div>\n\t\t\t\t\t<\/div>\n\t\t<\/div>\n\t\t\t\t\t<\/div>\n\t\t<\/section>\n\t\t\t\t<section class=\"elementor-section elementor-top-section elementor-element elementor-element-c6ca102 elementor-section-boxed elementor-section-height-default elementor-section-height-default\" data-id=\"c6ca102\" data-element_type=\"section\" data-e-type=\"section\">\n\t\t\t\t\t\t<div class=\"elementor-container elementor-column-gap-default\">\n\t\t\t\t\t<div class=\"elementor-column elementor-col-100 elementor-top-column elementor-element elementor-element-1c54a0d\" data-id=\"1c54a0d\" data-element_type=\"column\" data-e-type=\"column\">\n\t\t\t<div class=\"elementor-widget-wrap elementor-element-populated\">\n\t\t\t\t\t\t<div class=\"elementor-element elementor-element-5396f4f elementor-widget elementor-widget-spacer\" data-id=\"5396f4f\" data-element_type=\"widget\" data-e-type=\"widget\" data-widget_type=\"spacer.default\">\n\t\t\t\t<div class=\"elementor-widget-container\">\n\t\t\t\t\t\t\t<div class=\"elementor-spacer\">\n\t\t\t<div class=\"elementor-spacer-inner\"><\/div>\n\t\t<\/div>\n\t\t\t\t\t\t<\/div>\n\t\t\t\t<\/div>\n\t\t\t\t\t<\/div>\n\t\t<\/div>\n\t\t\t\t\t<\/div>\n\t\t<\/section>\n\t\t\t\t<\/div>\n\t\t","protected":false},"excerpt":{"rendered":"<p>Bolsa de Empleo (Agosto 26\/2020 &#8211;\u00a0Septiembre 15\/2020) Tecnol\u00f3gico de Energ\u00eda e Innovaci\u00f3n E-LERNOVA busca Director de Investigaci\u00f3n: (Agosto 26\/2020 &#8211;\u00a0Septiembre 15\/2020) Tecnol\u00f3gico de Energ\u00eda e Innovaci\u00f3n E-LERNOVA busca Docentes Tutores TP en administraci\u00f3n, ofim\u00e1tica, emprendimiento, contabilidad, gesti\u00f3n organizacional, catedra c\u00edvica. (Agosto 26\/2020 &#8211;\u00a0Septiembre 15\/2020) Tecnol\u00f3gico de Energ\u00eda e Innovaci\u00f3n E-LERNOVA busca Docentes Tutores TP en [&hellip;]<\/p>\n","protected":false},"author":1,"featured_media":0,"parent":0,"menu_order":0,"comment_status":"closed","ping_status":"closed","template":"","meta":{"_uag_custom_page_level_css":"","site-sidebar-layout":"no-sidebar","site-content-layout":"page-builder","ast-site-content-layout":"default","site-content-style":"default","site-sidebar-style":"default","ast-global-header-display":"","ast-banner-title-visibility":"","ast-main-header-display":"","ast-hfb-above-header-display":"","ast-hfb-below-header-display":"","ast-hfb-mobile-header-display":"","site-post-title":"disabled","ast-breadcrumbs-content":"","ast-featured-img":"disabled","footer-sml-layout":"","theme-transparent-header-meta":"","adv-header-id-meta":"","stick-header-meta":"","header-above-stick-meta":"","header-main-stick-meta":"","header-below-stick-meta":"","astra-migrate-meta-layouts":"default","ast-page-background-enabled":"default","ast-page-background-meta":{"desktop":{"background-color":"","background-image":"","background-repeat":"repeat","background-position":"center center","background-size":"auto","background-attachment":"scroll","background-type":"","background-media":"","overlay-type":"","overlay-color":"","overlay-opacity":"","overlay-gradient":""},"tablet":{"background-color":"","background-image":"","background-repeat":"repeat","background-position":"center center","background-size":"auto","background-attachment":"scroll","background-type":"","background-media":"","overlay-type":"","overlay-color":"","overlay-opacity":"","overlay-gradient":""},"mobile":{"background-color":"","background-image":"","background-repeat":"repeat","background-position":"center center","background-size":"auto","background-attachment":"scroll","background-type":"","background-media":"","overlay-type":"","overlay-color":"","overlay-opacity":"","overlay-gradient":""}},"ast-content-background-meta":{"desktop":{"background-color":"var(--ast-global-color-5)","background-image":"","background-repeat":"repeat","background-position":"center center","background-size":"auto","background-attachment":"scroll","background-type":"","background-media":"","overlay-type":"","overlay-color":"","overlay-opacity":"","overlay-gradient":""},"tablet":{"background-color":"var(--ast-global-color-5)","background-image":"","background-repeat":"repeat","background-position":"center center","background-size":"auto","background-attachment":"scroll","background-type":"","background-media":"","overlay-type":"","overlay-color":"","overlay-opacity":"","overlay-gradient":""},"mobile":{"background-color":"var(--ast-global-color-5)","background-image":"","background-repeat":"repeat","background-position":"center center","background-size":"auto","background-attachment":"scroll","background-type":"","background-media":"","overlay-type":"","overlay-color":"","overlay-opacity":"","overlay-gradient":""}},"footnotes":""},"class_list":["post-1721","page","type-page","status-publish","hentry"],"yoast_head":"<!-- This site is optimized with the Yoast SEO plugin v27.4 - https:\/\/yoast.com\/product\/yoast-seo-wordpress\/ -->\n<title>Bolsa de empleo - E-Lernova - Tecnol\u00f3gico de Energ\u00eda e Innovaci\u00f3n.<\/title>\n<meta name=\"robots\" content=\"index, follow, max-snippet:-1, max-image-preview:large, max-video-preview:-1\" \/>\n<link rel=\"canonical\" href=\"https:\/\/elernova.edu.co\/index\/bolsa-de-empleo\/\" \/>\n<meta property=\"og:locale\" content=\"es_ES\" \/>\n<meta property=\"og:type\" content=\"article\" \/>\n<meta property=\"og:title\" content=\"Bolsa de empleo - E-Lernova - Tecnol\u00f3gico de Energ\u00eda e Innovaci\u00f3n.\" \/>\n<meta property=\"og:description\" content=\"Bolsa de Empleo (Agosto 26\/2020 &#8211;\u00a0Septiembre 15\/2020) Tecnol\u00f3gico de Energ\u00eda e Innovaci\u00f3n E-LERNOVA busca Director de Investigaci\u00f3n: (Agosto 26\/2020 &#8211;\u00a0Septiembre 15\/2020) Tecnol\u00f3gico de Energ\u00eda e Innovaci\u00f3n E-LERNOVA busca Docentes Tutores TP en administraci\u00f3n, ofim\u00e1tica, emprendimiento, contabilidad, gesti\u00f3n organizacional, catedra c\u00edvica. (Agosto 26\/2020 &#8211;\u00a0Septiembre 15\/2020) Tecnol\u00f3gico de Energ\u00eda e Innovaci\u00f3n E-LERNOVA busca Docentes Tutores TP en [&hellip;]\" \/>\n<meta property=\"og:url\" content=\"https:\/\/elernova.edu.co\/index\/bolsa-de-empleo\/\" \/>\n<meta property=\"og:site_name\" content=\"E-Lernova - Tecnol\u00f3gico de Energ\u00eda e Innovaci\u00f3n.\" \/>\n<meta property=\"article:modified_time\" content=\"2023-02-13T17:18:36+00:00\" \/>\n<meta property=\"og:image\" content=\"https:\/\/elernova.edu.co\/index\/wp-content\/uploads\/2023\/02\/tuberias-1.jpg\" \/>\n<meta name=\"twitter:card\" content=\"summary_large_image\" \/>\n<meta name=\"twitter:label1\" content=\"Tiempo de lectura\" \/>\n\t<meta name=\"twitter:data1\" content=\"1 minuto\" \/>\n<script type=\"application\/ld+json\" class=\"yoast-schema-graph\">{\"@context\":\"https:\\\/\\\/schema.org\",\"@graph\":[{\"@type\":\"WebPage\",\"@id\":\"https:\\\/\\\/elernova.edu.co\\\/index\\\/bolsa-de-empleo\\\/\",\"url\":\"https:\\\/\\\/elernova.edu.co\\\/index\\\/bolsa-de-empleo\\\/\",\"name\":\"Bolsa de empleo - E-Lernova - Tecnol\u00f3gico de Energ\u00eda e Innovaci\u00f3n.\",\"isPartOf\":{\"@id\":\"https:\\\/\\\/elernova.edu.co\\\/index\\\/#website\"},\"primaryImageOfPage\":{\"@id\":\"https:\\\/\\\/elernova.edu.co\\\/index\\\/bolsa-de-empleo\\\/#primaryimage\"},\"image\":{\"@id\":\"https:\\\/\\\/elernova.edu.co\\\/index\\\/bolsa-de-empleo\\\/#primaryimage\"},\"thumbnailUrl\":\"https:\\\/\\\/elernova.edu.co\\\/index\\\/wp-content\\\/uploads\\\/2023\\\/02\\\/tuberias-1.jpg\",\"datePublished\":\"2023-01-20T20:04:01+00:00\",\"dateModified\":\"2023-02-13T17:18:36+00:00\",\"breadcrumb\":{\"@id\":\"https:\\\/\\\/elernova.edu.co\\\/index\\\/bolsa-de-empleo\\\/#breadcrumb\"},\"inLanguage\":\"es-CO\",\"potentialAction\":[{\"@type\":\"ReadAction\",\"target\":[\"https:\\\/\\\/elernova.edu.co\\\/index\\\/bolsa-de-empleo\\\/\"]}]},{\"@type\":\"ImageObject\",\"inLanguage\":\"es-CO\",\"@id\":\"https:\\\/\\\/elernova.edu.co\\\/index\\\/bolsa-de-empleo\\\/#primaryimage\",\"url\":\"https:\\\/\\\/elernova.edu.co\\\/index\\\/wp-content\\\/uploads\\\/2023\\\/02\\\/tuberias-1.jpg\",\"contentUrl\":\"https:\\\/\\\/elernova.edu.co\\\/index\\\/wp-content\\\/uploads\\\/2023\\\/02\\\/tuberias-1.jpg\",\"width\":417,\"height\":260},{\"@type\":\"BreadcrumbList\",\"@id\":\"https:\\\/\\\/elernova.edu.co\\\/index\\\/bolsa-de-empleo\\\/#breadcrumb\",\"itemListElement\":[{\"@type\":\"ListItem\",\"position\":1,\"name\":\"Inicio\",\"item\":\"https:\\\/\\\/elernova.edu.co\\\/index\\\/\"},{\"@type\":\"ListItem\",\"position\":2,\"name\":\"Bolsa de empleo\"}]},{\"@type\":\"WebSite\",\"@id\":\"https:\\\/\\\/elernova.edu.co\\\/index\\\/#website\",\"url\":\"https:\\\/\\\/elernova.edu.co\\\/index\\\/\",\"name\":\"E-Lernova - Tecnol\u00f3gico de Energ\u00eda e Innovaci\u00f3n.\",\"description\":\"\",\"publisher\":{\"@id\":\"https:\\\/\\\/elernova.edu.co\\\/index\\\/#organization\"},\"potentialAction\":[{\"@type\":\"SearchAction\",\"target\":{\"@type\":\"EntryPoint\",\"urlTemplate\":\"https:\\\/\\\/elernova.edu.co\\\/index\\\/?s={search_term_string}\"},\"query-input\":{\"@type\":\"PropertyValueSpecification\",\"valueRequired\":true,\"valueName\":\"search_term_string\"}}],\"inLanguage\":\"es-CO\"},{\"@type\":\"Organization\",\"@id\":\"https:\\\/\\\/elernova.edu.co\\\/index\\\/#organization\",\"name\":\"E-Lernova - Tecnol\u00f3gico de Energ\u00eda e Innovaci\u00f3n.\",\"url\":\"https:\\\/\\\/elernova.edu.co\\\/index\\\/\",\"logo\":{\"@type\":\"ImageObject\",\"inLanguage\":\"es-CO\",\"@id\":\"https:\\\/\\\/elernova.edu.co\\\/index\\\/#\\\/schema\\\/logo\\\/image\\\/\",\"url\":\"https:\\\/\\\/elernova.edu.co\\\/index\\\/wp-content\\\/uploads\\\/2023\\\/02\\\/Logo-Elernova-color.png\",\"contentUrl\":\"https:\\\/\\\/elernova.edu.co\\\/index\\\/wp-content\\\/uploads\\\/2023\\\/02\\\/Logo-Elernova-color.png\",\"width\":207,\"height\":82,\"caption\":\"E-Lernova - Tecnol\u00f3gico de Energ\u00eda e Innovaci\u00f3n.\"},\"image\":{\"@id\":\"https:\\\/\\\/elernova.edu.co\\\/index\\\/#\\\/schema\\\/logo\\\/image\\\/\"}}]}<\/script>\n<!-- \/ Yoast SEO plugin. -->","yoast_head_json":{"title":"Bolsa de empleo - E-Lernova - Tecnol\u00f3gico de Energ\u00eda e Innovaci\u00f3n.","robots":{"index":"index","follow":"follow","max-snippet":"max-snippet:-1","max-image-preview":"max-image-preview:large","max-video-preview":"max-video-preview:-1"},"canonical":"https:\/\/elernova.edu.co\/index\/bolsa-de-empleo\/","og_locale":"es_ES","og_type":"article","og_title":"Bolsa de empleo - E-Lernova - Tecnol\u00f3gico de Energ\u00eda e Innovaci\u00f3n.","og_description":"Bolsa de Empleo (Agosto 26\/2020 &#8211;\u00a0Septiembre 15\/2020) Tecnol\u00f3gico de Energ\u00eda e Innovaci\u00f3n E-LERNOVA busca Director de Investigaci\u00f3n: (Agosto 26\/2020 &#8211;\u00a0Septiembre 15\/2020) Tecnol\u00f3gico de Energ\u00eda e Innovaci\u00f3n E-LERNOVA busca Docentes Tutores TP en administraci\u00f3n, ofim\u00e1tica, emprendimiento, contabilidad, gesti\u00f3n organizacional, catedra c\u00edvica. (Agosto 26\/2020 &#8211;\u00a0Septiembre 15\/2020) Tecnol\u00f3gico de Energ\u00eda e Innovaci\u00f3n E-LERNOVA busca Docentes Tutores TP en [&hellip;]","og_url":"https:\/\/elernova.edu.co\/index\/bolsa-de-empleo\/","og_site_name":"E-Lernova - Tecnol\u00f3gico de Energ\u00eda e Innovaci\u00f3n.","article_modified_time":"2023-02-13T17:18:36+00:00","og_image":[{"url":"https:\/\/elernova.edu.co\/index\/wp-content\/uploads\/2023\/02\/tuberias-1.jpg","type":"","width":"","height":""}],"twitter_card":"summary_large_image","twitter_misc":{"Tiempo de lectura":"1 minuto"},"schema":{"@context":"https:\/\/schema.org","@graph":[{"@type":"WebPage","@id":"https:\/\/elernova.edu.co\/index\/bolsa-de-empleo\/","url":"https:\/\/elernova.edu.co\/index\/bolsa-de-empleo\/","name":"Bolsa de empleo - E-Lernova - Tecnol\u00f3gico de Energ\u00eda e Innovaci\u00f3n.","isPartOf":{"@id":"https:\/\/elernova.edu.co\/index\/#website"},"primaryImageOfPage":{"@id":"https:\/\/elernova.edu.co\/index\/bolsa-de-empleo\/#primaryimage"},"image":{"@id":"https:\/\/elernova.edu.co\/index\/bolsa-de-empleo\/#primaryimage"},"thumbnailUrl":"https:\/\/elernova.edu.co\/index\/wp-content\/uploads\/2023\/02\/tuberias-1.jpg","datePublished":"2023-01-20T20:04:01+00:00","dateModified":"2023-02-13T17:18:36+00:00","breadcrumb":{"@id":"https:\/\/elernova.edu.co\/index\/bolsa-de-empleo\/#breadcrumb"},"inLanguage":"es-CO","potentialAction":[{"@type":"ReadAction","target":["https:\/\/elernova.edu.co\/index\/bolsa-de-empleo\/"]}]},{"@type":"ImageObject","inLanguage":"es-CO","@id":"https:\/\/elernova.edu.co\/index\/bolsa-de-empleo\/#primaryimage","url":"https:\/\/elernova.edu.co\/index\/wp-content\/uploads\/2023\/02\/tuberias-1.jpg","contentUrl":"https:\/\/elernova.edu.co\/index\/wp-content\/uploads\/2023\/02\/tuberias-1.jpg","width":417,"height":260},{"@type":"BreadcrumbList","@id":"https:\/\/elernova.edu.co\/index\/bolsa-de-empleo\/#breadcrumb","itemListElement":[{"@type":"ListItem","position":1,"name":"Inicio","item":"https:\/\/elernova.edu.co\/index\/"},{"@type":"ListItem","position":2,"name":"Bolsa de empleo"}]},{"@type":"WebSite","@id":"https:\/\/elernova.edu.co\/index\/#website","url":"https:\/\/elernova.edu.co\/index\/","name":"E-Lernova - Tecnol\u00f3gico de Energ\u00eda e Innovaci\u00f3n.","description":"","publisher":{"@id":"https:\/\/elernova.edu.co\/index\/#organization"},"potentialAction":[{"@type":"SearchAction","target":{"@type":"EntryPoint","urlTemplate":"https:\/\/elernova.edu.co\/index\/?s={search_term_string}"},"query-input":{"@type":"PropertyValueSpecification","valueRequired":true,"valueName":"search_term_string"}}],"inLanguage":"es-CO"},{"@type":"Organization","@id":"https:\/\/elernova.edu.co\/index\/#organization","name":"E-Lernova - Tecnol\u00f3gico de Energ\u00eda e Innovaci\u00f3n.","url":"https:\/\/elernova.edu.co\/index\/","logo":{"@type":"ImageObject","inLanguage":"es-CO","@id":"https:\/\/elernova.edu.co\/index\/#\/schema\/logo\/image\/","url":"https:\/\/elernova.edu.co\/index\/wp-content\/uploads\/2023\/02\/Logo-Elernova-color.png","contentUrl":"https:\/\/elernova.edu.co\/index\/wp-content\/uploads\/2023\/02\/Logo-Elernova-color.png","width":207,"height":82,"caption":"E-Lernova - Tecnol\u00f3gico de Energ\u00eda e Innovaci\u00f3n."},"image":{"@id":"https:\/\/elernova.edu.co\/index\/#\/schema\/logo\/image\/"}}]}},"uagb_featured_image_src":{"full":false,"thumbnail":false,"medium":false,"medium_large":false,"large":false,"1536x1536":false,"2048x2048":false},"uagb_author_info":{"display_name":"admin","author_link":"https:\/\/elernova.edu.co\/index\/author\/admin\/"},"uagb_comment_info":0,"uagb_excerpt":"Bolsa de Empleo (Agosto 26\/2020 &#8211;\u00a0Septiembre 15\/2020) Tecnol\u00f3gico de Energ\u00eda e Innovaci\u00f3n E-LERNOVA busca Director de Investigaci\u00f3n: (Agosto 26\/2020 &#8211;\u00a0Septiembre 15\/2020) Tecnol\u00f3gico de Energ\u00eda e Innovaci\u00f3n E-LERNOVA busca Docentes Tutores TP en administraci\u00f3n, ofim\u00e1tica, emprendimiento, contabilidad, gesti\u00f3n organizacional, catedra c\u00edvica. (Agosto 26\/2020 &#8211;\u00a0Septiembre 15\/2020) Tecnol\u00f3gico de Energ\u00eda e Innovaci\u00f3n E-LERNOVA busca Docentes Tutores TP en&hellip;","_links":{"self":[{"href":"https:\/\/elernova.edu.co\/index\/wp-json\/wp\/v2\/pages\/1721","targetHints":{"allow":["GET"]}}],"collection":[{"href":"https:\/\/elernova.edu.co\/index\/wp-json\/wp\/v2\/pages"}],"about":[{"href":"https:\/\/elernova.edu.co\/index\/wp-json\/wp\/v2\/types\/page"}],"author":[{"embeddable":true,"href":"https:\/\/elernova.edu.co\/index\/wp-json\/wp\/v2\/users\/1"}],"replies":[{"embeddable":true,"href":"https:\/\/elernova.edu.co\/index\/wp-json\/wp\/v2\/comments?post=1721"}],"version-history":[{"count":31,"href":"https:\/\/elernova.edu.co\/index\/wp-json\/wp\/v2\/pages\/1721\/revisions"}],"predecessor-version":[{"id":3638,"href":"https:\/\/elernova.edu.co\/index\/wp-json\/wp\/v2\/pages\/1721\/revisions\/3638"}],"wp:attachment":[{"href":"https:\/\/elernova.edu.co\/index\/wp-json\/wp\/v2\/media?parent=1721"}],"curies":[{"name":"wp","href":"https:\/\/api.w.org\/{rel}","templated":true}]}}