{"id":1699,"date":"2023-01-20T15:00:54","date_gmt":"2023-01-20T20:00:54","guid":{"rendered":"https:\/\/elernova.edu.co\/index\/?page_id=1699"},"modified":"2023-02-13T13:12:43","modified_gmt":"2023-02-13T18:12:43","slug":"modelo-pedagogico","status":"publish","type":"page","link":"https:\/\/elernova.edu.co\/index\/modelo-pedagogico\/","title":{"rendered":"Modelo pedag\u00f3gico"},"content":{"rendered":"\t\t<div data-elementor-type=\"wp-page\" data-elementor-id=\"1699\" class=\"elementor elementor-1699\">\n\t\t\t\t\t\t<section class=\"elementor-section elementor-top-section elementor-element elementor-element-bc373da elementor-section-height-min-height elementor-section-stretched elementor-section-boxed elementor-section-height-default elementor-section-items-middle\" data-id=\"bc373da\" data-element_type=\"section\" data-e-type=\"section\" data-settings=\"{&quot;stretch_section&quot;:&quot;section-stretched&quot;,&quot;background_background&quot;:&quot;classic&quot;}\">\n\t\t\t\t\t\t<div class=\"elementor-container elementor-column-gap-default\">\n\t\t\t\t\t<div class=\"elementor-column elementor-col-100 elementor-top-column elementor-element elementor-element-416d4e6e\" data-id=\"416d4e6e\" data-element_type=\"column\" data-e-type=\"column\">\n\t\t\t<div class=\"elementor-widget-wrap\">\n\t\t\t\t\t\t\t<\/div>\n\t\t<\/div>\n\t\t\t\t\t<\/div>\n\t\t<\/section>\n\t\t\t\t<section class=\"elementor-section elementor-top-section elementor-element elementor-element-05dc32a elementor-section-boxed elementor-section-height-default elementor-section-height-default\" data-id=\"05dc32a\" data-element_type=\"section\" data-e-type=\"section\">\n\t\t\t\t\t\t<div class=\"elementor-container elementor-column-gap-default\">\n\t\t\t\t\t<div class=\"elementor-column elementor-col-100 elementor-top-column elementor-element elementor-element-29e5f73\" data-id=\"29e5f73\" data-element_type=\"column\" data-e-type=\"column\">\n\t\t\t<div class=\"elementor-widget-wrap elementor-element-populated\">\n\t\t\t\t\t\t<div class=\"elementor-element elementor-element-8506f8e elementor-widget elementor-widget-text-editor\" data-id=\"8506f8e\" data-element_type=\"widget\" data-e-type=\"widget\" data-widget_type=\"text-editor.default\">\n\t\t\t\t<div class=\"elementor-widget-container\">\n\t\t\t\t\t\t\t\t\t<p><strong>El Modelo pedag\u00f3gico Socioconstructivista<\/strong>\u00a0\u2013 cognitivo E-LERNOVISTA utiliza como enfoque el aprendizaje significativo, donde el protagonista principal del proceso de ense\u00f1anza\/aprendizaje es el estudiante, la condici\u00f3n fundamental se encuentra en la interacci\u00f3n coherente entre sus saberes previos y las cualidades de las herramientas que el maestro construye para que se ajusten a los constructos ya existentes y posibiliten el alcance de los resultados de aprendizaje esperados.<\/p>\n<p>El rol del estudiante en coherencia con la premisa humanista, socioconstructivista de tipo cognitivo y en el marco del aprendizaje significativo, en la que se entiende al ser humano como quien construye y es responsable de su realidad, que a su vez hace parte de entornos sociales, culturales y ambientales en los que su presencia tiene repercusi\u00f3n en la din\u00e1mica espec\u00edfica, se encuentra demarcado por funciones que demandan autonom\u00eda y responsabilidad \u00e9tica.<\/p>\t\t\t\t\t\t\t\t<\/div>\n\t\t\t\t<\/div>\n\t\t\t\t<div class=\"elementor-element elementor-element-f638c27 elementor-widget elementor-widget-image\" data-id=\"f638c27\" data-element_type=\"widget\" data-e-type=\"widget\" data-widget_type=\"image.default\">\n\t\t\t\t<div class=\"elementor-widget-container\">\n\t\t\t\t\t\t\t\t\t\t\t\t\t\t\t\t<a href=\"https:\/\/elernova.edu.co\/index\/wp-content\/uploads\/2023\/02\/mod-pedagogico-1.jpeg\" data-elementor-open-lightbox=\"yes\" data-elementor-lightbox-title=\"mod-pedagogico\" data-e-action-hash=\"#elementor-action%3Aaction%3Dlightbox%26settings%3DeyJpZCI6MjcyMywidXJsIjoiaHR0cHM6XC9cL2VsZXJub3ZhLmVkdS5jb1wvaW5kZXhcL3dwLWNvbnRlbnRcL3VwbG9hZHNcLzIwMjNcLzAyXC9tb2QtcGVkYWdvZ2ljby0xLmpwZWcifQ%3D%3D\">\n\t\t\t\t\t\t\t<img fetchpriority=\"high\" decoding=\"async\" width=\"1024\" height=\"1024\" src=\"https:\/\/elernova.edu.co\/index\/wp-content\/uploads\/2023\/02\/mod-pedagogico-1.jpeg\" class=\"attachment-large size-large wp-image-2723\" alt=\"\" \/>\t\t\t\t\t\t\t\t<\/a>\n\t\t\t\t\t\t\t\t\t\t\t\t\t\t\t<\/div>\n\t\t\t\t<\/div>\n\t\t\t\t<div class=\"elementor-element elementor-element-861fe76 elementor-widget elementor-widget-text-editor\" data-id=\"861fe76\" data-element_type=\"widget\" data-e-type=\"widget\" data-widget_type=\"text-editor.default\">\n\t\t\t\t<div class=\"elementor-widget-container\">\n\t\t\t\t\t\t\t\t\t<p>En la modalidad virtual para el aprendizaje utilizada por E-LERNOVA, en donde el centro del aprendizaje es el estudiante: Valora, reconoce y retoma para el proceso ense\u00f1anza\/aprendizaje su individualidad, es desde sus saberes previos que se orienta el proceso y se dise\u00f1an los objetos virtuales de aprendizaje. Herramientas didacticas que le exigen poner en acci\u00f3n la capacidad \u00fanica humana de autogestionarse, organizarse y trabajar en equipo para el alcance de lo que se desea aprehender.<\/p>\n<p>Los objetos virtuales de aprendizaje en su conjunto, como herramientas did\u00e1cticas utilizadas en el proceso de ense\u00f1abilidad, adem\u00e1s de estar orientados hac\u00eda el desarrollo de competencias disciplinares propias de cada programa, contienen un componente tranversal que propician el aprendizaje de conocimientos, habilidades, actitudes y valores \u00fatiles para que el estudiante pueda desempe\u00f1arse en cualquier labor, E- LERNOVA dispone todo su andamiaje acad\u00e9mico e institucional al servicio del estudiante.<\/p>\n<p>Los objetos virtuales de aprendizaje son recursos, herramientas que por s\u00ed solas no posibilitan un resultado de aprendizaje, deben estar dotados de una intencionalidad pedag\u00f3gica\/did\u00e1ctica, que cumple dos funciones: La de facilitar la funci\u00f3n docente como mediador entre el estado inicial del estudiante con respecto a un resultado de aprendizaje, su segunda funci\u00f3n est\u00e1 destinada para que el contenido sea comprensible en un proceso de aprendizaje con sentido para los estudiantes (Premisa del aprendizaje significativo).<\/p>\n<p>La funci\u00f3n del tutor (Mediador) en el aprendizaje significativo adem\u00e1s de orientar con su saber el alcance propio que la disciplina en donde se enmarca la interacci\u00f3n estudiante\/tutor , debe estar proyectada a que el estudiante aprenda a aprender, procurar que el estudiante en su proceso construya nuevos significados, investiguen, argumenten sus ideas, sean cooperativos, propongan alternativas y resuelvan problemas; y que en este proceso se den cuenta el c\u00f3mo logran sus resultados.<\/p>\n<p>La manera did\u00e1ctica para que se genere un aprendizaje significativo, utilizado por E-LERNOVA es a trav\u00e9s de la soluci\u00f3n de situaciones probl\u00e9micas contextualizadas a las demandas de formaci\u00f3n del sector productivo, est\u00e1 metodolog\u00eda posibilita que de manera transversal se desarrollen competencias laborales generales y de investigaci\u00f3n , propicia un pensamiento cr\u00edtico e implica el ejercicio de diferentes operaciones mentales de an\u00e1lisis, s\u00edntesis, analogismos, entre otras ; pone en juego la capacidades para evaluar y usar apropiadamente los recursos del aprendizaje, trabajar colaborativamente , demostrar versatilidad para la comunicaci\u00f3n, tanto de forma verbal como escrita (Sanchez S &amp; Ramis, 2004).<\/p>\n<p>El aprendizaje significativo basado en la soluci\u00f3n de problemas posibilita entonces tanto el desarrollo de competencias espec\u00edficas propias de la disciplina, como laborales de tipo general y de investigaci\u00f3n, as\u00ed como tambi\u00e9n exige la actuaci\u00f3n de operaciones mentales.<\/p>\t\t\t\t\t\t\t\t<\/div>\n\t\t\t\t<\/div>\n\t\t\t\t<div class=\"elementor-element elementor-element-76df4e8 elementor-widget elementor-widget-image\" data-id=\"76df4e8\" data-element_type=\"widget\" data-e-type=\"widget\" data-widget_type=\"image.default\">\n\t\t\t\t<div class=\"elementor-widget-container\">\n\t\t\t\t\t\t\t\t\t\t\t\t\t\t\t<img decoding=\"async\" src=\"https:\/\/elernova.edu.co\/index\/wp-content\/uploads\/elementor\/thumbs\/mod-ped-11-q1vlp7ydkfxn0eqtp0788eey3nrzmd37mjlwo5128k.jpg\" title=\"mod-ped-11\" alt=\"mod-ped-11\" loading=\"lazy\" \/>\t\t\t\t\t\t\t\t\t\t\t\t\t\t\t<\/div>\n\t\t\t\t<\/div>\n\t\t\t\t<div class=\"elementor-element elementor-element-4199857 elementor-widget elementor-widget-image\" data-id=\"4199857\" data-element_type=\"widget\" data-e-type=\"widget\" data-widget_type=\"image.default\">\n\t\t\t\t<div class=\"elementor-widget-container\">\n\t\t\t\t\t\t\t\t\t\t\t\t\t\t\t<img decoding=\"async\" src=\"https:\/\/elernova.edu.co\/index\/wp-content\/uploads\/elementor\/thumbs\/mod-ped-2-q1vlpj8fugd2vqafv52r2bkh8a8e6qbzo3fqfgkc5w.jpg\" title=\"mod-ped-2\" alt=\"mod-ped-2\" loading=\"lazy\" \/>\t\t\t\t\t\t\t\t\t\t\t\t\t\t\t<\/div>\n\t\t\t\t<\/div>\n\t\t\t\t<div class=\"elementor-element elementor-element-c39b8fe elementor-widget elementor-widget-image\" data-id=\"c39b8fe\" data-element_type=\"widget\" data-e-type=\"widget\" data-widget_type=\"image.default\">\n\t\t\t\t<div class=\"elementor-widget-container\">\n\t\t\t\t\t\t\t\t\t\t\t\t<figure class=\"wp-caption\">\n\t\t\t\t\t\t\t\t\t\t<img decoding=\"async\" width=\"960\" height=\"720\" src=\"https:\/\/elernova.edu.co\/index\/wp-content\/uploads\/2023\/02\/mod-ped-3.jpeg\" class=\"attachment-full size-full wp-image-2719\" alt=\"\" \/>\t\t\t\t\t\t\t\t\t\t\t<figcaption class=\"widget-image-caption wp-caption-text\"><\/figcaption>\n\t\t\t\t\t\t\t\t\t\t<\/figure>\n\t\t\t\t\t\t\t\t\t<\/div>\n\t\t\t\t<\/div>\n\t\t\t\t\t<\/div>\n\t\t<\/div>\n\t\t\t\t\t<\/div>\n\t\t<\/section>\n\t\t\t\t<\/div>\n\t\t","protected":false},"excerpt":{"rendered":"<p>El Modelo pedag\u00f3gico Socioconstructivista\u00a0\u2013 cognitivo E-LERNOVISTA utiliza como enfoque el aprendizaje significativo, donde el protagonista principal del proceso de ense\u00f1anza\/aprendizaje es el estudiante, la condici\u00f3n fundamental se encuentra en la interacci\u00f3n coherente entre sus saberes previos y las cualidades de las herramientas que el maestro construye para que se ajusten a los constructos ya existentes [&hellip;]<\/p>\n","protected":false},"author":1,"featured_media":0,"parent":0,"menu_order":0,"comment_status":"closed","ping_status":"closed","template":"","meta":{"_uag_custom_page_level_css":"","site-sidebar-layout":"default","site-content-layout":"plain-container","ast-site-content-layout":"default","site-content-style":"default","site-sidebar-style":"default","ast-global-header-display":"","ast-banner-title-visibility":"","ast-main-header-display":"","ast-hfb-above-header-display":"","ast-hfb-below-header-display":"","ast-hfb-mobile-header-display":"","site-post-title":"disabled","ast-breadcrumbs-content":"","ast-featured-img":"","footer-sml-layout":"","theme-transparent-header-meta":"","adv-header-id-meta":"","stick-header-meta":"","header-above-stick-meta":"","header-main-stick-meta":"","header-below-stick-meta":"","astra-migrate-meta-layouts":"default","ast-page-background-enabled":"default","ast-page-background-meta":{"desktop":{"background-color":"","background-image":"","background-repeat":"repeat","background-position":"center center","background-size":"auto","background-attachment":"scroll","background-type":"","background-media":"","overlay-type":"","overlay-color":"","overlay-opacity":"","overlay-gradient":""},"tablet":{"background-color":"","background-image":"","background-repeat":"repeat","background-position":"center center","background-size":"auto","background-attachment":"scroll","background-type":"","background-media":"","overlay-type":"","overlay-color":"","overlay-opacity":"","overlay-gradient":""},"mobile":{"background-color":"","background-image":"","background-repeat":"repeat","background-position":"center center","background-size":"auto","background-attachment":"scroll","background-type":"","background-media":"","overlay-type":"","overlay-color":"","overlay-opacity":"","overlay-gradient":""}},"ast-content-background-meta":{"desktop":{"background-color":"var(--ast-global-color-5)","background-image":"","background-repeat":"repeat","background-position":"center center","background-size":"auto","background-attachment":"scroll","background-type":"","background-media":"","overlay-type":"","overlay-color":"","overlay-opacity":"","overlay-gradient":""},"tablet":{"background-color":"var(--ast-global-color-5)","background-image":"","background-repeat":"repeat","background-position":"center center","background-size":"auto","background-attachment":"scroll","background-type":"","background-media":"","overlay-type":"","overlay-color":"","overlay-opacity":"","overlay-gradient":""},"mobile":{"background-color":"var(--ast-global-color-5)","background-image":"","background-repeat":"repeat","background-position":"center center","background-size":"auto","background-attachment":"scroll","background-type":"","background-media":"","overlay-type":"","overlay-color":"","overlay-opacity":"","overlay-gradient":""}},"footnotes":""},"class_list":["post-1699","page","type-page","status-publish","hentry"],"yoast_head":"<!-- This site is optimized with the Yoast SEO plugin v27.4 - https:\/\/yoast.com\/product\/yoast-seo-wordpress\/ -->\n<title>Modelo pedag\u00f3gico - E-Lernova - Tecnol\u00f3gico de Energ\u00eda e Innovaci\u00f3n.<\/title>\n<meta name=\"robots\" content=\"index, follow, max-snippet:-1, max-image-preview:large, max-video-preview:-1\" \/>\n<link rel=\"canonical\" href=\"https:\/\/elernova.edu.co\/index\/modelo-pedagogico\/\" \/>\n<meta property=\"og:locale\" content=\"es_ES\" \/>\n<meta property=\"og:type\" content=\"article\" \/>\n<meta property=\"og:title\" content=\"Modelo pedag\u00f3gico - E-Lernova - Tecnol\u00f3gico de Energ\u00eda e Innovaci\u00f3n.\" \/>\n<meta property=\"og:description\" content=\"El Modelo pedag\u00f3gico Socioconstructivista\u00a0\u2013 cognitivo E-LERNOVISTA utiliza como enfoque el aprendizaje significativo, donde el protagonista principal del proceso de ense\u00f1anza\/aprendizaje es el estudiante, la condici\u00f3n fundamental se encuentra en la interacci\u00f3n coherente entre sus saberes previos y las cualidades de las herramientas que el maestro construye para que se ajusten a los constructos ya existentes [&hellip;]\" \/>\n<meta property=\"og:url\" content=\"https:\/\/elernova.edu.co\/index\/modelo-pedagogico\/\" \/>\n<meta property=\"og:site_name\" content=\"E-Lernova - Tecnol\u00f3gico de Energ\u00eda e Innovaci\u00f3n.\" \/>\n<meta property=\"article:modified_time\" content=\"2023-02-13T18:12:43+00:00\" \/>\n<meta property=\"og:image\" content=\"https:\/\/elernova.edu.co\/index\/wp-content\/uploads\/2023\/02\/mod-pedagogico-1.jpeg\" \/>\n<meta name=\"twitter:card\" content=\"summary_large_image\" \/>\n<meta name=\"twitter:label1\" content=\"Tiempo de lectura\" \/>\n\t<meta name=\"twitter:data1\" content=\"3 minutos\" \/>\n<script type=\"application\/ld+json\" class=\"yoast-schema-graph\">{\"@context\":\"https:\\\/\\\/schema.org\",\"@graph\":[{\"@type\":\"WebPage\",\"@id\":\"https:\\\/\\\/elernova.edu.co\\\/index\\\/modelo-pedagogico\\\/\",\"url\":\"https:\\\/\\\/elernova.edu.co\\\/index\\\/modelo-pedagogico\\\/\",\"name\":\"Modelo pedag\u00f3gico - E-Lernova - Tecnol\u00f3gico de Energ\u00eda e Innovaci\u00f3n.\",\"isPartOf\":{\"@id\":\"https:\\\/\\\/elernova.edu.co\\\/index\\\/#website\"},\"primaryImageOfPage\":{\"@id\":\"https:\\\/\\\/elernova.edu.co\\\/index\\\/modelo-pedagogico\\\/#primaryimage\"},\"image\":{\"@id\":\"https:\\\/\\\/elernova.edu.co\\\/index\\\/modelo-pedagogico\\\/#primaryimage\"},\"thumbnailUrl\":\"https:\\\/\\\/elernova.edu.co\\\/index\\\/wp-content\\\/uploads\\\/2023\\\/02\\\/mod-pedagogico-1.jpeg\",\"datePublished\":\"2023-01-20T20:00:54+00:00\",\"dateModified\":\"2023-02-13T18:12:43+00:00\",\"breadcrumb\":{\"@id\":\"https:\\\/\\\/elernova.edu.co\\\/index\\\/modelo-pedagogico\\\/#breadcrumb\"},\"inLanguage\":\"es-CO\",\"potentialAction\":[{\"@type\":\"ReadAction\",\"target\":[\"https:\\\/\\\/elernova.edu.co\\\/index\\\/modelo-pedagogico\\\/\"]}]},{\"@type\":\"ImageObject\",\"inLanguage\":\"es-CO\",\"@id\":\"https:\\\/\\\/elernova.edu.co\\\/index\\\/modelo-pedagogico\\\/#primaryimage\",\"url\":\"https:\\\/\\\/elernova.edu.co\\\/index\\\/wp-content\\\/uploads\\\/2023\\\/02\\\/mod-pedagogico-1.jpeg\",\"contentUrl\":\"https:\\\/\\\/elernova.edu.co\\\/index\\\/wp-content\\\/uploads\\\/2023\\\/02\\\/mod-pedagogico-1.jpeg\"},{\"@type\":\"BreadcrumbList\",\"@id\":\"https:\\\/\\\/elernova.edu.co\\\/index\\\/modelo-pedagogico\\\/#breadcrumb\",\"itemListElement\":[{\"@type\":\"ListItem\",\"position\":1,\"name\":\"Inicio\",\"item\":\"https:\\\/\\\/elernova.edu.co\\\/index\\\/\"},{\"@type\":\"ListItem\",\"position\":2,\"name\":\"Modelo pedag\u00f3gico\"}]},{\"@type\":\"WebSite\",\"@id\":\"https:\\\/\\\/elernova.edu.co\\\/index\\\/#website\",\"url\":\"https:\\\/\\\/elernova.edu.co\\\/index\\\/\",\"name\":\"E-Lernova - Tecnol\u00f3gico de Energ\u00eda e Innovaci\u00f3n.\",\"description\":\"\",\"publisher\":{\"@id\":\"https:\\\/\\\/elernova.edu.co\\\/index\\\/#organization\"},\"potentialAction\":[{\"@type\":\"SearchAction\",\"target\":{\"@type\":\"EntryPoint\",\"urlTemplate\":\"https:\\\/\\\/elernova.edu.co\\\/index\\\/?s={search_term_string}\"},\"query-input\":{\"@type\":\"PropertyValueSpecification\",\"valueRequired\":true,\"valueName\":\"search_term_string\"}}],\"inLanguage\":\"es-CO\"},{\"@type\":\"Organization\",\"@id\":\"https:\\\/\\\/elernova.edu.co\\\/index\\\/#organization\",\"name\":\"E-Lernova - Tecnol\u00f3gico de Energ\u00eda e Innovaci\u00f3n.\",\"url\":\"https:\\\/\\\/elernova.edu.co\\\/index\\\/\",\"logo\":{\"@type\":\"ImageObject\",\"inLanguage\":\"es-CO\",\"@id\":\"https:\\\/\\\/elernova.edu.co\\\/index\\\/#\\\/schema\\\/logo\\\/image\\\/\",\"url\":\"https:\\\/\\\/elernova.edu.co\\\/index\\\/wp-content\\\/uploads\\\/2023\\\/02\\\/Logo-Elernova-color.png\",\"contentUrl\":\"https:\\\/\\\/elernova.edu.co\\\/index\\\/wp-content\\\/uploads\\\/2023\\\/02\\\/Logo-Elernova-color.png\",\"width\":207,\"height\":82,\"caption\":\"E-Lernova - Tecnol\u00f3gico de Energ\u00eda e Innovaci\u00f3n.\"},\"image\":{\"@id\":\"https:\\\/\\\/elernova.edu.co\\\/index\\\/#\\\/schema\\\/logo\\\/image\\\/\"}}]}<\/script>\n<!-- \/ Yoast SEO plugin. -->","yoast_head_json":{"title":"Modelo pedag\u00f3gico - E-Lernova - Tecnol\u00f3gico de Energ\u00eda e Innovaci\u00f3n.","robots":{"index":"index","follow":"follow","max-snippet":"max-snippet:-1","max-image-preview":"max-image-preview:large","max-video-preview":"max-video-preview:-1"},"canonical":"https:\/\/elernova.edu.co\/index\/modelo-pedagogico\/","og_locale":"es_ES","og_type":"article","og_title":"Modelo pedag\u00f3gico - E-Lernova - Tecnol\u00f3gico de Energ\u00eda e Innovaci\u00f3n.","og_description":"El Modelo pedag\u00f3gico Socioconstructivista\u00a0\u2013 cognitivo E-LERNOVISTA utiliza como enfoque el aprendizaje significativo, donde el protagonista principal del proceso de ense\u00f1anza\/aprendizaje es el estudiante, la condici\u00f3n fundamental se encuentra en la interacci\u00f3n coherente entre sus saberes previos y las cualidades de las herramientas que el maestro construye para que se ajusten a los constructos ya existentes [&hellip;]","og_url":"https:\/\/elernova.edu.co\/index\/modelo-pedagogico\/","og_site_name":"E-Lernova - Tecnol\u00f3gico de Energ\u00eda e Innovaci\u00f3n.","article_modified_time":"2023-02-13T18:12:43+00:00","og_image":[{"url":"https:\/\/elernova.edu.co\/index\/wp-content\/uploads\/2023\/02\/mod-pedagogico-1.jpeg","type":"","width":"","height":""}],"twitter_card":"summary_large_image","twitter_misc":{"Tiempo de lectura":"3 minutos"},"schema":{"@context":"https:\/\/schema.org","@graph":[{"@type":"WebPage","@id":"https:\/\/elernova.edu.co\/index\/modelo-pedagogico\/","url":"https:\/\/elernova.edu.co\/index\/modelo-pedagogico\/","name":"Modelo pedag\u00f3gico - E-Lernova - Tecnol\u00f3gico de Energ\u00eda e Innovaci\u00f3n.","isPartOf":{"@id":"https:\/\/elernova.edu.co\/index\/#website"},"primaryImageOfPage":{"@id":"https:\/\/elernova.edu.co\/index\/modelo-pedagogico\/#primaryimage"},"image":{"@id":"https:\/\/elernova.edu.co\/index\/modelo-pedagogico\/#primaryimage"},"thumbnailUrl":"https:\/\/elernova.edu.co\/index\/wp-content\/uploads\/2023\/02\/mod-pedagogico-1.jpeg","datePublished":"2023-01-20T20:00:54+00:00","dateModified":"2023-02-13T18:12:43+00:00","breadcrumb":{"@id":"https:\/\/elernova.edu.co\/index\/modelo-pedagogico\/#breadcrumb"},"inLanguage":"es-CO","potentialAction":[{"@type":"ReadAction","target":["https:\/\/elernova.edu.co\/index\/modelo-pedagogico\/"]}]},{"@type":"ImageObject","inLanguage":"es-CO","@id":"https:\/\/elernova.edu.co\/index\/modelo-pedagogico\/#primaryimage","url":"https:\/\/elernova.edu.co\/index\/wp-content\/uploads\/2023\/02\/mod-pedagogico-1.jpeg","contentUrl":"https:\/\/elernova.edu.co\/index\/wp-content\/uploads\/2023\/02\/mod-pedagogico-1.jpeg"},{"@type":"BreadcrumbList","@id":"https:\/\/elernova.edu.co\/index\/modelo-pedagogico\/#breadcrumb","itemListElement":[{"@type":"ListItem","position":1,"name":"Inicio","item":"https:\/\/elernova.edu.co\/index\/"},{"@type":"ListItem","position":2,"name":"Modelo pedag\u00f3gico"}]},{"@type":"WebSite","@id":"https:\/\/elernova.edu.co\/index\/#website","url":"https:\/\/elernova.edu.co\/index\/","name":"E-Lernova - Tecnol\u00f3gico de Energ\u00eda e Innovaci\u00f3n.","description":"","publisher":{"@id":"https:\/\/elernova.edu.co\/index\/#organization"},"potentialAction":[{"@type":"SearchAction","target":{"@type":"EntryPoint","urlTemplate":"https:\/\/elernova.edu.co\/index\/?s={search_term_string}"},"query-input":{"@type":"PropertyValueSpecification","valueRequired":true,"valueName":"search_term_string"}}],"inLanguage":"es-CO"},{"@type":"Organization","@id":"https:\/\/elernova.edu.co\/index\/#organization","name":"E-Lernova - Tecnol\u00f3gico de Energ\u00eda e Innovaci\u00f3n.","url":"https:\/\/elernova.edu.co\/index\/","logo":{"@type":"ImageObject","inLanguage":"es-CO","@id":"https:\/\/elernova.edu.co\/index\/#\/schema\/logo\/image\/","url":"https:\/\/elernova.edu.co\/index\/wp-content\/uploads\/2023\/02\/Logo-Elernova-color.png","contentUrl":"https:\/\/elernova.edu.co\/index\/wp-content\/uploads\/2023\/02\/Logo-Elernova-color.png","width":207,"height":82,"caption":"E-Lernova - Tecnol\u00f3gico de Energ\u00eda e Innovaci\u00f3n."},"image":{"@id":"https:\/\/elernova.edu.co\/index\/#\/schema\/logo\/image\/"}}]}},"uagb_featured_image_src":{"full":false,"thumbnail":false,"medium":false,"medium_large":false,"large":false,"1536x1536":false,"2048x2048":false},"uagb_author_info":{"display_name":"admin","author_link":"https:\/\/elernova.edu.co\/index\/author\/admin\/"},"uagb_comment_info":0,"uagb_excerpt":"El Modelo pedag\u00f3gico Socioconstructivista\u00a0\u2013 cognitivo E-LERNOVISTA utiliza como enfoque el aprendizaje significativo, donde el protagonista principal del proceso de ense\u00f1anza\/aprendizaje es el estudiante, la condici\u00f3n fundamental se encuentra en la interacci\u00f3n coherente entre sus saberes previos y las cualidades de las herramientas que el maestro construye para que se ajusten a los constructos ya existentes&hellip;","_links":{"self":[{"href":"https:\/\/elernova.edu.co\/index\/wp-json\/wp\/v2\/pages\/1699","targetHints":{"allow":["GET"]}}],"collection":[{"href":"https:\/\/elernova.edu.co\/index\/wp-json\/wp\/v2\/pages"}],"about":[{"href":"https:\/\/elernova.edu.co\/index\/wp-json\/wp\/v2\/types\/page"}],"author":[{"embeddable":true,"href":"https:\/\/elernova.edu.co\/index\/wp-json\/wp\/v2\/users\/1"}],"replies":[{"embeddable":true,"href":"https:\/\/elernova.edu.co\/index\/wp-json\/wp\/v2\/comments?post=1699"}],"version-history":[{"count":26,"href":"https:\/\/elernova.edu.co\/index\/wp-json\/wp\/v2\/pages\/1699\/revisions"}],"predecessor-version":[{"id":3866,"href":"https:\/\/elernova.edu.co\/index\/wp-json\/wp\/v2\/pages\/1699\/revisions\/3866"}],"wp:attachment":[{"href":"https:\/\/elernova.edu.co\/index\/wp-json\/wp\/v2\/media?parent=1699"}],"curies":[{"name":"wp","href":"https:\/\/api.w.org\/{rel}","templated":true}]}}