{"id":1688,"date":"2023-01-20T14:58:34","date_gmt":"2023-01-20T19:58:34","guid":{"rendered":"https:\/\/elernova.edu.co\/index\/?page_id=1688"},"modified":"2023-02-13T12:50:17","modified_gmt":"2023-02-13T17:50:17","slug":"investigacion-innovacion-creacion-artistica-y-cultural","status":"publish","type":"page","link":"https:\/\/elernova.edu.co\/index\/investigacion-innovacion-creacion-artistica-y-cultural\/","title":{"rendered":"Investigaci\u00f3n Innovaci\u00f3n Creaci\u00f3n art\u00edstica y cultural"},"content":{"rendered":"\t\t<div data-elementor-type=\"wp-page\" data-elementor-id=\"1688\" class=\"elementor elementor-1688\">\n\t\t\t\t\t\t<section class=\"elementor-section elementor-top-section elementor-element elementor-element-4963d9ce elementor-section-height-min-height elementor-section-stretched elementor-section-boxed elementor-section-height-default elementor-section-items-middle\" data-id=\"4963d9ce\" data-element_type=\"section\" data-e-type=\"section\" data-settings=\"{&quot;stretch_section&quot;:&quot;section-stretched&quot;,&quot;background_background&quot;:&quot;classic&quot;}\">\n\t\t\t\t\t\t<div class=\"elementor-container elementor-column-gap-default\">\n\t\t\t\t\t<div class=\"elementor-column elementor-col-100 elementor-top-column elementor-element elementor-element-4499619e\" data-id=\"4499619e\" data-element_type=\"column\" data-e-type=\"column\">\n\t\t\t<div class=\"elementor-widget-wrap\">\n\t\t\t\t\t\t\t<\/div>\n\t\t<\/div>\n\t\t\t\t\t<\/div>\n\t\t<\/section>\n\t\t\t\t<section class=\"elementor-section elementor-top-section elementor-element elementor-element-1b3212dd elementor-section-boxed elementor-section-height-default elementor-section-height-default\" data-id=\"1b3212dd\" data-element_type=\"section\" data-e-type=\"section\">\n\t\t\t\t\t\t<div class=\"elementor-container elementor-column-gap-default\">\n\t\t\t\t\t<div class=\"elementor-column elementor-col-100 elementor-top-column elementor-element elementor-element-5e4b93ed\" data-id=\"5e4b93ed\" data-element_type=\"column\" data-e-type=\"column\">\n\t\t\t<div class=\"elementor-widget-wrap elementor-element-populated\">\n\t\t\t\t\t\t<div class=\"elementor-element elementor-element-50bcc46 elementor-widget elementor-widget-text-editor\" data-id=\"50bcc46\" data-element_type=\"widget\" data-e-type=\"widget\" data-widget_type=\"text-editor.default\">\n\t\t\t\t<div class=\"elementor-widget-container\">\n\t\t\t\t\t\t\t\t\tE-LERNOVA, en su Proyecto Educativo Institucional, ubica la investigaci\u00f3n como componente importante en sus procesos de formaci\u00f3n, entendiendo que est\u00e1 actividad acad\u00e9mica aporta para el Desarrollo sostenible del pa\u00eds, adopta como enfoque did\u00e1ctico el aprendizaje significativo basado en problemas, el cual posibilita el desarrollo de competencias generales de investigaci\u00f3n, exigiendo constantemente de los estudiantes:\n<ul>\n \t<li>La b\u00fasqueda y selecci\u00f3n de informaci\u00f3n,<\/li>\n \t<li>organizaci\u00f3n de los datos para el planteamiento hip\u00f3tesis,<\/li>\n \t<li>procesos de an\u00e1lisis para ofrecer una soluci\u00f3n viable,<\/li>\n \t<li>focalizaci\u00f3n de alternativas factibles entre diferentes posibilidades alternas al problema planteado (Gil Galv\u00e1n, 2018).<\/li>\n<\/ul>\nEl aprendizaje basado en problemas utilizado por E-LERNOVA en los programas que ofrece, enmarca el proceso de investigaci\u00f3n en lo que se denomina como investigaci\u00f3n formativa, entendida, como los espacios de encuentro entre los docentes y los estudiantes, en los cuales se siguen los modos de proceder propios de la investigaci\u00f3n alrededor de los problemas que se encuentran dispuestos o surgen en el desarrollo del curr\u00edculo, que integra a su vez las estrategias de formaci\u00f3n para la investigaci\u00f3n en los niveles de formaci\u00f3n t\u00e9cnico y tecn\u00f3logo plasmadas en el Programa de Formaci\u00f3n para la Investigaci\u00f3n \u201cCon Ciencia\u201d.\n\n<strong>Programa de Formaci\u00f3n para la Investigaci\u00f3n \u201cCon Ciencia\u201d<\/strong>\n\nLa&nbsp;<strong>formaci\u00f3n para la investigaci\u00f3n&nbsp;<\/strong>busca despertar el inter\u00e9s de los estudiantes y elevar su vocaci\u00f3n en los \u00e1mbitos de la investigaci\u00f3n, as\u00ed como facilitar la profundizaci\u00f3n e&nbsp;interdisciplinariedad sobre componentes propios para la generaci\u00f3n y apropiaci\u00f3n del&nbsp;conocimiento, desde el aprender haciendo. Esta estrategia se ha dise\u00f1ado para los niveles de formaci\u00f3n t\u00e9cnico y tecnol\u00f3gico, as\u00ed:\n\n<strong>\u201cDiscute\u201d,&nbsp;<\/strong>estrategia dise\u00f1ada para la titulaci\u00f3n de t\u00e9cnico, orientada a desarrollar en el&nbsp;estudiante lectura comprensiva y cr\u00edtica, de la mano de un espacio para conjeturar, evaluar lo le\u00eddo y pasar a la fase de construcci\u00f3n textual en los foros virtuales.\n\n<strong>\u201cDescubre\u201d,&nbsp;<\/strong>estrategia dise\u00f1ada para la titulaci\u00f3n de tecn\u00f3logo, orientada a desarrollar en el estudiante competencias de estructuraci\u00f3n de ideas, conceptualizaci\u00f3n preguntas, habilidad para crear, descubrir y concluir, de la mano de t\u00e9cnicas de redacci\u00f3n y presentaci\u00f3n de resultados escritos.\n\n<strong>\u201cSemilleros de investigaci\u00f3n\u201d,&nbsp;<\/strong>como una estrategia de formaci\u00f3n integral de libre elecci\u00f3n, en la cual se busca que el estudiante participe como parte del grupo de investigaci\u00f3n y desarrolle competencias de pensamiento cr\u00edtico, planteamiento, resoluci\u00f3n de problemas y capacidad de exponer resultados, mediante las figuras de \u201csemilleros de investigaci\u00f3n\u201d.\n\nPOLITICA DE&nbsp;<strong>INVESTIGACI\u00d3N INNOVACI\u00d3N CREACI\u00d3N ART\u00cdSTICA Y CULTURAL<\/strong>\n\n<em>\u201c La investigaci\u00f3n, innovaci\u00f3n creaci\u00f3n art\u00edstica y cultural en E-LERNOVA se enfoca en la formaci\u00f3n integral, aut\u00f3noma y responsable de los estudiantes para el reconocimiento de los problemas de la sociedad en sus diferentes \u00e1mbitos y la b\u00fasqueda de soluciones efectivas por medio de una metodolog\u00eda aplicable a su vida profesional contando con la gu\u00eda y apoyo de personal con vocaci\u00f3n a la investigaci\u00f3n \u201c<\/em>\n\nEl \u00e1mbito de la investigaci\u00f3n de E-LERNOVA se debe desarrollar en cualquier etapa siguiendo&nbsp;estos lineamientos o c\u00f3digo de \u00e9tica:\n<ul>\n \t<li>El valor social o cient\u00edfico de la investigaci\u00f3n<\/li>\n \t<li>Tratamiento de los participantes de la investigaci\u00f3n evitando da\u00f1o moral, manteniendo<\/li>\n \t<li>El respeto a los derecho y dignidad de las personas asegurando la conformidad de estos.<\/li>\n \t<li>Consentimiento informado a todos los miembros de la investigaci\u00f3n.<\/li>\n \t<li>Cumplimiento con compromisos de confidencialidad.<\/li>\n \t<li>Raz\u00f3n riesgo beneficio.<\/li>\n \t<li>Control para evitar el plagio.<\/li>\n \t<li>Fraude de datos: La investigaci\u00f3n educativa no debe fabricar, ni falsificar, ni ser fraudulenta con los datos, evidencias, resultados o conclusiones.<\/li>\n<\/ul>\n<p style=\"text-align: center;\"><img decoding=\"async\" class=\"alignnone size-full wp-image-2223\" src=\"https:\/\/elernova.edu.co\/index\/wp-content\/uploads\/2023\/02\/faviconeler.png\" alt=\"\" width=\"16\" height=\"16\">Descargue aqu\u00ed el&nbsp;<a href=\"https:\/\/elernova.edu.co\/index\/wp-content\/uploads\/2023\/02\/investigacion-innovacion-creacion-artistica-y-cultural.pdf\" data-wplink-url-error=\"true\">Formato para la investigaci\u00f3n<\/a><\/p>\t\t\t\t\t\t\t\t<\/div>\n\t\t\t\t<\/div>\n\t\t\t\t\t<\/div>\n\t\t<\/div>\n\t\t\t\t\t<\/div>\n\t\t<\/section>\n\t\t\t\t<\/div>\n\t\t","protected":false},"excerpt":{"rendered":"<p>E-LERNOVA, en su Proyecto Educativo Institucional, ubica la investigaci\u00f3n como componente importante en sus procesos de formaci\u00f3n, entendiendo que est\u00e1 actividad acad\u00e9mica aporta para el Desarrollo sostenible del pa\u00eds, adopta como enfoque did\u00e1ctico el aprendizaje significativo basado en problemas, el cual posibilita el desarrollo de competencias generales de investigaci\u00f3n, exigiendo constantemente de los estudiantes: La [&hellip;]<\/p>\n","protected":false},"author":1,"featured_media":0,"parent":0,"menu_order":0,"comment_status":"closed","ping_status":"closed","template":"","meta":{"_uag_custom_page_level_css":"","site-sidebar-layout":"default","site-content-layout":"plain-container","ast-site-content-layout":"default","site-content-style":"default","site-sidebar-style":"default","ast-global-header-display":"","ast-banner-title-visibility":"","ast-main-header-display":"","ast-hfb-above-header-display":"","ast-hfb-below-header-display":"","ast-hfb-mobile-header-display":"","site-post-title":"disabled","ast-breadcrumbs-content":"","ast-featured-img":"","footer-sml-layout":"","theme-transparent-header-meta":"","adv-header-id-meta":"","stick-header-meta":"","header-above-stick-meta":"","header-main-stick-meta":"","header-below-stick-meta":"","astra-migrate-meta-layouts":"default","ast-page-background-enabled":"default","ast-page-background-meta":{"desktop":{"background-color":"","background-image":"","background-repeat":"repeat","background-position":"center center","background-size":"auto","background-attachment":"scroll","background-type":"","background-media":"","overlay-type":"","overlay-color":"","overlay-opacity":"","overlay-gradient":""},"tablet":{"background-color":"","background-image":"","background-repeat":"repeat","background-position":"center center","background-size":"auto","background-attachment":"scroll","background-type":"","background-media":"","overlay-type":"","overlay-color":"","overlay-opacity":"","overlay-gradient":""},"mobile":{"background-color":"","background-image":"","background-repeat":"repeat","background-position":"center center","background-size":"auto","background-attachment":"scroll","background-type":"","background-media":"","overlay-type":"","overlay-color":"","overlay-opacity":"","overlay-gradient":""}},"ast-content-background-meta":{"desktop":{"background-color":"var(--ast-global-color-5)","background-image":"","background-repeat":"repeat","background-position":"center center","background-size":"auto","background-attachment":"scroll","background-type":"","background-media":"","overlay-type":"","overlay-color":"","overlay-opacity":"","overlay-gradient":""},"tablet":{"background-color":"var(--ast-global-color-5)","background-image":"","background-repeat":"repeat","background-position":"center center","background-size":"auto","background-attachment":"scroll","background-type":"","background-media":"","overlay-type":"","overlay-color":"","overlay-opacity":"","overlay-gradient":""},"mobile":{"background-color":"var(--ast-global-color-5)","background-image":"","background-repeat":"repeat","background-position":"center center","background-size":"auto","background-attachment":"scroll","background-type":"","background-media":"","overlay-type":"","overlay-color":"","overlay-opacity":"","overlay-gradient":""}},"footnotes":""},"class_list":["post-1688","page","type-page","status-publish","hentry"],"yoast_head":"<!-- This site is optimized with the Yoast SEO plugin v27.4 - https:\/\/yoast.com\/product\/yoast-seo-wordpress\/ -->\n<title>Investigaci\u00f3n Innovaci\u00f3n Creaci\u00f3n art\u00edstica y cultural - E-Lernova - Tecnol\u00f3gico de Energ\u00eda e Innovaci\u00f3n.<\/title>\n<meta name=\"robots\" content=\"index, follow, max-snippet:-1, max-image-preview:large, max-video-preview:-1\" \/>\n<link rel=\"canonical\" href=\"https:\/\/elernova.edu.co\/index\/investigacion-innovacion-creacion-artistica-y-cultural\/\" \/>\n<meta property=\"og:locale\" content=\"es_ES\" \/>\n<meta property=\"og:type\" content=\"article\" \/>\n<meta property=\"og:title\" content=\"Investigaci\u00f3n Innovaci\u00f3n Creaci\u00f3n art\u00edstica y cultural - E-Lernova - Tecnol\u00f3gico de Energ\u00eda e Innovaci\u00f3n.\" \/>\n<meta property=\"og:description\" content=\"E-LERNOVA, en su Proyecto Educativo Institucional, ubica la investigaci\u00f3n como componente importante en sus procesos de formaci\u00f3n, entendiendo que est\u00e1 actividad acad\u00e9mica aporta para el Desarrollo sostenible del pa\u00eds, adopta como enfoque did\u00e1ctico el aprendizaje significativo basado en problemas, el cual posibilita el desarrollo de competencias generales de investigaci\u00f3n, exigiendo constantemente de los estudiantes: La [&hellip;]\" \/>\n<meta property=\"og:url\" content=\"https:\/\/elernova.edu.co\/index\/investigacion-innovacion-creacion-artistica-y-cultural\/\" \/>\n<meta property=\"og:site_name\" content=\"E-Lernova - Tecnol\u00f3gico de Energ\u00eda e Innovaci\u00f3n.\" \/>\n<meta property=\"article:modified_time\" content=\"2023-02-13T17:50:17+00:00\" \/>\n<meta property=\"og:image\" content=\"https:\/\/elernova.edu.co\/index\/wp-content\/uploads\/2023\/02\/faviconeler.png\" \/>\n<meta name=\"twitter:card\" content=\"summary_large_image\" \/>\n<meta name=\"twitter:label1\" content=\"Tiempo de lectura\" \/>\n\t<meta name=\"twitter:data1\" content=\"3 minutos\" \/>\n<script type=\"application\/ld+json\" class=\"yoast-schema-graph\">{\"@context\":\"https:\\\/\\\/schema.org\",\"@graph\":[{\"@type\":\"WebPage\",\"@id\":\"https:\\\/\\\/elernova.edu.co\\\/index\\\/investigacion-innovacion-creacion-artistica-y-cultural\\\/\",\"url\":\"https:\\\/\\\/elernova.edu.co\\\/index\\\/investigacion-innovacion-creacion-artistica-y-cultural\\\/\",\"name\":\"Investigaci\u00f3n Innovaci\u00f3n Creaci\u00f3n art\u00edstica y cultural - E-Lernova - Tecnol\u00f3gico de Energ\u00eda e Innovaci\u00f3n.\",\"isPartOf\":{\"@id\":\"https:\\\/\\\/elernova.edu.co\\\/index\\\/#website\"},\"primaryImageOfPage\":{\"@id\":\"https:\\\/\\\/elernova.edu.co\\\/index\\\/investigacion-innovacion-creacion-artistica-y-cultural\\\/#primaryimage\"},\"image\":{\"@id\":\"https:\\\/\\\/elernova.edu.co\\\/index\\\/investigacion-innovacion-creacion-artistica-y-cultural\\\/#primaryimage\"},\"thumbnailUrl\":\"https:\\\/\\\/elernova.edu.co\\\/index\\\/wp-content\\\/uploads\\\/2023\\\/02\\\/faviconeler.png\",\"datePublished\":\"2023-01-20T19:58:34+00:00\",\"dateModified\":\"2023-02-13T17:50:17+00:00\",\"breadcrumb\":{\"@id\":\"https:\\\/\\\/elernova.edu.co\\\/index\\\/investigacion-innovacion-creacion-artistica-y-cultural\\\/#breadcrumb\"},\"inLanguage\":\"es-CO\",\"potentialAction\":[{\"@type\":\"ReadAction\",\"target\":[\"https:\\\/\\\/elernova.edu.co\\\/index\\\/investigacion-innovacion-creacion-artistica-y-cultural\\\/\"]}]},{\"@type\":\"ImageObject\",\"inLanguage\":\"es-CO\",\"@id\":\"https:\\\/\\\/elernova.edu.co\\\/index\\\/investigacion-innovacion-creacion-artistica-y-cultural\\\/#primaryimage\",\"url\":\"https:\\\/\\\/elernova.edu.co\\\/index\\\/wp-content\\\/uploads\\\/2023\\\/02\\\/faviconeler.png\",\"contentUrl\":\"https:\\\/\\\/elernova.edu.co\\\/index\\\/wp-content\\\/uploads\\\/2023\\\/02\\\/faviconeler.png\",\"width\":16,\"height\":16},{\"@type\":\"BreadcrumbList\",\"@id\":\"https:\\\/\\\/elernova.edu.co\\\/index\\\/investigacion-innovacion-creacion-artistica-y-cultural\\\/#breadcrumb\",\"itemListElement\":[{\"@type\":\"ListItem\",\"position\":1,\"name\":\"Inicio\",\"item\":\"https:\\\/\\\/elernova.edu.co\\\/index\\\/\"},{\"@type\":\"ListItem\",\"position\":2,\"name\":\"Investigaci\u00f3n Innovaci\u00f3n Creaci\u00f3n art\u00edstica y cultural\"}]},{\"@type\":\"WebSite\",\"@id\":\"https:\\\/\\\/elernova.edu.co\\\/index\\\/#website\",\"url\":\"https:\\\/\\\/elernova.edu.co\\\/index\\\/\",\"name\":\"E-Lernova - Tecnol\u00f3gico de Energ\u00eda e Innovaci\u00f3n.\",\"description\":\"\",\"publisher\":{\"@id\":\"https:\\\/\\\/elernova.edu.co\\\/index\\\/#organization\"},\"potentialAction\":[{\"@type\":\"SearchAction\",\"target\":{\"@type\":\"EntryPoint\",\"urlTemplate\":\"https:\\\/\\\/elernova.edu.co\\\/index\\\/?s={search_term_string}\"},\"query-input\":{\"@type\":\"PropertyValueSpecification\",\"valueRequired\":true,\"valueName\":\"search_term_string\"}}],\"inLanguage\":\"es-CO\"},{\"@type\":\"Organization\",\"@id\":\"https:\\\/\\\/elernova.edu.co\\\/index\\\/#organization\",\"name\":\"E-Lernova - Tecnol\u00f3gico de Energ\u00eda e Innovaci\u00f3n.\",\"url\":\"https:\\\/\\\/elernova.edu.co\\\/index\\\/\",\"logo\":{\"@type\":\"ImageObject\",\"inLanguage\":\"es-CO\",\"@id\":\"https:\\\/\\\/elernova.edu.co\\\/index\\\/#\\\/schema\\\/logo\\\/image\\\/\",\"url\":\"https:\\\/\\\/elernova.edu.co\\\/index\\\/wp-content\\\/uploads\\\/2023\\\/02\\\/Logo-Elernova-color.png\",\"contentUrl\":\"https:\\\/\\\/elernova.edu.co\\\/index\\\/wp-content\\\/uploads\\\/2023\\\/02\\\/Logo-Elernova-color.png\",\"width\":207,\"height\":82,\"caption\":\"E-Lernova - Tecnol\u00f3gico de Energ\u00eda e Innovaci\u00f3n.\"},\"image\":{\"@id\":\"https:\\\/\\\/elernova.edu.co\\\/index\\\/#\\\/schema\\\/logo\\\/image\\\/\"}}]}<\/script>\n<!-- \/ Yoast SEO plugin. -->","yoast_head_json":{"title":"Investigaci\u00f3n Innovaci\u00f3n Creaci\u00f3n art\u00edstica y cultural - E-Lernova - Tecnol\u00f3gico de Energ\u00eda e Innovaci\u00f3n.","robots":{"index":"index","follow":"follow","max-snippet":"max-snippet:-1","max-image-preview":"max-image-preview:large","max-video-preview":"max-video-preview:-1"},"canonical":"https:\/\/elernova.edu.co\/index\/investigacion-innovacion-creacion-artistica-y-cultural\/","og_locale":"es_ES","og_type":"article","og_title":"Investigaci\u00f3n Innovaci\u00f3n Creaci\u00f3n art\u00edstica y cultural - E-Lernova - Tecnol\u00f3gico de Energ\u00eda e Innovaci\u00f3n.","og_description":"E-LERNOVA, en su Proyecto Educativo Institucional, ubica la investigaci\u00f3n como componente importante en sus procesos de formaci\u00f3n, entendiendo que est\u00e1 actividad acad\u00e9mica aporta para el Desarrollo sostenible del pa\u00eds, adopta como enfoque did\u00e1ctico el aprendizaje significativo basado en problemas, el cual posibilita el desarrollo de competencias generales de investigaci\u00f3n, exigiendo constantemente de los estudiantes: La [&hellip;]","og_url":"https:\/\/elernova.edu.co\/index\/investigacion-innovacion-creacion-artistica-y-cultural\/","og_site_name":"E-Lernova - Tecnol\u00f3gico de Energ\u00eda e Innovaci\u00f3n.","article_modified_time":"2023-02-13T17:50:17+00:00","og_image":[{"url":"https:\/\/elernova.edu.co\/index\/wp-content\/uploads\/2023\/02\/faviconeler.png","type":"","width":"","height":""}],"twitter_card":"summary_large_image","twitter_misc":{"Tiempo de lectura":"3 minutos"},"schema":{"@context":"https:\/\/schema.org","@graph":[{"@type":"WebPage","@id":"https:\/\/elernova.edu.co\/index\/investigacion-innovacion-creacion-artistica-y-cultural\/","url":"https:\/\/elernova.edu.co\/index\/investigacion-innovacion-creacion-artistica-y-cultural\/","name":"Investigaci\u00f3n Innovaci\u00f3n Creaci\u00f3n art\u00edstica y cultural - E-Lernova - Tecnol\u00f3gico de Energ\u00eda e Innovaci\u00f3n.","isPartOf":{"@id":"https:\/\/elernova.edu.co\/index\/#website"},"primaryImageOfPage":{"@id":"https:\/\/elernova.edu.co\/index\/investigacion-innovacion-creacion-artistica-y-cultural\/#primaryimage"},"image":{"@id":"https:\/\/elernova.edu.co\/index\/investigacion-innovacion-creacion-artistica-y-cultural\/#primaryimage"},"thumbnailUrl":"https:\/\/elernova.edu.co\/index\/wp-content\/uploads\/2023\/02\/faviconeler.png","datePublished":"2023-01-20T19:58:34+00:00","dateModified":"2023-02-13T17:50:17+00:00","breadcrumb":{"@id":"https:\/\/elernova.edu.co\/index\/investigacion-innovacion-creacion-artistica-y-cultural\/#breadcrumb"},"inLanguage":"es-CO","potentialAction":[{"@type":"ReadAction","target":["https:\/\/elernova.edu.co\/index\/investigacion-innovacion-creacion-artistica-y-cultural\/"]}]},{"@type":"ImageObject","inLanguage":"es-CO","@id":"https:\/\/elernova.edu.co\/index\/investigacion-innovacion-creacion-artistica-y-cultural\/#primaryimage","url":"https:\/\/elernova.edu.co\/index\/wp-content\/uploads\/2023\/02\/faviconeler.png","contentUrl":"https:\/\/elernova.edu.co\/index\/wp-content\/uploads\/2023\/02\/faviconeler.png","width":16,"height":16},{"@type":"BreadcrumbList","@id":"https:\/\/elernova.edu.co\/index\/investigacion-innovacion-creacion-artistica-y-cultural\/#breadcrumb","itemListElement":[{"@type":"ListItem","position":1,"name":"Inicio","item":"https:\/\/elernova.edu.co\/index\/"},{"@type":"ListItem","position":2,"name":"Investigaci\u00f3n Innovaci\u00f3n Creaci\u00f3n art\u00edstica y cultural"}]},{"@type":"WebSite","@id":"https:\/\/elernova.edu.co\/index\/#website","url":"https:\/\/elernova.edu.co\/index\/","name":"E-Lernova - Tecnol\u00f3gico de Energ\u00eda e Innovaci\u00f3n.","description":"","publisher":{"@id":"https:\/\/elernova.edu.co\/index\/#organization"},"potentialAction":[{"@type":"SearchAction","target":{"@type":"EntryPoint","urlTemplate":"https:\/\/elernova.edu.co\/index\/?s={search_term_string}"},"query-input":{"@type":"PropertyValueSpecification","valueRequired":true,"valueName":"search_term_string"}}],"inLanguage":"es-CO"},{"@type":"Organization","@id":"https:\/\/elernova.edu.co\/index\/#organization","name":"E-Lernova - Tecnol\u00f3gico de Energ\u00eda e Innovaci\u00f3n.","url":"https:\/\/elernova.edu.co\/index\/","logo":{"@type":"ImageObject","inLanguage":"es-CO","@id":"https:\/\/elernova.edu.co\/index\/#\/schema\/logo\/image\/","url":"https:\/\/elernova.edu.co\/index\/wp-content\/uploads\/2023\/02\/Logo-Elernova-color.png","contentUrl":"https:\/\/elernova.edu.co\/index\/wp-content\/uploads\/2023\/02\/Logo-Elernova-color.png","width":207,"height":82,"caption":"E-Lernova - Tecnol\u00f3gico de Energ\u00eda e Innovaci\u00f3n."},"image":{"@id":"https:\/\/elernova.edu.co\/index\/#\/schema\/logo\/image\/"}}]}},"uagb_featured_image_src":{"full":false,"thumbnail":false,"medium":false,"medium_large":false,"large":false,"1536x1536":false,"2048x2048":false},"uagb_author_info":{"display_name":"admin","author_link":"https:\/\/elernova.edu.co\/index\/author\/admin\/"},"uagb_comment_info":0,"uagb_excerpt":"E-LERNOVA, en su Proyecto Educativo Institucional, ubica la investigaci\u00f3n como componente importante en sus procesos de formaci\u00f3n, entendiendo que est\u00e1 actividad acad\u00e9mica aporta para el Desarrollo sostenible del pa\u00eds, adopta como enfoque did\u00e1ctico el aprendizaje significativo basado en problemas, el cual posibilita el desarrollo de competencias generales de investigaci\u00f3n, exigiendo constantemente de los estudiantes: La&hellip;","_links":{"self":[{"href":"https:\/\/elernova.edu.co\/index\/wp-json\/wp\/v2\/pages\/1688","targetHints":{"allow":["GET"]}}],"collection":[{"href":"https:\/\/elernova.edu.co\/index\/wp-json\/wp\/v2\/pages"}],"about":[{"href":"https:\/\/elernova.edu.co\/index\/wp-json\/wp\/v2\/types\/page"}],"author":[{"embeddable":true,"href":"https:\/\/elernova.edu.co\/index\/wp-json\/wp\/v2\/users\/1"}],"replies":[{"embeddable":true,"href":"https:\/\/elernova.edu.co\/index\/wp-json\/wp\/v2\/comments?post=1688"}],"version-history":[{"count":12,"href":"https:\/\/elernova.edu.co\/index\/wp-json\/wp\/v2\/pages\/1688\/revisions"}],"predecessor-version":[{"id":3823,"href":"https:\/\/elernova.edu.co\/index\/wp-json\/wp\/v2\/pages\/1688\/revisions\/3823"}],"wp:attachment":[{"href":"https:\/\/elernova.edu.co\/index\/wp-json\/wp\/v2\/media?parent=1688"}],"curies":[{"name":"wp","href":"https:\/\/api.w.org\/{rel}","templated":true}]}}