{"id":1658,"date":"2023-01-20T14:53:58","date_gmt":"2023-01-20T19:53:58","guid":{"rendered":"https:\/\/elernova.edu.co\/index\/?page_id=1658"},"modified":"2023-02-15T14:14:32","modified_gmt":"2023-02-15T19:14:32","slug":"presentacion-carta-del-rector","status":"publish","type":"page","link":"https:\/\/elernova.edu.co\/index\/presentacion-carta-del-rector\/","title":{"rendered":"Presentaci\u00f3n (Carta del Rector)"},"content":{"rendered":"\t\t<div data-elementor-type=\"wp-page\" data-elementor-id=\"1658\" class=\"elementor elementor-1658\">\n\t\t\t\t\t\t<section class=\"elementor-section elementor-top-section elementor-element elementor-element-2f03a79f elementor-section-height-min-height elementor-section-stretched elementor-section-boxed elementor-section-height-default elementor-section-items-middle\" data-id=\"2f03a79f\" data-element_type=\"section\" data-e-type=\"section\" data-settings=\"{&quot;stretch_section&quot;:&quot;section-stretched&quot;,&quot;background_background&quot;:&quot;classic&quot;}\">\n\t\t\t\t\t\t<div class=\"elementor-container elementor-column-gap-default\">\n\t\t\t\t\t<div class=\"elementor-column elementor-col-100 elementor-top-column elementor-element elementor-element-149f2ace\" data-id=\"149f2ace\" data-element_type=\"column\" data-e-type=\"column\">\n\t\t\t<div class=\"elementor-widget-wrap\">\n\t\t\t\t\t\t\t<\/div>\n\t\t<\/div>\n\t\t\t\t\t<\/div>\n\t\t<\/section>\n\t\t\t\t<section class=\"elementor-section elementor-top-section elementor-element elementor-element-1975818 elementor-section-boxed elementor-section-height-default elementor-section-height-default\" data-id=\"1975818\" data-element_type=\"section\" data-e-type=\"section\">\n\t\t\t\t\t\t<div class=\"elementor-container elementor-column-gap-default\">\n\t\t\t\t\t<div class=\"elementor-column elementor-col-100 elementor-top-column elementor-element elementor-element-6637b46\" data-id=\"6637b46\" data-element_type=\"column\" data-e-type=\"column\">\n\t\t\t<div class=\"elementor-widget-wrap elementor-element-populated\">\n\t\t\t\t\t\t<div class=\"elementor-element elementor-element-2cac38d elementor-widget elementor-widget-text-editor\" data-id=\"2cac38d\" data-element_type=\"widget\" data-e-type=\"widget\" data-widget_type=\"text-editor.default\">\n\t\t\t\t<div class=\"elementor-widget-container\">\n\t\t\t\t\t\t\t\t\t<h4><img decoding=\"async\" class=\"size-full wp-image-1990 alignleft\" src=\"https:\/\/elernova.edu.co\/index\/wp-content\/uploads\/2023\/02\/ingricardo.jpg\" alt=\"\" width=\"144\" height=\"172\" \/>Presentaci\u00f3n (Carta del Rector)<\/h4><p><strong>A UN CLICK DE INNOVAR<\/strong><\/p><p>La reducci\u00f3n en el precio del barril de petr\u00f3leo, que se viene presentando desde finales del 2014, obliga a que las empresas del sector se vuelvan m\u00e1s eficientes e innovadoras. Un ingrediente importante para mejorar la eficiencia es la adecuada capacitaci\u00f3n y desarrollo del personal.<\/p><p>Sin duda alguna, el internet ha sido el gran desarrollo tecnol\u00f3gico que hemos tenido en las \u00faltimas d\u00e9cadas, ha hecho que el conocimiento este a la mano y los procesos de informaci\u00f3n sean casi inmediatos, ha contribuido al desarrollo de la humanidad enormemente a tal punto de lograr interconectarnos casi individualmente a trav\u00e9s de dispositivos que de una o cierta forma tienen como finalidad hacernos la \u201cvida m\u00e1s f\u00e1cil\u201d.<\/p><p>Al combinar el desarrollo tecnol\u00f3gico del internet \u201ccon sus numerables ventajas y herramientas\u201d, con los medios audiovisuales e interactivos de alta calidad, la movilidad del estudiante a un aula f\u00edsica es indudablemente innecesaria, lo que ha marcado una tendencia en la forma de estudiar; actualmente es posible que los mejores especialistas y docentes del mundo se den cita en l\u00ednea, a trav\u00e9s de dispositivos m\u00f3viles, plataformas y herramientas virtuales con conexi\u00f3n a internet desde la comodidad que tanto especialistas como estudiantes deseen, los conocimientos se transmiten din\u00e1mica, creativa y pedag\u00f3gicamente al ritmo que el propio estudiante elija; Adicionalmente sus preguntas y consultas son atendidas a la inmediatez que aventaja este medio caracterizado por su prontitud y eficiencia. Por lo tanto, E-lernova le propone a la sociedad y en especial al sector de hidrocarburos, energ\u00eda y gas, optimizar el tiempo mediante su modelo de educaci\u00f3n en l\u00ednea a la hora de capacitar competencias t\u00e9cnicas y profesionales. \u00a0 \u00a0<\/p><p>E-lernova se ha enfocado en desarrollar cursos y diplomados eminentemente \u00fatiles y pr\u00e1cticos. Les presentamos nuestra oferta la cual puede ser de su inter\u00e9s para el desarrollo de los profesionales actualmente vinculados a la industria y tambi\u00e9n para aquellos que ven una oportunidad para capacitarse y escalar en su carrera.<\/p><p>Estamos a disposici\u00f3n de la industria para elaborar capacitaciones a su medida. Los invitamos a que nos conozcan, y nos retroalimenten con sus sugerencias.<\/p><p>Atte.,<\/p><p><strong>Ricardo Striedinger<\/strong><br \/><strong>Rector y Fundador<\/strong><br \/><strong>TECNOL\u00d3GICO DE ENERG\u00cdA E INNOVACI\u00d3N<\/strong><br \/><strong>E-LERNOVA<\/strong><\/p>\t\t\t\t\t\t\t\t<\/div>\n\t\t\t\t<\/div>\n\t\t\t\t<div class=\"elementor-element elementor-element-6aeb5aa elementor-widget elementor-widget-spacer\" data-id=\"6aeb5aa\" data-element_type=\"widget\" data-e-type=\"widget\" data-widget_type=\"spacer.default\">\n\t\t\t\t<div class=\"elementor-widget-container\">\n\t\t\t\t\t\t\t<div class=\"elementor-spacer\">\n\t\t\t<div class=\"elementor-spacer-inner\"><\/div>\n\t\t<\/div>\n\t\t\t\t\t\t<\/div>\n\t\t\t\t<\/div>\n\t\t\t\t\t<\/div>\n\t\t<\/div>\n\t\t\t\t\t<\/div>\n\t\t<\/section>\n\t\t\t\t<\/div>\n\t\t","protected":false},"excerpt":{"rendered":"<p>Presentaci\u00f3n (Carta del Rector) A UN CLICK DE INNOVAR La reducci\u00f3n en el precio del barril de petr\u00f3leo, que se viene presentando desde finales del 2014, obliga a que las empresas del sector se vuelvan m\u00e1s eficientes e innovadoras. Un ingrediente importante para mejorar la eficiencia es la adecuada capacitaci\u00f3n y desarrollo del personal. Sin [&hellip;]<\/p>\n","protected":false},"author":1,"featured_media":0,"parent":0,"menu_order":0,"comment_status":"closed","ping_status":"closed","template":"","meta":{"_uag_custom_page_level_css":"","site-sidebar-layout":"default","site-content-layout":"plain-container","ast-site-content-layout":"default","site-content-style":"default","site-sidebar-style":"default","ast-global-header-display":"","ast-banner-title-visibility":"","ast-main-header-display":"","ast-hfb-above-header-display":"","ast-hfb-below-header-display":"","ast-hfb-mobile-header-display":"","site-post-title":"disabled","ast-breadcrumbs-content":"","ast-featured-img":"","footer-sml-layout":"","theme-transparent-header-meta":"","adv-header-id-meta":"","stick-header-meta":"","header-above-stick-meta":"","header-main-stick-meta":"","header-below-stick-meta":"","astra-migrate-meta-layouts":"default","ast-page-background-enabled":"default","ast-page-background-meta":{"desktop":{"background-color":"","background-image":"","background-repeat":"repeat","background-position":"center center","background-size":"auto","background-attachment":"scroll","background-type":"","background-media":"","overlay-type":"","overlay-color":"","overlay-opacity":"","overlay-gradient":""},"tablet":{"background-color":"","background-image":"","background-repeat":"repeat","background-position":"center center","background-size":"auto","background-attachment":"scroll","background-type":"","background-media":"","overlay-type":"","overlay-color":"","overlay-opacity":"","overlay-gradient":""},"mobile":{"background-color":"","background-image":"","background-repeat":"repeat","background-position":"center center","background-size":"auto","background-attachment":"scroll","background-type":"","background-media":"","overlay-type":"","overlay-color":"","overlay-opacity":"","overlay-gradient":""}},"ast-content-background-meta":{"desktop":{"background-color":"var(--ast-global-color-5)","background-image":"","background-repeat":"repeat","background-position":"center center","background-size":"auto","background-attachment":"scroll","background-type":"","background-media":"","overlay-type":"","overlay-color":"","overlay-opacity":"","overlay-gradient":""},"tablet":{"background-color":"var(--ast-global-color-5)","background-image":"","background-repeat":"repeat","background-position":"center center","background-size":"auto","background-attachment":"scroll","background-type":"","background-media":"","overlay-type":"","overlay-color":"","overlay-opacity":"","overlay-gradient":""},"mobile":{"background-color":"var(--ast-global-color-5)","background-image":"","background-repeat":"repeat","background-position":"center center","background-size":"auto","background-attachment":"scroll","background-type":"","background-media":"","overlay-type":"","overlay-color":"","overlay-opacity":"","overlay-gradient":""}},"footnotes":""},"class_list":["post-1658","page","type-page","status-publish","hentry"],"yoast_head":"<!-- This site is optimized with the Yoast SEO plugin v27.4 - https:\/\/yoast.com\/product\/yoast-seo-wordpress\/ -->\n<title>Presentaci\u00f3n (Carta del Rector) - E-Lernova - Tecnol\u00f3gico de Energ\u00eda e Innovaci\u00f3n.<\/title>\n<meta name=\"robots\" content=\"index, follow, max-snippet:-1, max-image-preview:large, max-video-preview:-1\" \/>\n<link rel=\"canonical\" href=\"https:\/\/elernova.edu.co\/index\/presentacion-carta-del-rector\/\" \/>\n<meta property=\"og:locale\" content=\"es_ES\" \/>\n<meta property=\"og:type\" content=\"article\" \/>\n<meta property=\"og:title\" content=\"Presentaci\u00f3n (Carta del Rector) - E-Lernova - Tecnol\u00f3gico de Energ\u00eda e Innovaci\u00f3n.\" \/>\n<meta property=\"og:description\" content=\"Presentaci\u00f3n (Carta del Rector) A UN CLICK DE INNOVAR La reducci\u00f3n en el precio del barril de petr\u00f3leo, que se viene presentando desde finales del 2014, obliga a que las empresas del sector se vuelvan m\u00e1s eficientes e innovadoras. Un ingrediente importante para mejorar la eficiencia es la adecuada capacitaci\u00f3n y desarrollo del personal. Sin [&hellip;]\" \/>\n<meta property=\"og:url\" content=\"https:\/\/elernova.edu.co\/index\/presentacion-carta-del-rector\/\" \/>\n<meta property=\"og:site_name\" content=\"E-Lernova - Tecnol\u00f3gico de Energ\u00eda e Innovaci\u00f3n.\" \/>\n<meta property=\"article:modified_time\" content=\"2023-02-15T19:14:32+00:00\" \/>\n<meta property=\"og:image\" content=\"https:\/\/elernova.edu.co\/index\/wp-content\/uploads\/2023\/02\/ingricardo.jpg\" \/>\n<meta name=\"twitter:card\" content=\"summary_large_image\" \/>\n<meta name=\"twitter:label1\" content=\"Tiempo de lectura\" \/>\n\t<meta name=\"twitter:data1\" content=\"2 minutos\" \/>\n<script type=\"application\/ld+json\" class=\"yoast-schema-graph\">{\"@context\":\"https:\\\/\\\/schema.org\",\"@graph\":[{\"@type\":\"WebPage\",\"@id\":\"https:\\\/\\\/elernova.edu.co\\\/index\\\/presentacion-carta-del-rector\\\/\",\"url\":\"https:\\\/\\\/elernova.edu.co\\\/index\\\/presentacion-carta-del-rector\\\/\",\"name\":\"Presentaci\u00f3n (Carta del Rector) - E-Lernova - Tecnol\u00f3gico de Energ\u00eda e Innovaci\u00f3n.\",\"isPartOf\":{\"@id\":\"https:\\\/\\\/elernova.edu.co\\\/index\\\/#website\"},\"primaryImageOfPage\":{\"@id\":\"https:\\\/\\\/elernova.edu.co\\\/index\\\/presentacion-carta-del-rector\\\/#primaryimage\"},\"image\":{\"@id\":\"https:\\\/\\\/elernova.edu.co\\\/index\\\/presentacion-carta-del-rector\\\/#primaryimage\"},\"thumbnailUrl\":\"https:\\\/\\\/elernova.edu.co\\\/index\\\/wp-content\\\/uploads\\\/2023\\\/02\\\/ingricardo.jpg\",\"datePublished\":\"2023-01-20T19:53:58+00:00\",\"dateModified\":\"2023-02-15T19:14:32+00:00\",\"breadcrumb\":{\"@id\":\"https:\\\/\\\/elernova.edu.co\\\/index\\\/presentacion-carta-del-rector\\\/#breadcrumb\"},\"inLanguage\":\"es-CO\",\"potentialAction\":[{\"@type\":\"ReadAction\",\"target\":[\"https:\\\/\\\/elernova.edu.co\\\/index\\\/presentacion-carta-del-rector\\\/\"]}]},{\"@type\":\"ImageObject\",\"inLanguage\":\"es-CO\",\"@id\":\"https:\\\/\\\/elernova.edu.co\\\/index\\\/presentacion-carta-del-rector\\\/#primaryimage\",\"url\":\"https:\\\/\\\/elernova.edu.co\\\/index\\\/wp-content\\\/uploads\\\/2023\\\/02\\\/ingricardo.jpg\",\"contentUrl\":\"https:\\\/\\\/elernova.edu.co\\\/index\\\/wp-content\\\/uploads\\\/2023\\\/02\\\/ingricardo.jpg\",\"width\":144,\"height\":172},{\"@type\":\"BreadcrumbList\",\"@id\":\"https:\\\/\\\/elernova.edu.co\\\/index\\\/presentacion-carta-del-rector\\\/#breadcrumb\",\"itemListElement\":[{\"@type\":\"ListItem\",\"position\":1,\"name\":\"Inicio\",\"item\":\"https:\\\/\\\/elernova.edu.co\\\/index\\\/\"},{\"@type\":\"ListItem\",\"position\":2,\"name\":\"Presentaci\u00f3n (Carta del Rector)\"}]},{\"@type\":\"WebSite\",\"@id\":\"https:\\\/\\\/elernova.edu.co\\\/index\\\/#website\",\"url\":\"https:\\\/\\\/elernova.edu.co\\\/index\\\/\",\"name\":\"E-Lernova - Tecnol\u00f3gico de Energ\u00eda e Innovaci\u00f3n.\",\"description\":\"\",\"publisher\":{\"@id\":\"https:\\\/\\\/elernova.edu.co\\\/index\\\/#organization\"},\"potentialAction\":[{\"@type\":\"SearchAction\",\"target\":{\"@type\":\"EntryPoint\",\"urlTemplate\":\"https:\\\/\\\/elernova.edu.co\\\/index\\\/?s={search_term_string}\"},\"query-input\":{\"@type\":\"PropertyValueSpecification\",\"valueRequired\":true,\"valueName\":\"search_term_string\"}}],\"inLanguage\":\"es-CO\"},{\"@type\":\"Organization\",\"@id\":\"https:\\\/\\\/elernova.edu.co\\\/index\\\/#organization\",\"name\":\"E-Lernova - Tecnol\u00f3gico de Energ\u00eda e Innovaci\u00f3n.\",\"url\":\"https:\\\/\\\/elernova.edu.co\\\/index\\\/\",\"logo\":{\"@type\":\"ImageObject\",\"inLanguage\":\"es-CO\",\"@id\":\"https:\\\/\\\/elernova.edu.co\\\/index\\\/#\\\/schema\\\/logo\\\/image\\\/\",\"url\":\"https:\\\/\\\/elernova.edu.co\\\/index\\\/wp-content\\\/uploads\\\/2023\\\/02\\\/Logo-Elernova-color.png\",\"contentUrl\":\"https:\\\/\\\/elernova.edu.co\\\/index\\\/wp-content\\\/uploads\\\/2023\\\/02\\\/Logo-Elernova-color.png\",\"width\":207,\"height\":82,\"caption\":\"E-Lernova - Tecnol\u00f3gico de Energ\u00eda e Innovaci\u00f3n.\"},\"image\":{\"@id\":\"https:\\\/\\\/elernova.edu.co\\\/index\\\/#\\\/schema\\\/logo\\\/image\\\/\"}}]}<\/script>\n<!-- \/ Yoast SEO plugin. -->","yoast_head_json":{"title":"Presentaci\u00f3n (Carta del Rector) - E-Lernova - Tecnol\u00f3gico de Energ\u00eda e Innovaci\u00f3n.","robots":{"index":"index","follow":"follow","max-snippet":"max-snippet:-1","max-image-preview":"max-image-preview:large","max-video-preview":"max-video-preview:-1"},"canonical":"https:\/\/elernova.edu.co\/index\/presentacion-carta-del-rector\/","og_locale":"es_ES","og_type":"article","og_title":"Presentaci\u00f3n (Carta del Rector) - E-Lernova - Tecnol\u00f3gico de Energ\u00eda e Innovaci\u00f3n.","og_description":"Presentaci\u00f3n (Carta del Rector) A UN CLICK DE INNOVAR La reducci\u00f3n en el precio del barril de petr\u00f3leo, que se viene presentando desde finales del 2014, obliga a que las empresas del sector se vuelvan m\u00e1s eficientes e innovadoras. Un ingrediente importante para mejorar la eficiencia es la adecuada capacitaci\u00f3n y desarrollo del personal. Sin [&hellip;]","og_url":"https:\/\/elernova.edu.co\/index\/presentacion-carta-del-rector\/","og_site_name":"E-Lernova - Tecnol\u00f3gico de Energ\u00eda e Innovaci\u00f3n.","article_modified_time":"2023-02-15T19:14:32+00:00","og_image":[{"url":"https:\/\/elernova.edu.co\/index\/wp-content\/uploads\/2023\/02\/ingricardo.jpg","type":"","width":"","height":""}],"twitter_card":"summary_large_image","twitter_misc":{"Tiempo de lectura":"2 minutos"},"schema":{"@context":"https:\/\/schema.org","@graph":[{"@type":"WebPage","@id":"https:\/\/elernova.edu.co\/index\/presentacion-carta-del-rector\/","url":"https:\/\/elernova.edu.co\/index\/presentacion-carta-del-rector\/","name":"Presentaci\u00f3n (Carta del Rector) - E-Lernova - Tecnol\u00f3gico de Energ\u00eda e Innovaci\u00f3n.","isPartOf":{"@id":"https:\/\/elernova.edu.co\/index\/#website"},"primaryImageOfPage":{"@id":"https:\/\/elernova.edu.co\/index\/presentacion-carta-del-rector\/#primaryimage"},"image":{"@id":"https:\/\/elernova.edu.co\/index\/presentacion-carta-del-rector\/#primaryimage"},"thumbnailUrl":"https:\/\/elernova.edu.co\/index\/wp-content\/uploads\/2023\/02\/ingricardo.jpg","datePublished":"2023-01-20T19:53:58+00:00","dateModified":"2023-02-15T19:14:32+00:00","breadcrumb":{"@id":"https:\/\/elernova.edu.co\/index\/presentacion-carta-del-rector\/#breadcrumb"},"inLanguage":"es-CO","potentialAction":[{"@type":"ReadAction","target":["https:\/\/elernova.edu.co\/index\/presentacion-carta-del-rector\/"]}]},{"@type":"ImageObject","inLanguage":"es-CO","@id":"https:\/\/elernova.edu.co\/index\/presentacion-carta-del-rector\/#primaryimage","url":"https:\/\/elernova.edu.co\/index\/wp-content\/uploads\/2023\/02\/ingricardo.jpg","contentUrl":"https:\/\/elernova.edu.co\/index\/wp-content\/uploads\/2023\/02\/ingricardo.jpg","width":144,"height":172},{"@type":"BreadcrumbList","@id":"https:\/\/elernova.edu.co\/index\/presentacion-carta-del-rector\/#breadcrumb","itemListElement":[{"@type":"ListItem","position":1,"name":"Inicio","item":"https:\/\/elernova.edu.co\/index\/"},{"@type":"ListItem","position":2,"name":"Presentaci\u00f3n (Carta del Rector)"}]},{"@type":"WebSite","@id":"https:\/\/elernova.edu.co\/index\/#website","url":"https:\/\/elernova.edu.co\/index\/","name":"E-Lernova - Tecnol\u00f3gico de Energ\u00eda e Innovaci\u00f3n.","description":"","publisher":{"@id":"https:\/\/elernova.edu.co\/index\/#organization"},"potentialAction":[{"@type":"SearchAction","target":{"@type":"EntryPoint","urlTemplate":"https:\/\/elernova.edu.co\/index\/?s={search_term_string}"},"query-input":{"@type":"PropertyValueSpecification","valueRequired":true,"valueName":"search_term_string"}}],"inLanguage":"es-CO"},{"@type":"Organization","@id":"https:\/\/elernova.edu.co\/index\/#organization","name":"E-Lernova - Tecnol\u00f3gico de Energ\u00eda e Innovaci\u00f3n.","url":"https:\/\/elernova.edu.co\/index\/","logo":{"@type":"ImageObject","inLanguage":"es-CO","@id":"https:\/\/elernova.edu.co\/index\/#\/schema\/logo\/image\/","url":"https:\/\/elernova.edu.co\/index\/wp-content\/uploads\/2023\/02\/Logo-Elernova-color.png","contentUrl":"https:\/\/elernova.edu.co\/index\/wp-content\/uploads\/2023\/02\/Logo-Elernova-color.png","width":207,"height":82,"caption":"E-Lernova - Tecnol\u00f3gico de Energ\u00eda e Innovaci\u00f3n."},"image":{"@id":"https:\/\/elernova.edu.co\/index\/#\/schema\/logo\/image\/"}}]}},"uagb_featured_image_src":{"full":false,"thumbnail":false,"medium":false,"medium_large":false,"large":false,"1536x1536":false,"2048x2048":false},"uagb_author_info":{"display_name":"admin","author_link":"https:\/\/elernova.edu.co\/index\/author\/admin\/"},"uagb_comment_info":0,"uagb_excerpt":"Presentaci\u00f3n (Carta del Rector) A UN CLICK DE INNOVAR La reducci\u00f3n en el precio del barril de petr\u00f3leo, que se viene presentando desde finales del 2014, obliga a que las empresas del sector se vuelvan m\u00e1s eficientes e innovadoras. Un ingrediente importante para mejorar la eficiencia es la adecuada capacitaci\u00f3n y desarrollo del personal. Sin&hellip;","_links":{"self":[{"href":"https:\/\/elernova.edu.co\/index\/wp-json\/wp\/v2\/pages\/1658","targetHints":{"allow":["GET"]}}],"collection":[{"href":"https:\/\/elernova.edu.co\/index\/wp-json\/wp\/v2\/pages"}],"about":[{"href":"https:\/\/elernova.edu.co\/index\/wp-json\/wp\/v2\/types\/page"}],"author":[{"embeddable":true,"href":"https:\/\/elernova.edu.co\/index\/wp-json\/wp\/v2\/users\/1"}],"replies":[{"embeddable":true,"href":"https:\/\/elernova.edu.co\/index\/wp-json\/wp\/v2\/comments?post=1658"}],"version-history":[{"count":23,"href":"https:\/\/elernova.edu.co\/index\/wp-json\/wp\/v2\/pages\/1658\/revisions"}],"predecessor-version":[{"id":4284,"href":"https:\/\/elernova.edu.co\/index\/wp-json\/wp\/v2\/pages\/1658\/revisions\/4284"}],"wp:attachment":[{"href":"https:\/\/elernova.edu.co\/index\/wp-json\/wp\/v2\/media?parent=1658"}],"curies":[{"name":"wp","href":"https:\/\/api.w.org\/{rel}","templated":true}]}}